{"id":86112,"date":"2022-06-11T03:31:27","date_gmt":"2022-06-11T03:31:27","guid":{"rendered":"https:\/\/oafdn.ca\/?page_id=86112"},"modified":"2026-03-10T12:19:37","modified_gmt":"2026-03-10T16:19:37","slug":"the-gina-wilkinson-prize","status":"publish","type":"page","link":"https:\/\/oafdn.ca\/fr\/programs\/awards\/the-gina-wilkinson-prize\/","title":{"rendered":"Le Prix Gina Wilkinson"},"content":{"rendered":"<div data-elementor-type=\"wp-page\" data-elementor-id=\"86112\" class=\"elementor elementor-86112\" wpc-filter-elementor-widget=\"1\">\n\t\t\t\t\t\t<section class=\"elementor-section elementor-top-section elementor-element elementor-element-4c9b851 elementor-section-boxed elementor-section-height-default elementor-section-height-default\" data-id=\"4c9b851\" data-element_type=\"section\" data-e-type=\"section\">\n\t\t\t\t\t\t<div class=\"elementor-container elementor-column-gap-default\">\n\t\t\t\t\t<div class=\"elementor-column elementor-col-100 elementor-top-column elementor-element elementor-element-79b086d\" data-id=\"79b086d\" data-element_type=\"column\" data-e-type=\"column\">\n\t\t\t<div class=\"elementor-widget-wrap elementor-element-populated\">\n\t\t\t\t\t\t<div class=\"elementor-element elementor-element-f65c0c9 elementor-widget elementor-widget-heading\" data-id=\"f65c0c9\" data-element_type=\"widget\" data-e-type=\"widget\" data-widget_type=\"heading.default\">\n\t\t\t\t<div class=\"elementor-widget-container\">\n\t\t\t\t\t<h2 class=\"elementor-heading-title elementor-size-default\">Le Prix Gina Wilkinson <\/h2>\t\t\t\t<\/div>\n\t\t\t\t<\/div>\n\t\t\t\t<div class=\"elementor-element elementor-element-4692639 elementor-widget-divider--view-line elementor-widget elementor-widget-divider\" data-id=\"4692639\" data-element_type=\"widget\" data-e-type=\"widget\" data-widget_type=\"divider.default\">\n\t\t\t\t<div class=\"elementor-widget-container\">\n\t\t\t\t\t\t\t<div class=\"elementor-divider\">\n\t\t\t<span class=\"elementor-divider-separator\">\n\t\t\t\t\t\t<\/span>\n\t\t<\/div>\n\t\t\t\t\t\t<\/div>\n\t\t\t\t<\/div>\n\t\t\t\t\t<\/div>\n\t\t<\/div>\n\t\t\t\t\t<\/div>\n\t\t<\/section>\n\t\t\t\t<section class=\"elementor-section elementor-top-section elementor-element elementor-element-23be5aa elementor-section-boxed elementor-section-height-default elementor-section-height-default\" data-id=\"23be5aa\" data-element_type=\"section\" data-e-type=\"section\">\n\t\t\t\t\t\t<div class=\"elementor-container elementor-column-gap-default\">\n\t\t\t\t\t<div class=\"elementor-column elementor-col-100 elementor-top-column elementor-element elementor-element-ddc2a57\" data-id=\"ddc2a57\" data-element_type=\"column\" data-e-type=\"column\">\n\t\t\t<div class=\"elementor-widget-wrap elementor-element-populated\">\n\t\t\t\t\t\t<div class=\"elementor-element elementor-element-2d20ca8 elementor-widget elementor-widget-text-editor\" data-id=\"2d20ca8\" data-element_type=\"widget\" data-e-type=\"widget\" data-widget_type=\"text-editor.default\">\n\t\t\t\t<div class=\"elementor-widget-container\">\n\t\t\t\t\t\t\t\t\t<p class=\"translation-block\">Une actrice pour plus de vingt ans, <a href=\"https:\/\/ontarioartsfoundation.on.ca\/system\/attachments\/196\/original\/Gina_Wilkinson_biography_FR.pdf?1353430575\">Gina Wilkinson<\/a> a commenc\u00e9 \u00e0 tourner son attention vers l'\u00e9criture et la mise en sc\u00e8ne et, dans les derni\u00e8res ann\u00e9es de sa trop courte vie, elle s'est \u00e9tablie comme une collaboratrice et metteur en sc\u00e8ne audacieuse, forte et inventive dans le milieu du th\u00e9\u00e2tre canadien.<\/p><p>En m\u00e9moire du grand talent de Gina et pour c\u00e9l\u00e9brer sa vie\u00a0<strong>le prix Gina<\/strong>\u00a0 reconnait les artistes de th\u00e9\u00e2tre de genres sous-repr\u00e9sent\u00e9s, notamment les femmes cis, les femmes trans et les personnes non binaires ayant un ensemble de travaux d\u00e9montr\u00e9, qui sont reconnues par leurs communaut\u00e9s pour leur pratique, leur leadership et leur d\u00e9vouement \u00e0 leur art.<\/p><p><a href=\"https:\/\/oafdn.ca\/fr\/make-a-donation\/\"><img decoding=\"async\" class=\"alignnone size-full wp-image-122304\" src=\"https:\/\/oafdn.ca\/wp-content\/uploads\/2022\/12\/Donation_button_FR.jpg\" alt=\"\" width=\"145\" height=\"39\" srcset=\"https:\/\/oafdn.ca\/wp-content\/uploads\/2022\/12\/Donation_button_FR.jpg 965w, https:\/\/oafdn.ca\/wp-content\/uploads\/2022\/12\/Donation_button_FR-300x83.jpg 300w, https:\/\/oafdn.ca\/wp-content\/uploads\/2022\/12\/Donation_button_FR-768x212.jpg 768w, https:\/\/oafdn.ca\/wp-content\/uploads\/2022\/12\/Donation_button_FR-18x5.jpg 18w\" sizes=\"(max-width: 145px) 100vw, 145px\" \/><\/a><\/p><p>Nous tenons \u00e0 remercier THE KINGFISHER FOUNDATION,  Debbie Gray, Kristina Nicoll, et Gail Asper, O.C., O.M., LL.D et Michael Paterson pour avoir g\u00e9n\u00e9reusement soutenu le Prix Gina.<\/p><p class=\"half_line_spacing\"><strong>Laur\u00e9ate de cette ann\u00e9e<br \/><\/strong>2026\u00a0 Debbie Patterson<\/p><p><img fetchpriority=\"high\" decoding=\"async\" class=\"alignnone wp-image-143146\" src=\"https:\/\/oafdn.ca\/wp-content\/uploads\/2026\/03\/DebbiePatterson.jpg\" alt=\"\" width=\"275\" height=\"412\" srcset=\"https:\/\/oafdn.ca\/wp-content\/uploads\/2026\/03\/DebbiePatterson.jpg 507w, https:\/\/oafdn.ca\/wp-content\/uploads\/2026\/03\/DebbiePatterson-200x300.jpg 200w, https:\/\/oafdn.ca\/wp-content\/uploads\/2026\/03\/DebbiePatterson-8x12.jpg 8w\" sizes=\"(max-width: 275px) 100vw, 275px\" \/><\/p><p>Debbie Patterson, laur\u00e9ate du prix Gina Wilkinson 2026<\/p><p><strong><span class=\"plain_black\">Pr\u00e9c\u00e9dents laur\u00e9ates<br \/><\/span><\/strong>2025\u00a0 \u00a0Keshia Palm<br \/>2024\u00a0\u00a0 Warona Setshwaelo<br \/>2023\u00a0 \u00a0Tanisha Taitt<br \/>2022\u00a0 \u00a0Fay Nass<br \/>2021\u00a0 \u00a0Yvette Nolan<br \/>2020\u00a0 \u00a0Jasmine Chen<br \/>2019\u00a0 \u00a0Anita La Selva<br \/>2018\u00a0 \u00a0Tanja Jacobs<br \/>2017\u00a0 \u00a0Kimberley Rampersad<br \/>2016\u00a0 \u00a0Kelli Fox<br \/>2015\u00a0 \u00a0Valerie Planche<br \/>2014\u00a0 \u00a0Christine Brubaker<br \/>2013\u00a0 \u00a0Krista Jackson\u00a0<br \/><span class=\"plain_grey\">2012\u00a0 \u00a0Ann-Marie Kerr<\/span><\/p><p><span class=\"plain_black\"><a href=\"https:\/\/oafdn.ca\/wp-content\/uploads\/2025\/10\/Nomination-process-2026_FR.pdf\">Details du prix 2026<\/a>\u00a0\u00a0<img decoding=\"async\" class=\"alignnone wp-image-3062\" src=\"https:\/\/oafdn.ca\/wp-content\/uploads\/2022\/02\/pdf-icon.png\" alt=\"pdf symbol\" width=\"30\" height=\"37\" srcset=\"https:\/\/oafdn.ca\/wp-content\/uploads\/2022\/02\/pdf-icon.png 203w, https:\/\/oafdn.ca\/wp-content\/uploads\/2022\/02\/pdf-icon-10x12.png 10w\" sizes=\"(max-width: 30px) 100vw, 30px\" \/><\/span><\/p><p><span class=\"plain_black\"><br \/><strong>Communiqu\u00e9s de presse<br \/><\/strong><\/span><a href=\"https:\/\/oafdn.ca\/fr\/debbie-patterson-awarded-the-2026-gina-wilkinson-prize\/\">Debbie Patterson rec\u00e7oit le prix Gina Wilkinson 2026<\/a>\u00a0 \u00a0<em>le 10 mars 2026<\/em><strong><br \/><\/strong><\/p>\t\t\t\t\t\t\t\t<\/div>\n\t\t\t\t<\/div>\n\t\t\t\t\t<\/div>\n\t\t<\/div>\n\t\t\t\t\t<\/div>\n\t\t<\/section>\n\t\t\t\t<\/div>","protected":false},"excerpt":{"rendered":"<p>The Gina Wilkinson Prize Gina Wilkinson\u00a0was a prolific actor\/playwright and a stage director in constant demand.\u00a0 Her sudden passing\u00a0was a great loss to her family, friends and the theatre community who cherished her joy, energy, and great lust for life.\u00a0 In memory of Gina\u2019s great talent and in celebration of her life,\u00a0Gina&#8217;s Prize\u00a0 recognizes theatre [&hellip;]<\/p>\n","protected":false},"author":1,"featured_media":0,"parent":3362,"menu_order":0,"comment_status":"closed","ping_status":"closed","template":"","meta":{"_acf_changed":false,"give_campaign_id":0,"nf_dc_page":"","site-sidebar-layout":"no-sidebar","site-content-layout":"page-builder","ast-site-content-layout":"default","site-content-style":"default","site-sidebar-style":"default","ast-global-header-display":"","ast-banner-title-visibility":"","ast-main-header-display":"","ast-hfb-above-header-display":"","ast-hfb-below-header-display":"","ast-hfb-mobile-header-display":"","site-post-title":"disabled","ast-breadcrumbs-content":"","ast-featured-img":"disabled","footer-sml-layout":"","ast-disable-related-posts":"","theme-transparent-header-meta":"","adv-header-id-meta":"","stick-header-meta":"","header-above-stick-meta":"","header-main-stick-meta":"","header-below-stick-meta":"","astra-migrate-meta-layouts":"default","ast-page-background-enabled":"default","ast-page-background-meta":{"desktop":{"background-color":"","background-image":"","background-repeat":"repeat","background-position":"center center","background-size":"auto","background-attachment":"scroll","background-type":"","background-media":"","overlay-type":"","overlay-color":"","overlay-opacity":"","overlay-gradient":""},"tablet":{"background-color":"","background-image":"","background-repeat":"repeat","background-position":"center center","background-size":"auto","background-attachment":"scroll","background-type":"","background-media":"","overlay-type":"","overlay-color":"","overlay-opacity":"","overlay-gradient":""},"mobile":{"background-color":"","background-image":"","background-repeat":"repeat","background-position":"center center","background-size":"auto","background-attachment":"scroll","background-type":"","background-media":"","overlay-type":"","overlay-color":"","overlay-opacity":"","overlay-gradient":""}},"ast-content-background-meta":{"desktop":{"background-color":"var(--ast-global-color-5)","background-image":"","background-repeat":"repeat","background-position":"center center","background-size":"auto","background-attachment":"scroll","background-type":"","background-media":"","overlay-type":"","overlay-color":"","overlay-opacity":"","overlay-gradient":""},"tablet":{"background-color":"var(--ast-global-color-5)","background-image":"","background-repeat":"repeat","background-position":"center center","background-size":"auto","background-attachment":"scroll","background-type":"","background-media":"","overlay-type":"","overlay-color":"","overlay-opacity":"","overlay-gradient":""},"mobile":{"background-color":"var(--ast-global-color-5)","background-image":"","background-repeat":"repeat","background-position":"center center","background-size":"auto","background-attachment":"scroll","background-type":"","background-media":"","overlay-type":"","overlay-color":"","overlay-opacity":"","overlay-gradient":""}},"footnotes":""},"class_list":["post-86112","page","type-page","status-publish","hentry"],"acf":[],"yoast_head":"<!-- This site is optimized with the Yoast SEO plugin v27.4 - https:\/\/yoast.com\/product\/yoast-seo-wordpress\/ -->\n<title>The Gina Wilkinson Prize - Ontario Arts Foundation<\/title>\n<meta name=\"description\" content=\"The Gina Wilkinson Prize Ontario Arts Foundation\" \/>\n<meta name=\"robots\" content=\"index, follow, max-snippet:-1, max-image-preview:large, max-video-preview:-1\" \/>\n<link rel=\"canonical\" href=\"https:\/\/oafdn.ca\/fr\/programs\/awards\/the-gina-wilkinson-prize\/\" \/>\n<meta property=\"og:locale\" content=\"fr_CA\" \/>\n<meta property=\"og:type\" content=\"article\" \/>\n<meta property=\"og:title\" content=\"The Gina Wilkinson Prize - Ontario Arts Foundation\" \/>\n<meta property=\"og:description\" content=\"The Gina Wilkinson Prize Ontario Arts Foundation\" \/>\n<meta property=\"og:url\" content=\"https:\/\/oafdn.ca\/fr\/programs\/awards\/the-gina-wilkinson-prize\/\" \/>\n<meta property=\"og:site_name\" content=\"Ontario Arts Foundation\" \/>\n<meta property=\"article:publisher\" content=\"https:\/\/www.facebook.com\/OntarioArtsFoundation\/\" \/>\n<meta property=\"article:modified_time\" content=\"2026-03-10T16:19:37+00:00\" \/>\n<meta property=\"og:image\" content=\"https:\/\/oafdn.ca\/wp-content\/uploads\/2022\/12\/button-donation-7ac55afe84b6ae509cc6757e0c284b1a.png\" \/>\n\t<meta property=\"og:image:width\" content=\"145\" \/>\n\t<meta property=\"og:image:height\" content=\"39\" \/>\n\t<meta property=\"og:image:type\" content=\"image\/png\" \/>\n<meta name=\"twitter:card\" content=\"summary_large_image\" \/>\n<meta name=\"twitter:site\" content=\"@OntarioArtsFdn\" \/>\n<meta name=\"twitter:label1\" content=\"Estimation du temps de lecture\" \/>\n\t<meta name=\"twitter:data1\" content=\"2 minutes\" \/>\n<script type=\"application\/ld+json\" class=\"yoast-schema-graph\">{\"@context\":\"https:\\\/\\\/schema.org\",\"@graph\":[{\"@type\":\"WebPage\",\"@id\":\"https:\\\/\\\/oafdn.ca\\\/programs\\\/awards\\\/the-gina-wilkinson-prize\\\/\",\"url\":\"https:\\\/\\\/oafdn.ca\\\/programs\\\/awards\\\/the-gina-wilkinson-prize\\\/\",\"name\":\"The Gina Wilkinson Prize - Ontario Arts Foundation\",\"isPartOf\":{\"@id\":\"https:\\\/\\\/oafdn.ca\\\/#website\"},\"primaryImageOfPage\":{\"@id\":\"https:\\\/\\\/oafdn.ca\\\/programs\\\/awards\\\/the-gina-wilkinson-prize\\\/#primaryimage\"},\"image\":{\"@id\":\"https:\\\/\\\/oafdn.ca\\\/programs\\\/awards\\\/the-gina-wilkinson-prize\\\/#primaryimage\"},\"thumbnailUrl\":\"https:\\\/\\\/oafdn.ca\\\/wp-content\\\/uploads\\\/2022\\\/12\\\/button-donation-7ac55afe84b6ae509cc6757e0c284b1a.png\",\"datePublished\":\"2022-06-11T03:31:27+00:00\",\"dateModified\":\"2026-03-10T16:19:37+00:00\",\"description\":\"The Gina Wilkinson Prize Ontario Arts Foundation\",\"breadcrumb\":{\"@id\":\"https:\\\/\\\/oafdn.ca\\\/programs\\\/awards\\\/the-gina-wilkinson-prize\\\/#breadcrumb\"},\"inLanguage\":\"fr-CA\",\"potentialAction\":[{\"@type\":\"ReadAction\",\"target\":[\"https:\\\/\\\/oafdn.ca\\\/programs\\\/awards\\\/the-gina-wilkinson-prize\\\/\"]}]},{\"@type\":\"ImageObject\",\"inLanguage\":\"fr-CA\",\"@id\":\"https:\\\/\\\/oafdn.ca\\\/programs\\\/awards\\\/the-gina-wilkinson-prize\\\/#primaryimage\",\"url\":\"https:\\\/\\\/oafdn.ca\\\/wp-content\\\/uploads\\\/2022\\\/12\\\/button-donation-7ac55afe84b6ae509cc6757e0c284b1a.png\",\"contentUrl\":\"https:\\\/\\\/oafdn.ca\\\/wp-content\\\/uploads\\\/2022\\\/12\\\/button-donation-7ac55afe84b6ae509cc6757e0c284b1a.png\"},{\"@type\":\"BreadcrumbList\",\"@id\":\"https:\\\/\\\/oafdn.ca\\\/programs\\\/awards\\\/the-gina-wilkinson-prize\\\/#breadcrumb\",\"itemListElement\":[{\"@type\":\"ListItem\",\"position\":1,\"name\":\"Home\",\"item\":\"https:\\\/\\\/oafdn.ca\\\/\"},{\"@type\":\"ListItem\",\"position\":2,\"name\":\"Programs\",\"item\":\"https:\\\/\\\/oafdn.ca\\\/programs\\\/\"},{\"@type\":\"ListItem\",\"position\":3,\"name\":\"Awards\",\"item\":\"https:\\\/\\\/oafdn.ca\\\/programs\\\/awards\\\/\"},{\"@type\":\"ListItem\",\"position\":4,\"name\":\"The Gina Wilkinson Prize\"}]},{\"@type\":\"WebSite\",\"@id\":\"https:\\\/\\\/oafdn.ca\\\/#website\",\"url\":\"https:\\\/\\\/oafdn.ca\\\/\",\"name\":\"Ontario Arts Foundation\",\"description\":\"The Ontario Arts Foundation is a non-governmental not for profit organization established in 1991 under the Ontario Corporations Act to encourage and facilitate private giving to the arts in Ontario, Canada.\",\"publisher\":{\"@id\":\"https:\\\/\\\/oafdn.ca\\\/#organization\"},\"potentialAction\":[{\"@type\":\"SearchAction\",\"target\":{\"@type\":\"EntryPoint\",\"urlTemplate\":\"https:\\\/\\\/oafdn.ca\\\/?s={search_term_string}\"},\"query-input\":{\"@type\":\"PropertyValueSpecification\",\"valueRequired\":true,\"valueName\":\"search_term_string\"}}],\"inLanguage\":\"fr-CA\"},{\"@type\":\"Organization\",\"@id\":\"https:\\\/\\\/oafdn.ca\\\/#organization\",\"name\":\"Ontario Arts Foundation\",\"url\":\"https:\\\/\\\/oafdn.ca\\\/\",\"logo\":{\"@type\":\"ImageObject\",\"inLanguage\":\"fr-CA\",\"@id\":\"https:\\\/\\\/oafdn.ca\\\/#\\\/schema\\\/logo\\\/image\\\/\",\"url\":\"https:\\\/\\\/oafdn.ca\\\/wp-content\\\/uploads\\\/2022\\\/02\\\/logo1-1.png\",\"contentUrl\":\"https:\\\/\\\/oafdn.ca\\\/wp-content\\\/uploads\\\/2022\\\/02\\\/logo1-1.png\",\"width\":1761,\"height\":487,\"caption\":\"Ontario Arts Foundation\"},\"image\":{\"@id\":\"https:\\\/\\\/oafdn.ca\\\/#\\\/schema\\\/logo\\\/image\\\/\"},\"sameAs\":[\"https:\\\/\\\/www.facebook.com\\\/OntarioArtsFoundation\\\/\",\"https:\\\/\\\/x.com\\\/OntarioArtsFdn\"]}]}<\/script>\n<!-- \/ Yoast SEO plugin. -->","yoast_head_json":{"title":"The Gina Wilkinson Prize - Ontario Arts Foundation","description":"The Gina Wilkinson Prize Ontario Arts Foundation","robots":{"index":"index","follow":"follow","max-snippet":"max-snippet:-1","max-image-preview":"max-image-preview:large","max-video-preview":"max-video-preview:-1"},"canonical":"https:\/\/oafdn.ca\/fr\/programs\/awards\/the-gina-wilkinson-prize\/","og_locale":"fr_CA","og_type":"article","og_title":"The Gina Wilkinson Prize - Ontario Arts Foundation","og_description":"The Gina Wilkinson Prize Ontario Arts Foundation","og_url":"https:\/\/oafdn.ca\/fr\/programs\/awards\/the-gina-wilkinson-prize\/","og_site_name":"Ontario Arts Foundation","article_publisher":"https:\/\/www.facebook.com\/OntarioArtsFoundation\/","article_modified_time":"2026-03-10T16:19:37+00:00","og_image":[{"width":145,"height":39,"url":"https:\/\/oafdn.ca\/wp-content\/uploads\/2022\/12\/button-donation-7ac55afe84b6ae509cc6757e0c284b1a.png","type":"image\/png"}],"twitter_card":"summary_large_image","twitter_site":"@OntarioArtsFdn","twitter_misc":{"Estimation du temps de lecture":"2 minutes"},"schema":{"@context":"https:\/\/schema.org","@graph":[{"@type":"WebPage","@id":"https:\/\/oafdn.ca\/programs\/awards\/the-gina-wilkinson-prize\/","url":"https:\/\/oafdn.ca\/programs\/awards\/the-gina-wilkinson-prize\/","name":"The Gina Wilkinson Prize - Ontario Arts Foundation","isPartOf":{"@id":"https:\/\/oafdn.ca\/#website"},"primaryImageOfPage":{"@id":"https:\/\/oafdn.ca\/programs\/awards\/the-gina-wilkinson-prize\/#primaryimage"},"image":{"@id":"https:\/\/oafdn.ca\/programs\/awards\/the-gina-wilkinson-prize\/#primaryimage"},"thumbnailUrl":"https:\/\/oafdn.ca\/wp-content\/uploads\/2022\/12\/button-donation-7ac55afe84b6ae509cc6757e0c284b1a.png","datePublished":"2022-06-11T03:31:27+00:00","dateModified":"2026-03-10T16:19:37+00:00","description":"The Gina Wilkinson Prize Ontario Arts Foundation","breadcrumb":{"@id":"https:\/\/oafdn.ca\/programs\/awards\/the-gina-wilkinson-prize\/#breadcrumb"},"inLanguage":"fr-CA","potentialAction":[{"@type":"ReadAction","target":["https:\/\/oafdn.ca\/programs\/awards\/the-gina-wilkinson-prize\/"]}]},{"@type":"ImageObject","inLanguage":"fr-CA","@id":"https:\/\/oafdn.ca\/programs\/awards\/the-gina-wilkinson-prize\/#primaryimage","url":"https:\/\/oafdn.ca\/wp-content\/uploads\/2022\/12\/button-donation-7ac55afe84b6ae509cc6757e0c284b1a.png","contentUrl":"https:\/\/oafdn.ca\/wp-content\/uploads\/2022\/12\/button-donation-7ac55afe84b6ae509cc6757e0c284b1a.png"},{"@type":"BreadcrumbList","@id":"https:\/\/oafdn.ca\/programs\/awards\/the-gina-wilkinson-prize\/#breadcrumb","itemListElement":[{"@type":"ListItem","position":1,"name":"Home","item":"https:\/\/oafdn.ca\/"},{"@type":"ListItem","position":2,"name":"Programs","item":"https:\/\/oafdn.ca\/programs\/"},{"@type":"ListItem","position":3,"name":"Awards","item":"https:\/\/oafdn.ca\/programs\/awards\/"},{"@type":"ListItem","position":4,"name":"The Gina Wilkinson Prize"}]},{"@type":"WebSite","@id":"https:\/\/oafdn.ca\/#website","url":"https:\/\/oafdn.ca\/","name":"Fondation des arts de l'Ontario","description":"The Ontario Arts Foundation is a non-governmental not for profit organization established in 1991 under the Ontario Corporations Act to encourage and facilitate private giving to the arts in Ontario, Canada.","publisher":{"@id":"https:\/\/oafdn.ca\/#organization"},"potentialAction":[{"@type":"SearchAction","target":{"@type":"EntryPoint","urlTemplate":"https:\/\/oafdn.ca\/?s={search_term_string}"},"query-input":{"@type":"PropertyValueSpecification","valueRequired":true,"valueName":"search_term_string"}}],"inLanguage":"fr-CA"},{"@type":"Organization","@id":"https:\/\/oafdn.ca\/#organization","name":"Fondation des arts de l'Ontario","url":"https:\/\/oafdn.ca\/","logo":{"@type":"ImageObject","inLanguage":"fr-CA","@id":"https:\/\/oafdn.ca\/#\/schema\/logo\/image\/","url":"https:\/\/oafdn.ca\/wp-content\/uploads\/2022\/02\/logo1-1.png","contentUrl":"https:\/\/oafdn.ca\/wp-content\/uploads\/2022\/02\/logo1-1.png","width":1761,"height":487,"caption":"Ontario Arts Foundation"},"image":{"@id":"https:\/\/oafdn.ca\/#\/schema\/logo\/image\/"},"sameAs":["https:\/\/www.facebook.com\/OntarioArtsFoundation\/","https:\/\/x.com\/OntarioArtsFdn"]}]}},"campaignId":"","_links":{"self":[{"href":"https:\/\/oafdn.ca\/fr\/wp-json\/wp\/v2\/pages\/86112","targetHints":{"allow":["GET"]}}],"collection":[{"href":"https:\/\/oafdn.ca\/fr\/wp-json\/wp\/v2\/pages"}],"about":[{"href":"https:\/\/oafdn.ca\/fr\/wp-json\/wp\/v2\/types\/page"}],"author":[{"embeddable":true,"href":"https:\/\/oafdn.ca\/fr\/wp-json\/wp\/v2\/users\/1"}],"replies":[{"embeddable":true,"href":"https:\/\/oafdn.ca\/fr\/wp-json\/wp\/v2\/comments?post=86112"}],"version-history":[{"count":17,"href":"https:\/\/oafdn.ca\/fr\/wp-json\/wp\/v2\/pages\/86112\/revisions"}],"predecessor-version":[{"id":143183,"href":"https:\/\/oafdn.ca\/fr\/wp-json\/wp\/v2\/pages\/86112\/revisions\/143183"}],"up":[{"embeddable":true,"href":"https:\/\/oafdn.ca\/fr\/wp-json\/wp\/v2\/pages\/3362"}],"wp:attachment":[{"href":"https:\/\/oafdn.ca\/fr\/wp-json\/wp\/v2\/media?parent=86112"}],"curies":[{"name":"wp","href":"https:\/\/api.w.org\/{rel}","templated":true}]}}