{"id":86104,"date":"2022-06-11T03:28:58","date_gmt":"2022-06-11T03:28:58","guid":{"rendered":"https:\/\/oafdn.ca\/?page_id=86104"},"modified":"2025-07-15T12:01:07","modified_gmt":"2025-07-15T16:01:07","slug":"the-tim-sims-encouragement-fund-award","status":"publish","type":"page","link":"https:\/\/oafdn.ca\/fr\/programs\/awards\/the-tim-sims-encouragement-fund-award\/","title":{"rendered":"Prix du fonds d'encouragement Tim Sims"},"content":{"rendered":"<div data-elementor-type=\"wp-page\" data-elementor-id=\"86104\" class=\"elementor elementor-86104\" wpc-filter-elementor-widget=\"1\">\n\t\t\t\t\t\t<section class=\"elementor-section elementor-top-section elementor-element elementor-element-a8a522e elementor-section-boxed elementor-section-height-default elementor-section-height-default\" data-id=\"a8a522e\" data-element_type=\"section\" data-e-type=\"section\">\n\t\t\t\t\t\t<div class=\"elementor-container elementor-column-gap-default\">\n\t\t\t\t\t<div class=\"elementor-column elementor-col-100 elementor-top-column elementor-element elementor-element-19e6c1c\" data-id=\"19e6c1c\" data-element_type=\"column\" data-e-type=\"column\">\n\t\t\t<div class=\"elementor-widget-wrap elementor-element-populated\">\n\t\t\t\t\t\t<div class=\"elementor-element elementor-element-4694128 elementor-widget elementor-widget-heading\" data-id=\"4694128\" data-element_type=\"widget\" data-e-type=\"widget\" data-widget_type=\"heading.default\">\n\t\t\t\t<div class=\"elementor-widget-container\">\n\t\t\t\t\t<h2 class=\"elementor-heading-title elementor-size-default\">Prix du fonds d'encouragement Tim Sims<\/h2>\t\t\t\t<\/div>\n\t\t\t\t<\/div>\n\t\t\t\t<div class=\"elementor-element elementor-element-a6dfb89 elementor-widget-divider--view-line elementor-widget elementor-widget-divider\" data-id=\"a6dfb89\" data-element_type=\"widget\" data-e-type=\"widget\" data-widget_type=\"divider.default\">\n\t\t\t\t<div class=\"elementor-widget-container\">\n\t\t\t\t\t\t\t<div class=\"elementor-divider\">\n\t\t\t<span class=\"elementor-divider-separator\">\n\t\t\t\t\t\t<\/span>\n\t\t<\/div>\n\t\t\t\t\t\t<\/div>\n\t\t\t\t<\/div>\n\t\t\t\t\t<\/div>\n\t\t<\/div>\n\t\t\t\t\t<\/div>\n\t\t<\/section>\n\t\t\t\t<section class=\"elementor-section elementor-top-section elementor-element elementor-element-ef626ef elementor-section-boxed elementor-section-height-default elementor-section-height-default\" data-id=\"ef626ef\" data-element_type=\"section\" data-e-type=\"section\">\n\t\t\t\t\t\t<div class=\"elementor-container elementor-column-gap-default\">\n\t\t\t\t\t<div class=\"elementor-column elementor-col-100 elementor-top-column elementor-element elementor-element-c6990f1\" data-id=\"c6990f1\" data-element_type=\"column\" data-e-type=\"column\">\n\t\t\t<div class=\"elementor-widget-wrap elementor-element-populated\">\n\t\t\t\t\t\t<div class=\"elementor-element elementor-element-da21316 elementor-widget elementor-widget-text-editor\" data-id=\"da21316\" data-element_type=\"widget\" data-e-type=\"widget\" data-widget_type=\"text-editor.default\">\n\t\t\t\t<div class=\"elementor-widget-container\">\n\t\t\t\t\t\t\t\t\t<p class=\"translation-block\">Le <strong>Fonds d\u2019encouragement Tim Sims<\/strong> reconna\u00eet et soutien des artistes comiques prometteurs en d\u00e9but de carri\u00e8re.<\/p><p class=\"translation-block\">Le <strong>Fonds d\u2019encouragement Tim Sims<\/strong> a \u00e9t\u00e9 cr\u00e9\u00e9 par Lindsay Leese et \u00e9tabli en 1995 pour c\u00e9l\u00e9brer l\u2019esprit et la m\u00e9moire de Tim Sims, un artiste comique, \u00e9crivain, directeur et collecteurs de fonds caritatifs reconnu de Toronto. La communaut\u00e9 de com\u00e9die de Toronto, Andrew Alexander et The Second City, les amis de Tim Sims et le spectacle de lev\u00e9e de fonds annuel associ\u00e9 au FETS ont recollect\u00e9 le capital pour le Fonds. Les int\u00e9r\u00eats g\u00e9n\u00e9r\u00e9s par le capital fournissent l\u2019argent pour le prix annuel.<\/p><p class=\"translation-block\">Entre 1996 et 2014, le Fonds a attribu\u00e9 des montants de prix pour un total de <strong>65 000 $<\/strong> \u00e0 de jeunes artistes comiques en d\u00e9but de carri\u00e8re. Le prix \u00e9tait remis lors du spectacle annuel \u00ab Cream of Comedy \u00bb qui pr\u00e9sentait des performances comiques par les cinq nomin\u00e9s exceptionnels s\u00e9lectionn\u00e9s par le jury du Prix Tim Sims. Le prix a \u00e9t\u00e9 l'un de reconnaissance et non d\u00e9sign\u00e9 \u00e0 d\u2019autres fins que l'encouragement du r\u00e9cipiendaire.<\/p><p><span class=\"plain_grey\">Depuis 2015, le Prix est attribu\u00e9 chaque ann\u00e9e \u00e0 un dipl\u00f4mant du programme \u00ab Comedy Writing and Performance \u00bb \u00e0 Humber College et jusqu'\u00e0 2019 \u00e0 un dipl\u00f4mant du programme de conservatoire au sein du \u00ab Second City Training Program \u00bb.<\/span><\/p><p><span class=\"plain_grey\">\u00a0<\/span><\/p><p><strong><span class=\"blue\">Laur\u00e9ate du Prix 2025<\/span><\/strong><\/p><div class=\"clearfix\"><p><strong><em><span style=\"font-family: Helvetica;\">Programme de \u00ab Comedy Writing and Performance \u00bb Humber College<br \/><\/span><\/em><\/strong><span style=\"color: #000000;\"><span class=\"plain_grey\"><span style=\"font-size: medium;\"><span style=\"color: #5675b8;\"><strong><em>Verne Bird<\/em><\/strong><\/span><\/span><\/span><\/span><\/p><\/div><div class=\"clearfix\"><p><img fetchpriority=\"high\" decoding=\"async\" class=\"wp-image-139681 alignleft\" src=\"https:\/\/oafdn.ca\/wp-content\/uploads\/2025\/07\/VERNE_0071-web-820x1024.jpg\" alt=\"\" width=\"300\" height=\"375\" srcset=\"https:\/\/oafdn.ca\/wp-content\/uploads\/2025\/07\/VERNE_0071-web-820x1024.jpg 820w, https:\/\/oafdn.ca\/wp-content\/uploads\/2025\/07\/VERNE_0071-web-240x300.jpg 240w, https:\/\/oafdn.ca\/wp-content\/uploads\/2025\/07\/VERNE_0071-web-768x959.jpg 768w, https:\/\/oafdn.ca\/wp-content\/uploads\/2025\/07\/VERNE_0071-web-10x12.jpg 10w, https:\/\/oafdn.ca\/wp-content\/uploads\/2025\/07\/VERNE_0071-web.jpg 1000w\" sizes=\"(max-width: 300px) 100vw, 300px\" \/>Verne (iel\/elle) est une auteure-interpr\u00e8te de com\u00e9die. Iel ont r\u00e9cemment termin\u00e9 leur \u00e9tudes dans le programme Comedy Writing and Performance du Coll\u00e8ge Humber. On peut voir Verne \u00e0 travers la ville, se produisant dans des salles comme <a href=\"https:\/\/www.tallboyscraft.com\/event-calendar\">Tallboys<\/a>, <a href=\"https:\/\/comedybar.ca\/danforth-ave-toronto\">Comedy Bar Danforth<\/a> et le <a href=\"https:\/\/www.comedylab.to\/\">The Comedy Lab<\/a>, pour du stand-up, des sketches et de l\u2019improvisation. Diplom\u00e9 du programme de theatre de l\u2019Universit\u00e9 York, iel cr\u00e9e des performances en direct depuis plus de sept ans. Parmi ses cr\u00e9ations r\u00e9centes en solo, on compte des spectacles burlesques de clown, \u00ab Lady Dolce \u00bb et \u00ab Brenda\u2019s Big Number \u00bb. Iel est \u00e9galement membre du groupe local de sketches comiques <a href=\"https:\/\/www.instagram.com\/shrimpmocktailcomedy\/\">Shrimp Mocktail<\/a>. Ancr\u00e9 dans la queerness, le travail de Verne s'attache \u00e0 trouver l'absurde et l'humour dans le banal.<\/p><p>\u00ab C\u2019est un grand honneur que d\u2019\u00eatre le laur\u00e9at du Prix d\u2019encouragement Tim Sims, \u00bb a d\u00e9clar\u00e9 Verne. \u00ab Je suis extr\u00eamement reconnaissante envers mes instructeurs \u00e0 Humber ainsi qu\u2019\u00e0 la Fondation des arts de l\u2019Ontario. J\u2019ai h\u00e2te de continuer \u00e0 apprendre et \u00e0 grandir en tant que com\u00e9dien. \u00bb<\/p><\/div>\t\t\t\t\t\t\t\t<\/div>\n\t\t\t\t<\/div>\n\t\t\t\t\t<\/div>\n\t\t<\/div>\n\t\t\t\t\t<\/div>\n\t\t<\/section>\n\t\t\t\t<section class=\"elementor-section elementor-top-section elementor-element elementor-element-5dd085e elementor-section-boxed elementor-section-height-default elementor-section-height-default\" data-id=\"5dd085e\" data-element_type=\"section\" data-e-type=\"section\">\n\t\t\t\t\t\t<div class=\"elementor-container elementor-column-gap-default\">\n\t\t\t\t\t<div class=\"elementor-column elementor-col-100 elementor-top-column elementor-element elementor-element-23493a2\" data-id=\"23493a2\" data-element_type=\"column\" data-e-type=\"column\">\n\t\t\t<div class=\"elementor-widget-wrap elementor-element-populated\">\n\t\t\t\t\t\t<div class=\"elementor-element elementor-element-e3af24e elementor-widget elementor-widget-text-editor\" data-id=\"e3af24e\" data-element_type=\"widget\" data-e-type=\"widget\" data-widget_type=\"text-editor.default\">\n\t\t\t\t<div class=\"elementor-widget-container\">\n\t\t\t\t\t\t\t\t\t<div class=\"clearfix\"><p><span style=\"font-size: 16px;\">Prix: 2 500 dollars<\/span><\/p><p><a href=\"https:\/\/oafdn.ca\/wp-content\/uploads\/2025\/07\/TimSims_Laureats-Precedent-2025.pdf\">Pr\u00e9c\u00e9dents laur\u00e9ates<\/a><a style=\"font-size: 16px; background-color: #ffffff;\" href=\"https:\/\/oafdn.ca\/wp-content\/uploads\/2023\/04\/TimSims_Laureats-Precedent2022.pdf\"><img decoding=\"async\" class=\"alignnone wp-image-124754\" src=\"https:\/\/oafdn.ca\/wp-content\/uploads\/2023\/02\/pdf-thumbnail-file-2127829-1-150x150.png\" alt=\"pdf, thumbnail, file-2127829.jpg\" width=\"25\" height=\"25\" srcset=\"https:\/\/oafdn.ca\/wp-content\/uploads\/2023\/02\/pdf-thumbnail-file-2127829-1-150x150.png 150w, https:\/\/oafdn.ca\/wp-content\/uploads\/2023\/02\/pdf-thumbnail-file-2127829-1-300x300.png 300w, https:\/\/oafdn.ca\/wp-content\/uploads\/2023\/02\/pdf-thumbnail-file-2127829-1-1024x1024.png 1024w, https:\/\/oafdn.ca\/wp-content\/uploads\/2023\/02\/pdf-thumbnail-file-2127829-1-768x768.png 768w, https:\/\/oafdn.ca\/wp-content\/uploads\/2023\/02\/pdf-thumbnail-file-2127829-1-12x12.png 12w, https:\/\/oafdn.ca\/wp-content\/uploads\/2023\/02\/pdf-thumbnail-file-2127829-1.png 1280w\" sizes=\"(max-width: 25px) 100vw, 25px\" \/><\/a><\/p><\/div><p><strong><br \/><\/strong><span class=\"blue\">Communiqu\u00e9s de presse<\/span><br \/><a href=\"https:\/\/oafdn.ca\/fr\/verne-bird-awarded-the-tim-sims-encouragement-award\/\">Verne Bird re\u00e7oit le prix d'encouragement Tim Sims<\/a>\u00a0\u00a0<span class=\"plain_grey\">\u00a0<i>le 15 juillet 2025<\/i><\/span><\/p>\t\t\t\t\t\t\t\t<\/div>\n\t\t\t\t<\/div>\n\t\t\t\t\t<\/div>\n\t\t<\/div>\n\t\t\t\t\t<\/div>\n\t\t<\/section>\n\t\t\t\t<section class=\"elementor-section elementor-top-section elementor-element elementor-element-e34dc52 elementor-section-boxed elementor-section-height-default elementor-section-height-default\" data-id=\"e34dc52\" data-element_type=\"section\" data-e-type=\"section\">\n\t\t\t\t\t\t<div class=\"elementor-container elementor-column-gap-default\">\n\t\t\t\t\t<div class=\"elementor-column elementor-col-100 elementor-top-column elementor-element elementor-element-dad4deb\" data-id=\"dad4deb\" data-element_type=\"column\" data-e-type=\"column\">\n\t\t\t<div class=\"elementor-widget-wrap\">\n\t\t\t\t\t\t\t<\/div>\n\t\t<\/div>\n\t\t\t\t\t<\/div>\n\t\t<\/section>\n\t\t\t\t<\/div>","protected":false},"excerpt":{"rendered":"<p>The Tim Sims Encouragement Fund Award The\u00a0Tim Sims Encouragement Fund\u00a0recognizes and supports promising comedic performers in the early stages of their careers. The\u00a0Tim Sims Encouragement Fund\u00a0was founded by Lindsay Leese and established in 1995 in the spirit and memory of Tim Sims, a well-known comedic performer, writer, director, and charity fund-raiser from Toronto. The Toronto [&hellip;]<\/p>\n","protected":false},"author":1,"featured_media":0,"parent":3362,"menu_order":0,"comment_status":"closed","ping_status":"closed","template":"","meta":{"_acf_changed":false,"give_campaign_id":0,"nf_dc_page":"","site-sidebar-layout":"no-sidebar","site-content-layout":"page-builder","ast-site-content-layout":"default","site-content-style":"default","site-sidebar-style":"default","ast-global-header-display":"","ast-banner-title-visibility":"","ast-main-header-display":"","ast-hfb-above-header-display":"","ast-hfb-below-header-display":"","ast-hfb-mobile-header-display":"","site-post-title":"disabled","ast-breadcrumbs-content":"","ast-featured-img":"disabled","footer-sml-layout":"","ast-disable-related-posts":"","theme-transparent-header-meta":"","adv-header-id-meta":"","stick-header-meta":"","header-above-stick-meta":"","header-main-stick-meta":"","header-below-stick-meta":"","astra-migrate-meta-layouts":"default","ast-page-background-enabled":"default","ast-page-background-meta":{"desktop":{"background-color":"","background-image":"","background-repeat":"repeat","background-position":"center center","background-size":"auto","background-attachment":"scroll","background-type":"","background-media":"","overlay-type":"","overlay-color":"","overlay-opacity":"","overlay-gradient":""},"tablet":{"background-color":"","background-image":"","background-repeat":"repeat","background-position":"center center","background-size":"auto","background-attachment":"scroll","background-type":"","background-media":"","overlay-type":"","overlay-color":"","overlay-opacity":"","overlay-gradient":""},"mobile":{"background-color":"","background-image":"","background-repeat":"repeat","background-position":"center center","background-size":"auto","background-attachment":"scroll","background-type":"","background-media":"","overlay-type":"","overlay-color":"","overlay-opacity":"","overlay-gradient":""}},"ast-content-background-meta":{"desktop":{"background-color":"var(--ast-global-color-5)","background-image":"","background-repeat":"repeat","background-position":"center center","background-size":"auto","background-attachment":"scroll","background-type":"","background-media":"","overlay-type":"","overlay-color":"","overlay-opacity":"","overlay-gradient":""},"tablet":{"background-color":"var(--ast-global-color-5)","background-image":"","background-repeat":"repeat","background-position":"center center","background-size":"auto","background-attachment":"scroll","background-type":"","background-media":"","overlay-type":"","overlay-color":"","overlay-opacity":"","overlay-gradient":""},"mobile":{"background-color":"var(--ast-global-color-5)","background-image":"","background-repeat":"repeat","background-position":"center center","background-size":"auto","background-attachment":"scroll","background-type":"","background-media":"","overlay-type":"","overlay-color":"","overlay-opacity":"","overlay-gradient":""}},"footnotes":""},"class_list":["post-86104","page","type-page","status-publish","hentry"],"acf":[],"yoast_head":"<!-- This site is optimized with the Yoast SEO plugin v27.4 - https:\/\/yoast.com\/product\/yoast-seo-wordpress\/ -->\n<title>The Tim Sims Encouragement Fund Award - Ontario Arts Foundation<\/title>\n<meta name=\"description\" content=\"The Tim Sims Encouragement Fund Award Ontario Arts Foundation\" \/>\n<meta name=\"robots\" content=\"index, follow, max-snippet:-1, max-image-preview:large, max-video-preview:-1\" \/>\n<link rel=\"canonical\" href=\"https:\/\/oafdn.ca\/fr\/programs\/awards\/the-tim-sims-encouragement-fund-award\/\" \/>\n<meta property=\"og:locale\" content=\"fr_CA\" \/>\n<meta property=\"og:type\" content=\"article\" \/>\n<meta property=\"og:title\" content=\"The Tim Sims Encouragement Fund Award - Ontario Arts Foundation\" \/>\n<meta property=\"og:description\" content=\"The Tim Sims Encouragement Fund Award Ontario Arts Foundation\" \/>\n<meta property=\"og:url\" content=\"https:\/\/oafdn.ca\/fr\/programs\/awards\/the-tim-sims-encouragement-fund-award\/\" \/>\n<meta property=\"og:site_name\" content=\"Ontario Arts Foundation\" \/>\n<meta property=\"article:publisher\" content=\"https:\/\/www.facebook.com\/OntarioArtsFoundation\/\" \/>\n<meta property=\"article:modified_time\" content=\"2025-07-15T16:01:07+00:00\" \/>\n<meta property=\"og:image\" content=\"https:\/\/oafdn.ca\/wp-content\/uploads\/2025\/07\/VERNE_0071-web.jpg\" \/>\n\t<meta property=\"og:image:width\" content=\"1000\" \/>\n\t<meta property=\"og:image:height\" content=\"1249\" \/>\n\t<meta property=\"og:image:type\" content=\"image\/jpeg\" \/>\n<meta name=\"twitter:card\" content=\"summary_large_image\" \/>\n<meta name=\"twitter:site\" content=\"@OntarioArtsFdn\" \/>\n<meta name=\"twitter:label1\" content=\"Estimation du temps de lecture\" \/>\n\t<meta name=\"twitter:data1\" content=\"2 minutes\" \/>\n<script type=\"application\/ld+json\" class=\"yoast-schema-graph\">{\"@context\":\"https:\\\/\\\/schema.org\",\"@graph\":[{\"@type\":\"WebPage\",\"@id\":\"https:\\\/\\\/oafdn.ca\\\/fr\\\/programs\\\/awards\\\/the-tim-sims-encouragement-fund-award\\\/\",\"url\":\"https:\\\/\\\/oafdn.ca\\\/fr\\\/programs\\\/awards\\\/the-tim-sims-encouragement-fund-award\\\/\",\"name\":\"The Tim Sims Encouragement Fund Award - Ontario Arts Foundation\",\"isPartOf\":{\"@id\":\"https:\\\/\\\/oafdn.ca\\\/#website\"},\"primaryImageOfPage\":{\"@id\":\"https:\\\/\\\/oafdn.ca\\\/fr\\\/programs\\\/awards\\\/the-tim-sims-encouragement-fund-award\\\/#primaryimage\"},\"image\":{\"@id\":\"https:\\\/\\\/oafdn.ca\\\/fr\\\/programs\\\/awards\\\/the-tim-sims-encouragement-fund-award\\\/#primaryimage\"},\"thumbnailUrl\":\"https:\\\/\\\/oafdn.ca\\\/wp-content\\\/uploads\\\/2025\\\/07\\\/VERNE_0071-web-820x1024.jpg\",\"datePublished\":\"2022-06-11T03:28:58+00:00\",\"dateModified\":\"2025-07-15T16:01:07+00:00\",\"description\":\"The Tim Sims Encouragement Fund Award Ontario Arts Foundation\",\"breadcrumb\":{\"@id\":\"https:\\\/\\\/oafdn.ca\\\/fr\\\/programs\\\/awards\\\/the-tim-sims-encouragement-fund-award\\\/#breadcrumb\"},\"inLanguage\":\"fr-CA\",\"potentialAction\":[{\"@type\":\"ReadAction\",\"target\":[\"https:\\\/\\\/oafdn.ca\\\/fr\\\/programs\\\/awards\\\/the-tim-sims-encouragement-fund-award\\\/\"]}]},{\"@type\":\"ImageObject\",\"inLanguage\":\"fr-CA\",\"@id\":\"https:\\\/\\\/oafdn.ca\\\/fr\\\/programs\\\/awards\\\/the-tim-sims-encouragement-fund-award\\\/#primaryimage\",\"url\":\"https:\\\/\\\/oafdn.ca\\\/wp-content\\\/uploads\\\/2025\\\/07\\\/VERNE_0071-web-820x1024.jpg\",\"contentUrl\":\"https:\\\/\\\/oafdn.ca\\\/wp-content\\\/uploads\\\/2025\\\/07\\\/VERNE_0071-web-820x1024.jpg\"},{\"@type\":\"BreadcrumbList\",\"@id\":\"https:\\\/\\\/oafdn.ca\\\/fr\\\/programs\\\/awards\\\/the-tim-sims-encouragement-fund-award\\\/#breadcrumb\",\"itemListElement\":[{\"@type\":\"ListItem\",\"position\":1,\"name\":\"Home\",\"item\":\"https:\\\/\\\/oafdn.ca\\\/\"},{\"@type\":\"ListItem\",\"position\":2,\"name\":\"Programs\",\"item\":\"https:\\\/\\\/oafdn.ca\\\/programs\\\/\"},{\"@type\":\"ListItem\",\"position\":3,\"name\":\"Awards\",\"item\":\"https:\\\/\\\/oafdn.ca\\\/programs\\\/awards\\\/\"},{\"@type\":\"ListItem\",\"position\":4,\"name\":\"The Tim Sims Encouragement Fund Award\"}]},{\"@type\":\"WebSite\",\"@id\":\"https:\\\/\\\/oafdn.ca\\\/#website\",\"url\":\"https:\\\/\\\/oafdn.ca\\\/\",\"name\":\"Ontario Arts Foundation\",\"description\":\"The Ontario Arts Foundation is a non-governmental not for profit organization established in 1991 under the Ontario Corporations Act to encourage and facilitate private giving to the arts in Ontario, Canada.\",\"publisher\":{\"@id\":\"https:\\\/\\\/oafdn.ca\\\/#organization\"},\"potentialAction\":[{\"@type\":\"SearchAction\",\"target\":{\"@type\":\"EntryPoint\",\"urlTemplate\":\"https:\\\/\\\/oafdn.ca\\\/?s={search_term_string}\"},\"query-input\":{\"@type\":\"PropertyValueSpecification\",\"valueRequired\":true,\"valueName\":\"search_term_string\"}}],\"inLanguage\":\"fr-CA\"},{\"@type\":\"Organization\",\"@id\":\"https:\\\/\\\/oafdn.ca\\\/#organization\",\"name\":\"Ontario Arts Foundation\",\"url\":\"https:\\\/\\\/oafdn.ca\\\/\",\"logo\":{\"@type\":\"ImageObject\",\"inLanguage\":\"fr-CA\",\"@id\":\"https:\\\/\\\/oafdn.ca\\\/#\\\/schema\\\/logo\\\/image\\\/\",\"url\":\"https:\\\/\\\/oafdn.ca\\\/wp-content\\\/uploads\\\/2022\\\/02\\\/logo1-1.png\",\"contentUrl\":\"https:\\\/\\\/oafdn.ca\\\/wp-content\\\/uploads\\\/2022\\\/02\\\/logo1-1.png\",\"width\":1761,\"height\":487,\"caption\":\"Ontario Arts Foundation\"},\"image\":{\"@id\":\"https:\\\/\\\/oafdn.ca\\\/#\\\/schema\\\/logo\\\/image\\\/\"},\"sameAs\":[\"https:\\\/\\\/www.facebook.com\\\/OntarioArtsFoundation\\\/\",\"https:\\\/\\\/x.com\\\/OntarioArtsFdn\"]}]}<\/script>\n<!-- \/ Yoast SEO plugin. -->","yoast_head_json":{"title":"The Tim Sims Encouragement Fund Award - Ontario Arts Foundation","description":"The Tim Sims Encouragement Fund Award Ontario Arts Foundation","robots":{"index":"index","follow":"follow","max-snippet":"max-snippet:-1","max-image-preview":"max-image-preview:large","max-video-preview":"max-video-preview:-1"},"canonical":"https:\/\/oafdn.ca\/fr\/programs\/awards\/the-tim-sims-encouragement-fund-award\/","og_locale":"fr_CA","og_type":"article","og_title":"The Tim Sims Encouragement Fund Award - Ontario Arts Foundation","og_description":"The Tim Sims Encouragement Fund Award Ontario Arts Foundation","og_url":"https:\/\/oafdn.ca\/fr\/programs\/awards\/the-tim-sims-encouragement-fund-award\/","og_site_name":"Ontario Arts Foundation","article_publisher":"https:\/\/www.facebook.com\/OntarioArtsFoundation\/","article_modified_time":"2025-07-15T16:01:07+00:00","og_image":[{"width":1000,"height":1249,"url":"https:\/\/oafdn.ca\/wp-content\/uploads\/2025\/07\/VERNE_0071-web.jpg","type":"image\/jpeg"}],"twitter_card":"summary_large_image","twitter_site":"@OntarioArtsFdn","twitter_misc":{"Estimation du temps de lecture":"2 minutes"},"schema":{"@context":"https:\/\/schema.org","@graph":[{"@type":"WebPage","@id":"https:\/\/oafdn.ca\/fr\/programs\/awards\/the-tim-sims-encouragement-fund-award\/","url":"https:\/\/oafdn.ca\/fr\/programs\/awards\/the-tim-sims-encouragement-fund-award\/","name":"The Tim Sims Encouragement Fund Award - Ontario Arts Foundation","isPartOf":{"@id":"https:\/\/oafdn.ca\/#website"},"primaryImageOfPage":{"@id":"https:\/\/oafdn.ca\/fr\/programs\/awards\/the-tim-sims-encouragement-fund-award\/#primaryimage"},"image":{"@id":"https:\/\/oafdn.ca\/fr\/programs\/awards\/the-tim-sims-encouragement-fund-award\/#primaryimage"},"thumbnailUrl":"https:\/\/oafdn.ca\/wp-content\/uploads\/2025\/07\/VERNE_0071-web-820x1024.jpg","datePublished":"2022-06-11T03:28:58+00:00","dateModified":"2025-07-15T16:01:07+00:00","description":"The Tim Sims Encouragement Fund Award Ontario Arts Foundation","breadcrumb":{"@id":"https:\/\/oafdn.ca\/fr\/programs\/awards\/the-tim-sims-encouragement-fund-award\/#breadcrumb"},"inLanguage":"fr-CA","potentialAction":[{"@type":"ReadAction","target":["https:\/\/oafdn.ca\/fr\/programs\/awards\/the-tim-sims-encouragement-fund-award\/"]}]},{"@type":"ImageObject","inLanguage":"fr-CA","@id":"https:\/\/oafdn.ca\/fr\/programs\/awards\/the-tim-sims-encouragement-fund-award\/#primaryimage","url":"https:\/\/oafdn.ca\/wp-content\/uploads\/2025\/07\/VERNE_0071-web-820x1024.jpg","contentUrl":"https:\/\/oafdn.ca\/wp-content\/uploads\/2025\/07\/VERNE_0071-web-820x1024.jpg"},{"@type":"BreadcrumbList","@id":"https:\/\/oafdn.ca\/fr\/programs\/awards\/the-tim-sims-encouragement-fund-award\/#breadcrumb","itemListElement":[{"@type":"ListItem","position":1,"name":"Home","item":"https:\/\/oafdn.ca\/"},{"@type":"ListItem","position":2,"name":"Programs","item":"https:\/\/oafdn.ca\/programs\/"},{"@type":"ListItem","position":3,"name":"Awards","item":"https:\/\/oafdn.ca\/programs\/awards\/"},{"@type":"ListItem","position":4,"name":"The Tim Sims Encouragement Fund Award"}]},{"@type":"WebSite","@id":"https:\/\/oafdn.ca\/#website","url":"https:\/\/oafdn.ca\/","name":"Fondation des arts de l'Ontario","description":"The Ontario Arts Foundation is a non-governmental not for profit organization established in 1991 under the Ontario Corporations Act to encourage and facilitate private giving to the arts in Ontario, Canada.","publisher":{"@id":"https:\/\/oafdn.ca\/#organization"},"potentialAction":[{"@type":"SearchAction","target":{"@type":"EntryPoint","urlTemplate":"https:\/\/oafdn.ca\/?s={search_term_string}"},"query-input":{"@type":"PropertyValueSpecification","valueRequired":true,"valueName":"search_term_string"}}],"inLanguage":"fr-CA"},{"@type":"Organization","@id":"https:\/\/oafdn.ca\/#organization","name":"Fondation des arts de l'Ontario","url":"https:\/\/oafdn.ca\/","logo":{"@type":"ImageObject","inLanguage":"fr-CA","@id":"https:\/\/oafdn.ca\/#\/schema\/logo\/image\/","url":"https:\/\/oafdn.ca\/wp-content\/uploads\/2022\/02\/logo1-1.png","contentUrl":"https:\/\/oafdn.ca\/wp-content\/uploads\/2022\/02\/logo1-1.png","width":1761,"height":487,"caption":"Ontario Arts Foundation"},"image":{"@id":"https:\/\/oafdn.ca\/#\/schema\/logo\/image\/"},"sameAs":["https:\/\/www.facebook.com\/OntarioArtsFoundation\/","https:\/\/x.com\/OntarioArtsFdn"]}]}},"campaignId":"","_links":{"self":[{"href":"https:\/\/oafdn.ca\/fr\/wp-json\/wp\/v2\/pages\/86104","targetHints":{"allow":["GET"]}}],"collection":[{"href":"https:\/\/oafdn.ca\/fr\/wp-json\/wp\/v2\/pages"}],"about":[{"href":"https:\/\/oafdn.ca\/fr\/wp-json\/wp\/v2\/types\/page"}],"author":[{"embeddable":true,"href":"https:\/\/oafdn.ca\/fr\/wp-json\/wp\/v2\/users\/1"}],"replies":[{"embeddable":true,"href":"https:\/\/oafdn.ca\/fr\/wp-json\/wp\/v2\/comments?post=86104"}],"version-history":[{"count":5,"href":"https:\/\/oafdn.ca\/fr\/wp-json\/wp\/v2\/pages\/86104\/revisions"}],"predecessor-version":[{"id":139692,"href":"https:\/\/oafdn.ca\/fr\/wp-json\/wp\/v2\/pages\/86104\/revisions\/139692"}],"up":[{"embeddable":true,"href":"https:\/\/oafdn.ca\/fr\/wp-json\/wp\/v2\/pages\/3362"}],"wp:attachment":[{"href":"https:\/\/oafdn.ca\/fr\/wp-json\/wp\/v2\/media?parent=86104"}],"curies":[{"name":"wp","href":"https:\/\/api.w.org\/{rel}","templated":true}]}}