{"id":86095,"date":"2022-06-11T03:25:12","date_gmt":"2022-06-11T03:25:12","guid":{"rendered":"https:\/\/oafdn.ca\/?page_id=86095"},"modified":"2023-02-11T07:08:20","modified_gmt":"2023-02-11T07:08:20","slug":"ellen-ross-stuart-opening-doors-awards","status":"publish","type":"page","link":"https:\/\/oafdn.ca\/fr\/programs\/awards\/ellen-ross-stuart-opening-doors-awards\/","title":{"rendered":"Les Prix Ellen Ross Stuart Portes Ouvertes"},"content":{"rendered":"<div data-elementor-type=\"wp-page\" data-elementor-id=\"86095\" class=\"elementor elementor-86095\" wpc-filter-elementor-widget=\"1\">\n\t\t\t\t\t\t<section class=\"elementor-section elementor-top-section elementor-element elementor-element-f28a0c3 elementor-section-boxed elementor-section-height-default elementor-section-height-default\" data-id=\"f28a0c3\" data-element_type=\"section\" data-e-type=\"section\">\n\t\t\t\t\t\t<div class=\"elementor-container elementor-column-gap-default\">\n\t\t\t\t\t<div class=\"elementor-column elementor-col-100 elementor-top-column elementor-element elementor-element-cdc9afc\" data-id=\"cdc9afc\" data-element_type=\"column\" data-e-type=\"column\">\n\t\t\t<div class=\"elementor-widget-wrap elementor-element-populated\">\n\t\t\t\t\t\t<div class=\"elementor-element elementor-element-2952a3d elementor-widget elementor-widget-heading\" data-id=\"2952a3d\" data-element_type=\"widget\" data-e-type=\"widget\" data-widget_type=\"heading.default\">\n\t\t\t\t<div class=\"elementor-widget-container\">\n\t\t\t\t\t<h2 class=\"elementor-heading-title elementor-size-default\">Les Prix Ellen Ross Stuart Portes Ouvertes<\/h2>\t\t\t\t<\/div>\n\t\t\t\t<\/div>\n\t\t\t\t<div class=\"elementor-element elementor-element-4249f35 elementor-widget-divider--view-line elementor-widget elementor-widget-divider\" data-id=\"4249f35\" data-element_type=\"widget\" data-e-type=\"widget\" data-widget_type=\"divider.default\">\n\t\t\t\t<div class=\"elementor-widget-container\">\n\t\t\t\t\t\t\t<div class=\"elementor-divider\">\n\t\t\t<span class=\"elementor-divider-separator\">\n\t\t\t\t\t\t<\/span>\n\t\t<\/div>\n\t\t\t\t\t\t<\/div>\n\t\t\t\t<\/div>\n\t\t\t\t\t<\/div>\n\t\t<\/div>\n\t\t\t\t\t<\/div>\n\t\t<\/section>\n\t\t\t\t<section class=\"elementor-section elementor-top-section elementor-element elementor-element-be7e052 elementor-section-boxed elementor-section-height-default elementor-section-height-default\" data-id=\"be7e052\" data-element_type=\"section\" data-e-type=\"section\">\n\t\t\t\t\t\t<div class=\"elementor-container elementor-column-gap-default\">\n\t\t\t\t\t<div class=\"elementor-column elementor-col-100 elementor-top-column elementor-element elementor-element-71a7b91\" data-id=\"71a7b91\" data-element_type=\"column\" data-e-type=\"column\">\n\t\t\t<div class=\"elementor-widget-wrap elementor-element-populated\">\n\t\t\t\t\t\t<div class=\"elementor-element elementor-element-35a27a4 elementor-widget elementor-widget-text-editor\" data-id=\"35a27a4\" data-element_type=\"widget\" data-e-type=\"widget\" data-widget_type=\"text-editor.default\">\n\t\t\t\t<div class=\"elementor-widget-container\">\n\t\t\t\t\t\t\t\t\t<p class=\"translation-block\">En c\u00e9l\u00e9bration de la trop courte vie de Ellen Ross Stuart (Nel), un nouveau prix pluriannuel a \u00e9t\u00e9 cr\u00e9\u00e9 pour \u00ab ouvrir les portes \u00bb en encourageant de jeunes auteurs \u00e0 s\u2019engager activement dans leur art en association avec le Hart House Theatre, Tarragon Theatre et Blyth Festival.<\/p><p>Les prix r\u00e9compensent des auteurs \u00e9mergeants de 21 \u00e0 30 ans ayant des cr\u00e9dits de production qui sont dipl\u00f4m\u00e9s d\u2019un programme postsecondaire ou qui ont d\u00e9pass\u00e9 d\u2019autres programmes qui soutiennent les jeunes artistes.<\/p><p><span style=\"font-family: Helvetica;\"><span class=\"plain_grey\"><span class=\"plain_black\"><span class=\"blue\">Laur\u00e9ates des Prix 2019\/2020<\/span><\/span><\/span><\/span><\/p><div class=\"clearfix\"><p><strong style=\"font-size: 16px; color: #5675b8;\">Madeleine Brown<\/strong><\/p><p>\u00a0<img fetchpriority=\"high\" decoding=\"async\" class=\"alignleft wp-image-122638 size-medium\" src=\"https:\/\/oafdn.ca\/wp-content\/uploads\/2023\/02\/Madeleine-Brown-Headshot-289x300.jpg\" alt=\"Madeleine-Brown \" width=\"289\" height=\"300\" srcset=\"https:\/\/oafdn.ca\/wp-content\/uploads\/2023\/02\/Madeleine-Brown-Headshot-289x300.jpg 289w, https:\/\/oafdn.ca\/wp-content\/uploads\/2023\/02\/Madeleine-Brown-Headshot-12x12.jpg 12w, https:\/\/oafdn.ca\/wp-content\/uploads\/2023\/02\/Madeleine-Brown-Headshot.jpg 480w\" sizes=\"(max-width: 289px) 100vw, 289px\" \/><\/p><p><span style=\"font-size: 16px;\">Madeleine Brown is a playwright and actor from Peterborough, Ontario now based in Toronto. Her last three comedies debuted at the Toronto Fringe Festival including a sold-out run of Patron\u2019s Pick Winner, <\/span><i style=\"font-weight: inherit;\">Everyone Wants A T-Shirt!<\/i><span style=\"font-size: 16px;\">. She has previously received NOW Magazine Awards for Outstanding Ensemble and Individual Performance and was an inaugural Nightwood Theatre Young Innovator. She is a graduate of UTM\/Sheridan College as a Loran Scholar and Second City&#8217;s Conservatory program. Madeleine volunteers with L\u2019Arche Toronto and plays the euphonium with the Swansea Community Concert Band.<\/span><\/p><\/div><p>\u00a0<\/p><p>\u00a0<\/p><div class=\"clearfix\"><p><em style=\"box-sizing: inherit; color: #292b2c; font-family: 'Helvetica Neue', Arial, sans-serif; font-size: medium; background-color: #ffffff;\"><span style=\"box-sizing: inherit; font-weight: bolder;\"><span class=\"blue\" style=\"box-sizing: inherit; color: #5675b8; font-style: normal;\">April Leung <\/span><\/span><\/em><\/p><p><img decoding=\"async\" class=\"size-medium wp-image-122639 alignleft\" src=\"https:\/\/oafdn.ca\/wp-content\/uploads\/2023\/02\/AprilLeungHeadshot-300x200.jpg\" alt=\"April Leung\" width=\"300\" height=\"200\" srcset=\"https:\/\/oafdn.ca\/wp-content\/uploads\/2023\/02\/AprilLeungHeadshot-300x200.jpg 300w, https:\/\/oafdn.ca\/wp-content\/uploads\/2023\/02\/AprilLeungHeadshot-18x12.jpg 18w, https:\/\/oafdn.ca\/wp-content\/uploads\/2023\/02\/AprilLeungHeadshot.jpg 750w\" sizes=\"(max-width: 300px) 100vw, 300px\" \/><\/p><p>\u00a0<\/p><p>April Siutong Leung \u6881\u7b71\u5f64is a performer and playwright raised in Hong Kong, now based in Toronto. Her current work tends to examine what it means to be Chinese-Canadian, the sociopolitical aspects of Hong Kong, technology, as well as food. In addition to\u00a0<i>Inside the Claypot Rice<\/i>, she is working with Mammalian Diving Reflex to develop<i>\u00a0(a) round table<\/i>, a show based on\u00a0inter-generational\u00a0cooking and the passing of recipes. April was also selected by Cahoots Theatre as one of their thirty theatre-makers who will shape the next thirty years in Canadian theatre.\u00a0<a title=\"\" href=\"http:\/\/www.aprilleung.com\/\">www.aprilleung.com<\/a><\/p><\/div><p>\u00a0<\/p><p>\u00a0<\/p><div class=\"clearfix\"><p><span class=\"blue\">Finalistes des Prix 2019\/2020:<\/span>\u00a0\u00a0<span class=\"plain_grey\">Polly Phokeev, Zahida Rahemtulla, Sepehr Reybod (<a href=\"https:\/\/oafdn.ca\/fr\/2019-2020-winners-of-the-ellen-ross-stuart-opening-doors-awards-announced\/\"><i>voir les Nouvelles<\/i><\/a>)<\/span><\/p><\/div><p><span class=\"plain_black\">Communiqu\u00e9s de presse<\/span>\u00a0<br \/><span class=\"plain_grey\"><em><a href=\"https:\/\/oafdn.ca\/fr\/the-ellen-ross-stuart-opening-doors-award-call-for-applications\/\">The Ellen Ross Stuart Opening Doors Awards &#8211; Call for Applications<\/a>\u00a0\u00a0July 18, 2019<br \/><a href=\"https:\/\/oafdn.ca\/fr\/2019-2020-winners-of-the-ellen-ross-stuart-opening-doors-awards-announced\/\">Annonce des laur\u00e9ats des prix Ellen Ross Stuart Portes Ouvertes<\/a>\u00a0\u00a0 4 mars 2020<\/em><\/span><\/p>\t\t\t\t\t\t\t\t<\/div>\n\t\t\t\t<\/div>\n\t\t\t\t\t<\/div>\n\t\t<\/div>\n\t\t\t\t\t<\/div>\n\t\t<\/section>\n\t\t\t\t<\/div>","protected":false},"excerpt":{"rendered":"<p>Ellen Ross Stuart Opening Doors Awards To celebrate the too short life of\u00a0Ellen Ross Stuart (Nel), the\u00a0Ellen Ross Stuart Opening Doors Awards\u00a0have been created to &#8220;Open Doors&#8221; by empowering young writers to actively engage in their craft in association with Hart House Theatre, Tarragon Theatre and Blyth Festival. The awards are for emerging writers in [&hellip;]<\/p>\n","protected":false},"author":1,"featured_media":0,"parent":3362,"menu_order":0,"comment_status":"closed","ping_status":"closed","template":"","meta":{"_acf_changed":false,"give_campaign_id":0,"nf_dc_page":"","site-sidebar-layout":"no-sidebar","site-content-layout":"page-builder","ast-site-content-layout":"default","site-content-style":"default","site-sidebar-style":"default","ast-global-header-display":"","ast-banner-title-visibility":"","ast-main-header-display":"","ast-hfb-above-header-display":"","ast-hfb-below-header-display":"","ast-hfb-mobile-header-display":"","site-post-title":"disabled","ast-breadcrumbs-content":"","ast-featured-img":"disabled","footer-sml-layout":"","ast-disable-related-posts":"","theme-transparent-header-meta":"","adv-header-id-meta":"","stick-header-meta":"","header-above-stick-meta":"","header-main-stick-meta":"","header-below-stick-meta":"","astra-migrate-meta-layouts":"default","ast-page-background-enabled":"default","ast-page-background-meta":{"desktop":{"background-color":"","background-image":"","background-repeat":"repeat","background-position":"center center","background-size":"auto","background-attachment":"scroll","background-type":"","background-media":"","overlay-type":"","overlay-color":"","overlay-opacity":"","overlay-gradient":""},"tablet":{"background-color":"","background-image":"","background-repeat":"repeat","background-position":"center center","background-size":"auto","background-attachment":"scroll","background-type":"","background-media":"","overlay-type":"","overlay-color":"","overlay-opacity":"","overlay-gradient":""},"mobile":{"background-color":"","background-image":"","background-repeat":"repeat","background-position":"center center","background-size":"auto","background-attachment":"scroll","background-type":"","background-media":"","overlay-type":"","overlay-color":"","overlay-opacity":"","overlay-gradient":""}},"ast-content-background-meta":{"desktop":{"background-color":"var(--ast-global-color-5)","background-image":"","background-repeat":"repeat","background-position":"center center","background-size":"auto","background-attachment":"scroll","background-type":"","background-media":"","overlay-type":"","overlay-color":"","overlay-opacity":"","overlay-gradient":""},"tablet":{"background-color":"var(--ast-global-color-5)","background-image":"","background-repeat":"repeat","background-position":"center center","background-size":"auto","background-attachment":"scroll","background-type":"","background-media":"","overlay-type":"","overlay-color":"","overlay-opacity":"","overlay-gradient":""},"mobile":{"background-color":"var(--ast-global-color-5)","background-image":"","background-repeat":"repeat","background-position":"center center","background-size":"auto","background-attachment":"scroll","background-type":"","background-media":"","overlay-type":"","overlay-color":"","overlay-opacity":"","overlay-gradient":""}},"footnotes":""},"class_list":["post-86095","page","type-page","status-publish","hentry"],"acf":[],"yoast_head":"<!-- This site is optimized with the Yoast SEO plugin v27.4 - https:\/\/yoast.com\/product\/yoast-seo-wordpress\/ -->\n<title>Ellen Ross Stuart Opening Doors Awards - Ontario Arts Foundation<\/title>\n<meta name=\"description\" content=\"Ellen Ross Stuart Opening Doors Awards Ontario Arts Foundation\" \/>\n<meta name=\"robots\" content=\"index, follow, max-snippet:-1, max-image-preview:large, max-video-preview:-1\" \/>\n<link rel=\"canonical\" href=\"https:\/\/oafdn.ca\/fr\/programs\/awards\/ellen-ross-stuart-opening-doors-awards\/\" \/>\n<meta property=\"og:locale\" content=\"fr_CA\" \/>\n<meta property=\"og:type\" content=\"article\" \/>\n<meta property=\"og:title\" content=\"Ellen Ross Stuart Opening Doors Awards - Ontario Arts Foundation\" \/>\n<meta property=\"og:description\" content=\"Ellen Ross Stuart Opening Doors Awards Ontario Arts Foundation\" \/>\n<meta property=\"og:url\" content=\"https:\/\/oafdn.ca\/fr\/programs\/awards\/ellen-ross-stuart-opening-doors-awards\/\" \/>\n<meta property=\"og:site_name\" content=\"Ontario Arts Foundation\" \/>\n<meta property=\"article:publisher\" content=\"https:\/\/www.facebook.com\/OntarioArtsFoundation\/\" \/>\n<meta property=\"article:modified_time\" content=\"2023-02-11T07:08:20+00:00\" \/>\n<meta property=\"og:image\" content=\"https:\/\/oafdn.ca\/wp-content\/uploads\/2023\/02\/Madeleine-Brown-Headshot.jpg\" \/>\n\t<meta property=\"og:image:width\" content=\"480\" \/>\n\t<meta property=\"og:image:height\" content=\"498\" \/>\n\t<meta property=\"og:image:type\" content=\"image\/jpeg\" \/>\n<meta name=\"twitter:card\" content=\"summary_large_image\" \/>\n<meta name=\"twitter:site\" content=\"@OntarioArtsFdn\" \/>\n<meta name=\"twitter:label1\" content=\"Estimation du temps de lecture\" \/>\n\t<meta name=\"twitter:data1\" content=\"2 minutes\" \/>\n<script type=\"application\/ld+json\" class=\"yoast-schema-graph\">{\"@context\":\"https:\\\/\\\/schema.org\",\"@graph\":[{\"@type\":\"WebPage\",\"@id\":\"https:\\\/\\\/oafdn.ca\\\/programs\\\/awards\\\/ellen-ross-stuart-opening-doors-awards\\\/\",\"url\":\"https:\\\/\\\/oafdn.ca\\\/programs\\\/awards\\\/ellen-ross-stuart-opening-doors-awards\\\/\",\"name\":\"Ellen Ross Stuart Opening Doors Awards - Ontario Arts Foundation\",\"isPartOf\":{\"@id\":\"https:\\\/\\\/oafdn.ca\\\/#website\"},\"primaryImageOfPage\":{\"@id\":\"https:\\\/\\\/oafdn.ca\\\/programs\\\/awards\\\/ellen-ross-stuart-opening-doors-awards\\\/#primaryimage\"},\"image\":{\"@id\":\"https:\\\/\\\/oafdn.ca\\\/programs\\\/awards\\\/ellen-ross-stuart-opening-doors-awards\\\/#primaryimage\"},\"thumbnailUrl\":\"https:\\\/\\\/oafdn.ca\\\/wp-content\\\/uploads\\\/2023\\\/02\\\/Madeleine-Brown-Headshot-289x300.jpg\",\"datePublished\":\"2022-06-11T03:25:12+00:00\",\"dateModified\":\"2023-02-11T07:08:20+00:00\",\"description\":\"Ellen Ross Stuart Opening Doors Awards Ontario Arts Foundation\",\"breadcrumb\":{\"@id\":\"https:\\\/\\\/oafdn.ca\\\/programs\\\/awards\\\/ellen-ross-stuart-opening-doors-awards\\\/#breadcrumb\"},\"inLanguage\":\"fr-CA\",\"potentialAction\":[{\"@type\":\"ReadAction\",\"target\":[\"https:\\\/\\\/oafdn.ca\\\/programs\\\/awards\\\/ellen-ross-stuart-opening-doors-awards\\\/\"]}]},{\"@type\":\"ImageObject\",\"inLanguage\":\"fr-CA\",\"@id\":\"https:\\\/\\\/oafdn.ca\\\/programs\\\/awards\\\/ellen-ross-stuart-opening-doors-awards\\\/#primaryimage\",\"url\":\"https:\\\/\\\/oafdn.ca\\\/wp-content\\\/uploads\\\/2023\\\/02\\\/Madeleine-Brown-Headshot-289x300.jpg\",\"contentUrl\":\"https:\\\/\\\/oafdn.ca\\\/wp-content\\\/uploads\\\/2023\\\/02\\\/Madeleine-Brown-Headshot-289x300.jpg\"},{\"@type\":\"BreadcrumbList\",\"@id\":\"https:\\\/\\\/oafdn.ca\\\/programs\\\/awards\\\/ellen-ross-stuart-opening-doors-awards\\\/#breadcrumb\",\"itemListElement\":[{\"@type\":\"ListItem\",\"position\":1,\"name\":\"Home\",\"item\":\"https:\\\/\\\/oafdn.ca\\\/\"},{\"@type\":\"ListItem\",\"position\":2,\"name\":\"Programs\",\"item\":\"https:\\\/\\\/oafdn.ca\\\/programs\\\/\"},{\"@type\":\"ListItem\",\"position\":3,\"name\":\"Awards\",\"item\":\"https:\\\/\\\/oafdn.ca\\\/programs\\\/awards\\\/\"},{\"@type\":\"ListItem\",\"position\":4,\"name\":\"Ellen Ross Stuart Opening Doors Awards\"}]},{\"@type\":\"WebSite\",\"@id\":\"https:\\\/\\\/oafdn.ca\\\/#website\",\"url\":\"https:\\\/\\\/oafdn.ca\\\/\",\"name\":\"Ontario Arts Foundation\",\"description\":\"The Ontario Arts Foundation is a non-governmental not for profit organization established in 1991 under the Ontario Corporations Act to encourage and facilitate private giving to the arts in Ontario, Canada.\",\"publisher\":{\"@id\":\"https:\\\/\\\/oafdn.ca\\\/#organization\"},\"potentialAction\":[{\"@type\":\"SearchAction\",\"target\":{\"@type\":\"EntryPoint\",\"urlTemplate\":\"https:\\\/\\\/oafdn.ca\\\/?s={search_term_string}\"},\"query-input\":{\"@type\":\"PropertyValueSpecification\",\"valueRequired\":true,\"valueName\":\"search_term_string\"}}],\"inLanguage\":\"fr-CA\"},{\"@type\":\"Organization\",\"@id\":\"https:\\\/\\\/oafdn.ca\\\/#organization\",\"name\":\"Ontario Arts Foundation\",\"url\":\"https:\\\/\\\/oafdn.ca\\\/\",\"logo\":{\"@type\":\"ImageObject\",\"inLanguage\":\"fr-CA\",\"@id\":\"https:\\\/\\\/oafdn.ca\\\/#\\\/schema\\\/logo\\\/image\\\/\",\"url\":\"https:\\\/\\\/oafdn.ca\\\/wp-content\\\/uploads\\\/2022\\\/02\\\/logo1-1.png\",\"contentUrl\":\"https:\\\/\\\/oafdn.ca\\\/wp-content\\\/uploads\\\/2022\\\/02\\\/logo1-1.png\",\"width\":1761,\"height\":487,\"caption\":\"Ontario Arts Foundation\"},\"image\":{\"@id\":\"https:\\\/\\\/oafdn.ca\\\/#\\\/schema\\\/logo\\\/image\\\/\"},\"sameAs\":[\"https:\\\/\\\/www.facebook.com\\\/OntarioArtsFoundation\\\/\",\"https:\\\/\\\/x.com\\\/OntarioArtsFdn\"]}]}<\/script>\n<!-- \/ Yoast SEO plugin. -->","yoast_head_json":{"title":"Ellen Ross Stuart Opening Doors Awards - Ontario Arts Foundation","description":"Ellen Ross Stuart Opening Doors Awards Ontario Arts Foundation","robots":{"index":"index","follow":"follow","max-snippet":"max-snippet:-1","max-image-preview":"max-image-preview:large","max-video-preview":"max-video-preview:-1"},"canonical":"https:\/\/oafdn.ca\/fr\/programs\/awards\/ellen-ross-stuart-opening-doors-awards\/","og_locale":"fr_CA","og_type":"article","og_title":"Ellen Ross Stuart Opening Doors Awards - Ontario Arts Foundation","og_description":"Ellen Ross Stuart Opening Doors Awards Ontario Arts Foundation","og_url":"https:\/\/oafdn.ca\/fr\/programs\/awards\/ellen-ross-stuart-opening-doors-awards\/","og_site_name":"Ontario Arts Foundation","article_publisher":"https:\/\/www.facebook.com\/OntarioArtsFoundation\/","article_modified_time":"2023-02-11T07:08:20+00:00","og_image":[{"width":480,"height":498,"url":"https:\/\/oafdn.ca\/wp-content\/uploads\/2023\/02\/Madeleine-Brown-Headshot.jpg","type":"image\/jpeg"}],"twitter_card":"summary_large_image","twitter_site":"@OntarioArtsFdn","twitter_misc":{"Estimation du temps de lecture":"2 minutes"},"schema":{"@context":"https:\/\/schema.org","@graph":[{"@type":"WebPage","@id":"https:\/\/oafdn.ca\/programs\/awards\/ellen-ross-stuart-opening-doors-awards\/","url":"https:\/\/oafdn.ca\/programs\/awards\/ellen-ross-stuart-opening-doors-awards\/","name":"Ellen Ross Stuart Opening Doors Awards - Ontario Arts Foundation","isPartOf":{"@id":"https:\/\/oafdn.ca\/#website"},"primaryImageOfPage":{"@id":"https:\/\/oafdn.ca\/programs\/awards\/ellen-ross-stuart-opening-doors-awards\/#primaryimage"},"image":{"@id":"https:\/\/oafdn.ca\/programs\/awards\/ellen-ross-stuart-opening-doors-awards\/#primaryimage"},"thumbnailUrl":"https:\/\/oafdn.ca\/wp-content\/uploads\/2023\/02\/Madeleine-Brown-Headshot-289x300.jpg","datePublished":"2022-06-11T03:25:12+00:00","dateModified":"2023-02-11T07:08:20+00:00","description":"Ellen Ross Stuart Opening Doors Awards Ontario Arts Foundation","breadcrumb":{"@id":"https:\/\/oafdn.ca\/programs\/awards\/ellen-ross-stuart-opening-doors-awards\/#breadcrumb"},"inLanguage":"fr-CA","potentialAction":[{"@type":"ReadAction","target":["https:\/\/oafdn.ca\/programs\/awards\/ellen-ross-stuart-opening-doors-awards\/"]}]},{"@type":"ImageObject","inLanguage":"fr-CA","@id":"https:\/\/oafdn.ca\/programs\/awards\/ellen-ross-stuart-opening-doors-awards\/#primaryimage","url":"https:\/\/oafdn.ca\/wp-content\/uploads\/2023\/02\/Madeleine-Brown-Headshot-289x300.jpg","contentUrl":"https:\/\/oafdn.ca\/wp-content\/uploads\/2023\/02\/Madeleine-Brown-Headshot-289x300.jpg"},{"@type":"BreadcrumbList","@id":"https:\/\/oafdn.ca\/programs\/awards\/ellen-ross-stuart-opening-doors-awards\/#breadcrumb","itemListElement":[{"@type":"ListItem","position":1,"name":"Home","item":"https:\/\/oafdn.ca\/"},{"@type":"ListItem","position":2,"name":"Programs","item":"https:\/\/oafdn.ca\/programs\/"},{"@type":"ListItem","position":3,"name":"Awards","item":"https:\/\/oafdn.ca\/programs\/awards\/"},{"@type":"ListItem","position":4,"name":"Ellen Ross Stuart Opening Doors Awards"}]},{"@type":"WebSite","@id":"https:\/\/oafdn.ca\/#website","url":"https:\/\/oafdn.ca\/","name":"Fondation des arts de l'Ontario","description":"The Ontario Arts Foundation is a non-governmental not for profit organization established in 1991 under the Ontario Corporations Act to encourage and facilitate private giving to the arts in Ontario, Canada.","publisher":{"@id":"https:\/\/oafdn.ca\/#organization"},"potentialAction":[{"@type":"SearchAction","target":{"@type":"EntryPoint","urlTemplate":"https:\/\/oafdn.ca\/?s={search_term_string}"},"query-input":{"@type":"PropertyValueSpecification","valueRequired":true,"valueName":"search_term_string"}}],"inLanguage":"fr-CA"},{"@type":"Organization","@id":"https:\/\/oafdn.ca\/#organization","name":"Fondation des arts de l'Ontario","url":"https:\/\/oafdn.ca\/","logo":{"@type":"ImageObject","inLanguage":"fr-CA","@id":"https:\/\/oafdn.ca\/#\/schema\/logo\/image\/","url":"https:\/\/oafdn.ca\/wp-content\/uploads\/2022\/02\/logo1-1.png","contentUrl":"https:\/\/oafdn.ca\/wp-content\/uploads\/2022\/02\/logo1-1.png","width":1761,"height":487,"caption":"Ontario Arts Foundation"},"image":{"@id":"https:\/\/oafdn.ca\/#\/schema\/logo\/image\/"},"sameAs":["https:\/\/www.facebook.com\/OntarioArtsFoundation\/","https:\/\/x.com\/OntarioArtsFdn"]}]}},"campaignId":"","_links":{"self":[{"href":"https:\/\/oafdn.ca\/fr\/wp-json\/wp\/v2\/pages\/86095","targetHints":{"allow":["GET"]}}],"collection":[{"href":"https:\/\/oafdn.ca\/fr\/wp-json\/wp\/v2\/pages"}],"about":[{"href":"https:\/\/oafdn.ca\/fr\/wp-json\/wp\/v2\/types\/page"}],"author":[{"embeddable":true,"href":"https:\/\/oafdn.ca\/fr\/wp-json\/wp\/v2\/users\/1"}],"replies":[{"embeddable":true,"href":"https:\/\/oafdn.ca\/fr\/wp-json\/wp\/v2\/comments?post=86095"}],"version-history":[{"count":25,"href":"https:\/\/oafdn.ca\/fr\/wp-json\/wp\/v2\/pages\/86095\/revisions"}],"predecessor-version":[{"id":122642,"href":"https:\/\/oafdn.ca\/fr\/wp-json\/wp\/v2\/pages\/86095\/revisions\/122642"}],"up":[{"embeddable":true,"href":"https:\/\/oafdn.ca\/fr\/wp-json\/wp\/v2\/pages\/3362"}],"wp:attachment":[{"href":"https:\/\/oafdn.ca\/fr\/wp-json\/wp\/v2\/media?parent=86095"}],"curies":[{"name":"wp","href":"https:\/\/api.w.org\/{rel}","templated":true}]}}