{"id":86080,"date":"2022-06-11T03:21:30","date_gmt":"2022-06-11T03:21:30","guid":{"rendered":"https:\/\/oafdn.ca\/?page_id=86080"},"modified":"2026-02-17T15:27:44","modified_gmt":"2026-02-17T20:27:44","slug":"ruth-sylvia-schwartz-childrens-book-awards","status":"publish","type":"page","link":"https:\/\/oafdn.ca\/fr\/programs\/awards\/ruth-sylvia-schwartz-childrens-book-awards\/","title":{"rendered":"Ruth &#038; Sylvia Schwartz Children&#8217;s Book Awards"},"content":{"rendered":"<div data-elementor-type=\"wp-page\" data-elementor-id=\"86080\" class=\"elementor elementor-86080\" wpc-filter-elementor-widget=\"1\">\n\t\t\t\t\t\t<section class=\"elementor-section elementor-top-section elementor-element elementor-element-603cf00 elementor-section-boxed elementor-section-height-default elementor-section-height-default\" data-id=\"603cf00\" data-element_type=\"section\" data-e-type=\"section\">\n\t\t\t\t\t\t<div class=\"elementor-container elementor-column-gap-default\">\n\t\t\t\t\t<div class=\"elementor-column elementor-col-100 elementor-top-column elementor-element elementor-element-c7082e5\" data-id=\"c7082e5\" data-element_type=\"column\" data-e-type=\"column\">\n\t\t\t<div class=\"elementor-widget-wrap elementor-element-populated\">\n\t\t\t\t\t\t<div class=\"elementor-element elementor-element-e0bed8c elementor-widget elementor-widget-heading\" data-id=\"e0bed8c\" data-element_type=\"widget\" data-e-type=\"widget\" data-widget_type=\"heading.default\">\n\t\t\t\t<div class=\"elementor-widget-container\">\n\t\t\t\t\t<h2 class=\"elementor-heading-title elementor-size-default\">Ruth &amp; Sylvia Schwartz Children's Book Awards<\/h2>\t\t\t\t<\/div>\n\t\t\t\t<\/div>\n\t\t\t\t<div class=\"elementor-element elementor-element-7a810d7 elementor-widget-divider--view-line elementor-widget elementor-widget-divider\" data-id=\"7a810d7\" data-element_type=\"widget\" data-e-type=\"widget\" data-widget_type=\"divider.default\">\n\t\t\t\t<div class=\"elementor-widget-container\">\n\t\t\t\t\t\t\t<div class=\"elementor-divider\">\n\t\t\t<span class=\"elementor-divider-separator\">\n\t\t\t\t\t\t<\/span>\n\t\t<\/div>\n\t\t\t\t\t\t<\/div>\n\t\t\t\t<\/div>\n\t\t\t\t\t<\/div>\n\t\t<\/div>\n\t\t\t\t\t<\/div>\n\t\t<\/section>\n\t\t\t\t<section class=\"elementor-section elementor-top-section elementor-element elementor-element-e2adf89 elementor-section-boxed elementor-section-height-default elementor-section-height-default\" data-id=\"e2adf89\" data-element_type=\"section\" data-e-type=\"section\">\n\t\t\t\t\t\t<div class=\"elementor-container elementor-column-gap-default\">\n\t\t\t\t\t<div class=\"elementor-column elementor-col-100 elementor-top-column elementor-element elementor-element-cb5046a\" data-id=\"cb5046a\" data-element_type=\"column\" data-e-type=\"column\">\n\t\t\t<div class=\"elementor-widget-wrap elementor-element-populated\">\n\t\t\t\t\t\t<div class=\"elementor-element elementor-element-927f45f elementor-widget elementor-widget-text-editor\" data-id=\"927f45f\" data-element_type=\"widget\" data-e-type=\"widget\" data-widget_type=\"text-editor.default\">\n\t\t\t\t<div class=\"elementor-widget-container\">\n\t\t\t\t\t\t\t\t\t<p>Depuis 50 ans, les <strong>Prix Ruth et Sylvia Schwartz de litt\u00e9rature jeunesse<\/strong>\u00a0reconnaissent l\u2019excellence artistique dans la litt\u00e9rature canadienne pour jeunesse.\u00a0<\/p><p class=\"translation-block\">Les <strong>Prix Ruth Schwartz de litt\u00e9rature jeunesse<\/strong> ont \u00e9t\u00e9 \u00e9tablis en 1976 par Sylvia Schwartz en m\u00e9moire de sa s\u0153ur Ruth, qui \u00e9tait une importante libraire, \u00e0 Toronto. Le premier prix a \u00e9t\u00e9 d\u00e9cern\u00e9 \u00e0 Mordecai Richler pour \u00ab Jacob Two-Two Meets the Hooded Fang \u00bb. En 2004, leur famille a renomm\u00e9 le prix en hommage aux deux s\u0153urs.<\/p><p>Deux prix sont d\u00e9cern\u00e9s chaque ann\u00e9e, l\u2019un pour les livres d\u2019images et l\u2019autre pour les livres de lecture pour jeunes adultes ou lecteurs d\u2019\u00e2ge moyen. La liste restreinte des livres est propos\u00e9e par un comit\u00e9 de s\u00e9lection compos\u00e9 d'un libraire, d'un biblioth\u00e9caire et d'un critique de livres pour enfant.  Les laur\u00e9ats sont s\u00e9lectionn\u00e9s par deux jurys de jeunes lecteurs d'une \u00e9cole publique en Ontario.\u00a0<\/p><p>La Fondation des arts de l'Ontario administre ces prix avec l'aide du Conseil des arts de l\u2019Ontario, qui g\u00e8re le processus de mise en candidature et d'\u00e9valuation.\u00a0<\/p><p><span style=\"color: #5675b8; font-family: helvetica; font-size: 20px; background-color: #ffffff;\">Prix:  6 000 dollars chacun pour le Livre d\u2019images et celui pour jeunes adultes\/ lecteur d\u2019\u00e2ge<\/span><\/p><div><p><strong>Les Laur\u00e9at(e)s 2025<\/strong><\/p><\/div><div class=\"clearfix\"><p><span class=\"font-family: helvetica; font-size: 12pt; color: #5675b8 blue\"><strong><span style=\"font-family: helvetica;\">Laur\u00e9ates pour le livre d'images<\/span><\/strong><br \/><\/span><img decoding=\"async\" class=\"wp-image-138055 size-full alignleft\" src=\"https:\/\/oafdn.ca\/wp-content\/uploads\/2025\/05\/LittleRegent_cover_screenRGB.jpg\" alt=\"\" width=\"175\" height=\"188\" srcset=\"https:\/\/oafdn.ca\/wp-content\/uploads\/2025\/05\/LittleRegent_cover_screenRGB.jpg 175w, https:\/\/oafdn.ca\/wp-content\/uploads\/2025\/05\/LittleRegent_cover_screenRGB-11x12.jpg 11w\" sizes=\"(max-width: 175px) 100vw, 175px\" \/><a href=\"https:\/\/shop.owlkids.com\/products\/the-little-regent-1\">The Little Regent<\/a><br \/>Texte : Yewande Daniel-Ayoade (Calgary, Alb.)<br \/>Illustrations : Ken Daley (Kitchener, Ont.)<br \/>Owlkids Books<\/p><\/div>\t\t\t\t\t\t\t\t<\/div>\n\t\t\t\t<\/div>\n\t\t\t\t\t<\/div>\n\t\t<\/div>\n\t\t\t\t\t<\/div>\n\t\t<\/section>\n\t\t\t\t<section class=\"elementor-section elementor-top-section elementor-element elementor-element-38cff06 elementor-section-boxed elementor-section-height-default elementor-section-height-default\" data-id=\"38cff06\" data-element_type=\"section\" data-e-type=\"section\">\n\t\t\t\t\t\t<div class=\"elementor-container elementor-column-gap-default\">\n\t\t\t\t\t<div class=\"elementor-column elementor-col-100 elementor-top-column elementor-element elementor-element-bf81f63\" data-id=\"bf81f63\" data-element_type=\"column\" data-e-type=\"column\">\n\t\t\t<div class=\"elementor-widget-wrap elementor-element-populated\">\n\t\t\t\t\t\t<div class=\"elementor-element elementor-element-fb2cc0b elementor-widget elementor-widget-text-editor\" data-id=\"fb2cc0b\" data-element_type=\"widget\" data-e-type=\"widget\" data-widget_type=\"text-editor.default\">\n\t\t\t\t<div class=\"elementor-widget-container\">\n\t\t\t\t\t\t\t\t\t<p><span class=\"font-family: helvetica; font-size: 12pt; color: #5675b8 blue\"><strong><span style=\"font-family: helvetica;\">Laur\u00e9at pour le livre pour jeunes lecteurs<\/span><\/strong><\/span><\/p><p><img decoding=\"async\" class=\"wp-image-138061 size-full alignleft\" src=\"https:\/\/oafdn.ca\/wp-content\/uploads\/2025\/05\/The-New-Girl.jpg\" alt=\"\" width=\"175\" height=\"251\" srcset=\"https:\/\/oafdn.ca\/wp-content\/uploads\/2025\/05\/The-New-Girl.jpg 175w, https:\/\/oafdn.ca\/wp-content\/uploads\/2025\/05\/The-New-Girl-8x12.jpg 8w\" sizes=\"(max-width: 175px) 100vw, 175px\" \/><a href=\"https:\/\/www.scholastic.ca\/editions\/nos-livres\/livre\/la-nouvelle-9781039708204\">The New Girl<\/a><br \/>Texte et illustrations : Cassandra Calin (Montr\u00e9al, Qc)<br \/>Scholastic Canada Ltd.<\/p>\t\t\t\t\t\t\t\t<\/div>\n\t\t\t\t<\/div>\n\t\t\t\t\t<\/div>\n\t\t<\/div>\n\t\t\t\t\t<\/div>\n\t\t<\/section>\n\t\t\t\t<section class=\"elementor-section elementor-top-section elementor-element elementor-element-009ddcf elementor-section-boxed elementor-section-height-default elementor-section-height-default\" data-id=\"009ddcf\" data-element_type=\"section\" data-e-type=\"section\">\n\t\t\t\t\t\t<div class=\"elementor-container elementor-column-gap-default\">\n\t\t\t\t\t<div class=\"elementor-column elementor-col-100 elementor-top-column elementor-element elementor-element-2345a7b\" data-id=\"2345a7b\" data-element_type=\"column\" data-e-type=\"column\">\n\t\t\t<div class=\"elementor-widget-wrap elementor-element-populated\">\n\t\t\t\t\t\t<div class=\"elementor-element elementor-element-84ab33a elementor-widget elementor-widget-text-editor\" data-id=\"84ab33a\" data-element_type=\"widget\" data-e-type=\"widget\" data-widget_type=\"text-editor.default\">\n\t\t\t\t<div class=\"elementor-widget-container\">\n\t\t\t\t\t\t\t\t\t<p><strong>Communiqu\u00e9s de presse<\/strong><\/p><p><a href=\"https:\/\/oafdn.ca\/fr\/2025-ruth-and-sylvia-schwartz-childrens-book-awards-presented-to-yewande-daniel-ayoade-ken-daley-and-cassandra-calin\/\">Les prix Ruth et Sylvia Schwartz de litt\u00e9rature jeunesse 2025 d\u00e9cern\u00e9s \u00e0 Yewande Daniel-Ayoade, Ken Daley et Cassandra Calin<\/a>\u00a0\u00a0 <em>le 13 juin 2025<\/em><\/p><p><a href=\"https:\/\/oafdn.ca\/wp-content\/uploads\/2026\/02\/Ruth-et-Sylvia-Schwartz_Laureats-des-annees-precedente.pdf\">liste compl\u00e8te des laur\u00e9ats pr\u00e9c\u00e9dents<\/a><\/p>\t\t\t\t\t\t\t\t<\/div>\n\t\t\t\t<\/div>\n\t\t\t\t\t<\/div>\n\t\t<\/div>\n\t\t\t\t\t<\/div>\n\t\t<\/section>\n\t\t\t\t<\/div>","protected":false},"excerpt":{"rendered":"<p>Ruth &amp; Sylvia Schwartz Children&#8217;s Book Awards For 50 years, the Ruth &amp; Sylvia Schwartz Children\u2019s Book Awards\u00a0have recognized artistic excellence in Canadian children\u2019s literature.\u00a0 The\u00a0Ruth Schwartz Children\u2019s Book Awards\u00a0were established in 1976 by Sylvia Schwartz to honour the memory of her sister, Ruth, a prominent bookseller in Toronto. The first award was given to [&hellip;]<\/p>\n","protected":false},"author":1,"featured_media":0,"parent":3362,"menu_order":0,"comment_status":"closed","ping_status":"closed","template":"","meta":{"_acf_changed":false,"give_campaign_id":0,"nf_dc_page":"","site-sidebar-layout":"no-sidebar","site-content-layout":"page-builder","ast-site-content-layout":"default","site-content-style":"default","site-sidebar-style":"default","ast-global-header-display":"","ast-banner-title-visibility":"","ast-main-header-display":"","ast-hfb-above-header-display":"","ast-hfb-below-header-display":"","ast-hfb-mobile-header-display":"","site-post-title":"disabled","ast-breadcrumbs-content":"","ast-featured-img":"disabled","footer-sml-layout":"","ast-disable-related-posts":"","theme-transparent-header-meta":"","adv-header-id-meta":"","stick-header-meta":"","header-above-stick-meta":"","header-main-stick-meta":"","header-below-stick-meta":"","astra-migrate-meta-layouts":"default","ast-page-background-enabled":"default","ast-page-background-meta":{"desktop":{"background-color":"","background-image":"","background-repeat":"repeat","background-position":"center center","background-size":"auto","background-attachment":"scroll","background-type":"","background-media":"","overlay-type":"","overlay-color":"","overlay-opacity":"","overlay-gradient":""},"tablet":{"background-color":"","background-image":"","background-repeat":"repeat","background-position":"center center","background-size":"auto","background-attachment":"scroll","background-type":"","background-media":"","overlay-type":"","overlay-color":"","overlay-opacity":"","overlay-gradient":""},"mobile":{"background-color":"","background-image":"","background-repeat":"repeat","background-position":"center center","background-size":"auto","background-attachment":"scroll","background-type":"","background-media":"","overlay-type":"","overlay-color":"","overlay-opacity":"","overlay-gradient":""}},"ast-content-background-meta":{"desktop":{"background-color":"var(--ast-global-color-5)","background-image":"","background-repeat":"repeat","background-position":"center center","background-size":"auto","background-attachment":"scroll","background-type":"","background-media":"","overlay-type":"","overlay-color":"","overlay-opacity":"","overlay-gradient":""},"tablet":{"background-color":"var(--ast-global-color-5)","background-image":"","background-repeat":"repeat","background-position":"center center","background-size":"auto","background-attachment":"scroll","background-type":"","background-media":"","overlay-type":"","overlay-color":"","overlay-opacity":"","overlay-gradient":""},"mobile":{"background-color":"var(--ast-global-color-5)","background-image":"","background-repeat":"repeat","background-position":"center center","background-size":"auto","background-attachment":"scroll","background-type":"","background-media":"","overlay-type":"","overlay-color":"","overlay-opacity":"","overlay-gradient":""}},"footnotes":""},"class_list":["post-86080","page","type-page","status-publish","hentry"],"acf":[],"yoast_head":"<!-- This site is optimized with the Yoast SEO plugin v27.5 - https:\/\/yoast.com\/product\/yoast-seo-wordpress\/ -->\n<title>Ruth &amp; Sylvia Schwartz Children&#039;s Book Awards - Ontario Arts Foundation<\/title>\n<meta name=\"description\" content=\"Ruth &amp; Sylvia Schwartz Children&#039;s Book Awards Ontario Arts Foundation\" \/>\n<meta name=\"robots\" content=\"index, follow, max-snippet:-1, max-image-preview:large, max-video-preview:-1\" \/>\n<link rel=\"canonical\" href=\"https:\/\/oafdn.ca\/fr\/programs\/awards\/ruth-sylvia-schwartz-childrens-book-awards\/\" \/>\n<meta property=\"og:locale\" content=\"fr_CA\" \/>\n<meta property=\"og:type\" content=\"article\" \/>\n<meta property=\"og:title\" content=\"Ruth &amp; Sylvia Schwartz Children&#039;s Book Awards - Ontario Arts Foundation\" \/>\n<meta property=\"og:description\" content=\"Ruth &amp; Sylvia Schwartz Children&#039;s Book Awards Ontario Arts Foundation\" \/>\n<meta property=\"og:url\" content=\"https:\/\/oafdn.ca\/fr\/programs\/awards\/ruth-sylvia-schwartz-childrens-book-awards\/\" \/>\n<meta property=\"og:site_name\" content=\"Ontario Arts Foundation\" \/>\n<meta property=\"article:publisher\" content=\"https:\/\/www.facebook.com\/OntarioArtsFoundation\/\" \/>\n<meta property=\"article:modified_time\" content=\"2026-02-17T20:27:44+00:00\" \/>\n<meta property=\"og:image\" content=\"https:\/\/oafdn.ca\/wp-content\/uploads\/2025\/05\/LittleRegent_cover_screenRGB.jpg\" \/>\n\t<meta property=\"og:image:width\" content=\"175\" \/>\n\t<meta property=\"og:image:height\" content=\"188\" \/>\n\t<meta property=\"og:image:type\" content=\"image\/jpeg\" \/>\n<meta name=\"twitter:card\" content=\"summary_large_image\" \/>\n<meta name=\"twitter:site\" content=\"@OntarioArtsFdn\" \/>\n<meta name=\"twitter:label1\" content=\"Estimation du temps de lecture\" \/>\n\t<meta name=\"twitter:data1\" content=\"2 minutes\" \/>\n<script type=\"application\/ld+json\" class=\"yoast-schema-graph\">{\"@context\":\"https:\\\/\\\/schema.org\",\"@graph\":[{\"@type\":\"WebPage\",\"@id\":\"https:\\\/\\\/oafdn.ca\\\/programs\\\/awards\\\/ruth-sylvia-schwartz-childrens-book-awards\\\/\",\"url\":\"https:\\\/\\\/oafdn.ca\\\/programs\\\/awards\\\/ruth-sylvia-schwartz-childrens-book-awards\\\/\",\"name\":\"Ruth & Sylvia Schwartz Children's Book Awards - Ontario Arts Foundation\",\"isPartOf\":{\"@id\":\"https:\\\/\\\/oafdn.ca\\\/#website\"},\"primaryImageOfPage\":{\"@id\":\"https:\\\/\\\/oafdn.ca\\\/programs\\\/awards\\\/ruth-sylvia-schwartz-childrens-book-awards\\\/#primaryimage\"},\"image\":{\"@id\":\"https:\\\/\\\/oafdn.ca\\\/programs\\\/awards\\\/ruth-sylvia-schwartz-childrens-book-awards\\\/#primaryimage\"},\"thumbnailUrl\":\"https:\\\/\\\/oafdn.ca\\\/wp-content\\\/uploads\\\/2025\\\/05\\\/LittleRegent_cover_screenRGB.jpg\",\"datePublished\":\"2022-06-11T03:21:30+00:00\",\"dateModified\":\"2026-02-17T20:27:44+00:00\",\"description\":\"Ruth & Sylvia Schwartz Children's Book Awards Ontario Arts Foundation\",\"breadcrumb\":{\"@id\":\"https:\\\/\\\/oafdn.ca\\\/programs\\\/awards\\\/ruth-sylvia-schwartz-childrens-book-awards\\\/#breadcrumb\"},\"inLanguage\":\"fr-CA\",\"potentialAction\":[{\"@type\":\"ReadAction\",\"target\":[\"https:\\\/\\\/oafdn.ca\\\/programs\\\/awards\\\/ruth-sylvia-schwartz-childrens-book-awards\\\/\"]}]},{\"@type\":\"ImageObject\",\"inLanguage\":\"fr-CA\",\"@id\":\"https:\\\/\\\/oafdn.ca\\\/programs\\\/awards\\\/ruth-sylvia-schwartz-childrens-book-awards\\\/#primaryimage\",\"url\":\"https:\\\/\\\/oafdn.ca\\\/wp-content\\\/uploads\\\/2025\\\/05\\\/LittleRegent_cover_screenRGB.jpg\",\"contentUrl\":\"https:\\\/\\\/oafdn.ca\\\/wp-content\\\/uploads\\\/2025\\\/05\\\/LittleRegent_cover_screenRGB.jpg\"},{\"@type\":\"BreadcrumbList\",\"@id\":\"https:\\\/\\\/oafdn.ca\\\/programs\\\/awards\\\/ruth-sylvia-schwartz-childrens-book-awards\\\/#breadcrumb\",\"itemListElement\":[{\"@type\":\"ListItem\",\"position\":1,\"name\":\"Home\",\"item\":\"https:\\\/\\\/oafdn.ca\\\/\"},{\"@type\":\"ListItem\",\"position\":2,\"name\":\"Programs\",\"item\":\"https:\\\/\\\/oafdn.ca\\\/programs\\\/\"},{\"@type\":\"ListItem\",\"position\":3,\"name\":\"Awards\",\"item\":\"https:\\\/\\\/oafdn.ca\\\/programs\\\/awards\\\/\"},{\"@type\":\"ListItem\",\"position\":4,\"name\":\"Ruth &#038; Sylvia Schwartz Children&#8217;s Book Awards\"}]},{\"@type\":\"WebSite\",\"@id\":\"https:\\\/\\\/oafdn.ca\\\/#website\",\"url\":\"https:\\\/\\\/oafdn.ca\\\/\",\"name\":\"Ontario Arts Foundation\",\"description\":\"The Ontario Arts Foundation is a non-governmental not for profit organization established in 1991 under the Ontario Corporations Act to encourage and facilitate private giving to the arts in Ontario, Canada.\",\"publisher\":{\"@id\":\"https:\\\/\\\/oafdn.ca\\\/#organization\"},\"potentialAction\":[{\"@type\":\"SearchAction\",\"target\":{\"@type\":\"EntryPoint\",\"urlTemplate\":\"https:\\\/\\\/oafdn.ca\\\/?s={search_term_string}\"},\"query-input\":{\"@type\":\"PropertyValueSpecification\",\"valueRequired\":true,\"valueName\":\"search_term_string\"}}],\"inLanguage\":\"fr-CA\"},{\"@type\":\"Organization\",\"@id\":\"https:\\\/\\\/oafdn.ca\\\/#organization\",\"name\":\"Ontario Arts Foundation\",\"url\":\"https:\\\/\\\/oafdn.ca\\\/\",\"logo\":{\"@type\":\"ImageObject\",\"inLanguage\":\"fr-CA\",\"@id\":\"https:\\\/\\\/oafdn.ca\\\/#\\\/schema\\\/logo\\\/image\\\/\",\"url\":\"https:\\\/\\\/oafdn.ca\\\/wp-content\\\/uploads\\\/2022\\\/02\\\/logo1-1.png\",\"contentUrl\":\"https:\\\/\\\/oafdn.ca\\\/wp-content\\\/uploads\\\/2022\\\/02\\\/logo1-1.png\",\"width\":1761,\"height\":487,\"caption\":\"Ontario Arts Foundation\"},\"image\":{\"@id\":\"https:\\\/\\\/oafdn.ca\\\/#\\\/schema\\\/logo\\\/image\\\/\"},\"sameAs\":[\"https:\\\/\\\/www.facebook.com\\\/OntarioArtsFoundation\\\/\",\"https:\\\/\\\/x.com\\\/OntarioArtsFdn\"]}]}<\/script>\n<!-- \/ Yoast SEO plugin. -->","yoast_head_json":{"title":"Ruth & Sylvia Schwartz Children's Book Awards - Ontario Arts Foundation","description":"Ruth & Sylvia Schwartz Children's Book Awards Ontario Arts Foundation","robots":{"index":"index","follow":"follow","max-snippet":"max-snippet:-1","max-image-preview":"max-image-preview:large","max-video-preview":"max-video-preview:-1"},"canonical":"https:\/\/oafdn.ca\/fr\/programs\/awards\/ruth-sylvia-schwartz-childrens-book-awards\/","og_locale":"fr_CA","og_type":"article","og_title":"Ruth & Sylvia Schwartz Children's Book Awards - Ontario Arts Foundation","og_description":"Ruth & Sylvia Schwartz Children's Book Awards Ontario Arts Foundation","og_url":"https:\/\/oafdn.ca\/fr\/programs\/awards\/ruth-sylvia-schwartz-childrens-book-awards\/","og_site_name":"Ontario Arts Foundation","article_publisher":"https:\/\/www.facebook.com\/OntarioArtsFoundation\/","article_modified_time":"2026-02-17T20:27:44+00:00","og_image":[{"width":175,"height":188,"url":"https:\/\/oafdn.ca\/wp-content\/uploads\/2025\/05\/LittleRegent_cover_screenRGB.jpg","type":"image\/jpeg"}],"twitter_card":"summary_large_image","twitter_site":"@OntarioArtsFdn","twitter_misc":{"Estimation du temps de lecture":"2 minutes"},"schema":{"@context":"https:\/\/schema.org","@graph":[{"@type":"WebPage","@id":"https:\/\/oafdn.ca\/programs\/awards\/ruth-sylvia-schwartz-childrens-book-awards\/","url":"https:\/\/oafdn.ca\/programs\/awards\/ruth-sylvia-schwartz-childrens-book-awards\/","name":"Ruth & Sylvia Schwartz Children's Book Awards - Ontario Arts Foundation","isPartOf":{"@id":"https:\/\/oafdn.ca\/#website"},"primaryImageOfPage":{"@id":"https:\/\/oafdn.ca\/programs\/awards\/ruth-sylvia-schwartz-childrens-book-awards\/#primaryimage"},"image":{"@id":"https:\/\/oafdn.ca\/programs\/awards\/ruth-sylvia-schwartz-childrens-book-awards\/#primaryimage"},"thumbnailUrl":"https:\/\/oafdn.ca\/wp-content\/uploads\/2025\/05\/LittleRegent_cover_screenRGB.jpg","datePublished":"2022-06-11T03:21:30+00:00","dateModified":"2026-02-17T20:27:44+00:00","description":"Ruth & Sylvia Schwartz Children's Book Awards Ontario Arts Foundation","breadcrumb":{"@id":"https:\/\/oafdn.ca\/programs\/awards\/ruth-sylvia-schwartz-childrens-book-awards\/#breadcrumb"},"inLanguage":"fr-CA","potentialAction":[{"@type":"ReadAction","target":["https:\/\/oafdn.ca\/programs\/awards\/ruth-sylvia-schwartz-childrens-book-awards\/"]}]},{"@type":"ImageObject","inLanguage":"fr-CA","@id":"https:\/\/oafdn.ca\/programs\/awards\/ruth-sylvia-schwartz-childrens-book-awards\/#primaryimage","url":"https:\/\/oafdn.ca\/wp-content\/uploads\/2025\/05\/LittleRegent_cover_screenRGB.jpg","contentUrl":"https:\/\/oafdn.ca\/wp-content\/uploads\/2025\/05\/LittleRegent_cover_screenRGB.jpg"},{"@type":"BreadcrumbList","@id":"https:\/\/oafdn.ca\/programs\/awards\/ruth-sylvia-schwartz-childrens-book-awards\/#breadcrumb","itemListElement":[{"@type":"ListItem","position":1,"name":"Home","item":"https:\/\/oafdn.ca\/"},{"@type":"ListItem","position":2,"name":"Programs","item":"https:\/\/oafdn.ca\/programs\/"},{"@type":"ListItem","position":3,"name":"Awards","item":"https:\/\/oafdn.ca\/programs\/awards\/"},{"@type":"ListItem","position":4,"name":"Ruth &#038; Sylvia Schwartz Children&#8217;s Book Awards"}]},{"@type":"WebSite","@id":"https:\/\/oafdn.ca\/#website","url":"https:\/\/oafdn.ca\/","name":"Fondation des arts de l'Ontario","description":"The Ontario Arts Foundation is a non-governmental not for profit organization established in 1991 under the Ontario Corporations Act to encourage and facilitate private giving to the arts in Ontario, Canada.","publisher":{"@id":"https:\/\/oafdn.ca\/#organization"},"potentialAction":[{"@type":"SearchAction","target":{"@type":"EntryPoint","urlTemplate":"https:\/\/oafdn.ca\/?s={search_term_string}"},"query-input":{"@type":"PropertyValueSpecification","valueRequired":true,"valueName":"search_term_string"}}],"inLanguage":"fr-CA"},{"@type":"Organization","@id":"https:\/\/oafdn.ca\/#organization","name":"Fondation des arts de l'Ontario","url":"https:\/\/oafdn.ca\/","logo":{"@type":"ImageObject","inLanguage":"fr-CA","@id":"https:\/\/oafdn.ca\/#\/schema\/logo\/image\/","url":"https:\/\/oafdn.ca\/wp-content\/uploads\/2022\/02\/logo1-1.png","contentUrl":"https:\/\/oafdn.ca\/wp-content\/uploads\/2022\/02\/logo1-1.png","width":1761,"height":487,"caption":"Ontario Arts Foundation"},"image":{"@id":"https:\/\/oafdn.ca\/#\/schema\/logo\/image\/"},"sameAs":["https:\/\/www.facebook.com\/OntarioArtsFoundation\/","https:\/\/x.com\/OntarioArtsFdn"]}]}},"campaignId":"","_links":{"self":[{"href":"https:\/\/oafdn.ca\/fr\/wp-json\/wp\/v2\/pages\/86080","targetHints":{"allow":["GET"]}}],"collection":[{"href":"https:\/\/oafdn.ca\/fr\/wp-json\/wp\/v2\/pages"}],"about":[{"href":"https:\/\/oafdn.ca\/fr\/wp-json\/wp\/v2\/types\/page"}],"author":[{"embeddable":true,"href":"https:\/\/oafdn.ca\/fr\/wp-json\/wp\/v2\/users\/1"}],"replies":[{"embeddable":true,"href":"https:\/\/oafdn.ca\/fr\/wp-json\/wp\/v2\/comments?post=86080"}],"version-history":[{"count":8,"href":"https:\/\/oafdn.ca\/fr\/wp-json\/wp\/v2\/pages\/86080\/revisions"}],"predecessor-version":[{"id":142754,"href":"https:\/\/oafdn.ca\/fr\/wp-json\/wp\/v2\/pages\/86080\/revisions\/142754"}],"up":[{"embeddable":true,"href":"https:\/\/oafdn.ca\/fr\/wp-json\/wp\/v2\/pages\/3362"}],"wp:attachment":[{"href":"https:\/\/oafdn.ca\/fr\/wp-json\/wp\/v2\/media?parent=86080"}],"curies":[{"name":"wp","href":"https:\/\/api.w.org\/{rel}","templated":true}]}}