{"id":86072,"date":"2022-06-11T03:18:32","date_gmt":"2022-06-11T03:18:32","guid":{"rendered":"https:\/\/oafdn.ca\/?page_id=86072"},"modified":"2023-04-05T19:26:04","modified_gmt":"2023-04-05T19:26:04","slug":"christina-and-louis-quilico-awards","status":"publish","type":"page","link":"https:\/\/oafdn.ca\/fr\/programs\/awards\/christina-and-louis-quilico-awards\/","title":{"rendered":"Prix Christina et Louis Quilico"},"content":{"rendered":"<div data-elementor-type=\"wp-page\" data-elementor-id=\"86072\" class=\"elementor elementor-86072\" wpc-filter-elementor-widget=\"1\">\n\t\t\t\t\t\t<section class=\"elementor-section elementor-top-section elementor-element elementor-element-1e7cd30 elementor-section-boxed elementor-section-height-default elementor-section-height-default\" data-id=\"1e7cd30\" data-element_type=\"section\" data-e-type=\"section\">\n\t\t\t\t\t\t<div class=\"elementor-container elementor-column-gap-default\">\n\t\t\t\t\t<div class=\"elementor-column elementor-col-100 elementor-top-column elementor-element elementor-element-d75e351\" data-id=\"d75e351\" data-element_type=\"column\" data-e-type=\"column\">\n\t\t\t<div class=\"elementor-widget-wrap elementor-element-populated\">\n\t\t\t\t\t\t<div class=\"elementor-element elementor-element-57d0af3 elementor-widget elementor-widget-heading\" data-id=\"57d0af3\" data-element_type=\"widget\" data-e-type=\"widget\" data-widget_type=\"heading.default\">\n\t\t\t\t<div class=\"elementor-widget-container\">\n\t\t\t\t\t<h2 class=\"elementor-heading-title elementor-size-default\">Prix Christina et Louis Quilico <\/h2>\t\t\t\t<\/div>\n\t\t\t\t<\/div>\n\t\t\t\t<div class=\"elementor-element elementor-element-2b7e689 elementor-widget-divider--view-line elementor-widget elementor-widget-divider\" data-id=\"2b7e689\" data-element_type=\"widget\" data-e-type=\"widget\" data-widget_type=\"divider.default\">\n\t\t\t\t<div class=\"elementor-widget-container\">\n\t\t\t\t\t\t\t<div class=\"elementor-divider\">\n\t\t\t<span class=\"elementor-divider-separator\">\n\t\t\t\t\t\t<\/span>\n\t\t<\/div>\n\t\t\t\t\t\t<\/div>\n\t\t\t\t<\/div>\n\t\t\t\t\t<\/div>\n\t\t<\/div>\n\t\t\t\t\t<\/div>\n\t\t<\/section>\n\t\t\t\t<section class=\"elementor-section elementor-top-section elementor-element elementor-element-91d2a5c elementor-section-boxed elementor-section-height-default elementor-section-height-default\" data-id=\"91d2a5c\" data-element_type=\"section\" data-e-type=\"section\">\n\t\t\t\t\t\t<div class=\"elementor-container elementor-column-gap-default\">\n\t\t\t\t\t<div class=\"elementor-column elementor-col-100 elementor-top-column elementor-element elementor-element-86e2027\" data-id=\"86e2027\" data-element_type=\"column\" data-e-type=\"column\">\n\t\t\t<div class=\"elementor-widget-wrap elementor-element-populated\">\n\t\t\t\t\t\t<div class=\"elementor-element elementor-element-d320111 elementor-widget elementor-widget-text-editor\" data-id=\"d320111\" data-element_type=\"widget\" data-e-type=\"widget\" data-widget_type=\"text-editor.default\">\n\t\t\t\t<div class=\"elementor-widget-container\">\n\t\t\t\t\t\t\t\t\t<p class=\"translation-block\">Pianiste de renomm\u00e9e internationale et artiste interpr\u00e8te, Christina Petrowska Quilico a cr\u00e9\u00e9 le <strong>Prix Christina et Louis Quilico<\/strong> pour honorer la m\u00e9moire de son d\u00e9funt mari, le c\u00e9l\u00e8bre baryton Louis Quilico.<\/p>\n<p>En plus de sa grande carri\u00e8re sc\u00e9nique, Louis Quilico a enseign\u00e9 \u00e0 la Facult\u00e9 de musique de l'Universit\u00e9 de Toronto, \u00e0 l'Universit\u00e9 McGill, \u00e0 la Philadelphia Academy of Vocal Arts, et \u00e0 la Glenn Gould School. Christina a d\u00e9cid\u00e9 qu'une bourse destin\u00e9e \u00e0 encourager les jeunes musiciens dans la p\u00e9riode formative de leur carri\u00e8re serait un bel hommage \u00e0 l'engagement de Louis pour la formation de la prochaine g\u00e9n\u00e9ration d'artistes.<\/p>\n<p>Les prix Christina et Louis Quilico sont d\u00e9cern\u00e9s tous les deux ans et r\u00e9compensent de jeunes chanteurs exceptionnels.&nbsp;<\/p>\n<p><strong><span class=\"plain_black\">Laur\u00e9ates de cette ann\u00e9e (2023)<\/span><\/strong><br>premier prix:  Midori Marsh<br>deuxi\u00e8me prix:  Ariane Cossette&nbsp;<br>troisi\u00e8me prix:  Alex Hetherington<\/p>\n<figure id=\"attachment_124752\" aria-describedby=\"caption-attachment-124752\" style=\"width: 750px\" class=\"wp-caption alignnone\"><img fetchpriority=\"high\" decoding=\"async\" class=\"wp-image-124752\" src=\"https:\/\/oafdn.ca\/wp-content\/uploads\/2023\/02\/DI-01321-web-1-1024x683.jpg\" alt=\"\" width=\"750\" height=\"500\" srcset=\"https:\/\/oafdn.ca\/wp-content\/uploads\/2023\/02\/DI-01321-web-1-1024x683.jpg 1024w, https:\/\/oafdn.ca\/wp-content\/uploads\/2023\/02\/DI-01321-web-1-300x200.jpg 300w, https:\/\/oafdn.ca\/wp-content\/uploads\/2023\/02\/DI-01321-web-1-768x512.jpg 768w, https:\/\/oafdn.ca\/wp-content\/uploads\/2023\/02\/DI-01321-web-1-1536x1024.jpg 1536w, https:\/\/oafdn.ca\/wp-content\/uploads\/2023\/02\/DI-01321-web-1-2048x1366.jpg 2048w, https:\/\/oafdn.ca\/wp-content\/uploads\/2023\/02\/DI-01321-web-1-18x12.jpg 18w\" sizes=\"(max-width: 750px) 100vw, 750px\" \/><figcaption id=\"caption-attachment-124752\" class=\"wp-caption-text\">(g-d) Christina Quilico, l'honorable Elizabeth Dowdeswell Lieutenante-gouverneure de l'Ontario, Bruce Bennett, directeur g\u00e9n\u00e9ral de la fondation des arts de l\u2019Ontario, 2i\u00e8me prix Ariane Cossette, 3i\u00e8me prix Alex Hetherington, 1er prix Midori Marsh, Perryn Leech, directeur g\u00e9n\u00e9ral du COC, Steven Philcox et Carolyn Sproule.  Photo: Karen E. Reeves<\/figcaption><\/figure>\n<p><a href=\"https:\/\/oafdn.ca\/wp-content\/uploads\/2023\/02\/Quilico_Laureats_precedents-2023.pdf\">Laur\u00e9at(e)s des ann\u00e9es pr\u00e9c\u00e9dentes<\/a><img decoding=\"async\" class=\"alignnone wp-image-124754\" src=\"https:\/\/oafdn.ca\/wp-content\/uploads\/2023\/02\/pdf-thumbnail-file-2127829-1-300x300.png\" alt=\"pdf, thumbnail, file-2127829.jpg\" width=\"50\" height=\"50\" srcset=\"https:\/\/oafdn.ca\/wp-content\/uploads\/2023\/02\/pdf-thumbnail-file-2127829-1-300x300.png 300w, https:\/\/oafdn.ca\/wp-content\/uploads\/2023\/02\/pdf-thumbnail-file-2127829-1-1024x1024.png 1024w, https:\/\/oafdn.ca\/wp-content\/uploads\/2023\/02\/pdf-thumbnail-file-2127829-1-150x150.png 150w, https:\/\/oafdn.ca\/wp-content\/uploads\/2023\/02\/pdf-thumbnail-file-2127829-1-768x768.png 768w, https:\/\/oafdn.ca\/wp-content\/uploads\/2023\/02\/pdf-thumbnail-file-2127829-1-12x12.png 12w, https:\/\/oafdn.ca\/wp-content\/uploads\/2023\/02\/pdf-thumbnail-file-2127829-1.png 1280w\" sizes=\"(max-width: 50px) 100vw, 50px\" \/><\/p>\n<p><\/p>\n<p class=\"half_line_spacing\">\n<\/p><p>Communiqu\u00e9s de presse<br><a href=\"https:\/\/oafdn.ca\/fr\/winners-of-the-2023-christina-and-louis-quilico-awards-vocal-competition\/\">Annonce des laur\u00e9ates des prix Christina et Louis Quilico pour l\u2019ann\u00e9e 2023<\/a>&nbsp;&nbsp;&nbsp;<em>le 7 f\u00e9vrier 2023<\/em><\/p>\t\t\t\t\t\t\t\t<\/div>\n\t\t\t\t<\/div>\n\t\t\t\t\t<\/div>\n\t\t<\/div>\n\t\t\t\t\t<\/div>\n\t\t<\/section>\n\t\t\t\t<\/div>","protected":false},"excerpt":{"rendered":"<p>Christina and Louis Quilico Awards Internationally known pianist and recording artist, Christina Petrowska Quilico, established the&nbsp;Christina and Louis Quilico Award&nbsp;to honour the memory of her late husband, renowned baritone Louis Quilico.&nbsp; In addition to his extensive stage career, Louis Quilico taught at the Faculty of Music of the University of Toronto, McGill University, the Philadelphia [&hellip;]<\/p>\n","protected":false},"author":1,"featured_media":0,"parent":3362,"menu_order":0,"comment_status":"closed","ping_status":"closed","template":"","meta":{"_acf_changed":false,"give_campaign_id":0,"nf_dc_page":"","site-sidebar-layout":"no-sidebar","site-content-layout":"page-builder","ast-site-content-layout":"default","site-content-style":"default","site-sidebar-style":"default","ast-global-header-display":"","ast-banner-title-visibility":"","ast-main-header-display":"","ast-hfb-above-header-display":"","ast-hfb-below-header-display":"","ast-hfb-mobile-header-display":"","site-post-title":"disabled","ast-breadcrumbs-content":"","ast-featured-img":"disabled","footer-sml-layout":"","ast-disable-related-posts":"","theme-transparent-header-meta":"","adv-header-id-meta":"","stick-header-meta":"","header-above-stick-meta":"","header-main-stick-meta":"","header-below-stick-meta":"","astra-migrate-meta-layouts":"default","ast-page-background-enabled":"default","ast-page-background-meta":{"desktop":{"background-color":"","background-image":"","background-repeat":"repeat","background-position":"center center","background-size":"auto","background-attachment":"scroll","background-type":"","background-media":"","overlay-type":"","overlay-color":"","overlay-opacity":"","overlay-gradient":""},"tablet":{"background-color":"","background-image":"","background-repeat":"repeat","background-position":"center center","background-size":"auto","background-attachment":"scroll","background-type":"","background-media":"","overlay-type":"","overlay-color":"","overlay-opacity":"","overlay-gradient":""},"mobile":{"background-color":"","background-image":"","background-repeat":"repeat","background-position":"center center","background-size":"auto","background-attachment":"scroll","background-type":"","background-media":"","overlay-type":"","overlay-color":"","overlay-opacity":"","overlay-gradient":""}},"ast-content-background-meta":{"desktop":{"background-color":"var(--ast-global-color-5)","background-image":"","background-repeat":"repeat","background-position":"center center","background-size":"auto","background-attachment":"scroll","background-type":"","background-media":"","overlay-type":"","overlay-color":"","overlay-opacity":"","overlay-gradient":""},"tablet":{"background-color":"var(--ast-global-color-5)","background-image":"","background-repeat":"repeat","background-position":"center center","background-size":"auto","background-attachment":"scroll","background-type":"","background-media":"","overlay-type":"","overlay-color":"","overlay-opacity":"","overlay-gradient":""},"mobile":{"background-color":"var(--ast-global-color-5)","background-image":"","background-repeat":"repeat","background-position":"center center","background-size":"auto","background-attachment":"scroll","background-type":"","background-media":"","overlay-type":"","overlay-color":"","overlay-opacity":"","overlay-gradient":""}},"footnotes":""},"class_list":["post-86072","page","type-page","status-publish","hentry"],"acf":[],"yoast_head":"<!-- This site is optimized with the Yoast SEO plugin v27.4 - https:\/\/yoast.com\/product\/yoast-seo-wordpress\/ -->\n<title>Christina and Louis Quilico Awards - Ontario Arts Foundation<\/title>\n<meta name=\"description\" content=\"Christina and Louis Quilico Awards Ontario Arts Foundation\" \/>\n<meta name=\"robots\" content=\"index, follow, max-snippet:-1, max-image-preview:large, max-video-preview:-1\" \/>\n<link rel=\"canonical\" href=\"https:\/\/oafdn.ca\/fr\/programs\/awards\/christina-and-louis-quilico-awards\/\" \/>\n<meta property=\"og:locale\" content=\"fr_CA\" \/>\n<meta property=\"og:type\" content=\"article\" \/>\n<meta property=\"og:title\" content=\"Christina and Louis Quilico Awards - Ontario Arts Foundation\" \/>\n<meta property=\"og:description\" content=\"Christina and Louis Quilico Awards Ontario Arts Foundation\" \/>\n<meta property=\"og:url\" content=\"https:\/\/oafdn.ca\/fr\/programs\/awards\/christina-and-louis-quilico-awards\/\" \/>\n<meta property=\"og:site_name\" content=\"Ontario Arts Foundation\" \/>\n<meta property=\"article:publisher\" content=\"https:\/\/www.facebook.com\/OntarioArtsFoundation\/\" \/>\n<meta property=\"article:modified_time\" content=\"2023-04-05T19:26:04+00:00\" \/>\n<meta property=\"og:image\" content=\"https:\/\/oafdn.ca\/wp-content\/uploads\/2023\/02\/DI-01321-web-1.jpg\" \/>\n\t<meta property=\"og:image:width\" content=\"2500\" \/>\n\t<meta property=\"og:image:height\" content=\"1667\" \/>\n\t<meta property=\"og:image:type\" content=\"image\/jpeg\" \/>\n<meta name=\"twitter:card\" content=\"summary_large_image\" \/>\n<meta name=\"twitter:site\" content=\"@OntarioArtsFdn\" \/>\n<meta name=\"twitter:label1\" content=\"Estimation du temps de lecture\" \/>\n\t<meta name=\"twitter:data1\" content=\"1 minute\" \/>\n<script type=\"application\/ld+json\" class=\"yoast-schema-graph\">{\"@context\":\"https:\\\/\\\/schema.org\",\"@graph\":[{\"@type\":\"WebPage\",\"@id\":\"https:\\\/\\\/oafdn.ca\\\/programs\\\/awards\\\/christina-and-louis-quilico-awards\\\/\",\"url\":\"https:\\\/\\\/oafdn.ca\\\/programs\\\/awards\\\/christina-and-louis-quilico-awards\\\/\",\"name\":\"Christina and Louis Quilico Awards - Ontario Arts Foundation\",\"isPartOf\":{\"@id\":\"https:\\\/\\\/oafdn.ca\\\/#website\"},\"primaryImageOfPage\":{\"@id\":\"https:\\\/\\\/oafdn.ca\\\/programs\\\/awards\\\/christina-and-louis-quilico-awards\\\/#primaryimage\"},\"image\":{\"@id\":\"https:\\\/\\\/oafdn.ca\\\/programs\\\/awards\\\/christina-and-louis-quilico-awards\\\/#primaryimage\"},\"thumbnailUrl\":\"https:\\\/\\\/oafdn.ca\\\/wp-content\\\/uploads\\\/2023\\\/02\\\/DI-01321-web-1-1024x683.jpg\",\"datePublished\":\"2022-06-11T03:18:32+00:00\",\"dateModified\":\"2023-04-05T19:26:04+00:00\",\"description\":\"Christina and Louis Quilico Awards Ontario Arts Foundation\",\"breadcrumb\":{\"@id\":\"https:\\\/\\\/oafdn.ca\\\/programs\\\/awards\\\/christina-and-louis-quilico-awards\\\/#breadcrumb\"},\"inLanguage\":\"fr-CA\",\"potentialAction\":[{\"@type\":\"ReadAction\",\"target\":[\"https:\\\/\\\/oafdn.ca\\\/programs\\\/awards\\\/christina-and-louis-quilico-awards\\\/\"]}]},{\"@type\":\"ImageObject\",\"inLanguage\":\"fr-CA\",\"@id\":\"https:\\\/\\\/oafdn.ca\\\/programs\\\/awards\\\/christina-and-louis-quilico-awards\\\/#primaryimage\",\"url\":\"https:\\\/\\\/oafdn.ca\\\/wp-content\\\/uploads\\\/2023\\\/02\\\/DI-01321-web-1-1024x683.jpg\",\"contentUrl\":\"https:\\\/\\\/oafdn.ca\\\/wp-content\\\/uploads\\\/2023\\\/02\\\/DI-01321-web-1-1024x683.jpg\"},{\"@type\":\"BreadcrumbList\",\"@id\":\"https:\\\/\\\/oafdn.ca\\\/programs\\\/awards\\\/christina-and-louis-quilico-awards\\\/#breadcrumb\",\"itemListElement\":[{\"@type\":\"ListItem\",\"position\":1,\"name\":\"Home\",\"item\":\"https:\\\/\\\/oafdn.ca\\\/\"},{\"@type\":\"ListItem\",\"position\":2,\"name\":\"Programs\",\"item\":\"https:\\\/\\\/oafdn.ca\\\/programs\\\/\"},{\"@type\":\"ListItem\",\"position\":3,\"name\":\"Awards\",\"item\":\"https:\\\/\\\/oafdn.ca\\\/programs\\\/awards\\\/\"},{\"@type\":\"ListItem\",\"position\":4,\"name\":\"Christina and Louis Quilico Awards\"}]},{\"@type\":\"WebSite\",\"@id\":\"https:\\\/\\\/oafdn.ca\\\/#website\",\"url\":\"https:\\\/\\\/oafdn.ca\\\/\",\"name\":\"Ontario Arts Foundation\",\"description\":\"The Ontario Arts Foundation is a non-governmental not for profit organization established in 1991 under the Ontario Corporations Act to encourage and facilitate private giving to the arts in Ontario, Canada.\",\"publisher\":{\"@id\":\"https:\\\/\\\/oafdn.ca\\\/#organization\"},\"potentialAction\":[{\"@type\":\"SearchAction\",\"target\":{\"@type\":\"EntryPoint\",\"urlTemplate\":\"https:\\\/\\\/oafdn.ca\\\/?s={search_term_string}\"},\"query-input\":{\"@type\":\"PropertyValueSpecification\",\"valueRequired\":true,\"valueName\":\"search_term_string\"}}],\"inLanguage\":\"fr-CA\"},{\"@type\":\"Organization\",\"@id\":\"https:\\\/\\\/oafdn.ca\\\/#organization\",\"name\":\"Ontario Arts Foundation\",\"url\":\"https:\\\/\\\/oafdn.ca\\\/\",\"logo\":{\"@type\":\"ImageObject\",\"inLanguage\":\"fr-CA\",\"@id\":\"https:\\\/\\\/oafdn.ca\\\/#\\\/schema\\\/logo\\\/image\\\/\",\"url\":\"https:\\\/\\\/oafdn.ca\\\/wp-content\\\/uploads\\\/2022\\\/02\\\/logo1-1.png\",\"contentUrl\":\"https:\\\/\\\/oafdn.ca\\\/wp-content\\\/uploads\\\/2022\\\/02\\\/logo1-1.png\",\"width\":1761,\"height\":487,\"caption\":\"Ontario Arts Foundation\"},\"image\":{\"@id\":\"https:\\\/\\\/oafdn.ca\\\/#\\\/schema\\\/logo\\\/image\\\/\"},\"sameAs\":[\"https:\\\/\\\/www.facebook.com\\\/OntarioArtsFoundation\\\/\",\"https:\\\/\\\/x.com\\\/OntarioArtsFdn\"]}]}<\/script>\n<!-- \/ Yoast SEO plugin. -->","yoast_head_json":{"title":"Christina and Louis Quilico Awards - Ontario Arts Foundation","description":"Christina and Louis Quilico Awards Ontario Arts Foundation","robots":{"index":"index","follow":"follow","max-snippet":"max-snippet:-1","max-image-preview":"max-image-preview:large","max-video-preview":"max-video-preview:-1"},"canonical":"https:\/\/oafdn.ca\/fr\/programs\/awards\/christina-and-louis-quilico-awards\/","og_locale":"fr_CA","og_type":"article","og_title":"Christina and Louis Quilico Awards - Ontario Arts Foundation","og_description":"Christina and Louis Quilico Awards Ontario Arts Foundation","og_url":"https:\/\/oafdn.ca\/fr\/programs\/awards\/christina-and-louis-quilico-awards\/","og_site_name":"Ontario Arts Foundation","article_publisher":"https:\/\/www.facebook.com\/OntarioArtsFoundation\/","article_modified_time":"2023-04-05T19:26:04+00:00","og_image":[{"width":2500,"height":1667,"url":"https:\/\/oafdn.ca\/wp-content\/uploads\/2023\/02\/DI-01321-web-1.jpg","type":"image\/jpeg"}],"twitter_card":"summary_large_image","twitter_site":"@OntarioArtsFdn","twitter_misc":{"Estimation du temps de lecture":"1 minute"},"schema":{"@context":"https:\/\/schema.org","@graph":[{"@type":"WebPage","@id":"https:\/\/oafdn.ca\/programs\/awards\/christina-and-louis-quilico-awards\/","url":"https:\/\/oafdn.ca\/programs\/awards\/christina-and-louis-quilico-awards\/","name":"Christina and Louis Quilico Awards - Ontario Arts Foundation","isPartOf":{"@id":"https:\/\/oafdn.ca\/#website"},"primaryImageOfPage":{"@id":"https:\/\/oafdn.ca\/programs\/awards\/christina-and-louis-quilico-awards\/#primaryimage"},"image":{"@id":"https:\/\/oafdn.ca\/programs\/awards\/christina-and-louis-quilico-awards\/#primaryimage"},"thumbnailUrl":"https:\/\/oafdn.ca\/wp-content\/uploads\/2023\/02\/DI-01321-web-1-1024x683.jpg","datePublished":"2022-06-11T03:18:32+00:00","dateModified":"2023-04-05T19:26:04+00:00","description":"Christina and Louis Quilico Awards Ontario Arts Foundation","breadcrumb":{"@id":"https:\/\/oafdn.ca\/programs\/awards\/christina-and-louis-quilico-awards\/#breadcrumb"},"inLanguage":"fr-CA","potentialAction":[{"@type":"ReadAction","target":["https:\/\/oafdn.ca\/programs\/awards\/christina-and-louis-quilico-awards\/"]}]},{"@type":"ImageObject","inLanguage":"fr-CA","@id":"https:\/\/oafdn.ca\/programs\/awards\/christina-and-louis-quilico-awards\/#primaryimage","url":"https:\/\/oafdn.ca\/wp-content\/uploads\/2023\/02\/DI-01321-web-1-1024x683.jpg","contentUrl":"https:\/\/oafdn.ca\/wp-content\/uploads\/2023\/02\/DI-01321-web-1-1024x683.jpg"},{"@type":"BreadcrumbList","@id":"https:\/\/oafdn.ca\/programs\/awards\/christina-and-louis-quilico-awards\/#breadcrumb","itemListElement":[{"@type":"ListItem","position":1,"name":"Home","item":"https:\/\/oafdn.ca\/"},{"@type":"ListItem","position":2,"name":"Programs","item":"https:\/\/oafdn.ca\/programs\/"},{"@type":"ListItem","position":3,"name":"Awards","item":"https:\/\/oafdn.ca\/programs\/awards\/"},{"@type":"ListItem","position":4,"name":"Christina and Louis Quilico Awards"}]},{"@type":"WebSite","@id":"https:\/\/oafdn.ca\/#website","url":"https:\/\/oafdn.ca\/","name":"Fondation des arts de l'Ontario","description":"The Ontario Arts Foundation is a non-governmental not for profit organization established in 1991 under the Ontario Corporations Act to encourage and facilitate private giving to the arts in Ontario, Canada.","publisher":{"@id":"https:\/\/oafdn.ca\/#organization"},"potentialAction":[{"@type":"SearchAction","target":{"@type":"EntryPoint","urlTemplate":"https:\/\/oafdn.ca\/?s={search_term_string}"},"query-input":{"@type":"PropertyValueSpecification","valueRequired":true,"valueName":"search_term_string"}}],"inLanguage":"fr-CA"},{"@type":"Organization","@id":"https:\/\/oafdn.ca\/#organization","name":"Fondation des arts de l'Ontario","url":"https:\/\/oafdn.ca\/","logo":{"@type":"ImageObject","inLanguage":"fr-CA","@id":"https:\/\/oafdn.ca\/#\/schema\/logo\/image\/","url":"https:\/\/oafdn.ca\/wp-content\/uploads\/2022\/02\/logo1-1.png","contentUrl":"https:\/\/oafdn.ca\/wp-content\/uploads\/2022\/02\/logo1-1.png","width":1761,"height":487,"caption":"Ontario Arts Foundation"},"image":{"@id":"https:\/\/oafdn.ca\/#\/schema\/logo\/image\/"},"sameAs":["https:\/\/www.facebook.com\/OntarioArtsFoundation\/","https:\/\/x.com\/OntarioArtsFdn"]}]}},"campaignId":"","_links":{"self":[{"href":"https:\/\/oafdn.ca\/fr\/wp-json\/wp\/v2\/pages\/86072","targetHints":{"allow":["GET"]}}],"collection":[{"href":"https:\/\/oafdn.ca\/fr\/wp-json\/wp\/v2\/pages"}],"about":[{"href":"https:\/\/oafdn.ca\/fr\/wp-json\/wp\/v2\/types\/page"}],"author":[{"embeddable":true,"href":"https:\/\/oafdn.ca\/fr\/wp-json\/wp\/v2\/users\/1"}],"replies":[{"embeddable":true,"href":"https:\/\/oafdn.ca\/fr\/wp-json\/wp\/v2\/comments?post=86072"}],"version-history":[{"count":5,"href":"https:\/\/oafdn.ca\/fr\/wp-json\/wp\/v2\/pages\/86072\/revisions"}],"predecessor-version":[{"id":125368,"href":"https:\/\/oafdn.ca\/fr\/wp-json\/wp\/v2\/pages\/86072\/revisions\/125368"}],"up":[{"embeddable":true,"href":"https:\/\/oafdn.ca\/fr\/wp-json\/wp\/v2\/pages\/3362"}],"wp:attachment":[{"href":"https:\/\/oafdn.ca\/fr\/wp-json\/wp\/v2\/media?parent=86072"}],"curies":[{"name":"wp","href":"https:\/\/api.w.org\/{rel}","templated":true}]}}