{"id":86056,"date":"2022-06-11T03:13:14","date_gmt":"2022-06-11T03:13:14","guid":{"rendered":"https:\/\/oafdn.ca\/?page_id=86056"},"modified":"2025-09-22T09:22:41","modified_gmt":"2025-09-22T13:22:41","slug":"ontario-arts-foundation-artist-educator-award","status":"publish","type":"page","link":"https:\/\/oafdn.ca\/fr\/programs\/awards\/ontario-arts-foundation-artist-educator-award\/","title":{"rendered":"Prix des artistes \u00e9ducateurs de la Fondation des arts de l\u2019Ontario"},"content":{"rendered":"<div data-elementor-type=\"wp-page\" data-elementor-id=\"86056\" class=\"elementor elementor-86056\" wpc-filter-elementor-widget=\"1\">\n\t\t\t\t\t\t<section class=\"elementor-section elementor-top-section elementor-element elementor-element-5f8a6ba elementor-section-boxed elementor-section-height-default elementor-section-height-default\" data-id=\"5f8a6ba\" data-element_type=\"section\" data-e-type=\"section\">\n\t\t\t\t\t\t<div class=\"elementor-container elementor-column-gap-default\">\n\t\t\t\t\t<div class=\"elementor-column elementor-col-100 elementor-top-column elementor-element elementor-element-e97ea52\" data-id=\"e97ea52\" data-element_type=\"column\" data-e-type=\"column\">\n\t\t\t<div class=\"elementor-widget-wrap elementor-element-populated\">\n\t\t\t\t\t\t<div class=\"elementor-element elementor-element-0cd76fe elementor-widget elementor-widget-heading\" data-id=\"0cd76fe\" data-element_type=\"widget\" data-e-type=\"widget\" data-widget_type=\"heading.default\">\n\t\t\t\t<div class=\"elementor-widget-container\">\n\t\t\t\t\t<h2 class=\"elementor-heading-title elementor-size-default\">Prix des artistes \u00e9ducateurs de la Fondation des arts de l\u2019Ontario<\/h2>\t\t\t\t<\/div>\n\t\t\t\t<\/div>\n\t\t\t\t<div class=\"elementor-element elementor-element-e447e72 elementor-widget-divider--view-line elementor-widget elementor-widget-divider\" data-id=\"e447e72\" data-element_type=\"widget\" data-e-type=\"widget\" data-widget_type=\"divider.default\">\n\t\t\t\t<div class=\"elementor-widget-container\">\n\t\t\t\t\t\t\t<div class=\"elementor-divider\">\n\t\t\t<span class=\"elementor-divider-separator\">\n\t\t\t\t\t\t<\/span>\n\t\t<\/div>\n\t\t\t\t\t\t<\/div>\n\t\t\t\t<\/div>\n\t\t\t\t\t<\/div>\n\t\t<\/div>\n\t\t\t\t\t<\/div>\n\t\t<\/section>\n\t\t\t\t<section class=\"elementor-section elementor-top-section elementor-element elementor-element-5d47fd6 elementor-section-boxed elementor-section-height-default elementor-section-height-default\" data-id=\"5d47fd6\" data-element_type=\"section\" data-e-type=\"section\">\n\t\t\t\t\t\t<div class=\"elementor-container elementor-column-gap-default\">\n\t\t\t\t\t<div class=\"elementor-column elementor-col-100 elementor-top-column elementor-element elementor-element-62eb65b\" data-id=\"62eb65b\" data-element_type=\"column\" data-e-type=\"column\">\n\t\t\t<div class=\"elementor-widget-wrap elementor-element-populated\">\n\t\t\t\t\t\t<div class=\"elementor-element elementor-element-6aaf2da elementor-widget elementor-widget-text-editor\" data-id=\"6aaf2da\" data-element_type=\"widget\" data-e-type=\"widget\" data-widget_type=\"text-editor.default\">\n\t\t\t\t<div class=\"elementor-widget-container\">\n\t\t\t\t\t\t\t\t\t<p class=\"p1 translation-block\">Le <strong>Prix des artistes \u00e9ducateurs de la Fondation des arts de l\u2019Ontario<\/strong> est attribu\u00e9 \u00e0 un r\u00e9sident de l\u2019Ontario qui incarne l'excellence dans l'\u00e9ducation artistique, d\u00e9montre une approche unique dans leur pratique de l'\u00e9ducation artistique, cr\u00e9e des exp\u00e9riences d'apprentissage significatives pour les jeunes, inspire des connexions aux arts au-del\u00e0 de la salle de classe et continue de maintenir une pratique artistique active. La Fondation des arts de l\u2019Ontario a \u00e9tabli et g\u00e8re le fonds de dotation qui finance le Prix des artistes \u00e9ducateurs.<\/p><p class=\"p1 translation-block\">Nomination et le processus de s\u00e9lection<br>\nLe Bureau des prix du Conseil des arts de l\u2019Ontario (CAO) administre la nomination et le processus de s\u00e9lection pour le prix. Les jurys du CAO nominent des artistes au sein de la liste des candidats aux programmes Artistes en milieu communautaire et scolaire et Artistes autochtones en milieu communautaire et scolaire.<\/p><p><span style=\"color: #5675b8; font-family: helvetica; font-size: 20px; background-color: #ffffff;\">Prix:  15 000 dollars<\/span><\/p><p class=\"p1\"><strong><span class=\"blue plain_black\">Laur\u00e9ate de cette ann\u00e9e<\/span><\/strong><br \/>2025\u00a0 \u00a0 \u00a0Charles Hong<\/p><div class=\"clearfix\"><p><img fetchpriority=\"high\" decoding=\"async\" class=\"alignnone wp-image-140787\" src=\"https:\/\/oafdn.ca\/wp-content\/uploads\/2025\/09\/HONG_Janggo_web-1.jpg\" alt=\"\" width=\"300\" height=\"406\" srcset=\"https:\/\/oafdn.ca\/wp-content\/uploads\/2025\/09\/HONG_Janggo_web-1.jpg 750w, https:\/\/oafdn.ca\/wp-content\/uploads\/2025\/09\/HONG_Janggo_web-1-222x300.jpg 222w, https:\/\/oafdn.ca\/wp-content\/uploads\/2025\/09\/HONG_Janggo_web-1-9x12.jpg 9w\" sizes=\"(max-width: 300px) 100vw, 300px\" \/><\/p><div class=\"clearfix\">\u00a0<\/div><\/div><div>\u00a0<\/div><p class=\"p1 half_line_spacing\"><span class=\"blue plain_black\"><strong>Pr\u00e9c\u00e9dents laur\u00e9ats et laur\u00e9ates<\/strong><br \/><\/span>2024\u00a0 \u00a0 \u00a0<a href=\"https:\/\/oafdn.ca\/fr\/zoey-roy-honoured-with-ontario-arts-foundation-artist-educator-award\/\">Zoey Roy<\/a><br \/>2023\u00a0 \u00a0 \u00a0<a href=\"https:\/\/oafdn.ca\/fr\/nathanael-larochette-honoured-with-ontario-arts-foundation-artist-educator-award\/\">Nathanael Larochette<\/a><br \/>2022\u00a0 \u00a0 \u00a0<a href=\"https:\/\/oafdn.ca\/fr\/mike-cope-honoured-with-ontario-arts-foundation-artist-educator-award\/\">Mike Cope<\/a><br \/>2021\u00a0 \u00a0 \u00a0<a href=\"https:\/\/oafdn.ca\/fr\/elizabeth-doxtater-honoured-with-ontario-arts-foundation-artist-educator-award\/\">Elizabeth Doxtater<\/a><br \/>2020\u00a0 \u00a0\u00a0 <a href=\"https:\/\/oafdn.ca\/fr\/ruben-esguerra-honoured-with-ontario-arts-foundation-artist-educator-award\/\">Ruben Esguerra<\/a><br \/>2019\u00a0 \u00a0 \u00a0<a href=\"https:\/\/oafdn.ca\/fr\/zvondai-muchenje-honoured-with-ontario-arts-foundation-artist-educator-award\/\">Zvondai Muchenje<\/a><br \/>2018\u00a0 \u00a0 \u00a0<a href=\"https:\/\/oafdn.ca\/fr\/algonquin-master-canoe-builder-honoured-with-ontario-arts-foundation-artist-educator-award\/\">Chuck Commanda<\/a><br \/>2017\u00a0 \u00a0 \u00a0<a href=\"https:\/\/oafdn.ca\/fr\/yao-receives-the-ontario-arts-foundation-artist-educator-award\/\">Yaovi Hoyi (YAO)\u00a0<\/a><br \/>2016\u00a0 \u00a0 \u00a0<a href=\"https:\/\/oafdn.ca\/fr\/jamaal-rogers-receives-the-ontario-arts-foundation-artist-educator-award\/\">Jamaal Rogers\u00a0<\/a><br \/>2015\u00a0 \u00a0 \u00a0<a href=\"https:\/\/oafdn.ca\/fr\/lorrie-gallant-is-awarded-the-first-annual-ontario-arts-foundation-artist-educator-award\/\">Lorrie Gallant<\/a><\/p><p class=\"p1\"><strong>Communiqu\u00e9s de presse<\/strong><br \/><a href=\"https:\/\/oafdn.ca\/fr\/charles-hong-honoured-with-ontario-arts-foundation-artist-educator-award\/\">Charles Hong re\u00e7oit le Prix des artistes \u00e9ducateurs de la Fondation des arts de l\u2019Ontario\u00a0<\/a> <span class=\"plain_grey\"><em>le 22 septembre 2025<\/em><\/span><\/p>\t\t\t\t\t\t\t\t<\/div>\n\t\t\t\t<\/div>\n\t\t\t\t\t<\/div>\n\t\t<\/div>\n\t\t\t\t\t<\/div>\n\t\t<\/section>\n\t\t\t\t<\/div>","protected":false},"excerpt":{"rendered":"<p>\ufeffOntario Arts Foundation Artist Educator Award The\u00a0Ontario Arts Foundation Artist Educator Award\u00a0is given to an Ontario resident who exemplifies excellence in arts education, demonstrates a unique approach to their arts education practice, creates meaningful learning experiences for young people, inspires connections to the arts beyond the classroom and continues to maintain an active arts practice.\u00a0\u00a0The\u00a0Ontario [&hellip;]<\/p>\n","protected":false},"author":1,"featured_media":0,"parent":3362,"menu_order":0,"comment_status":"closed","ping_status":"closed","template":"","meta":{"_acf_changed":false,"give_campaign_id":0,"nf_dc_page":"","site-sidebar-layout":"no-sidebar","site-content-layout":"page-builder","ast-site-content-layout":"default","site-content-style":"default","site-sidebar-style":"default","ast-global-header-display":"","ast-banner-title-visibility":"","ast-main-header-display":"","ast-hfb-above-header-display":"","ast-hfb-below-header-display":"","ast-hfb-mobile-header-display":"","site-post-title":"disabled","ast-breadcrumbs-content":"","ast-featured-img":"disabled","footer-sml-layout":"","ast-disable-related-posts":"","theme-transparent-header-meta":"","adv-header-id-meta":"","stick-header-meta":"","header-above-stick-meta":"","header-main-stick-meta":"","header-below-stick-meta":"","astra-migrate-meta-layouts":"default","ast-page-background-enabled":"default","ast-page-background-meta":{"desktop":{"background-color":"","background-image":"","background-repeat":"repeat","background-position":"center center","background-size":"auto","background-attachment":"scroll","background-type":"","background-media":"","overlay-type":"","overlay-color":"","overlay-opacity":"","overlay-gradient":""},"tablet":{"background-color":"","background-image":"","background-repeat":"repeat","background-position":"center center","background-size":"auto","background-attachment":"scroll","background-type":"","background-media":"","overlay-type":"","overlay-color":"","overlay-opacity":"","overlay-gradient":""},"mobile":{"background-color":"","background-image":"","background-repeat":"repeat","background-position":"center center","background-size":"auto","background-attachment":"scroll","background-type":"","background-media":"","overlay-type":"","overlay-color":"","overlay-opacity":"","overlay-gradient":""}},"ast-content-background-meta":{"desktop":{"background-color":"var(--ast-global-color-5)","background-image":"","background-repeat":"repeat","background-position":"center center","background-size":"auto","background-attachment":"scroll","background-type":"","background-media":"","overlay-type":"","overlay-color":"","overlay-opacity":"","overlay-gradient":""},"tablet":{"background-color":"var(--ast-global-color-5)","background-image":"","background-repeat":"repeat","background-position":"center center","background-size":"auto","background-attachment":"scroll","background-type":"","background-media":"","overlay-type":"","overlay-color":"","overlay-opacity":"","overlay-gradient":""},"mobile":{"background-color":"var(--ast-global-color-5)","background-image":"","background-repeat":"repeat","background-position":"center center","background-size":"auto","background-attachment":"scroll","background-type":"","background-media":"","overlay-type":"","overlay-color":"","overlay-opacity":"","overlay-gradient":""}},"footnotes":""},"class_list":["post-86056","page","type-page","status-publish","hentry"],"acf":[],"yoast_head":"<!-- This site is optimized with the Yoast SEO plugin v27.5 - https:\/\/yoast.com\/product\/yoast-seo-wordpress\/ -->\n<title>Ontario Arts Foundation Artist Educator Award - Ontario Arts Foundation<\/title>\n<meta name=\"description\" content=\"Ontario Arts Foundation Artist Educator Award Ontario Arts Foundation\" \/>\n<meta name=\"robots\" content=\"index, follow, max-snippet:-1, max-image-preview:large, max-video-preview:-1\" \/>\n<link rel=\"canonical\" href=\"https:\/\/oafdn.ca\/fr\/programs\/awards\/ontario-arts-foundation-artist-educator-award\/\" \/>\n<meta property=\"og:locale\" content=\"fr_CA\" \/>\n<meta property=\"og:type\" content=\"article\" \/>\n<meta property=\"og:title\" content=\"Ontario Arts Foundation Artist Educator Award - Ontario Arts Foundation\" \/>\n<meta property=\"og:description\" content=\"Ontario Arts Foundation Artist Educator Award Ontario Arts Foundation\" \/>\n<meta property=\"og:url\" content=\"https:\/\/oafdn.ca\/fr\/programs\/awards\/ontario-arts-foundation-artist-educator-award\/\" \/>\n<meta property=\"og:site_name\" content=\"Ontario Arts Foundation\" \/>\n<meta property=\"article:publisher\" content=\"https:\/\/www.facebook.com\/OntarioArtsFoundation\/\" \/>\n<meta property=\"article:modified_time\" content=\"2025-09-22T13:22:41+00:00\" \/>\n<meta property=\"og:image\" content=\"https:\/\/oafdn.ca\/wp-content\/uploads\/2025\/09\/HONG_Janggo_web-1.jpg\" \/>\n\t<meta property=\"og:image:width\" content=\"750\" \/>\n\t<meta property=\"og:image:height\" content=\"1014\" \/>\n\t<meta property=\"og:image:type\" content=\"image\/jpeg\" \/>\n<meta name=\"twitter:card\" content=\"summary_large_image\" \/>\n<meta name=\"twitter:site\" content=\"@OntarioArtsFdn\" \/>\n<meta name=\"twitter:label1\" content=\"Estimation du temps de lecture\" \/>\n\t<meta name=\"twitter:data1\" content=\"1 minute\" \/>\n<script type=\"application\/ld+json\" class=\"yoast-schema-graph\">{\"@context\":\"https:\\\/\\\/schema.org\",\"@graph\":[{\"@type\":\"WebPage\",\"@id\":\"https:\\\/\\\/oafdn.ca\\\/programs\\\/awards\\\/ontario-arts-foundation-artist-educator-award\\\/\",\"url\":\"https:\\\/\\\/oafdn.ca\\\/programs\\\/awards\\\/ontario-arts-foundation-artist-educator-award\\\/\",\"name\":\"Ontario Arts Foundation Artist Educator Award - Ontario Arts Foundation\",\"isPartOf\":{\"@id\":\"https:\\\/\\\/oafdn.ca\\\/#website\"},\"primaryImageOfPage\":{\"@id\":\"https:\\\/\\\/oafdn.ca\\\/programs\\\/awards\\\/ontario-arts-foundation-artist-educator-award\\\/#primaryimage\"},\"image\":{\"@id\":\"https:\\\/\\\/oafdn.ca\\\/programs\\\/awards\\\/ontario-arts-foundation-artist-educator-award\\\/#primaryimage\"},\"thumbnailUrl\":\"https:\\\/\\\/oafdn.ca\\\/wp-content\\\/uploads\\\/2025\\\/09\\\/HONG_Janggo_web-1.jpg\",\"datePublished\":\"2022-06-11T03:13:14+00:00\",\"dateModified\":\"2025-09-22T13:22:41+00:00\",\"description\":\"Ontario Arts Foundation Artist Educator Award Ontario Arts Foundation\",\"breadcrumb\":{\"@id\":\"https:\\\/\\\/oafdn.ca\\\/programs\\\/awards\\\/ontario-arts-foundation-artist-educator-award\\\/#breadcrumb\"},\"inLanguage\":\"fr-CA\",\"potentialAction\":[{\"@type\":\"ReadAction\",\"target\":[\"https:\\\/\\\/oafdn.ca\\\/programs\\\/awards\\\/ontario-arts-foundation-artist-educator-award\\\/\"]}]},{\"@type\":\"ImageObject\",\"inLanguage\":\"fr-CA\",\"@id\":\"https:\\\/\\\/oafdn.ca\\\/programs\\\/awards\\\/ontario-arts-foundation-artist-educator-award\\\/#primaryimage\",\"url\":\"https:\\\/\\\/oafdn.ca\\\/wp-content\\\/uploads\\\/2025\\\/09\\\/HONG_Janggo_web-1.jpg\",\"contentUrl\":\"https:\\\/\\\/oafdn.ca\\\/wp-content\\\/uploads\\\/2025\\\/09\\\/HONG_Janggo_web-1.jpg\"},{\"@type\":\"BreadcrumbList\",\"@id\":\"https:\\\/\\\/oafdn.ca\\\/programs\\\/awards\\\/ontario-arts-foundation-artist-educator-award\\\/#breadcrumb\",\"itemListElement\":[{\"@type\":\"ListItem\",\"position\":1,\"name\":\"Home\",\"item\":\"https:\\\/\\\/oafdn.ca\\\/\"},{\"@type\":\"ListItem\",\"position\":2,\"name\":\"Programs\",\"item\":\"https:\\\/\\\/oafdn.ca\\\/programs\\\/\"},{\"@type\":\"ListItem\",\"position\":3,\"name\":\"Awards\",\"item\":\"https:\\\/\\\/oafdn.ca\\\/programs\\\/awards\\\/\"},{\"@type\":\"ListItem\",\"position\":4,\"name\":\"Ontario Arts Foundation Artist Educator Award\"}]},{\"@type\":\"WebSite\",\"@id\":\"https:\\\/\\\/oafdn.ca\\\/#website\",\"url\":\"https:\\\/\\\/oafdn.ca\\\/\",\"name\":\"Ontario Arts Foundation\",\"description\":\"The Ontario Arts Foundation is a non-governmental not for profit organization established in 1991 under the Ontario Corporations Act to encourage and facilitate private giving to the arts in Ontario, Canada.\",\"publisher\":{\"@id\":\"https:\\\/\\\/oafdn.ca\\\/#organization\"},\"potentialAction\":[{\"@type\":\"SearchAction\",\"target\":{\"@type\":\"EntryPoint\",\"urlTemplate\":\"https:\\\/\\\/oafdn.ca\\\/?s={search_term_string}\"},\"query-input\":{\"@type\":\"PropertyValueSpecification\",\"valueRequired\":true,\"valueName\":\"search_term_string\"}}],\"inLanguage\":\"fr-CA\"},{\"@type\":\"Organization\",\"@id\":\"https:\\\/\\\/oafdn.ca\\\/#organization\",\"name\":\"Ontario Arts Foundation\",\"url\":\"https:\\\/\\\/oafdn.ca\\\/\",\"logo\":{\"@type\":\"ImageObject\",\"inLanguage\":\"fr-CA\",\"@id\":\"https:\\\/\\\/oafdn.ca\\\/#\\\/schema\\\/logo\\\/image\\\/\",\"url\":\"https:\\\/\\\/oafdn.ca\\\/wp-content\\\/uploads\\\/2022\\\/02\\\/logo1-1.png\",\"contentUrl\":\"https:\\\/\\\/oafdn.ca\\\/wp-content\\\/uploads\\\/2022\\\/02\\\/logo1-1.png\",\"width\":1761,\"height\":487,\"caption\":\"Ontario Arts Foundation\"},\"image\":{\"@id\":\"https:\\\/\\\/oafdn.ca\\\/#\\\/schema\\\/logo\\\/image\\\/\"},\"sameAs\":[\"https:\\\/\\\/www.facebook.com\\\/OntarioArtsFoundation\\\/\",\"https:\\\/\\\/x.com\\\/OntarioArtsFdn\"]}]}<\/script>\n<!-- \/ Yoast SEO plugin. -->","yoast_head_json":{"title":"Ontario Arts Foundation Artist Educator Award - Ontario Arts Foundation","description":"Ontario Arts Foundation Artist Educator Award Ontario Arts Foundation","robots":{"index":"index","follow":"follow","max-snippet":"max-snippet:-1","max-image-preview":"max-image-preview:large","max-video-preview":"max-video-preview:-1"},"canonical":"https:\/\/oafdn.ca\/fr\/programs\/awards\/ontario-arts-foundation-artist-educator-award\/","og_locale":"fr_CA","og_type":"article","og_title":"Ontario Arts Foundation Artist Educator Award - Ontario Arts Foundation","og_description":"Ontario Arts Foundation Artist Educator Award Ontario Arts Foundation","og_url":"https:\/\/oafdn.ca\/fr\/programs\/awards\/ontario-arts-foundation-artist-educator-award\/","og_site_name":"Ontario Arts Foundation","article_publisher":"https:\/\/www.facebook.com\/OntarioArtsFoundation\/","article_modified_time":"2025-09-22T13:22:41+00:00","og_image":[{"width":750,"height":1014,"url":"https:\/\/oafdn.ca\/wp-content\/uploads\/2025\/09\/HONG_Janggo_web-1.jpg","type":"image\/jpeg"}],"twitter_card":"summary_large_image","twitter_site":"@OntarioArtsFdn","twitter_misc":{"Estimation du temps de lecture":"1 minute"},"schema":{"@context":"https:\/\/schema.org","@graph":[{"@type":"WebPage","@id":"https:\/\/oafdn.ca\/programs\/awards\/ontario-arts-foundation-artist-educator-award\/","url":"https:\/\/oafdn.ca\/programs\/awards\/ontario-arts-foundation-artist-educator-award\/","name":"Ontario Arts Foundation Artist Educator Award - Ontario Arts Foundation","isPartOf":{"@id":"https:\/\/oafdn.ca\/#website"},"primaryImageOfPage":{"@id":"https:\/\/oafdn.ca\/programs\/awards\/ontario-arts-foundation-artist-educator-award\/#primaryimage"},"image":{"@id":"https:\/\/oafdn.ca\/programs\/awards\/ontario-arts-foundation-artist-educator-award\/#primaryimage"},"thumbnailUrl":"https:\/\/oafdn.ca\/wp-content\/uploads\/2025\/09\/HONG_Janggo_web-1.jpg","datePublished":"2022-06-11T03:13:14+00:00","dateModified":"2025-09-22T13:22:41+00:00","description":"Ontario Arts Foundation Artist Educator Award Ontario Arts Foundation","breadcrumb":{"@id":"https:\/\/oafdn.ca\/programs\/awards\/ontario-arts-foundation-artist-educator-award\/#breadcrumb"},"inLanguage":"fr-CA","potentialAction":[{"@type":"ReadAction","target":["https:\/\/oafdn.ca\/programs\/awards\/ontario-arts-foundation-artist-educator-award\/"]}]},{"@type":"ImageObject","inLanguage":"fr-CA","@id":"https:\/\/oafdn.ca\/programs\/awards\/ontario-arts-foundation-artist-educator-award\/#primaryimage","url":"https:\/\/oafdn.ca\/wp-content\/uploads\/2025\/09\/HONG_Janggo_web-1.jpg","contentUrl":"https:\/\/oafdn.ca\/wp-content\/uploads\/2025\/09\/HONG_Janggo_web-1.jpg"},{"@type":"BreadcrumbList","@id":"https:\/\/oafdn.ca\/programs\/awards\/ontario-arts-foundation-artist-educator-award\/#breadcrumb","itemListElement":[{"@type":"ListItem","position":1,"name":"Home","item":"https:\/\/oafdn.ca\/"},{"@type":"ListItem","position":2,"name":"Programs","item":"https:\/\/oafdn.ca\/programs\/"},{"@type":"ListItem","position":3,"name":"Awards","item":"https:\/\/oafdn.ca\/programs\/awards\/"},{"@type":"ListItem","position":4,"name":"Ontario Arts Foundation Artist Educator Award"}]},{"@type":"WebSite","@id":"https:\/\/oafdn.ca\/#website","url":"https:\/\/oafdn.ca\/","name":"Fondation des arts de l'Ontario","description":"The Ontario Arts Foundation is a non-governmental not for profit organization established in 1991 under the Ontario Corporations Act to encourage and facilitate private giving to the arts in Ontario, Canada.","publisher":{"@id":"https:\/\/oafdn.ca\/#organization"},"potentialAction":[{"@type":"SearchAction","target":{"@type":"EntryPoint","urlTemplate":"https:\/\/oafdn.ca\/?s={search_term_string}"},"query-input":{"@type":"PropertyValueSpecification","valueRequired":true,"valueName":"search_term_string"}}],"inLanguage":"fr-CA"},{"@type":"Organization","@id":"https:\/\/oafdn.ca\/#organization","name":"Fondation des arts de l'Ontario","url":"https:\/\/oafdn.ca\/","logo":{"@type":"ImageObject","inLanguage":"fr-CA","@id":"https:\/\/oafdn.ca\/#\/schema\/logo\/image\/","url":"https:\/\/oafdn.ca\/wp-content\/uploads\/2022\/02\/logo1-1.png","contentUrl":"https:\/\/oafdn.ca\/wp-content\/uploads\/2022\/02\/logo1-1.png","width":1761,"height":487,"caption":"Ontario Arts Foundation"},"image":{"@id":"https:\/\/oafdn.ca\/#\/schema\/logo\/image\/"},"sameAs":["https:\/\/www.facebook.com\/OntarioArtsFoundation\/","https:\/\/x.com\/OntarioArtsFdn"]}]}},"campaignId":"","_links":{"self":[{"href":"https:\/\/oafdn.ca\/fr\/wp-json\/wp\/v2\/pages\/86056","targetHints":{"allow":["GET"]}}],"collection":[{"href":"https:\/\/oafdn.ca\/fr\/wp-json\/wp\/v2\/pages"}],"about":[{"href":"https:\/\/oafdn.ca\/fr\/wp-json\/wp\/v2\/types\/page"}],"author":[{"embeddable":true,"href":"https:\/\/oafdn.ca\/fr\/wp-json\/wp\/v2\/users\/1"}],"replies":[{"embeddable":true,"href":"https:\/\/oafdn.ca\/fr\/wp-json\/wp\/v2\/comments?post=86056"}],"version-history":[{"count":5,"href":"https:\/\/oafdn.ca\/fr\/wp-json\/wp\/v2\/pages\/86056\/revisions"}],"predecessor-version":[{"id":140790,"href":"https:\/\/oafdn.ca\/fr\/wp-json\/wp\/v2\/pages\/86056\/revisions\/140790"}],"up":[{"embeddable":true,"href":"https:\/\/oafdn.ca\/fr\/wp-json\/wp\/v2\/pages\/3362"}],"wp:attachment":[{"href":"https:\/\/oafdn.ca\/fr\/wp-json\/wp\/v2\/media?parent=86056"}],"curies":[{"name":"wp","href":"https:\/\/api.w.org\/{rel}","templated":true}]}}