{"id":86048,"date":"2022-06-11T03:10:37","date_gmt":"2022-06-11T03:10:37","guid":{"rendered":"https:\/\/oafdn.ca\/?page_id=86048"},"modified":"2024-10-15T16:49:14","modified_gmt":"2024-10-15T20:49:14","slug":"kathleen-mcmorrow-music-award","status":"publish","type":"page","link":"https:\/\/oafdn.ca\/fr\/programs\/awards\/kathleen-mcmorrow-music-award\/","title":{"rendered":"Prix Kathleen McMorrow de musique"},"content":{"rendered":"<div data-elementor-type=\"wp-page\" data-elementor-id=\"86048\" class=\"elementor elementor-86048\" wpc-filter-elementor-widget=\"1\">\n\t\t\t\t\t\t<section class=\"elementor-section elementor-top-section elementor-element elementor-element-18c1952 elementor-section-boxed elementor-section-height-default elementor-section-height-default\" data-id=\"18c1952\" data-element_type=\"section\" data-e-type=\"section\">\n\t\t\t\t\t\t<div class=\"elementor-container elementor-column-gap-default\">\n\t\t\t\t\t<div class=\"elementor-column elementor-col-100 elementor-top-column elementor-element elementor-element-a186a32\" data-id=\"a186a32\" data-element_type=\"column\" data-e-type=\"column\">\n\t\t\t<div class=\"elementor-widget-wrap elementor-element-populated\">\n\t\t\t\t\t\t<div class=\"elementor-element elementor-element-e52e15c elementor-widget elementor-widget-heading\" data-id=\"e52e15c\" data-element_type=\"widget\" data-e-type=\"widget\" data-widget_type=\"heading.default\">\n\t\t\t\t<div class=\"elementor-widget-container\">\n\t\t\t\t\t<h2 class=\"elementor-heading-title elementor-size-default\">Prix Kathleen McMorrow de musique<\/h2>\t\t\t\t<\/div>\n\t\t\t\t<\/div>\n\t\t\t\t<div class=\"elementor-element elementor-element-1c4707e elementor-widget-divider--view-line elementor-widget elementor-widget-divider\" data-id=\"1c4707e\" data-element_type=\"widget\" data-e-type=\"widget\" data-widget_type=\"divider.default\">\n\t\t\t\t<div class=\"elementor-widget-container\">\n\t\t\t\t\t\t\t<div class=\"elementor-divider\">\n\t\t\t<span class=\"elementor-divider-separator\">\n\t\t\t\t\t\t<\/span>\n\t\t<\/div>\n\t\t\t\t\t\t<\/div>\n\t\t\t\t<\/div>\n\t\t\t\t\t<\/div>\n\t\t<\/div>\n\t\t\t\t\t<\/div>\n\t\t<\/section>\n\t\t\t\t<section class=\"elementor-section elementor-top-section elementor-element elementor-element-68e055c elementor-section-boxed elementor-section-height-default elementor-section-height-default\" data-id=\"68e055c\" data-element_type=\"section\" data-e-type=\"section\">\n\t\t\t\t\t\t<div class=\"elementor-container elementor-column-gap-default\">\n\t\t\t\t\t<div class=\"elementor-column elementor-col-100 elementor-top-column elementor-element elementor-element-cdb8e77\" data-id=\"cdb8e77\" data-element_type=\"column\" data-e-type=\"column\">\n\t\t\t<div class=\"elementor-widget-wrap elementor-element-populated\">\n\t\t\t\t\t\t<div class=\"elementor-element elementor-element-e3176bc elementor-widget elementor-widget-text-editor\" data-id=\"e3176bc\" data-element_type=\"widget\" data-e-type=\"widget\" data-widget_type=\"text-editor.default\">\n\t\t\t\t<div class=\"elementor-widget-container\">\n\t\t\t\t\t\t\t\t\t<p class=\"translation-block\">Le <strong>Prix Kathleen McMorrow de musique<\/strong> a \u00e9t\u00e9 cr\u00e9\u00e9 en 2015. Kathleen McMorrow a dirig\u00e9 la biblioth\u00e8que musicale de la facult\u00e9 de musique de l'Universit\u00e9 de Toronto de 1974 \u00e0 2013. Elle a cr\u00e9\u00e9 le prix pour reconna\u00eetre et encourager la composition et la pr\u00e9sentation de la musique classique contemporaine canadienne. La Fondation des arts de l'Ontario g\u00e8re le fonds de dotation qui finance le prix.<\/p><p>La Fondation des arts de l'Ontario g\u00e8re le fonds de dotation qui finance le prix. Le Conseil des arts de l'Ontario est responsable du processus de nomination et d'adjudication. Le laur\u00e9at du prix est s\u00e9lectionn\u00e9 parmi les candidats retenus pour l\u2019une des deux \u00e9ch\u00e9ances annuelles du programme Musique \u2013 projets de cr\u00e9ation du Conseil des arts de l\u2019Ontario.<\/p><p><span style=\"color: #5675b8; font-family: helvetica; font-size: 20px; background-color: #ffffff;\">Prix:  10 00 dollars<\/span><\/p><p><strong>Laur\u00e9ats et laur\u00e9ates de cette ann\u00e9e<br \/><\/strong>2024\u00a0 \u00a0<\/p><p><img decoding=\"async\" class=\"alignleft wp-image-134906\" src=\"https:\/\/oafdn.ca\/wp-content\/uploads\/2024\/10\/Kalasian_photo-web-683x1024.jpg\" alt=\"\" width=\"150\" height=\"225\" srcset=\"https:\/\/oafdn.ca\/wp-content\/uploads\/2024\/10\/Kalasian_photo-web-683x1024.jpg 683w, https:\/\/oafdn.ca\/wp-content\/uploads\/2024\/10\/Kalasian_photo-web-200x300.jpg 200w, https:\/\/oafdn.ca\/wp-content\/uploads\/2024\/10\/Kalasian_photo-web-768x1151.jpg 768w, https:\/\/oafdn.ca\/wp-content\/uploads\/2024\/10\/Kalasian_photo-web-8x12.jpg 8w, https:\/\/oafdn.ca\/wp-content\/uploads\/2024\/10\/Kalasian_photo-web.jpg 1001w\" sizes=\"(max-width: 150px) 100vw, 150px\" \/><strong>Kalaisan Kalaichelvan<\/strong> <br \/>Kalaisan re\u00e7oit son prix pour un projet pour orchestre de chambre intitul\u00e9,\"<em><strong>C&#8217;est Pas Beau?<\/strong><\/em>\". Command\u00e9 par le Glenn Gould School New Music Ensemble, ce projet sera pr\u00e9sent\u00e9 en premi\u00e8re mondiale au <a href=\"https:\/\/www.rcmusic.com\/events-and-performances\/21c-afterhours-ggs-new-music-ensemble-(1)\">21C Music Festival<\/a> du Royal Conservatory en janvier 2025<\/p><p class=\"half_line_spacing\">\u00a0<\/p>\t\t\t\t\t\t\t\t<\/div>\n\t\t\t\t<\/div>\n\t\t\t\t\t<\/div>\n\t\t<\/div>\n\t\t\t\t\t<\/div>\n\t\t<\/section>\n\t\t\t\t<section class=\"elementor-section elementor-top-section elementor-element elementor-element-7bb33ed elementor-section-boxed elementor-section-height-default elementor-section-height-default\" data-id=\"7bb33ed\" data-element_type=\"section\" data-e-type=\"section\">\n\t\t\t\t\t\t<div class=\"elementor-container elementor-column-gap-default\">\n\t\t\t\t\t<div class=\"elementor-column elementor-col-100 elementor-top-column elementor-element elementor-element-4a2c452\" data-id=\"4a2c452\" data-element_type=\"column\" data-e-type=\"column\">\n\t\t\t<div class=\"elementor-widget-wrap elementor-element-populated\">\n\t\t\t\t\t\t<div class=\"elementor-element elementor-element-27eef9b elementor-widget elementor-widget-text-editor\" data-id=\"27eef9b\" data-element_type=\"widget\" data-e-type=\"widget\" data-widget_type=\"text-editor.default\">\n\t\t\t\t<div class=\"elementor-widget-container\">\n\t\t\t\t\t\t\t\t\t<p><img decoding=\"async\" class=\"wp-image-134905 alignleft\" src=\"https:\/\/oafdn.ca\/wp-content\/uploads\/2024\/10\/Rashaan_photo-web-1024x683.jpg\" alt=\"\" width=\"235\" height=\"157\" srcset=\"https:\/\/oafdn.ca\/wp-content\/uploads\/2024\/10\/Rashaan_photo-web-1024x683.jpg 1024w, https:\/\/oafdn.ca\/wp-content\/uploads\/2024\/10\/Rashaan_photo-web-300x200.jpg 300w, https:\/\/oafdn.ca\/wp-content\/uploads\/2024\/10\/Rashaan_photo-web-768x513.jpg 768w, https:\/\/oafdn.ca\/wp-content\/uploads\/2024\/10\/Rashaan_photo-web-18x12.jpg 18w, https:\/\/oafdn.ca\/wp-content\/uploads\/2024\/10\/Rashaan_photo-web.jpg 1500w\" sizes=\"(max-width: 235px) 100vw, 235px\" \/><strong>Rashaan Allwood<\/strong><br \/>Rashaan est r\u00e9compens\u00e9 pour son nouvelle \u0153uvre <a href=\"https:\/\/www.newmusicconcerts.com\/announcing-rashaan-allwood-as-nmcs-newest-composer-in-residence\/\"><strong><em>Black Ice<\/em><\/strong><\/a> command\u00e9e pour piano et neuf instruments, et dont la premi\u00e8re est pr\u00e9vue pour f\u00e9vrier 2025 avec New Music Concerts \u00e0 Toronto.<\/p>\t\t\t\t\t\t\t\t<\/div>\n\t\t\t\t<\/div>\n\t\t\t\t\t<\/div>\n\t\t<\/div>\n\t\t\t\t\t<\/div>\n\t\t<\/section>\n\t\t\t\t<section class=\"elementor-section elementor-top-section elementor-element elementor-element-fbd5b57 elementor-section-boxed elementor-section-height-default elementor-section-height-default\" data-id=\"fbd5b57\" data-element_type=\"section\" data-e-type=\"section\">\n\t\t\t\t\t\t<div class=\"elementor-container elementor-column-gap-default\">\n\t\t\t\t\t<div class=\"elementor-column elementor-col-100 elementor-top-column elementor-element elementor-element-6ad10be\" data-id=\"6ad10be\" data-element_type=\"column\" data-e-type=\"column\">\n\t\t\t<div class=\"elementor-widget-wrap elementor-element-populated\">\n\t\t\t\t\t\t<div class=\"elementor-element elementor-element-b67d7f2 elementor-widget elementor-widget-text-editor\" data-id=\"b67d7f2\" data-element_type=\"widget\" data-e-type=\"widget\" data-widget_type=\"text-editor.default\">\n\t\t\t\t<div class=\"elementor-widget-container\">\n\t\t\t\t\t\t\t\t\t<p><strong>Pr\u00e9c\u00e9dents laur\u00e9ates<br \/><\/strong>2023\u00a0 \u00a0 Suba Sankaran \u00a0 composition: <em>\u00ab Blue Skies, Red Earth, Tall Pines \u00bb<\/em><br \/>2022\u00a0 \u00a0 Afarin Mansouri\u00a0 composition:\u00a0 <em>\u00ab Zuleykha \u00bb<\/em><br \/>2021    Suad Bushnaq    composition:  SinBach<br \/>2020\u00a0 \u00a0 Parisa Sabet composition:\u00a0\u00a0<i>Vanishing Point<\/i><br \/>2019\u00a0 \u00a0 \u00a0Jordan Pal\u00a0 \u00a0  composition:\u00a0\u00a0<em>Upwell<\/em><br \/>2018\u00a0\u00a0\u00a0\u00a0Chan Ka Nin\u00a0 \u00a0composition:\u00a0\u00a0<em>Dragon&#8217;s Tale<\/em><br \/>2017\u00a0\u00a0\u00a0 Frank Horvat\u00a0\u00a0\u00a0composition:\u00a0\u00a0<a title=\"\" href=\"http:\/\/frankhorvat.com\/composition\/the-thailand-hrds\/\"><em>The Thailand HRDs<\/em><\/a><\/p><p class=\"half_line_spacing\"><strong>Communiqu\u00e9s de presse<\/strong><br \/><a href=\"https:\/\/oafdn.ca\/fr\/composers-rashaan-allwood-and-kalaisan-kalaichelvan-are-awarded-the-kathleen-mcmorrow-music-award\/\">Les compositeurs Rashaan Allwood et Kalaisan Kalaichelvan re\u00e7oivent le Prix Kathleen McMorrow de musique <\/a>\u00a0 \u00a0<em>le 15 octobre 2024<\/em><\/p>\t\t\t\t\t\t\t\t<\/div>\n\t\t\t\t<\/div>\n\t\t\t\t\t<\/div>\n\t\t<\/div>\n\t\t\t\t\t<\/div>\n\t\t<\/section>\n\t\t\t\t<\/div>","protected":false},"excerpt":{"rendered":"<p>Kathleen McMorrow Music Award The\u00a0Kathleen McMorrow Music Award\u00a0was established in 2015. Kathleen McMorrow headed the Music Library at the University of Toronto, Faculty of Music from 1974 to 2013. She established the award to recognize and encourage the composition and presentation of Canadian contemporary classical music. The Ontario Arts Foundation manages the endowment that funds [&hellip;]<\/p>\n","protected":false},"author":1,"featured_media":0,"parent":3362,"menu_order":0,"comment_status":"closed","ping_status":"closed","template":"","meta":{"_acf_changed":false,"give_campaign_id":0,"nf_dc_page":"","site-sidebar-layout":"no-sidebar","site-content-layout":"page-builder","ast-site-content-layout":"default","site-content-style":"default","site-sidebar-style":"default","ast-global-header-display":"","ast-banner-title-visibility":"","ast-main-header-display":"","ast-hfb-above-header-display":"","ast-hfb-below-header-display":"","ast-hfb-mobile-header-display":"","site-post-title":"disabled","ast-breadcrumbs-content":"","ast-featured-img":"disabled","footer-sml-layout":"","ast-disable-related-posts":"","theme-transparent-header-meta":"","adv-header-id-meta":"","stick-header-meta":"","header-above-stick-meta":"","header-main-stick-meta":"","header-below-stick-meta":"","astra-migrate-meta-layouts":"default","ast-page-background-enabled":"default","ast-page-background-meta":{"desktop":{"background-color":"","background-image":"","background-repeat":"repeat","background-position":"center center","background-size":"auto","background-attachment":"scroll","background-type":"","background-media":"","overlay-type":"","overlay-color":"","overlay-opacity":"","overlay-gradient":""},"tablet":{"background-color":"","background-image":"","background-repeat":"repeat","background-position":"center center","background-size":"auto","background-attachment":"scroll","background-type":"","background-media":"","overlay-type":"","overlay-color":"","overlay-opacity":"","overlay-gradient":""},"mobile":{"background-color":"","background-image":"","background-repeat":"repeat","background-position":"center center","background-size":"auto","background-attachment":"scroll","background-type":"","background-media":"","overlay-type":"","overlay-color":"","overlay-opacity":"","overlay-gradient":""}},"ast-content-background-meta":{"desktop":{"background-color":"var(--ast-global-color-5)","background-image":"","background-repeat":"repeat","background-position":"center center","background-size":"auto","background-attachment":"scroll","background-type":"","background-media":"","overlay-type":"","overlay-color":"","overlay-opacity":"","overlay-gradient":""},"tablet":{"background-color":"var(--ast-global-color-5)","background-image":"","background-repeat":"repeat","background-position":"center center","background-size":"auto","background-attachment":"scroll","background-type":"","background-media":"","overlay-type":"","overlay-color":"","overlay-opacity":"","overlay-gradient":""},"mobile":{"background-color":"var(--ast-global-color-5)","background-image":"","background-repeat":"repeat","background-position":"center center","background-size":"auto","background-attachment":"scroll","background-type":"","background-media":"","overlay-type":"","overlay-color":"","overlay-opacity":"","overlay-gradient":""}},"footnotes":""},"class_list":["post-86048","page","type-page","status-publish","hentry"],"acf":[],"yoast_head":"<!-- This site is optimized with the Yoast SEO plugin v27.4 - https:\/\/yoast.com\/product\/yoast-seo-wordpress\/ -->\n<title>Kathleen McMorrow Music Award - Ontario Arts Foundation<\/title>\n<meta name=\"description\" content=\"Kathleen McMorrow Music Award Ontario Arts Foundation\" \/>\n<meta name=\"robots\" content=\"index, follow, max-snippet:-1, max-image-preview:large, max-video-preview:-1\" \/>\n<link rel=\"canonical\" href=\"https:\/\/oafdn.ca\/fr\/programs\/awards\/kathleen-mcmorrow-music-award\/\" \/>\n<meta property=\"og:locale\" content=\"fr_CA\" \/>\n<meta property=\"og:type\" content=\"article\" \/>\n<meta property=\"og:title\" content=\"Kathleen McMorrow Music Award - Ontario Arts Foundation\" \/>\n<meta property=\"og:description\" content=\"Kathleen McMorrow Music Award Ontario Arts Foundation\" \/>\n<meta property=\"og:url\" content=\"https:\/\/oafdn.ca\/fr\/programs\/awards\/kathleen-mcmorrow-music-award\/\" \/>\n<meta property=\"og:site_name\" content=\"Ontario Arts Foundation\" \/>\n<meta property=\"article:publisher\" content=\"https:\/\/www.facebook.com\/OntarioArtsFoundation\/\" \/>\n<meta property=\"article:modified_time\" content=\"2024-10-15T20:49:14+00:00\" \/>\n<meta property=\"og:image\" content=\"https:\/\/oafdn.ca\/wp-content\/uploads\/2024\/10\/Kalasian_photo-web.jpg\" \/>\n\t<meta property=\"og:image:width\" content=\"1001\" \/>\n\t<meta property=\"og:image:height\" content=\"1500\" \/>\n\t<meta property=\"og:image:type\" content=\"image\/jpeg\" \/>\n<meta name=\"twitter:card\" content=\"summary_large_image\" \/>\n<meta name=\"twitter:site\" content=\"@OntarioArtsFdn\" \/>\n<meta name=\"twitter:label1\" content=\"Estimation du temps de lecture\" \/>\n\t<meta name=\"twitter:data1\" content=\"1 minute\" \/>\n<script type=\"application\/ld+json\" class=\"yoast-schema-graph\">{\"@context\":\"https:\\\/\\\/schema.org\",\"@graph\":[{\"@type\":\"WebPage\",\"@id\":\"https:\\\/\\\/oafdn.ca\\\/programs\\\/awards\\\/kathleen-mcmorrow-music-award\\\/\",\"url\":\"https:\\\/\\\/oafdn.ca\\\/programs\\\/awards\\\/kathleen-mcmorrow-music-award\\\/\",\"name\":\"Kathleen McMorrow Music Award - Ontario Arts Foundation\",\"isPartOf\":{\"@id\":\"https:\\\/\\\/oafdn.ca\\\/#website\"},\"primaryImageOfPage\":{\"@id\":\"https:\\\/\\\/oafdn.ca\\\/programs\\\/awards\\\/kathleen-mcmorrow-music-award\\\/#primaryimage\"},\"image\":{\"@id\":\"https:\\\/\\\/oafdn.ca\\\/programs\\\/awards\\\/kathleen-mcmorrow-music-award\\\/#primaryimage\"},\"thumbnailUrl\":\"https:\\\/\\\/oafdn.ca\\\/wp-content\\\/uploads\\\/2024\\\/10\\\/Kalasian_photo-web-683x1024.jpg\",\"datePublished\":\"2022-06-11T03:10:37+00:00\",\"dateModified\":\"2024-10-15T20:49:14+00:00\",\"description\":\"Kathleen McMorrow Music Award Ontario Arts Foundation\",\"breadcrumb\":{\"@id\":\"https:\\\/\\\/oafdn.ca\\\/programs\\\/awards\\\/kathleen-mcmorrow-music-award\\\/#breadcrumb\"},\"inLanguage\":\"fr-CA\",\"potentialAction\":[{\"@type\":\"ReadAction\",\"target\":[\"https:\\\/\\\/oafdn.ca\\\/programs\\\/awards\\\/kathleen-mcmorrow-music-award\\\/\"]}]},{\"@type\":\"ImageObject\",\"inLanguage\":\"fr-CA\",\"@id\":\"https:\\\/\\\/oafdn.ca\\\/programs\\\/awards\\\/kathleen-mcmorrow-music-award\\\/#primaryimage\",\"url\":\"https:\\\/\\\/oafdn.ca\\\/wp-content\\\/uploads\\\/2024\\\/10\\\/Kalasian_photo-web-683x1024.jpg\",\"contentUrl\":\"https:\\\/\\\/oafdn.ca\\\/wp-content\\\/uploads\\\/2024\\\/10\\\/Kalasian_photo-web-683x1024.jpg\"},{\"@type\":\"BreadcrumbList\",\"@id\":\"https:\\\/\\\/oafdn.ca\\\/programs\\\/awards\\\/kathleen-mcmorrow-music-award\\\/#breadcrumb\",\"itemListElement\":[{\"@type\":\"ListItem\",\"position\":1,\"name\":\"Home\",\"item\":\"https:\\\/\\\/oafdn.ca\\\/\"},{\"@type\":\"ListItem\",\"position\":2,\"name\":\"Programs\",\"item\":\"https:\\\/\\\/oafdn.ca\\\/programs\\\/\"},{\"@type\":\"ListItem\",\"position\":3,\"name\":\"Awards\",\"item\":\"https:\\\/\\\/oafdn.ca\\\/programs\\\/awards\\\/\"},{\"@type\":\"ListItem\",\"position\":4,\"name\":\"Kathleen McMorrow Music Award\"}]},{\"@type\":\"WebSite\",\"@id\":\"https:\\\/\\\/oafdn.ca\\\/#website\",\"url\":\"https:\\\/\\\/oafdn.ca\\\/\",\"name\":\"Ontario Arts Foundation\",\"description\":\"The Ontario Arts Foundation is a non-governmental not for profit organization established in 1991 under the Ontario Corporations Act to encourage and facilitate private giving to the arts in Ontario, Canada.\",\"publisher\":{\"@id\":\"https:\\\/\\\/oafdn.ca\\\/#organization\"},\"potentialAction\":[{\"@type\":\"SearchAction\",\"target\":{\"@type\":\"EntryPoint\",\"urlTemplate\":\"https:\\\/\\\/oafdn.ca\\\/?s={search_term_string}\"},\"query-input\":{\"@type\":\"PropertyValueSpecification\",\"valueRequired\":true,\"valueName\":\"search_term_string\"}}],\"inLanguage\":\"fr-CA\"},{\"@type\":\"Organization\",\"@id\":\"https:\\\/\\\/oafdn.ca\\\/#organization\",\"name\":\"Ontario Arts Foundation\",\"url\":\"https:\\\/\\\/oafdn.ca\\\/\",\"logo\":{\"@type\":\"ImageObject\",\"inLanguage\":\"fr-CA\",\"@id\":\"https:\\\/\\\/oafdn.ca\\\/#\\\/schema\\\/logo\\\/image\\\/\",\"url\":\"https:\\\/\\\/oafdn.ca\\\/wp-content\\\/uploads\\\/2022\\\/02\\\/logo1-1.png\",\"contentUrl\":\"https:\\\/\\\/oafdn.ca\\\/wp-content\\\/uploads\\\/2022\\\/02\\\/logo1-1.png\",\"width\":1761,\"height\":487,\"caption\":\"Ontario Arts Foundation\"},\"image\":{\"@id\":\"https:\\\/\\\/oafdn.ca\\\/#\\\/schema\\\/logo\\\/image\\\/\"},\"sameAs\":[\"https:\\\/\\\/www.facebook.com\\\/OntarioArtsFoundation\\\/\",\"https:\\\/\\\/x.com\\\/OntarioArtsFdn\"]}]}<\/script>\n<!-- \/ Yoast SEO plugin. -->","yoast_head_json":{"title":"Kathleen McMorrow Music Award - Ontario Arts Foundation","description":"Kathleen McMorrow Music Award Ontario Arts Foundation","robots":{"index":"index","follow":"follow","max-snippet":"max-snippet:-1","max-image-preview":"max-image-preview:large","max-video-preview":"max-video-preview:-1"},"canonical":"https:\/\/oafdn.ca\/fr\/programs\/awards\/kathleen-mcmorrow-music-award\/","og_locale":"fr_CA","og_type":"article","og_title":"Kathleen McMorrow Music Award - Ontario Arts Foundation","og_description":"Kathleen McMorrow Music Award Ontario Arts Foundation","og_url":"https:\/\/oafdn.ca\/fr\/programs\/awards\/kathleen-mcmorrow-music-award\/","og_site_name":"Ontario Arts Foundation","article_publisher":"https:\/\/www.facebook.com\/OntarioArtsFoundation\/","article_modified_time":"2024-10-15T20:49:14+00:00","og_image":[{"width":1001,"height":1500,"url":"https:\/\/oafdn.ca\/wp-content\/uploads\/2024\/10\/Kalasian_photo-web.jpg","type":"image\/jpeg"}],"twitter_card":"summary_large_image","twitter_site":"@OntarioArtsFdn","twitter_misc":{"Estimation du temps de lecture":"1 minute"},"schema":{"@context":"https:\/\/schema.org","@graph":[{"@type":"WebPage","@id":"https:\/\/oafdn.ca\/programs\/awards\/kathleen-mcmorrow-music-award\/","url":"https:\/\/oafdn.ca\/programs\/awards\/kathleen-mcmorrow-music-award\/","name":"Kathleen McMorrow Music Award - Ontario Arts Foundation","isPartOf":{"@id":"https:\/\/oafdn.ca\/#website"},"primaryImageOfPage":{"@id":"https:\/\/oafdn.ca\/programs\/awards\/kathleen-mcmorrow-music-award\/#primaryimage"},"image":{"@id":"https:\/\/oafdn.ca\/programs\/awards\/kathleen-mcmorrow-music-award\/#primaryimage"},"thumbnailUrl":"https:\/\/oafdn.ca\/wp-content\/uploads\/2024\/10\/Kalasian_photo-web-683x1024.jpg","datePublished":"2022-06-11T03:10:37+00:00","dateModified":"2024-10-15T20:49:14+00:00","description":"Kathleen McMorrow Music Award Ontario Arts Foundation","breadcrumb":{"@id":"https:\/\/oafdn.ca\/programs\/awards\/kathleen-mcmorrow-music-award\/#breadcrumb"},"inLanguage":"fr-CA","potentialAction":[{"@type":"ReadAction","target":["https:\/\/oafdn.ca\/programs\/awards\/kathleen-mcmorrow-music-award\/"]}]},{"@type":"ImageObject","inLanguage":"fr-CA","@id":"https:\/\/oafdn.ca\/programs\/awards\/kathleen-mcmorrow-music-award\/#primaryimage","url":"https:\/\/oafdn.ca\/wp-content\/uploads\/2024\/10\/Kalasian_photo-web-683x1024.jpg","contentUrl":"https:\/\/oafdn.ca\/wp-content\/uploads\/2024\/10\/Kalasian_photo-web-683x1024.jpg"},{"@type":"BreadcrumbList","@id":"https:\/\/oafdn.ca\/programs\/awards\/kathleen-mcmorrow-music-award\/#breadcrumb","itemListElement":[{"@type":"ListItem","position":1,"name":"Home","item":"https:\/\/oafdn.ca\/"},{"@type":"ListItem","position":2,"name":"Programs","item":"https:\/\/oafdn.ca\/programs\/"},{"@type":"ListItem","position":3,"name":"Awards","item":"https:\/\/oafdn.ca\/programs\/awards\/"},{"@type":"ListItem","position":4,"name":"Kathleen McMorrow Music Award"}]},{"@type":"WebSite","@id":"https:\/\/oafdn.ca\/#website","url":"https:\/\/oafdn.ca\/","name":"Fondation des arts de l'Ontario","description":"The Ontario Arts Foundation is a non-governmental not for profit organization established in 1991 under the Ontario Corporations Act to encourage and facilitate private giving to the arts in Ontario, Canada.","publisher":{"@id":"https:\/\/oafdn.ca\/#organization"},"potentialAction":[{"@type":"SearchAction","target":{"@type":"EntryPoint","urlTemplate":"https:\/\/oafdn.ca\/?s={search_term_string}"},"query-input":{"@type":"PropertyValueSpecification","valueRequired":true,"valueName":"search_term_string"}}],"inLanguage":"fr-CA"},{"@type":"Organization","@id":"https:\/\/oafdn.ca\/#organization","name":"Fondation des arts de l'Ontario","url":"https:\/\/oafdn.ca\/","logo":{"@type":"ImageObject","inLanguage":"fr-CA","@id":"https:\/\/oafdn.ca\/#\/schema\/logo\/image\/","url":"https:\/\/oafdn.ca\/wp-content\/uploads\/2022\/02\/logo1-1.png","contentUrl":"https:\/\/oafdn.ca\/wp-content\/uploads\/2022\/02\/logo1-1.png","width":1761,"height":487,"caption":"Ontario Arts Foundation"},"image":{"@id":"https:\/\/oafdn.ca\/#\/schema\/logo\/image\/"},"sameAs":["https:\/\/www.facebook.com\/OntarioArtsFoundation\/","https:\/\/x.com\/OntarioArtsFdn"]}]}},"campaignId":"","_links":{"self":[{"href":"https:\/\/oafdn.ca\/fr\/wp-json\/wp\/v2\/pages\/86048","targetHints":{"allow":["GET"]}}],"collection":[{"href":"https:\/\/oafdn.ca\/fr\/wp-json\/wp\/v2\/pages"}],"about":[{"href":"https:\/\/oafdn.ca\/fr\/wp-json\/wp\/v2\/types\/page"}],"author":[{"embeddable":true,"href":"https:\/\/oafdn.ca\/fr\/wp-json\/wp\/v2\/users\/1"}],"replies":[{"embeddable":true,"href":"https:\/\/oafdn.ca\/fr\/wp-json\/wp\/v2\/comments?post=86048"}],"version-history":[{"count":5,"href":"https:\/\/oafdn.ca\/fr\/wp-json\/wp\/v2\/pages\/86048\/revisions"}],"predecessor-version":[{"id":134924,"href":"https:\/\/oafdn.ca\/fr\/wp-json\/wp\/v2\/pages\/86048\/revisions\/134924"}],"up":[{"embeddable":true,"href":"https:\/\/oafdn.ca\/fr\/wp-json\/wp\/v2\/pages\/3362"}],"wp:attachment":[{"href":"https:\/\/oafdn.ca\/fr\/wp-json\/wp\/v2\/media?parent=86048"}],"curies":[{"name":"wp","href":"https:\/\/api.w.org\/{rel}","templated":true}]}}