{"id":86040,"date":"2022-06-11T03:05:45","date_gmt":"2022-06-11T03:05:45","guid":{"rendered":"https:\/\/oafdn.ca\/?page_id=86040"},"modified":"2023-02-11T06:50:57","modified_gmt":"2023-02-11T06:50:57","slug":"the-hugh-d-mckellar-fund","status":"publish","type":"page","link":"https:\/\/oafdn.ca\/fr\/programs\/awards\/the-hugh-d-mckellar-fund\/","title":{"rendered":"Fonds Hugh D. McKellar"},"content":{"rendered":"<div data-elementor-type=\"wp-page\" data-elementor-id=\"86040\" class=\"elementor elementor-86040\" wpc-filter-elementor-widget=\"1\">\n\t\t\t\t\t\t<section class=\"elementor-section elementor-top-section elementor-element elementor-element-3e320ce elementor-section-boxed elementor-section-height-default elementor-section-height-default\" data-id=\"3e320ce\" data-element_type=\"section\" data-e-type=\"section\">\n\t\t\t\t\t\t<div class=\"elementor-container elementor-column-gap-default\">\n\t\t\t\t\t<div class=\"elementor-column elementor-col-100 elementor-top-column elementor-element elementor-element-bc8aaee\" data-id=\"bc8aaee\" data-element_type=\"column\" data-e-type=\"column\">\n\t\t\t<div class=\"elementor-widget-wrap elementor-element-populated\">\n\t\t\t\t\t\t<div class=\"elementor-element elementor-element-6124a5c elementor-widget elementor-widget-heading\" data-id=\"6124a5c\" data-element_type=\"widget\" data-e-type=\"widget\" data-widget_type=\"heading.default\">\n\t\t\t\t<div class=\"elementor-widget-container\">\n\t\t\t\t\t<h2 class=\"elementor-heading-title elementor-size-default\">Fonds Hugh D. McKellar<\/h2>\t\t\t\t<\/div>\n\t\t\t\t<\/div>\n\t\t\t\t<div class=\"elementor-element elementor-element-023fab7 elementor-widget-divider--view-line elementor-widget elementor-widget-divider\" data-id=\"023fab7\" data-element_type=\"widget\" data-e-type=\"widget\" data-widget_type=\"divider.default\">\n\t\t\t\t<div class=\"elementor-widget-container\">\n\t\t\t\t\t\t\t<div class=\"elementor-divider\">\n\t\t\t<span class=\"elementor-divider-separator\">\n\t\t\t\t\t\t<\/span>\n\t\t<\/div>\n\t\t\t\t\t\t<\/div>\n\t\t\t\t<\/div>\n\t\t\t\t\t<\/div>\n\t\t<\/div>\n\t\t\t\t\t<\/div>\n\t\t<\/section>\n\t\t\t\t<section class=\"elementor-section elementor-top-section elementor-element elementor-element-0125888 elementor-section-boxed elementor-section-height-default elementor-section-height-default\" data-id=\"0125888\" data-element_type=\"section\" data-e-type=\"section\">\n\t\t\t\t\t\t<div class=\"elementor-container elementor-column-gap-default\">\n\t\t\t\t\t<div class=\"elementor-column elementor-col-100 elementor-top-column elementor-element elementor-element-312f946\" data-id=\"312f946\" data-element_type=\"column\" data-e-type=\"column\">\n\t\t\t<div class=\"elementor-widget-wrap elementor-element-populated\">\n\t\t\t\t\t\t<div class=\"elementor-element elementor-element-76820d7 elementor-widget elementor-widget-text-editor\" data-id=\"76820d7\" data-element_type=\"widget\" data-e-type=\"widget\" data-widget_type=\"text-editor.default\">\n\t\t\t\t<div class=\"elementor-widget-container\">\n\t\t\t\t\t\t\t\t\t<p>Hugh D. McKellar a grandi dans le sud-ouest du comt\u00e9 de Lambton. Il a \u00e9tudi\u00e9 le piano et a eu une longue carri\u00e8re dans l\u2019enseignement et de travail dans les biblioth\u00e8ques des \u00e9coles secondaires de Toronto. M. McKellar avait un vif int\u00e9r\u00eat pour la musique d'\u00e9glise et les hymnes.<\/p><p>Ayant planifi\u00e9 de longue date des legs aux institutions importantes dans sa vie, M. McKellar a vu dans la Fondation des arts de l\u2019Ontario une opportunit\u00e9 d\u2019agir de son vivant, et il a organis\u00e9 une s\u00e9rie de prix pour commencer durant sa vie.\u00a0<\/p><p class=\"translation-block\">Comme un moyen de fournir un soutien continu aux jeunes personnes capables, M. McKellar a cr\u00e9\u00e9 le Fonds Hugh D. McKellar pour fournir deux bourses annuelles au Festival de musique du comt\u00e9 de Lambton, \u00e0 travers la \u00ab <strong>Flossie M. McKellar Scholarship<\/strong> \u00bb et la \u00ab <strong>Hugh D. McKellar Scholarship<\/strong> \u00bb, ainsi que pour fournir un soutien financier \u00e0 la to <strong>St. Michael\u2019s Cathedral Choir School<\/strong>.<\/p><p>Le Fonds Hugh D. McKellar fournit des dons annuels pour la prochaine g\u00e9n\u00e9ration d\u2019amoureux de la musique, et le fait d'une mani\u00e8re forte significative pour M. McKellar.<\/p><p><strong><a title=\"\" href=\"http:\/\/www.smcs.on.ca\/index_en.php?page=home\">St. Michael&#8217;s Choir School<\/a><\/strong><\/p><p><img fetchpriority=\"high\" decoding=\"async\" class=\"aligncenter wp-image-122623 size-full\" src=\"https:\/\/oafdn.ca\/wp-content\/uploads\/2023\/02\/St_Michaels_Choir_School.jpg\" alt=\"6 male student chorus\" width=\"985\" height=\"372\" srcset=\"https:\/\/oafdn.ca\/wp-content\/uploads\/2023\/02\/St_Michaels_Choir_School.jpg 985w, https:\/\/oafdn.ca\/wp-content\/uploads\/2023\/02\/St_Michaels_Choir_School-300x113.jpg 300w, https:\/\/oafdn.ca\/wp-content\/uploads\/2023\/02\/St_Michaels_Choir_School-768x290.jpg 768w, https:\/\/oafdn.ca\/wp-content\/uploads\/2023\/02\/St_Michaels_Choir_School-18x7.jpg 18w\" sizes=\"(max-width: 985px) 100vw, 985px\" \/><\/p><p>One of the most important features of the rigorous musical training that the\u00a0<span class=\"blue\"><strong>St. Michael\u2019s Choir School<\/strong>\u00a0<\/span>choristers receive is the experiential educational performance piece that comes with the Annual Spring Tour. The boys and their teachers spend every day for two weeks giving concerts and performances around the province, or the country, or the globe. Sadly, some choristers do not go \u2018on tour\u2019 and are left behind because their family finances cannot afford them this important part of their education. The support from the Hugh D. McKellar Fund has allowed some of these talented, dedicated but financially challenged boys to experience the capstone piece of their education where all the classroom learning is consolidated through the Annual Spring Tour.<\/p><p><a title=\"\" href=\"https:\/\/sarnialambton.cioc.ca\/record\/SAR0250\"><strong>Lambton County Music Festival<\/strong>\u00a0<\/a><\/p><p><img decoding=\"async\" class=\"wp-image-122624 size-full aligncenter\" src=\"https:\/\/oafdn.ca\/wp-content\/uploads\/2023\/02\/lambton_county.jpg\" alt=\"kids chorus with piano\" width=\"650\" height=\"393\" srcset=\"https:\/\/oafdn.ca\/wp-content\/uploads\/2023\/02\/lambton_county.jpg 650w, https:\/\/oafdn.ca\/wp-content\/uploads\/2023\/02\/lambton_county-300x181.jpg 300w, https:\/\/oafdn.ca\/wp-content\/uploads\/2023\/02\/lambton_county-18x12.jpg 18w\" sizes=\"(max-width: 650px) 100vw, 650px\" \/><\/p><p>Le\u00a0<span class=\"blue\"><strong>Lambton County Music Festival<\/strong><\/span>\u00a0is an\u00a0independent music festival that\u00a0brings together talented local school bands, musicians, singers and choirs in south-west Ontario, providing music lovers with two weeks of free musical entertainment. It is the longest-running independently organized music festival in Canada whose objective is to feature the many often-overlooked yet highly skilled musicians who live in the local community in a competitive event. The Hugh D. McKellar Fund\u00a0provides two annual scholarships to the Lambton County Music Festival for\u00a0the\u00a0<span class=\"blue\"><strong>Flossie M. McKellar Scholarship<\/strong><\/span>\u00a0et\u00a0<strong><span class=\"blue\">Hugh D. McKellar Scholarship<\/span><\/strong>.<\/p>\t\t\t\t\t\t\t\t<\/div>\n\t\t\t\t<\/div>\n\t\t\t\t\t<\/div>\n\t\t<\/div>\n\t\t\t\t\t<\/div>\n\t\t<\/section>\n\t\t\t\t<\/div>","protected":false},"excerpt":{"rendered":"<p>The Hugh D. McKellar Fund Hugh D. McKellar grew up in southwestern Lambton County. He studied piano, and had a lengthy career teaching and working in libraries in Toronto secondary schools. Mr. McKellar had an avid interest in church music and hymns. Having long planned bequests to the institutions significant in his life, Mr. McKellar [&hellip;]<\/p>\n","protected":false},"author":1,"featured_media":0,"parent":3362,"menu_order":0,"comment_status":"closed","ping_status":"closed","template":"","meta":{"_acf_changed":false,"give_campaign_id":0,"nf_dc_page":"","site-sidebar-layout":"no-sidebar","site-content-layout":"page-builder","ast-site-content-layout":"default","site-content-style":"default","site-sidebar-style":"default","ast-global-header-display":"","ast-banner-title-visibility":"","ast-main-header-display":"","ast-hfb-above-header-display":"","ast-hfb-below-header-display":"","ast-hfb-mobile-header-display":"","site-post-title":"disabled","ast-breadcrumbs-content":"","ast-featured-img":"disabled","footer-sml-layout":"","ast-disable-related-posts":"","theme-transparent-header-meta":"","adv-header-id-meta":"","stick-header-meta":"","header-above-stick-meta":"","header-main-stick-meta":"","header-below-stick-meta":"","astra-migrate-meta-layouts":"default","ast-page-background-enabled":"default","ast-page-background-meta":{"desktop":{"background-color":"","background-image":"","background-repeat":"repeat","background-position":"center center","background-size":"auto","background-attachment":"scroll","background-type":"","background-media":"","overlay-type":"","overlay-color":"","overlay-opacity":"","overlay-gradient":""},"tablet":{"background-color":"","background-image":"","background-repeat":"repeat","background-position":"center center","background-size":"auto","background-attachment":"scroll","background-type":"","background-media":"","overlay-type":"","overlay-color":"","overlay-opacity":"","overlay-gradient":""},"mobile":{"background-color":"","background-image":"","background-repeat":"repeat","background-position":"center center","background-size":"auto","background-attachment":"scroll","background-type":"","background-media":"","overlay-type":"","overlay-color":"","overlay-opacity":"","overlay-gradient":""}},"ast-content-background-meta":{"desktop":{"background-color":"var(--ast-global-color-5)","background-image":"","background-repeat":"repeat","background-position":"center center","background-size":"auto","background-attachment":"scroll","background-type":"","background-media":"","overlay-type":"","overlay-color":"","overlay-opacity":"","overlay-gradient":""},"tablet":{"background-color":"var(--ast-global-color-5)","background-image":"","background-repeat":"repeat","background-position":"center center","background-size":"auto","background-attachment":"scroll","background-type":"","background-media":"","overlay-type":"","overlay-color":"","overlay-opacity":"","overlay-gradient":""},"mobile":{"background-color":"var(--ast-global-color-5)","background-image":"","background-repeat":"repeat","background-position":"center center","background-size":"auto","background-attachment":"scroll","background-type":"","background-media":"","overlay-type":"","overlay-color":"","overlay-opacity":"","overlay-gradient":""}},"footnotes":""},"class_list":["post-86040","page","type-page","status-publish","hentry"],"acf":[],"yoast_head":"<!-- This site is optimized with the Yoast SEO plugin v27.4 - https:\/\/yoast.com\/product\/yoast-seo-wordpress\/ -->\n<title>The Hugh D. McKellar Fund - Ontario Arts Foundation<\/title>\n<meta name=\"description\" content=\"The Hugh D. McKellar Fund Ontario Arts Foundation\" \/>\n<meta name=\"robots\" content=\"index, follow, max-snippet:-1, max-image-preview:large, max-video-preview:-1\" \/>\n<link rel=\"canonical\" href=\"https:\/\/oafdn.ca\/fr\/programs\/awards\/the-hugh-d-mckellar-fund\/\" \/>\n<meta property=\"og:locale\" content=\"fr_CA\" \/>\n<meta property=\"og:type\" content=\"article\" \/>\n<meta property=\"og:title\" content=\"The Hugh D. McKellar Fund - Ontario Arts Foundation\" \/>\n<meta property=\"og:description\" content=\"The Hugh D. McKellar Fund Ontario Arts Foundation\" \/>\n<meta property=\"og:url\" content=\"https:\/\/oafdn.ca\/fr\/programs\/awards\/the-hugh-d-mckellar-fund\/\" \/>\n<meta property=\"og:site_name\" content=\"Ontario Arts Foundation\" \/>\n<meta property=\"article:publisher\" content=\"https:\/\/www.facebook.com\/OntarioArtsFoundation\/\" \/>\n<meta property=\"article:modified_time\" content=\"2023-02-11T06:50:57+00:00\" \/>\n<meta property=\"og:image\" content=\"https:\/\/oafdn.ca\/wp-content\/uploads\/2023\/02\/St_Michaels_Choir_School.jpg\" \/>\n\t<meta property=\"og:image:width\" content=\"985\" \/>\n\t<meta property=\"og:image:height\" content=\"372\" \/>\n\t<meta property=\"og:image:type\" content=\"image\/jpeg\" \/>\n<meta name=\"twitter:card\" content=\"summary_large_image\" \/>\n<meta name=\"twitter:site\" content=\"@OntarioArtsFdn\" \/>\n<meta name=\"twitter:label1\" content=\"Estimation du temps de lecture\" \/>\n\t<meta name=\"twitter:data1\" content=\"2 minutes\" \/>\n<script type=\"application\/ld+json\" class=\"yoast-schema-graph\">{\"@context\":\"https:\\\/\\\/schema.org\",\"@graph\":[{\"@type\":\"WebPage\",\"@id\":\"https:\\\/\\\/oafdn.ca\\\/programs\\\/awards\\\/the-hugh-d-mckellar-fund\\\/\",\"url\":\"https:\\\/\\\/oafdn.ca\\\/programs\\\/awards\\\/the-hugh-d-mckellar-fund\\\/\",\"name\":\"The Hugh D. McKellar Fund - Ontario Arts Foundation\",\"isPartOf\":{\"@id\":\"https:\\\/\\\/oafdn.ca\\\/#website\"},\"primaryImageOfPage\":{\"@id\":\"https:\\\/\\\/oafdn.ca\\\/programs\\\/awards\\\/the-hugh-d-mckellar-fund\\\/#primaryimage\"},\"image\":{\"@id\":\"https:\\\/\\\/oafdn.ca\\\/programs\\\/awards\\\/the-hugh-d-mckellar-fund\\\/#primaryimage\"},\"thumbnailUrl\":\"https:\\\/\\\/oafdn.ca\\\/wp-content\\\/uploads\\\/2023\\\/02\\\/St_Michaels_Choir_School.jpg\",\"datePublished\":\"2022-06-11T03:05:45+00:00\",\"dateModified\":\"2023-02-11T06:50:57+00:00\",\"description\":\"The Hugh D. McKellar Fund Ontario Arts Foundation\",\"breadcrumb\":{\"@id\":\"https:\\\/\\\/oafdn.ca\\\/programs\\\/awards\\\/the-hugh-d-mckellar-fund\\\/#breadcrumb\"},\"inLanguage\":\"fr-CA\",\"potentialAction\":[{\"@type\":\"ReadAction\",\"target\":[\"https:\\\/\\\/oafdn.ca\\\/programs\\\/awards\\\/the-hugh-d-mckellar-fund\\\/\"]}]},{\"@type\":\"ImageObject\",\"inLanguage\":\"fr-CA\",\"@id\":\"https:\\\/\\\/oafdn.ca\\\/programs\\\/awards\\\/the-hugh-d-mckellar-fund\\\/#primaryimage\",\"url\":\"https:\\\/\\\/oafdn.ca\\\/wp-content\\\/uploads\\\/2023\\\/02\\\/St_Michaels_Choir_School.jpg\",\"contentUrl\":\"https:\\\/\\\/oafdn.ca\\\/wp-content\\\/uploads\\\/2023\\\/02\\\/St_Michaels_Choir_School.jpg\"},{\"@type\":\"BreadcrumbList\",\"@id\":\"https:\\\/\\\/oafdn.ca\\\/programs\\\/awards\\\/the-hugh-d-mckellar-fund\\\/#breadcrumb\",\"itemListElement\":[{\"@type\":\"ListItem\",\"position\":1,\"name\":\"Home\",\"item\":\"https:\\\/\\\/oafdn.ca\\\/\"},{\"@type\":\"ListItem\",\"position\":2,\"name\":\"Programs\",\"item\":\"https:\\\/\\\/oafdn.ca\\\/programs\\\/\"},{\"@type\":\"ListItem\",\"position\":3,\"name\":\"Awards\",\"item\":\"https:\\\/\\\/oafdn.ca\\\/programs\\\/awards\\\/\"},{\"@type\":\"ListItem\",\"position\":4,\"name\":\"The Hugh D. McKellar Fund\"}]},{\"@type\":\"WebSite\",\"@id\":\"https:\\\/\\\/oafdn.ca\\\/#website\",\"url\":\"https:\\\/\\\/oafdn.ca\\\/\",\"name\":\"Ontario Arts Foundation\",\"description\":\"The Ontario Arts Foundation is a non-governmental not for profit organization established in 1991 under the Ontario Corporations Act to encourage and facilitate private giving to the arts in Ontario, Canada.\",\"publisher\":{\"@id\":\"https:\\\/\\\/oafdn.ca\\\/#organization\"},\"potentialAction\":[{\"@type\":\"SearchAction\",\"target\":{\"@type\":\"EntryPoint\",\"urlTemplate\":\"https:\\\/\\\/oafdn.ca\\\/?s={search_term_string}\"},\"query-input\":{\"@type\":\"PropertyValueSpecification\",\"valueRequired\":true,\"valueName\":\"search_term_string\"}}],\"inLanguage\":\"fr-CA\"},{\"@type\":\"Organization\",\"@id\":\"https:\\\/\\\/oafdn.ca\\\/#organization\",\"name\":\"Ontario Arts Foundation\",\"url\":\"https:\\\/\\\/oafdn.ca\\\/\",\"logo\":{\"@type\":\"ImageObject\",\"inLanguage\":\"fr-CA\",\"@id\":\"https:\\\/\\\/oafdn.ca\\\/#\\\/schema\\\/logo\\\/image\\\/\",\"url\":\"https:\\\/\\\/oafdn.ca\\\/wp-content\\\/uploads\\\/2022\\\/02\\\/logo1-1.png\",\"contentUrl\":\"https:\\\/\\\/oafdn.ca\\\/wp-content\\\/uploads\\\/2022\\\/02\\\/logo1-1.png\",\"width\":1761,\"height\":487,\"caption\":\"Ontario Arts Foundation\"},\"image\":{\"@id\":\"https:\\\/\\\/oafdn.ca\\\/#\\\/schema\\\/logo\\\/image\\\/\"},\"sameAs\":[\"https:\\\/\\\/www.facebook.com\\\/OntarioArtsFoundation\\\/\",\"https:\\\/\\\/x.com\\\/OntarioArtsFdn\"]}]}<\/script>\n<!-- \/ Yoast SEO plugin. -->","yoast_head_json":{"title":"The Hugh D. McKellar Fund - Ontario Arts Foundation","description":"The Hugh D. McKellar Fund Ontario Arts Foundation","robots":{"index":"index","follow":"follow","max-snippet":"max-snippet:-1","max-image-preview":"max-image-preview:large","max-video-preview":"max-video-preview:-1"},"canonical":"https:\/\/oafdn.ca\/fr\/programs\/awards\/the-hugh-d-mckellar-fund\/","og_locale":"fr_CA","og_type":"article","og_title":"The Hugh D. McKellar Fund - Ontario Arts Foundation","og_description":"The Hugh D. McKellar Fund Ontario Arts Foundation","og_url":"https:\/\/oafdn.ca\/fr\/programs\/awards\/the-hugh-d-mckellar-fund\/","og_site_name":"Ontario Arts Foundation","article_publisher":"https:\/\/www.facebook.com\/OntarioArtsFoundation\/","article_modified_time":"2023-02-11T06:50:57+00:00","og_image":[{"width":985,"height":372,"url":"https:\/\/oafdn.ca\/wp-content\/uploads\/2023\/02\/St_Michaels_Choir_School.jpg","type":"image\/jpeg"}],"twitter_card":"summary_large_image","twitter_site":"@OntarioArtsFdn","twitter_misc":{"Estimation du temps de lecture":"2 minutes"},"schema":{"@context":"https:\/\/schema.org","@graph":[{"@type":"WebPage","@id":"https:\/\/oafdn.ca\/programs\/awards\/the-hugh-d-mckellar-fund\/","url":"https:\/\/oafdn.ca\/programs\/awards\/the-hugh-d-mckellar-fund\/","name":"The Hugh D. McKellar Fund - Ontario Arts Foundation","isPartOf":{"@id":"https:\/\/oafdn.ca\/#website"},"primaryImageOfPage":{"@id":"https:\/\/oafdn.ca\/programs\/awards\/the-hugh-d-mckellar-fund\/#primaryimage"},"image":{"@id":"https:\/\/oafdn.ca\/programs\/awards\/the-hugh-d-mckellar-fund\/#primaryimage"},"thumbnailUrl":"https:\/\/oafdn.ca\/wp-content\/uploads\/2023\/02\/St_Michaels_Choir_School.jpg","datePublished":"2022-06-11T03:05:45+00:00","dateModified":"2023-02-11T06:50:57+00:00","description":"The Hugh D. McKellar Fund Ontario Arts Foundation","breadcrumb":{"@id":"https:\/\/oafdn.ca\/programs\/awards\/the-hugh-d-mckellar-fund\/#breadcrumb"},"inLanguage":"fr-CA","potentialAction":[{"@type":"ReadAction","target":["https:\/\/oafdn.ca\/programs\/awards\/the-hugh-d-mckellar-fund\/"]}]},{"@type":"ImageObject","inLanguage":"fr-CA","@id":"https:\/\/oafdn.ca\/programs\/awards\/the-hugh-d-mckellar-fund\/#primaryimage","url":"https:\/\/oafdn.ca\/wp-content\/uploads\/2023\/02\/St_Michaels_Choir_School.jpg","contentUrl":"https:\/\/oafdn.ca\/wp-content\/uploads\/2023\/02\/St_Michaels_Choir_School.jpg"},{"@type":"BreadcrumbList","@id":"https:\/\/oafdn.ca\/programs\/awards\/the-hugh-d-mckellar-fund\/#breadcrumb","itemListElement":[{"@type":"ListItem","position":1,"name":"Home","item":"https:\/\/oafdn.ca\/"},{"@type":"ListItem","position":2,"name":"Programs","item":"https:\/\/oafdn.ca\/programs\/"},{"@type":"ListItem","position":3,"name":"Awards","item":"https:\/\/oafdn.ca\/programs\/awards\/"},{"@type":"ListItem","position":4,"name":"The Hugh D. McKellar Fund"}]},{"@type":"WebSite","@id":"https:\/\/oafdn.ca\/#website","url":"https:\/\/oafdn.ca\/","name":"Fondation des arts de l'Ontario","description":"The Ontario Arts Foundation is a non-governmental not for profit organization established in 1991 under the Ontario Corporations Act to encourage and facilitate private giving to the arts in Ontario, Canada.","publisher":{"@id":"https:\/\/oafdn.ca\/#organization"},"potentialAction":[{"@type":"SearchAction","target":{"@type":"EntryPoint","urlTemplate":"https:\/\/oafdn.ca\/?s={search_term_string}"},"query-input":{"@type":"PropertyValueSpecification","valueRequired":true,"valueName":"search_term_string"}}],"inLanguage":"fr-CA"},{"@type":"Organization","@id":"https:\/\/oafdn.ca\/#organization","name":"Fondation des arts de l'Ontario","url":"https:\/\/oafdn.ca\/","logo":{"@type":"ImageObject","inLanguage":"fr-CA","@id":"https:\/\/oafdn.ca\/#\/schema\/logo\/image\/","url":"https:\/\/oafdn.ca\/wp-content\/uploads\/2022\/02\/logo1-1.png","contentUrl":"https:\/\/oafdn.ca\/wp-content\/uploads\/2022\/02\/logo1-1.png","width":1761,"height":487,"caption":"Ontario Arts Foundation"},"image":{"@id":"https:\/\/oafdn.ca\/#\/schema\/logo\/image\/"},"sameAs":["https:\/\/www.facebook.com\/OntarioArtsFoundation\/","https:\/\/x.com\/OntarioArtsFdn"]}]}},"campaignId":"","_links":{"self":[{"href":"https:\/\/oafdn.ca\/fr\/wp-json\/wp\/v2\/pages\/86040","targetHints":{"allow":["GET"]}}],"collection":[{"href":"https:\/\/oafdn.ca\/fr\/wp-json\/wp\/v2\/pages"}],"about":[{"href":"https:\/\/oafdn.ca\/fr\/wp-json\/wp\/v2\/types\/page"}],"author":[{"embeddable":true,"href":"https:\/\/oafdn.ca\/fr\/wp-json\/wp\/v2\/users\/1"}],"replies":[{"embeddable":true,"href":"https:\/\/oafdn.ca\/fr\/wp-json\/wp\/v2\/comments?post=86040"}],"version-history":[{"count":10,"href":"https:\/\/oafdn.ca\/fr\/wp-json\/wp\/v2\/pages\/86040\/revisions"}],"predecessor-version":[{"id":122627,"href":"https:\/\/oafdn.ca\/fr\/wp-json\/wp\/v2\/pages\/86040\/revisions\/122627"}],"up":[{"embeddable":true,"href":"https:\/\/oafdn.ca\/fr\/wp-json\/wp\/v2\/pages\/3362"}],"wp:attachment":[{"href":"https:\/\/oafdn.ca\/fr\/wp-json\/wp\/v2\/media?parent=86040"}],"curies":[{"name":"wp","href":"https:\/\/api.w.org\/{rel}","templated":true}]}}