{"id":86032,"date":"2022-06-11T03:00:34","date_gmt":"2022-06-11T03:00:34","guid":{"rendered":"https:\/\/oafdn.ca\/?page_id=86032"},"modified":"2023-02-11T06:43:29","modified_gmt":"2023-02-11T06:43:29","slug":"mary-jolliffe-award-for-senior-arts-administrators","status":"publish","type":"page","link":"https:\/\/oafdn.ca\/fr\/programs\/awards\/mary-jolliffe-award-for-senior-arts-administrators\/","title":{"rendered":"Prix Mary Jolliffe pour administrateurs artistiques chevronn\u00e9s"},"content":{"rendered":"<div data-elementor-type=\"wp-page\" data-elementor-id=\"86032\" class=\"elementor elementor-86032\" wpc-filter-elementor-widget=\"1\">\n\t\t\t\t\t\t<section class=\"elementor-section elementor-top-section elementor-element elementor-element-189253e elementor-section-boxed elementor-section-height-default elementor-section-height-default\" data-id=\"189253e\" data-element_type=\"section\" data-e-type=\"section\">\n\t\t\t\t\t\t<div class=\"elementor-container elementor-column-gap-default\">\n\t\t\t\t\t<div class=\"elementor-column elementor-col-100 elementor-top-column elementor-element elementor-element-3e8f940\" data-id=\"3e8f940\" data-element_type=\"column\" data-e-type=\"column\">\n\t\t\t<div class=\"elementor-widget-wrap elementor-element-populated\">\n\t\t\t\t\t\t<div class=\"elementor-element elementor-element-96b6131 elementor-widget elementor-widget-heading\" data-id=\"96b6131\" data-element_type=\"widget\" data-e-type=\"widget\" data-widget_type=\"heading.default\">\n\t\t\t\t<div class=\"elementor-widget-container\">\n\t\t\t\t\t<h2 class=\"elementor-heading-title elementor-size-default\"> Prix Mary Jolliffe pour administrateurs artistiques chevronn\u00e9s <\/h2>\t\t\t\t<\/div>\n\t\t\t\t<\/div>\n\t\t\t\t<div class=\"elementor-element elementor-element-dcd3664 elementor-widget-divider--view-line elementor-widget elementor-widget-divider\" data-id=\"dcd3664\" data-element_type=\"widget\" data-e-type=\"widget\" data-widget_type=\"divider.default\">\n\t\t\t\t<div class=\"elementor-widget-container\">\n\t\t\t\t\t\t\t<div class=\"elementor-divider\">\n\t\t\t<span class=\"elementor-divider-separator\">\n\t\t\t\t\t\t<\/span>\n\t\t<\/div>\n\t\t\t\t\t\t<\/div>\n\t\t\t\t<\/div>\n\t\t\t\t\t<\/div>\n\t\t<\/div>\n\t\t\t\t\t<\/div>\n\t\t<\/section>\n\t\t\t\t<section class=\"elementor-section elementor-top-section elementor-element elementor-element-5a7caf9 elementor-section-boxed elementor-section-height-default elementor-section-height-default\" data-id=\"5a7caf9\" data-element_type=\"section\" data-e-type=\"section\">\n\t\t\t\t\t\t<div class=\"elementor-container elementor-column-gap-default\">\n\t\t\t\t\t<div class=\"elementor-column elementor-col-100 elementor-top-column elementor-element elementor-element-6b2fbbd\" data-id=\"6b2fbbd\" data-element_type=\"column\" data-e-type=\"column\">\n\t\t\t<div class=\"elementor-widget-wrap elementor-element-populated\">\n\t\t\t\t\t\t<div class=\"elementor-element elementor-element-a670a7a elementor-widget elementor-widget-text-editor\" data-id=\"a670a7a\" data-element_type=\"widget\" data-e-type=\"widget\" data-widget_type=\"text-editor.default\">\n\t\t\t\t<div class=\"elementor-widget-container\">\n\t\t\t\t\t\t\t\t\t<p class=\"translation-block\">Le <strong>Prix Mary Jolliffe pour administrateurs artistiques chevronn\u00e9s<\/strong> a \u00e9t\u00e9 \u00e9tabli afin de c\u00e9l\u00e9brer Mary Jolliffe, une attach\u00e9e de presse pour le th\u00e9\u00e2tre et publiciste artistique estim\u00e9e. A partir de 2016, le prix triennal reconnaitra la carri\u00e8re et les contributions faites par un administrateur ou une administratrice artistique de l\u2019Ontario dans les domaines de la communication artistique, du marketing et\/ou du d\u00e9veloppement dans le secteur artistique \u00e0 but non lucratif.<\/p><p><img decoding=\"async\" src=\"https:\/\/www.oafdn.ca\/system\/uploads\/attachments\/000\/000\/383\/original\/3055252.jpg?1455583364\" alt=\"\" width=\"250\" \/><img fetchpriority=\"high\" decoding=\"async\" class=\"alignnone size-medium wp-image-4307\" src=\"https:\/\/oafdn.ca\/wp-content\/uploads\/2022\/02\/MJolliffe-236x300.jpg\" alt=\"picture of Mary Jolliffe\" width=\"236\" height=\"300\" srcset=\"https:\/\/oafdn.ca\/wp-content\/uploads\/2022\/02\/MJolliffe-236x300.jpg 236w, https:\/\/oafdn.ca\/wp-content\/uploads\/2022\/02\/MJolliffe-805x1024.jpg 805w, https:\/\/oafdn.ca\/wp-content\/uploads\/2022\/02\/MJolliffe-768x977.jpg 768w, https:\/\/oafdn.ca\/wp-content\/uploads\/2022\/02\/MJolliffe-1207x1536.jpg 1207w, https:\/\/oafdn.ca\/wp-content\/uploads\/2022\/02\/MJolliffe-1610x2048.jpg 1610w, https:\/\/oafdn.ca\/wp-content\/uploads\/2022\/02\/MJolliffe-9x12.jpg 9w, https:\/\/oafdn.ca\/wp-content\/uploads\/2022\/02\/MJolliffe-scaled.jpg 2012w\" sizes=\"(max-width: 236px) 100vw, 236px\" \/><\/p><p><em>Photo: Gary Beechey<\/em>\u00a0<\/p><p><em>La carri\u00e8re professionnelle de Mary Jolliffe a \u00e9t\u00e9 consacr\u00e9e \u00e0 soutenir les arts en Am\u00e9rique du Nord. Son premier r\u00f4le en tant que publiciste \u00e9tait avec le Festival de Stratford \u00e0 ses d\u00e9buts en 1953. De l\u00e0, Mary a occup\u00e9 de nombreux r\u00f4les de relations publiques, y compris au Centre O'Keefe \u00e0 Toronto, au Th\u00e9\u00e2tre Guthrie \u00e0 Minneapolis, avec la compagnie de tourn\u00e9es du Metropolitan Opera de New York, Expo 67 \u00e0 Montr\u00e9al, le Ballet national du Canada, le Centre national des Arts, le Conseil des Arts du Canada et le Conseil des arts de l'Ontario. Sa passion et son engagement envers les artistes et la promotion des organismes \u00e9taient permanents et elle a laiss\u00e9e sa marque sur chaque organisme. Mary a \u00e9t\u00e9 reconnue pour ses efforts en \u00e9tant nomm\u00e9e \u00e0 l'Ordre du Canada en 1985.<\/em><\/p><p><span style=\"color: #5675b8; font-family: helvetica; font-size: 20px; background-color: #ffffff;\">Prix:  5 000 $<\/span><\/p><p>Laur\u00e9ate de cette ann\u00e9e<br \/>2016\u00a0\u00a0\u00a0\u00a0\u00a0Vivienne Muhling<\/p><p><img decoding=\"async\" src=\"https:\/\/www.oafdn.ca\/system\/uploads\/attachments\/000\/000\/549\/original\/Facebook.jpg?1474637301\" alt=\"\" width=\"225\" \/><br \/><em>Vivienne Muhling, 2016 laur\u00e9ate<\/em><\/p><p>Communiqu\u00e9s de presse<br \/><a href=\"https:\/\/oafdn.ca\/fr\/vivienne-muhling-is-honoured-with-the-inaugural-mary-jolliffe-award-for-senior-arts-administrators\/\">Vivienne Muhling re\u00e7oit le premier Prix Mary Jolliffe pour administrateurs artistiques chevronn\u00e9s<\/a>\u00a0\u00a0\u00a0<b><em>le 26 septembre 2016<\/em><\/p>\t\t\t\t\t\t\t\t<\/div>\n\t\t\t\t<\/div>\n\t\t\t\t\t<\/div>\n\t\t<\/div>\n\t\t\t\t\t<\/div>\n\t\t<\/section>\n\t\t\t\t<\/div>","protected":false},"excerpt":{"rendered":"<p>Mary Jolliffe Award for Senior Arts Administrators The\u00a0Mary Jolliffe Award for Senior Arts Administrators\u00a0was established in honour of Mary Jolliffe, an esteemed theatrical press agent and arts publicist.\u00a0 Beginning in 2016, the triennial award will recognize the career and contributions made by an Ontario arts administrator in the field of arts communications, marketing and\/or development [&hellip;]<\/p>\n","protected":false},"author":1,"featured_media":0,"parent":3362,"menu_order":0,"comment_status":"closed","ping_status":"closed","template":"","meta":{"_acf_changed":false,"give_campaign_id":0,"nf_dc_page":"","site-sidebar-layout":"no-sidebar","site-content-layout":"page-builder","ast-site-content-layout":"default","site-content-style":"default","site-sidebar-style":"default","ast-global-header-display":"","ast-banner-title-visibility":"","ast-main-header-display":"","ast-hfb-above-header-display":"","ast-hfb-below-header-display":"","ast-hfb-mobile-header-display":"","site-post-title":"disabled","ast-breadcrumbs-content":"","ast-featured-img":"disabled","footer-sml-layout":"","ast-disable-related-posts":"","theme-transparent-header-meta":"","adv-header-id-meta":"","stick-header-meta":"","header-above-stick-meta":"","header-main-stick-meta":"","header-below-stick-meta":"","astra-migrate-meta-layouts":"default","ast-page-background-enabled":"default","ast-page-background-meta":{"desktop":{"background-color":"","background-image":"","background-repeat":"repeat","background-position":"center center","background-size":"auto","background-attachment":"scroll","background-type":"","background-media":"","overlay-type":"","overlay-color":"","overlay-opacity":"","overlay-gradient":""},"tablet":{"background-color":"","background-image":"","background-repeat":"repeat","background-position":"center center","background-size":"auto","background-attachment":"scroll","background-type":"","background-media":"","overlay-type":"","overlay-color":"","overlay-opacity":"","overlay-gradient":""},"mobile":{"background-color":"","background-image":"","background-repeat":"repeat","background-position":"center center","background-size":"auto","background-attachment":"scroll","background-type":"","background-media":"","overlay-type":"","overlay-color":"","overlay-opacity":"","overlay-gradient":""}},"ast-content-background-meta":{"desktop":{"background-color":"var(--ast-global-color-5)","background-image":"","background-repeat":"repeat","background-position":"center center","background-size":"auto","background-attachment":"scroll","background-type":"","background-media":"","overlay-type":"","overlay-color":"","overlay-opacity":"","overlay-gradient":""},"tablet":{"background-color":"var(--ast-global-color-5)","background-image":"","background-repeat":"repeat","background-position":"center center","background-size":"auto","background-attachment":"scroll","background-type":"","background-media":"","overlay-type":"","overlay-color":"","overlay-opacity":"","overlay-gradient":""},"mobile":{"background-color":"var(--ast-global-color-5)","background-image":"","background-repeat":"repeat","background-position":"center center","background-size":"auto","background-attachment":"scroll","background-type":"","background-media":"","overlay-type":"","overlay-color":"","overlay-opacity":"","overlay-gradient":""}},"footnotes":""},"class_list":["post-86032","page","type-page","status-publish","hentry"],"acf":[],"yoast_head":"<!-- This site is optimized with the Yoast SEO plugin v27.6 - https:\/\/yoast.com\/product\/yoast-seo-wordpress\/ -->\n<title>Mary Jolliffe Award for Senior Arts Administrators - Ontario Arts Foundation<\/title>\n<meta name=\"description\" content=\"Mary Jolliffe Award for Senior Arts Administrators Ontario Arts Foundation\" \/>\n<meta name=\"robots\" content=\"index, follow, max-snippet:-1, max-image-preview:large, max-video-preview:-1\" \/>\n<link rel=\"canonical\" href=\"https:\/\/oafdn.ca\/fr\/programs\/awards\/mary-jolliffe-award-for-senior-arts-administrators\/\" \/>\n<meta property=\"og:locale\" content=\"fr_CA\" \/>\n<meta property=\"og:type\" content=\"article\" \/>\n<meta property=\"og:title\" content=\"Mary Jolliffe Award for Senior Arts Administrators - Ontario Arts Foundation\" \/>\n<meta property=\"og:description\" content=\"Mary Jolliffe Award for Senior Arts Administrators Ontario Arts Foundation\" \/>\n<meta property=\"og:url\" content=\"https:\/\/oafdn.ca\/fr\/programs\/awards\/mary-jolliffe-award-for-senior-arts-administrators\/\" \/>\n<meta property=\"og:site_name\" content=\"Ontario Arts Foundation\" \/>\n<meta property=\"article:publisher\" content=\"https:\/\/www.facebook.com\/OntarioArtsFoundation\/\" \/>\n<meta property=\"article:modified_time\" content=\"2023-02-11T06:43:29+00:00\" \/>\n<meta property=\"og:image\" content=\"https:\/\/www.oafdn.ca\/system\/uploads\/attachments\/000\/000\/383\/original\/3055252.jpg?1455583364\" \/>\n<meta name=\"twitter:card\" content=\"summary_large_image\" \/>\n<meta name=\"twitter:site\" content=\"@OntarioArtsFdn\" \/>\n<meta name=\"twitter:label1\" content=\"Estimation du temps de lecture\" \/>\n\t<meta name=\"twitter:data1\" content=\"1 minute\" \/>\n<script type=\"application\/ld+json\" class=\"yoast-schema-graph\">{\"@context\":\"https:\\\/\\\/schema.org\",\"@graph\":[{\"@type\":\"WebPage\",\"@id\":\"https:\\\/\\\/oafdn.ca\\\/programs\\\/awards\\\/mary-jolliffe-award-for-senior-arts-administrators\\\/\",\"url\":\"https:\\\/\\\/oafdn.ca\\\/programs\\\/awards\\\/mary-jolliffe-award-for-senior-arts-administrators\\\/\",\"name\":\"Mary Jolliffe Award for Senior Arts Administrators - Ontario Arts Foundation\",\"isPartOf\":{\"@id\":\"https:\\\/\\\/oafdn.ca\\\/#website\"},\"primaryImageOfPage\":{\"@id\":\"https:\\\/\\\/oafdn.ca\\\/programs\\\/awards\\\/mary-jolliffe-award-for-senior-arts-administrators\\\/#primaryimage\"},\"image\":{\"@id\":\"https:\\\/\\\/oafdn.ca\\\/programs\\\/awards\\\/mary-jolliffe-award-for-senior-arts-administrators\\\/#primaryimage\"},\"thumbnailUrl\":\"https:\\\/\\\/www.oafdn.ca\\\/system\\\/uploads\\\/attachments\\\/000\\\/000\\\/383\\\/original\\\/3055252.jpg?1455583364\",\"datePublished\":\"2022-06-11T03:00:34+00:00\",\"dateModified\":\"2023-02-11T06:43:29+00:00\",\"description\":\"Mary Jolliffe Award for Senior Arts Administrators Ontario Arts Foundation\",\"breadcrumb\":{\"@id\":\"https:\\\/\\\/oafdn.ca\\\/programs\\\/awards\\\/mary-jolliffe-award-for-senior-arts-administrators\\\/#breadcrumb\"},\"inLanguage\":\"fr-CA\",\"potentialAction\":[{\"@type\":\"ReadAction\",\"target\":[\"https:\\\/\\\/oafdn.ca\\\/programs\\\/awards\\\/mary-jolliffe-award-for-senior-arts-administrators\\\/\"]}]},{\"@type\":\"ImageObject\",\"inLanguage\":\"fr-CA\",\"@id\":\"https:\\\/\\\/oafdn.ca\\\/programs\\\/awards\\\/mary-jolliffe-award-for-senior-arts-administrators\\\/#primaryimage\",\"url\":\"https:\\\/\\\/www.oafdn.ca\\\/system\\\/uploads\\\/attachments\\\/000\\\/000\\\/383\\\/original\\\/3055252.jpg?1455583364\",\"contentUrl\":\"https:\\\/\\\/www.oafdn.ca\\\/system\\\/uploads\\\/attachments\\\/000\\\/000\\\/383\\\/original\\\/3055252.jpg?1455583364\"},{\"@type\":\"BreadcrumbList\",\"@id\":\"https:\\\/\\\/oafdn.ca\\\/programs\\\/awards\\\/mary-jolliffe-award-for-senior-arts-administrators\\\/#breadcrumb\",\"itemListElement\":[{\"@type\":\"ListItem\",\"position\":1,\"name\":\"Home\",\"item\":\"https:\\\/\\\/oafdn.ca\\\/\"},{\"@type\":\"ListItem\",\"position\":2,\"name\":\"Programs\",\"item\":\"https:\\\/\\\/oafdn.ca\\\/programs\\\/\"},{\"@type\":\"ListItem\",\"position\":3,\"name\":\"Awards\",\"item\":\"https:\\\/\\\/oafdn.ca\\\/programs\\\/awards\\\/\"},{\"@type\":\"ListItem\",\"position\":4,\"name\":\"Mary Jolliffe Award for Senior Arts Administrators\"}]},{\"@type\":\"WebSite\",\"@id\":\"https:\\\/\\\/oafdn.ca\\\/#website\",\"url\":\"https:\\\/\\\/oafdn.ca\\\/\",\"name\":\"Ontario Arts Foundation\",\"description\":\"The Ontario Arts Foundation is a non-governmental not for profit organization established in 1991 under the Ontario Corporations Act to encourage and facilitate private giving to the arts in Ontario, Canada.\",\"publisher\":{\"@id\":\"https:\\\/\\\/oafdn.ca\\\/#organization\"},\"potentialAction\":[{\"@type\":\"SearchAction\",\"target\":{\"@type\":\"EntryPoint\",\"urlTemplate\":\"https:\\\/\\\/oafdn.ca\\\/?s={search_term_string}\"},\"query-input\":{\"@type\":\"PropertyValueSpecification\",\"valueRequired\":true,\"valueName\":\"search_term_string\"}}],\"inLanguage\":\"fr-CA\"},{\"@type\":\"Organization\",\"@id\":\"https:\\\/\\\/oafdn.ca\\\/#organization\",\"name\":\"Ontario Arts Foundation\",\"url\":\"https:\\\/\\\/oafdn.ca\\\/\",\"logo\":{\"@type\":\"ImageObject\",\"inLanguage\":\"fr-CA\",\"@id\":\"https:\\\/\\\/oafdn.ca\\\/#\\\/schema\\\/logo\\\/image\\\/\",\"url\":\"https:\\\/\\\/oafdn.ca\\\/wp-content\\\/uploads\\\/2022\\\/02\\\/logo1-1.png\",\"contentUrl\":\"https:\\\/\\\/oafdn.ca\\\/wp-content\\\/uploads\\\/2022\\\/02\\\/logo1-1.png\",\"width\":1761,\"height\":487,\"caption\":\"Ontario Arts Foundation\"},\"image\":{\"@id\":\"https:\\\/\\\/oafdn.ca\\\/#\\\/schema\\\/logo\\\/image\\\/\"},\"sameAs\":[\"https:\\\/\\\/www.facebook.com\\\/OntarioArtsFoundation\\\/\",\"https:\\\/\\\/x.com\\\/OntarioArtsFdn\"]}]}<\/script>\n<!-- \/ Yoast SEO plugin. -->","yoast_head_json":{"title":"Mary Jolliffe Award for Senior Arts Administrators - Ontario Arts Foundation","description":"Mary Jolliffe Award for Senior Arts Administrators Ontario Arts Foundation","robots":{"index":"index","follow":"follow","max-snippet":"max-snippet:-1","max-image-preview":"max-image-preview:large","max-video-preview":"max-video-preview:-1"},"canonical":"https:\/\/oafdn.ca\/fr\/programs\/awards\/mary-jolliffe-award-for-senior-arts-administrators\/","og_locale":"fr_CA","og_type":"article","og_title":"Mary Jolliffe Award for Senior Arts Administrators - Ontario Arts Foundation","og_description":"Mary Jolliffe Award for Senior Arts Administrators Ontario Arts Foundation","og_url":"https:\/\/oafdn.ca\/fr\/programs\/awards\/mary-jolliffe-award-for-senior-arts-administrators\/","og_site_name":"Ontario Arts Foundation","article_publisher":"https:\/\/www.facebook.com\/OntarioArtsFoundation\/","article_modified_time":"2023-02-11T06:43:29+00:00","og_image":[{"url":"https:\/\/www.oafdn.ca\/system\/uploads\/attachments\/000\/000\/383\/original\/3055252.jpg?1455583364","type":"","width":"","height":""}],"twitter_card":"summary_large_image","twitter_site":"@OntarioArtsFdn","twitter_misc":{"Estimation du temps de lecture":"1 minute"},"schema":{"@context":"https:\/\/schema.org","@graph":[{"@type":"WebPage","@id":"https:\/\/oafdn.ca\/programs\/awards\/mary-jolliffe-award-for-senior-arts-administrators\/","url":"https:\/\/oafdn.ca\/programs\/awards\/mary-jolliffe-award-for-senior-arts-administrators\/","name":"Mary Jolliffe Award for Senior Arts Administrators - Ontario Arts Foundation","isPartOf":{"@id":"https:\/\/oafdn.ca\/#website"},"primaryImageOfPage":{"@id":"https:\/\/oafdn.ca\/programs\/awards\/mary-jolliffe-award-for-senior-arts-administrators\/#primaryimage"},"image":{"@id":"https:\/\/oafdn.ca\/programs\/awards\/mary-jolliffe-award-for-senior-arts-administrators\/#primaryimage"},"thumbnailUrl":"https:\/\/www.oafdn.ca\/system\/uploads\/attachments\/000\/000\/383\/original\/3055252.jpg?1455583364","datePublished":"2022-06-11T03:00:34+00:00","dateModified":"2023-02-11T06:43:29+00:00","description":"Mary Jolliffe Award for Senior Arts Administrators Ontario Arts Foundation","breadcrumb":{"@id":"https:\/\/oafdn.ca\/programs\/awards\/mary-jolliffe-award-for-senior-arts-administrators\/#breadcrumb"},"inLanguage":"fr-CA","potentialAction":[{"@type":"ReadAction","target":["https:\/\/oafdn.ca\/programs\/awards\/mary-jolliffe-award-for-senior-arts-administrators\/"]}]},{"@type":"ImageObject","inLanguage":"fr-CA","@id":"https:\/\/oafdn.ca\/programs\/awards\/mary-jolliffe-award-for-senior-arts-administrators\/#primaryimage","url":"https:\/\/www.oafdn.ca\/system\/uploads\/attachments\/000\/000\/383\/original\/3055252.jpg?1455583364","contentUrl":"https:\/\/www.oafdn.ca\/system\/uploads\/attachments\/000\/000\/383\/original\/3055252.jpg?1455583364"},{"@type":"BreadcrumbList","@id":"https:\/\/oafdn.ca\/programs\/awards\/mary-jolliffe-award-for-senior-arts-administrators\/#breadcrumb","itemListElement":[{"@type":"ListItem","position":1,"name":"Home","item":"https:\/\/oafdn.ca\/"},{"@type":"ListItem","position":2,"name":"Programs","item":"https:\/\/oafdn.ca\/programs\/"},{"@type":"ListItem","position":3,"name":"Awards","item":"https:\/\/oafdn.ca\/programs\/awards\/"},{"@type":"ListItem","position":4,"name":"Mary Jolliffe Award for Senior Arts Administrators"}]},{"@type":"WebSite","@id":"https:\/\/oafdn.ca\/#website","url":"https:\/\/oafdn.ca\/","name":"Fondation des arts de l'Ontario","description":"The Ontario Arts Foundation is a non-governmental not for profit organization established in 1991 under the Ontario Corporations Act to encourage and facilitate private giving to the arts in Ontario, Canada.","publisher":{"@id":"https:\/\/oafdn.ca\/#organization"},"potentialAction":[{"@type":"SearchAction","target":{"@type":"EntryPoint","urlTemplate":"https:\/\/oafdn.ca\/?s={search_term_string}"},"query-input":{"@type":"PropertyValueSpecification","valueRequired":true,"valueName":"search_term_string"}}],"inLanguage":"fr-CA"},{"@type":"Organization","@id":"https:\/\/oafdn.ca\/#organization","name":"Fondation des arts de l'Ontario","url":"https:\/\/oafdn.ca\/","logo":{"@type":"ImageObject","inLanguage":"fr-CA","@id":"https:\/\/oafdn.ca\/#\/schema\/logo\/image\/","url":"https:\/\/oafdn.ca\/wp-content\/uploads\/2022\/02\/logo1-1.png","contentUrl":"https:\/\/oafdn.ca\/wp-content\/uploads\/2022\/02\/logo1-1.png","width":1761,"height":487,"caption":"Ontario Arts Foundation"},"image":{"@id":"https:\/\/oafdn.ca\/#\/schema\/logo\/image\/"},"sameAs":["https:\/\/www.facebook.com\/OntarioArtsFoundation\/","https:\/\/x.com\/OntarioArtsFdn"]}]}},"campaignId":"","_links":{"self":[{"href":"https:\/\/oafdn.ca\/fr\/wp-json\/wp\/v2\/pages\/86032","targetHints":{"allow":["GET"]}}],"collection":[{"href":"https:\/\/oafdn.ca\/fr\/wp-json\/wp\/v2\/pages"}],"about":[{"href":"https:\/\/oafdn.ca\/fr\/wp-json\/wp\/v2\/types\/page"}],"author":[{"embeddable":true,"href":"https:\/\/oafdn.ca\/fr\/wp-json\/wp\/v2\/users\/1"}],"replies":[{"embeddable":true,"href":"https:\/\/oafdn.ca\/fr\/wp-json\/wp\/v2\/comments?post=86032"}],"version-history":[{"count":13,"href":"https:\/\/oafdn.ca\/fr\/wp-json\/wp\/v2\/pages\/86032\/revisions"}],"predecessor-version":[{"id":122621,"href":"https:\/\/oafdn.ca\/fr\/wp-json\/wp\/v2\/pages\/86032\/revisions\/122621"}],"up":[{"embeddable":true,"href":"https:\/\/oafdn.ca\/fr\/wp-json\/wp\/v2\/pages\/3362"}],"wp:attachment":[{"href":"https:\/\/oafdn.ca\/fr\/wp-json\/wp\/v2\/media?parent=86032"}],"curies":[{"name":"wp","href":"https:\/\/api.w.org\/{rel}","templated":true}]}}