{"id":86024,"date":"2022-06-11T02:56:26","date_gmt":"2022-06-11T02:56:26","guid":{"rendered":"https:\/\/oafdn.ca\/?page_id=86024"},"modified":"2026-03-25T10:28:10","modified_gmt":"2026-03-25T14:28:10","slug":"eldred-family-dance-award","status":"publish","type":"page","link":"https:\/\/oafdn.ca\/fr\/programs\/awards\/eldred-family-dance-award\/","title":{"rendered":"Prix en danse de la famille Eldred"},"content":{"rendered":"<div data-elementor-type=\"wp-page\" data-elementor-id=\"86024\" class=\"elementor elementor-86024\" wpc-filter-elementor-widget=\"1\">\n\t\t\t\t\t\t<section class=\"elementor-section elementor-top-section elementor-element elementor-element-fe7899f elementor-section-boxed elementor-section-height-default elementor-section-height-default\" data-id=\"fe7899f\" data-element_type=\"section\" data-e-type=\"section\">\n\t\t\t\t\t\t<div class=\"elementor-container elementor-column-gap-default\">\n\t\t\t\t\t<div class=\"elementor-column elementor-col-100 elementor-top-column elementor-element elementor-element-7529a82\" data-id=\"7529a82\" data-element_type=\"column\" data-e-type=\"column\">\n\t\t\t<div class=\"elementor-widget-wrap elementor-element-populated\">\n\t\t\t\t\t\t<div class=\"elementor-element elementor-element-f5cb084 elementor-widget elementor-widget-heading\" data-id=\"f5cb084\" data-element_type=\"widget\" data-e-type=\"widget\" data-widget_type=\"heading.default\">\n\t\t\t\t<div class=\"elementor-widget-container\">\n\t\t\t\t\t<h2 class=\"elementor-heading-title elementor-size-default\">Prix en danse de la famille Eldred<\/h2>\t\t\t\t<\/div>\n\t\t\t\t<\/div>\n\t\t\t\t<div class=\"elementor-element elementor-element-dc5abd8 elementor-widget-divider--view-line elementor-widget elementor-widget-divider\" data-id=\"dc5abd8\" data-element_type=\"widget\" data-e-type=\"widget\" data-widget_type=\"divider.default\">\n\t\t\t\t<div class=\"elementor-widget-container\">\n\t\t\t\t\t\t\t<div class=\"elementor-divider\">\n\t\t\t<span class=\"elementor-divider-separator\">\n\t\t\t\t\t\t<\/span>\n\t\t<\/div>\n\t\t\t\t\t\t<\/div>\n\t\t\t\t<\/div>\n\t\t\t\t\t<\/div>\n\t\t<\/div>\n\t\t\t\t\t<\/div>\n\t\t<\/section>\n\t\t\t\t<section class=\"elementor-section elementor-top-section elementor-element elementor-element-fe2db67 elementor-section-boxed elementor-section-height-default elementor-section-height-default\" data-id=\"fe2db67\" data-element_type=\"section\" data-e-type=\"section\">\n\t\t\t\t\t\t<div class=\"elementor-container elementor-column-gap-default\">\n\t\t\t\t\t<div class=\"elementor-column elementor-col-100 elementor-top-column elementor-element elementor-element-54862ae\" data-id=\"54862ae\" data-element_type=\"column\" data-e-type=\"column\">\n\t\t\t<div class=\"elementor-widget-wrap elementor-element-populated\">\n\t\t\t\t\t\t<div class=\"elementor-element elementor-element-ae471c7 elementor-widget elementor-widget-text-editor\" data-id=\"ae471c7\" data-element_type=\"widget\" data-e-type=\"widget\" data-widget_type=\"text-editor.default\">\n\t\t\t\t<div class=\"elementor-widget-container\">\n\t\t\t\t\t\t\t\t\t<p><span style=\"font-family: helvetica;\">Le\u00a0<b><span class=\"blue\">Prix en danse de la famille Eldred<\/span><\/b> a \u00e9t\u00e9 \u00e9tabli \u00e0 la fondation des arts de l'Ontario par feu Gerald (Gerry) Eldred, \u00e9minent cadre artistique canadien et feu Marjorie Eldred, ancienne enseignante \u00e0 l'\u00c9cole nationale de ballet. Le prix reconna\u00eet les r\u00e9alisations exceptionnelles et la capacit\u00e9 cr\u00e9ative en danse d'une ou d'un chor\u00e9graphe ontarien(ne) \u00e9tabli(e). La ou le laur\u00e9at(e) est choisi(e) dans le cadre d'un processus de nomination et de s\u00e9lection g\u00e9r\u00e9 par le Conseil des arts de l'Ontario.  \u00c0 partir de 2025, le Prix de danse de la famille Eldred pr\u00e9sente \u00e9galement un Prix Prot\u00e9g\u00e9 en soutien et en reconnaissance des chor\u00e9graphes \u00e9mergents de l\u2019Ontario, s\u00e9lectionn\u00e9s par le laur\u00e9at.<\/span><\/p><p><span style=\"color: #5675b8; font-family: helvetica; font-size: 20px; background-color: #ffffff;\">Prix:  60 000 dollars<\/span><\/p><p><strong>Laur\u00e9ate de cette ann\u00e9e<br \/><\/strong>2025\u00a0 \u00a0Lata Pada<\/p><p><img fetchpriority=\"high\" decoding=\"async\" class=\"alignnone wp-image-143190\" src=\"https:\/\/oafdn.ca\/wp-content\/uploads\/2026\/03\/Lata-Pada-4-web-1024x683.jpg\" alt=\"\" width=\"450\" height=\"300\" srcset=\"https:\/\/oafdn.ca\/wp-content\/uploads\/2026\/03\/Lata-Pada-4-web-1024x683.jpg 1024w, https:\/\/oafdn.ca\/wp-content\/uploads\/2026\/03\/Lata-Pada-4-web-300x200.jpg 300w, https:\/\/oafdn.ca\/wp-content\/uploads\/2026\/03\/Lata-Pada-4-web-768x512.jpg 768w, https:\/\/oafdn.ca\/wp-content\/uploads\/2026\/03\/Lata-Pada-4-web-1536x1025.jpg 1536w, https:\/\/oafdn.ca\/wp-content\/uploads\/2026\/03\/Lata-Pada-4-web-18x12.jpg 18w, https:\/\/oafdn.ca\/wp-content\/uploads\/2026\/03\/Lata-Pada-4-web.jpg 2000w\" sizes=\"(max-width: 450px) 100vw, 450px\" \/><\/p><p><strong>Pr\u00e9c\u00e9dents laur\u00e9ates<\/strong><br \/>2023\u00a0 \u00a0 \u00a0Peggy Baker<br \/>2021\u00a0 \u00a0 \u00a0Peter Chin<br \/><br \/><\/p><p><strong>Prix Prot\u00e9g\u00e9<\/strong><br \/>2025\u00a0 \u00a0 \u00a0Tanveer Alam<\/p><p><span style=\"font-family: helvetica;\"><strong>Communiqu\u00e9s de presse<\/strong><\/span><br \/><span style=\"font-family: helvetica;\"><span class=\"plain_grey\"><a href=\"https:\/\/oafdn.ca\/fr\/renowned-choreographer-and-educator-lata-pada-awarded-the-eldred-family-dance-award\/\">La chor\u00e9graphe et p\u00e9dagogue de renom Lata Pada a re\u00e7u le prix en danse de la famille Eldred<\/a> \u00a0 \u00a0<i>le 25 mars 2026<\/i><\/span><\/span><\/p>\t\t\t\t\t\t\t\t<\/div>\n\t\t\t\t<\/div>\n\t\t\t\t\t<\/div>\n\t\t<\/div>\n\t\t\t\t\t<\/div>\n\t\t<\/section>\n\t\t\t\t<\/div>","protected":false},"excerpt":{"rendered":"<p>Eldred Family Dance Award The\u00a0Eldred Family Dance Award was established at the Ontario Arts Foundation by the late Gerald (Gerry) Eldred, distinguished Canadian arts executive, and the late Marjorie Eldred, former National Ballet School academic teacher. The award recognizes exceptional achievement and creative ability in dance by an established Ontario choreographer. The winner is chosen [&hellip;]<\/p>\n","protected":false},"author":1,"featured_media":0,"parent":3362,"menu_order":0,"comment_status":"closed","ping_status":"closed","template":"","meta":{"_acf_changed":false,"give_campaign_id":0,"nf_dc_page":"","site-sidebar-layout":"no-sidebar","site-content-layout":"page-builder","ast-site-content-layout":"default","site-content-style":"default","site-sidebar-style":"default","ast-global-header-display":"","ast-banner-title-visibility":"","ast-main-header-display":"","ast-hfb-above-header-display":"","ast-hfb-below-header-display":"","ast-hfb-mobile-header-display":"","site-post-title":"disabled","ast-breadcrumbs-content":"","ast-featured-img":"disabled","footer-sml-layout":"","ast-disable-related-posts":"","theme-transparent-header-meta":"","adv-header-id-meta":"","stick-header-meta":"","header-above-stick-meta":"","header-main-stick-meta":"","header-below-stick-meta":"","astra-migrate-meta-layouts":"default","ast-page-background-enabled":"default","ast-page-background-meta":{"desktop":{"background-color":"","background-image":"","background-repeat":"repeat","background-position":"center center","background-size":"auto","background-attachment":"scroll","background-type":"","background-media":"","overlay-type":"","overlay-color":"","overlay-opacity":"","overlay-gradient":""},"tablet":{"background-color":"","background-image":"","background-repeat":"repeat","background-position":"center center","background-size":"auto","background-attachment":"scroll","background-type":"","background-media":"","overlay-type":"","overlay-color":"","overlay-opacity":"","overlay-gradient":""},"mobile":{"background-color":"","background-image":"","background-repeat":"repeat","background-position":"center center","background-size":"auto","background-attachment":"scroll","background-type":"","background-media":"","overlay-type":"","overlay-color":"","overlay-opacity":"","overlay-gradient":""}},"ast-content-background-meta":{"desktop":{"background-color":"var(--ast-global-color-5)","background-image":"","background-repeat":"repeat","background-position":"center center","background-size":"auto","background-attachment":"scroll","background-type":"","background-media":"","overlay-type":"","overlay-color":"","overlay-opacity":"","overlay-gradient":""},"tablet":{"background-color":"var(--ast-global-color-5)","background-image":"","background-repeat":"repeat","background-position":"center center","background-size":"auto","background-attachment":"scroll","background-type":"","background-media":"","overlay-type":"","overlay-color":"","overlay-opacity":"","overlay-gradient":""},"mobile":{"background-color":"var(--ast-global-color-5)","background-image":"","background-repeat":"repeat","background-position":"center center","background-size":"auto","background-attachment":"scroll","background-type":"","background-media":"","overlay-type":"","overlay-color":"","overlay-opacity":"","overlay-gradient":""}},"footnotes":""},"class_list":["post-86024","page","type-page","status-publish","hentry"],"acf":[],"yoast_head":"<!-- This site is optimized with the Yoast SEO plugin v27.5 - https:\/\/yoast.com\/product\/yoast-seo-wordpress\/ -->\n<title>Eldred Family Dance Award - Ontario Arts Foundation<\/title>\n<meta name=\"description\" content=\"Eldred Family Dance Award Ontario Arts Foundation\" \/>\n<meta name=\"robots\" content=\"index, follow, max-snippet:-1, max-image-preview:large, max-video-preview:-1\" \/>\n<link rel=\"canonical\" href=\"https:\/\/oafdn.ca\/fr\/programs\/awards\/eldred-family-dance-award\/\" \/>\n<meta property=\"og:locale\" content=\"fr_CA\" \/>\n<meta property=\"og:type\" content=\"article\" \/>\n<meta property=\"og:title\" content=\"Eldred Family Dance Award - Ontario Arts Foundation\" \/>\n<meta property=\"og:description\" content=\"Eldred Family Dance Award Ontario Arts Foundation\" \/>\n<meta property=\"og:url\" content=\"https:\/\/oafdn.ca\/fr\/programs\/awards\/eldred-family-dance-award\/\" \/>\n<meta property=\"og:site_name\" content=\"Ontario Arts Foundation\" \/>\n<meta property=\"article:publisher\" content=\"https:\/\/www.facebook.com\/OntarioArtsFoundation\/\" \/>\n<meta property=\"article:modified_time\" content=\"2026-03-25T14:28:10+00:00\" \/>\n<meta property=\"og:image\" content=\"https:\/\/oafdn.ca\/wp-content\/uploads\/2026\/03\/Lata-Pada-4-web.jpg\" \/>\n\t<meta property=\"og:image:width\" content=\"2000\" \/>\n\t<meta property=\"og:image:height\" content=\"1334\" \/>\n\t<meta property=\"og:image:type\" content=\"image\/jpeg\" \/>\n<meta name=\"twitter:card\" content=\"summary_large_image\" \/>\n<meta name=\"twitter:site\" content=\"@OntarioArtsFdn\" \/>\n<meta name=\"twitter:label1\" content=\"Estimation du temps de lecture\" \/>\n\t<meta name=\"twitter:data1\" content=\"1 minute\" \/>\n<script type=\"application\/ld+json\" class=\"yoast-schema-graph\">{\"@context\":\"https:\\\/\\\/schema.org\",\"@graph\":[{\"@type\":\"WebPage\",\"@id\":\"https:\\\/\\\/oafdn.ca\\\/programs\\\/awards\\\/eldred-family-dance-award\\\/\",\"url\":\"https:\\\/\\\/oafdn.ca\\\/programs\\\/awards\\\/eldred-family-dance-award\\\/\",\"name\":\"Eldred Family Dance Award - Ontario Arts Foundation\",\"isPartOf\":{\"@id\":\"https:\\\/\\\/oafdn.ca\\\/#website\"},\"primaryImageOfPage\":{\"@id\":\"https:\\\/\\\/oafdn.ca\\\/programs\\\/awards\\\/eldred-family-dance-award\\\/#primaryimage\"},\"image\":{\"@id\":\"https:\\\/\\\/oafdn.ca\\\/programs\\\/awards\\\/eldred-family-dance-award\\\/#primaryimage\"},\"thumbnailUrl\":\"https:\\\/\\\/oafdn.ca\\\/wp-content\\\/uploads\\\/2026\\\/03\\\/Lata-Pada-4-web-1024x683.jpg\",\"datePublished\":\"2022-06-11T02:56:26+00:00\",\"dateModified\":\"2026-03-25T14:28:10+00:00\",\"description\":\"Eldred Family Dance Award Ontario Arts Foundation\",\"breadcrumb\":{\"@id\":\"https:\\\/\\\/oafdn.ca\\\/programs\\\/awards\\\/eldred-family-dance-award\\\/#breadcrumb\"},\"inLanguage\":\"fr-CA\",\"potentialAction\":[{\"@type\":\"ReadAction\",\"target\":[\"https:\\\/\\\/oafdn.ca\\\/programs\\\/awards\\\/eldred-family-dance-award\\\/\"]}]},{\"@type\":\"ImageObject\",\"inLanguage\":\"fr-CA\",\"@id\":\"https:\\\/\\\/oafdn.ca\\\/programs\\\/awards\\\/eldred-family-dance-award\\\/#primaryimage\",\"url\":\"https:\\\/\\\/oafdn.ca\\\/wp-content\\\/uploads\\\/2026\\\/03\\\/Lata-Pada-4-web-1024x683.jpg\",\"contentUrl\":\"https:\\\/\\\/oafdn.ca\\\/wp-content\\\/uploads\\\/2026\\\/03\\\/Lata-Pada-4-web-1024x683.jpg\"},{\"@type\":\"BreadcrumbList\",\"@id\":\"https:\\\/\\\/oafdn.ca\\\/programs\\\/awards\\\/eldred-family-dance-award\\\/#breadcrumb\",\"itemListElement\":[{\"@type\":\"ListItem\",\"position\":1,\"name\":\"Home\",\"item\":\"https:\\\/\\\/oafdn.ca\\\/\"},{\"@type\":\"ListItem\",\"position\":2,\"name\":\"Programs\",\"item\":\"https:\\\/\\\/oafdn.ca\\\/programs\\\/\"},{\"@type\":\"ListItem\",\"position\":3,\"name\":\"Awards\",\"item\":\"https:\\\/\\\/oafdn.ca\\\/programs\\\/awards\\\/\"},{\"@type\":\"ListItem\",\"position\":4,\"name\":\"Eldred Family Dance Award\"}]},{\"@type\":\"WebSite\",\"@id\":\"https:\\\/\\\/oafdn.ca\\\/#website\",\"url\":\"https:\\\/\\\/oafdn.ca\\\/\",\"name\":\"Ontario Arts Foundation\",\"description\":\"The Ontario Arts Foundation is a non-governmental not for profit organization established in 1991 under the Ontario Corporations Act to encourage and facilitate private giving to the arts in Ontario, Canada.\",\"publisher\":{\"@id\":\"https:\\\/\\\/oafdn.ca\\\/#organization\"},\"potentialAction\":[{\"@type\":\"SearchAction\",\"target\":{\"@type\":\"EntryPoint\",\"urlTemplate\":\"https:\\\/\\\/oafdn.ca\\\/?s={search_term_string}\"},\"query-input\":{\"@type\":\"PropertyValueSpecification\",\"valueRequired\":true,\"valueName\":\"search_term_string\"}}],\"inLanguage\":\"fr-CA\"},{\"@type\":\"Organization\",\"@id\":\"https:\\\/\\\/oafdn.ca\\\/#organization\",\"name\":\"Ontario Arts Foundation\",\"url\":\"https:\\\/\\\/oafdn.ca\\\/\",\"logo\":{\"@type\":\"ImageObject\",\"inLanguage\":\"fr-CA\",\"@id\":\"https:\\\/\\\/oafdn.ca\\\/#\\\/schema\\\/logo\\\/image\\\/\",\"url\":\"https:\\\/\\\/oafdn.ca\\\/wp-content\\\/uploads\\\/2022\\\/02\\\/logo1-1.png\",\"contentUrl\":\"https:\\\/\\\/oafdn.ca\\\/wp-content\\\/uploads\\\/2022\\\/02\\\/logo1-1.png\",\"width\":1761,\"height\":487,\"caption\":\"Ontario Arts Foundation\"},\"image\":{\"@id\":\"https:\\\/\\\/oafdn.ca\\\/#\\\/schema\\\/logo\\\/image\\\/\"},\"sameAs\":[\"https:\\\/\\\/www.facebook.com\\\/OntarioArtsFoundation\\\/\",\"https:\\\/\\\/x.com\\\/OntarioArtsFdn\"]}]}<\/script>\n<!-- \/ Yoast SEO plugin. -->","yoast_head_json":{"title":"Eldred Family Dance Award - Ontario Arts Foundation","description":"Eldred Family Dance Award Ontario Arts Foundation","robots":{"index":"index","follow":"follow","max-snippet":"max-snippet:-1","max-image-preview":"max-image-preview:large","max-video-preview":"max-video-preview:-1"},"canonical":"https:\/\/oafdn.ca\/fr\/programs\/awards\/eldred-family-dance-award\/","og_locale":"fr_CA","og_type":"article","og_title":"Eldred Family Dance Award - Ontario Arts Foundation","og_description":"Eldred Family Dance Award Ontario Arts Foundation","og_url":"https:\/\/oafdn.ca\/fr\/programs\/awards\/eldred-family-dance-award\/","og_site_name":"Ontario Arts Foundation","article_publisher":"https:\/\/www.facebook.com\/OntarioArtsFoundation\/","article_modified_time":"2026-03-25T14:28:10+00:00","og_image":[{"width":2000,"height":1334,"url":"https:\/\/oafdn.ca\/wp-content\/uploads\/2026\/03\/Lata-Pada-4-web.jpg","type":"image\/jpeg"}],"twitter_card":"summary_large_image","twitter_site":"@OntarioArtsFdn","twitter_misc":{"Estimation du temps de lecture":"1 minute"},"schema":{"@context":"https:\/\/schema.org","@graph":[{"@type":"WebPage","@id":"https:\/\/oafdn.ca\/programs\/awards\/eldred-family-dance-award\/","url":"https:\/\/oafdn.ca\/programs\/awards\/eldred-family-dance-award\/","name":"Eldred Family Dance Award - Ontario Arts Foundation","isPartOf":{"@id":"https:\/\/oafdn.ca\/#website"},"primaryImageOfPage":{"@id":"https:\/\/oafdn.ca\/programs\/awards\/eldred-family-dance-award\/#primaryimage"},"image":{"@id":"https:\/\/oafdn.ca\/programs\/awards\/eldred-family-dance-award\/#primaryimage"},"thumbnailUrl":"https:\/\/oafdn.ca\/wp-content\/uploads\/2026\/03\/Lata-Pada-4-web-1024x683.jpg","datePublished":"2022-06-11T02:56:26+00:00","dateModified":"2026-03-25T14:28:10+00:00","description":"Eldred Family Dance Award Ontario Arts Foundation","breadcrumb":{"@id":"https:\/\/oafdn.ca\/programs\/awards\/eldred-family-dance-award\/#breadcrumb"},"inLanguage":"fr-CA","potentialAction":[{"@type":"ReadAction","target":["https:\/\/oafdn.ca\/programs\/awards\/eldred-family-dance-award\/"]}]},{"@type":"ImageObject","inLanguage":"fr-CA","@id":"https:\/\/oafdn.ca\/programs\/awards\/eldred-family-dance-award\/#primaryimage","url":"https:\/\/oafdn.ca\/wp-content\/uploads\/2026\/03\/Lata-Pada-4-web-1024x683.jpg","contentUrl":"https:\/\/oafdn.ca\/wp-content\/uploads\/2026\/03\/Lata-Pada-4-web-1024x683.jpg"},{"@type":"BreadcrumbList","@id":"https:\/\/oafdn.ca\/programs\/awards\/eldred-family-dance-award\/#breadcrumb","itemListElement":[{"@type":"ListItem","position":1,"name":"Home","item":"https:\/\/oafdn.ca\/"},{"@type":"ListItem","position":2,"name":"Programs","item":"https:\/\/oafdn.ca\/programs\/"},{"@type":"ListItem","position":3,"name":"Awards","item":"https:\/\/oafdn.ca\/programs\/awards\/"},{"@type":"ListItem","position":4,"name":"Eldred Family Dance Award"}]},{"@type":"WebSite","@id":"https:\/\/oafdn.ca\/#website","url":"https:\/\/oafdn.ca\/","name":"Fondation des arts de l'Ontario","description":"The Ontario Arts Foundation is a non-governmental not for profit organization established in 1991 under the Ontario Corporations Act to encourage and facilitate private giving to the arts in Ontario, Canada.","publisher":{"@id":"https:\/\/oafdn.ca\/#organization"},"potentialAction":[{"@type":"SearchAction","target":{"@type":"EntryPoint","urlTemplate":"https:\/\/oafdn.ca\/?s={search_term_string}"},"query-input":{"@type":"PropertyValueSpecification","valueRequired":true,"valueName":"search_term_string"}}],"inLanguage":"fr-CA"},{"@type":"Organization","@id":"https:\/\/oafdn.ca\/#organization","name":"Fondation des arts de l'Ontario","url":"https:\/\/oafdn.ca\/","logo":{"@type":"ImageObject","inLanguage":"fr-CA","@id":"https:\/\/oafdn.ca\/#\/schema\/logo\/image\/","url":"https:\/\/oafdn.ca\/wp-content\/uploads\/2022\/02\/logo1-1.png","contentUrl":"https:\/\/oafdn.ca\/wp-content\/uploads\/2022\/02\/logo1-1.png","width":1761,"height":487,"caption":"Ontario Arts Foundation"},"image":{"@id":"https:\/\/oafdn.ca\/#\/schema\/logo\/image\/"},"sameAs":["https:\/\/www.facebook.com\/OntarioArtsFoundation\/","https:\/\/x.com\/OntarioArtsFdn"]}]}},"campaignId":"","_links":{"self":[{"href":"https:\/\/oafdn.ca\/fr\/wp-json\/wp\/v2\/pages\/86024","targetHints":{"allow":["GET"]}}],"collection":[{"href":"https:\/\/oafdn.ca\/fr\/wp-json\/wp\/v2\/pages"}],"about":[{"href":"https:\/\/oafdn.ca\/fr\/wp-json\/wp\/v2\/types\/page"}],"author":[{"embeddable":true,"href":"https:\/\/oafdn.ca\/fr\/wp-json\/wp\/v2\/users\/1"}],"replies":[{"embeddable":true,"href":"https:\/\/oafdn.ca\/fr\/wp-json\/wp\/v2\/comments?post=86024"}],"version-history":[{"count":11,"href":"https:\/\/oafdn.ca\/fr\/wp-json\/wp\/v2\/pages\/86024\/revisions"}],"predecessor-version":[{"id":143244,"href":"https:\/\/oafdn.ca\/fr\/wp-json\/wp\/v2\/pages\/86024\/revisions\/143244"}],"up":[{"embeddable":true,"href":"https:\/\/oafdn.ca\/fr\/wp-json\/wp\/v2\/pages\/3362"}],"wp:attachment":[{"href":"https:\/\/oafdn.ca\/fr\/wp-json\/wp\/v2\/media?parent=86024"}],"curies":[{"name":"wp","href":"https:\/\/api.w.org\/{rel}","templated":true}]}}