{"id":86016,"date":"2022-06-11T02:53:29","date_gmt":"2022-06-11T02:53:29","guid":{"rendered":"https:\/\/oafdn.ca\/?page_id=86016"},"modified":"2025-05-26T11:26:18","modified_gmt":"2025-05-26T15:26:18","slug":"the-paul-de-hueck-and-norman-walford-career-achievement-awards","status":"publish","type":"page","link":"https:\/\/oafdn.ca\/fr\/programs\/awards\/the-paul-de-hueck-and-norman-walford-career-achievement-awards\/","title":{"rendered":"Prix Paul de Hueck et Norman Walford d'excellence de carri\u00e8re"},"content":{"rendered":"<div data-elementor-type=\"wp-page\" data-elementor-id=\"86016\" class=\"elementor elementor-86016\" wpc-filter-elementor-widget=\"1\">\n\t\t\t\t\t\t<section class=\"elementor-section elementor-top-section elementor-element elementor-element-e87339c elementor-section-boxed elementor-section-height-default elementor-section-height-default\" data-id=\"e87339c\" data-element_type=\"section\" data-e-type=\"section\">\n\t\t\t\t\t\t<div class=\"elementor-container elementor-column-gap-default\">\n\t\t\t\t\t<div class=\"elementor-column elementor-col-100 elementor-top-column elementor-element elementor-element-1d4e5ff\" data-id=\"1d4e5ff\" data-element_type=\"column\" data-e-type=\"column\">\n\t\t\t<div class=\"elementor-widget-wrap elementor-element-populated\">\n\t\t\t\t\t\t<div class=\"elementor-element elementor-element-4be1cb8 elementor-widget elementor-widget-heading\" data-id=\"4be1cb8\" data-element_type=\"widget\" data-e-type=\"widget\" data-widget_type=\"heading.default\">\n\t\t\t\t<div class=\"elementor-widget-container\">\n\t\t\t\t\t<h2 class=\"elementor-heading-title elementor-size-default\">Prix Paul de Hueck et Norman Walford d'excellence de carri\u00e8re<\/h2>\t\t\t\t<\/div>\n\t\t\t\t<\/div>\n\t\t\t\t<div class=\"elementor-element elementor-element-80ebac1 elementor-widget-divider--view-line elementor-widget elementor-widget-divider\" data-id=\"80ebac1\" data-element_type=\"widget\" data-e-type=\"widget\" data-widget_type=\"divider.default\">\n\t\t\t\t<div class=\"elementor-widget-container\">\n\t\t\t\t\t\t\t<div class=\"elementor-divider\">\n\t\t\t<span class=\"elementor-divider-separator\">\n\t\t\t\t\t\t<\/span>\n\t\t<\/div>\n\t\t\t\t\t\t<\/div>\n\t\t\t\t<\/div>\n\t\t\t\t\t<\/div>\n\t\t<\/div>\n\t\t\t\t\t<\/div>\n\t\t<\/section>\n\t\t\t\t<section class=\"elementor-section elementor-top-section elementor-element elementor-element-668f224 elementor-section-boxed elementor-section-height-default elementor-section-height-default\" data-id=\"668f224\" data-element_type=\"section\" data-e-type=\"section\">\n\t\t\t\t\t\t<div class=\"elementor-container elementor-column-gap-default\">\n\t\t\t\t\t<div class=\"elementor-column elementor-col-100 elementor-top-column elementor-element elementor-element-7278892\" data-id=\"7278892\" data-element_type=\"column\" data-e-type=\"column\">\n\t\t\t<div class=\"elementor-widget-wrap elementor-element-populated\">\n\t\t\t\t\t\t<div class=\"elementor-element elementor-element-f810e4c elementor-widget elementor-widget-text-editor\" data-id=\"f810e4c\" data-element_type=\"widget\" data-e-type=\"widget\" data-widget_type=\"text-editor.default\">\n\t\t\t\t<div class=\"elementor-widget-container\">\n\t\t\t\t\t\t\t\t\t<p class=\"translation-block\">Norman Walford, ancien directeur g\u00e9n\u00e9ral du Conseil des arts de l\u2019Ontario, et feu Paul de Hueck, ancien directeur de la production \u00e0 la t\u00e9l\u00e9vision anglaise de Radio-Canada, ont \u00e9tabli le <strong>Fonds Paul de Hueck et Norman Walford<\/strong>. Les prix reconnaissent des artistes canadiens pour leur contribution significative et l\u2019excellence de leur \u0153uvre dans les domaines du clavier, du chant et de la photographie d\u2019art.<\/p><p><span style=\"color: #5675b8; font-family: helvetica; font-size: 20px; background-color: #ffffff;\">Prix:  50 000 $<\/span><\/p><p><strong>Laur\u00e9ate de cette ann\u00e9e<\/strong><br \/>2025\u00a0 \u00a0 \u00a0Marilyn Lerner (clavier)<\/p><figure id=\"attachment_138077\" aria-describedby=\"caption-attachment-138077\" style=\"width: 275px\" class=\"wp-caption alignnone\"><img fetchpriority=\"high\" decoding=\"async\" class=\"wp-image-138077\" src=\"https:\/\/oafdn.ca\/wp-content\/uploads\/2025\/05\/MLerner-web.jpg\" alt=\"\" width=\"275\" height=\"413\" srcset=\"https:\/\/oafdn.ca\/wp-content\/uploads\/2025\/05\/MLerner-web.jpg 400w, https:\/\/oafdn.ca\/wp-content\/uploads\/2025\/05\/MLerner-web-200x300.jpg 200w, https:\/\/oafdn.ca\/wp-content\/uploads\/2025\/05\/MLerner-web-8x12.jpg 8w\" sizes=\"(max-width: 275px) 100vw, 275px\" \/><figcaption id=\"caption-attachment-138077\" class=\"wp-caption-text\">Photo de: Jake Sherman<\/figcaption><\/figure><p id=\"paul-de-hueack\"><strong>Pr\u00e9c\u00e9dents laur\u00e9ates<\/strong><br \/>2023\u00a0 \u00a0 \u00a0<a href=\"https:\/\/oafdn.ca\/fr\/artist-sandra-brewster-awarded-the-paul-de-hueck-and-norman-walford-career-achievement-award-for-art-photography\/\">Sandra Brewster<\/a> (photographie d'art)<br \/>2022\u00a0 \u00a0 \u00a0<a href=\"https:\/\/oafdn.ca\/fr\/soprano-barbara-hannigan-awarded-the-paul-de-hueck-and-norman-walford-career-achievement-award-for-classical-singing\/\">Barbara Hannigan<\/a> (chant)<br \/>2021\u00a0 \u00a0 \u00a0<a href=\"https:\/\/oafdn.ca\/fr\/artist-dawit-l-petros-awarded-the-paul-de-hueck-and-norman-walford-career-achievement-award-for-art-photography\/\">Dawit L. Petros<\/a> (photographie d'art)<br \/>2020\u00a0 \u00a0\u00a0 <a href=\"https:\/\/oafdn.ca\/fr\/pianist-marc-andre-hamelin-awarded-the-paul-de-hueck-and-norman-walford-career-achievement-award-for-keyboard-artistry\/\">Marc-Andr\u00e9 Hamelin<\/a>\u00a0(clavier)<br \/>2019\u00a0 \u00a0 \u00a0<a href=\"https:\/\/oafdn.ca\/fr\/artist-shelley-niro-awarded-the-paul-de-hueck-and-norman-walford-career-achievement-award-for-art-photography\/\">Shelley Niro<\/a>\u00a0(photographie d'art)<br \/>2018\u00a0 \u00a0 \u00a0<a href=\"https:\/\/oafdn.ca\/fr\/bass-baritone-gerald-finley-awarded-the-paul-de-hueck-and-norman-walford-career-achievement-award\/\">Gerald Finley<\/a>\u00a0(chant)<br \/>2017\u00a0\u00a0\u00a0\u00a0<a href=\"https:\/\/oafdn.ca\/fr\/artist-rosalie-favell-receives-paul-de-hueck-and-norman-walford-career-achievement-award\/\">\u00a0Rosalie Favell<\/a>\u00a0(photographie d'art)<br \/>2016\u00a0\u00a0\u00a0\u00a0\u00a0<a href=\"https:\/\/oafdn.ca\/fr\/pianist-david-braid-receives-career-achievement-award\/\">David Braid\u00a0<\/a>(clavier)<br \/>2015<a href=\"https:\/\/oafdn.ca\/fr\/photographer-moyra-davey-receives-career-achievement-award\/\">\u00a0 \u00a0 \u00a0Moyra Davey<\/a>\u00a0(photographie d'art)<br \/>2014<a href=\"https:\/\/oafdn.ca\/fr\/soprano-adrianne-pieczonka-receives-career-achievement-award\/\">\u00a0 \u00a0 \u00a0Adrianne Pieczonka<\/a>\u00a0(chant)<br \/>2011<a href=\"https:\/\/oafdn.ca\/fr\/photographer-larry-towell-receives-50000-award\/\">\u00a0 \u00a0 \u00a0Larry Towell<\/a>\u00a0(photographie d'art)<br \/>2007<a href=\"https:\/\/oafdn.ca\/fr\/pianists-lorraine-desmarais-and-janina-fialkowska-win-10000-awards\/\">\u00a0 \u00a0 \u00a0Lorraine Desmarais and Janina Fialkowska<\/a>\u00a0(clavier)<br \/>2005<a href=\"https:\/\/oafdn.ca\/fr\/art-photographer-raymonde-april-receives-35000-award\/\">\u00a0 \u00a0 \u00a0Raymonde April<\/a>\u00a0(photographie d'art)<br \/>2003<a href=\"https:\/\/oafdn.ca\/fr\/mezzo-soprano-judith-forst-wins-15000-award\/\">\u00a0 \u00a0 \u00a0Judith Forst<\/a>\u00a0(chant)<br \/>2000\u00a0 \u00a0 \u00a0Jeff Wall (Art photography)<br \/>1998\u00a0 \u00a0 \u00a0Robert Silverman (Keyboard artistry)<\/p><p><strong><br \/>Communiqu\u00e9s de presse<\/strong><br \/><a href=\"https:\/\/oafdn.ca\/fr\/pianist-marilyn-lerner-awarded-the-paul-de-hueck-and-norman-walford-career-achievement-award-for-keyboard-artistry\/\">La Pianiste Marilyn Lerner re\u00e7oit le Prix Paul de Hueck et Norman Walford d\u2019excellence de carri\u00e8re<\/a> le 26 mai 2025<\/p>\t\t\t\t\t\t\t\t<\/div>\n\t\t\t\t<\/div>\n\t\t\t\t\t<\/div>\n\t\t<\/div>\n\t\t\t\t\t<\/div>\n\t\t<\/section>\n\t\t\t\t<\/div>","protected":false},"excerpt":{"rendered":"<p>The Paul de Hueck and Norman Walford Career Achievement Awards Norman Walford, former Executive Director of the Ontario Arts Council, and the late Paul de Hueck, former CBC television production manager established the\u00a0Paul de Hueck and Norman Walford Fund. The awards recognize Canadian artists for their significant contributions and excellence in the body of work [&hellip;]<\/p>\n","protected":false},"author":1,"featured_media":0,"parent":3362,"menu_order":0,"comment_status":"closed","ping_status":"closed","template":"","meta":{"_acf_changed":false,"give_campaign_id":0,"nf_dc_page":"","site-sidebar-layout":"no-sidebar","site-content-layout":"page-builder","ast-site-content-layout":"full-width-container","site-content-style":"unboxed","site-sidebar-style":"unboxed","ast-global-header-display":"","ast-banner-title-visibility":"","ast-main-header-display":"","ast-hfb-above-header-display":"","ast-hfb-below-header-display":"","ast-hfb-mobile-header-display":"","site-post-title":"disabled","ast-breadcrumbs-content":"","ast-featured-img":"disabled","footer-sml-layout":"","ast-disable-related-posts":"","theme-transparent-header-meta":"","adv-header-id-meta":"","stick-header-meta":"","header-above-stick-meta":"","header-main-stick-meta":"","header-below-stick-meta":"","astra-migrate-meta-layouts":"set","ast-page-background-enabled":"default","ast-page-background-meta":{"desktop":{"background-color":"","background-image":"","background-repeat":"repeat","background-position":"center center","background-size":"auto","background-attachment":"scroll","background-type":"","background-media":"","overlay-type":"","overlay-color":"","overlay-opacity":"","overlay-gradient":""},"tablet":{"background-color":"","background-image":"","background-repeat":"repeat","background-position":"center center","background-size":"auto","background-attachment":"scroll","background-type":"","background-media":"","overlay-type":"","overlay-color":"","overlay-opacity":"","overlay-gradient":""},"mobile":{"background-color":"","background-image":"","background-repeat":"repeat","background-position":"center center","background-size":"auto","background-attachment":"scroll","background-type":"","background-media":"","overlay-type":"","overlay-color":"","overlay-opacity":"","overlay-gradient":""}},"ast-content-background-meta":{"desktop":{"background-color":"var(--ast-global-color-5)","background-image":"","background-repeat":"repeat","background-position":"center center","background-size":"auto","background-attachment":"scroll","background-type":"","background-media":"","overlay-type":"","overlay-color":"","overlay-opacity":"","overlay-gradient":""},"tablet":{"background-color":"var(--ast-global-color-5)","background-image":"","background-repeat":"repeat","background-position":"center center","background-size":"auto","background-attachment":"scroll","background-type":"","background-media":"","overlay-type":"","overlay-color":"","overlay-opacity":"","overlay-gradient":""},"mobile":{"background-color":"var(--ast-global-color-5)","background-image":"","background-repeat":"repeat","background-position":"center center","background-size":"auto","background-attachment":"scroll","background-type":"","background-media":"","overlay-type":"","overlay-color":"","overlay-opacity":"","overlay-gradient":""}},"footnotes":""},"class_list":["post-86016","page","type-page","status-publish","hentry"],"acf":[],"yoast_head":"<!-- This site is optimized with the Yoast SEO plugin v27.6 - https:\/\/yoast.com\/product\/yoast-seo-wordpress\/ -->\n<title>The Paul de Hueck and Norman Walford Career Achievement Awards - Ontario Arts Foundation<\/title>\n<meta name=\"description\" content=\"The Paul de Hueck and Norman Walford Career Achievement Awards Ontario Arts Foundation\" \/>\n<meta name=\"robots\" content=\"index, follow, max-snippet:-1, max-image-preview:large, max-video-preview:-1\" \/>\n<link rel=\"canonical\" href=\"https:\/\/oafdn.ca\/fr\/programs\/awards\/the-paul-de-hueck-and-norman-walford-career-achievement-awards\/\" \/>\n<meta property=\"og:locale\" content=\"fr_CA\" \/>\n<meta property=\"og:type\" content=\"article\" \/>\n<meta property=\"og:title\" content=\"The Paul de Hueck and Norman Walford Career Achievement Awards - Ontario Arts Foundation\" \/>\n<meta property=\"og:description\" content=\"The Paul de Hueck and Norman Walford Career Achievement Awards Ontario Arts Foundation\" \/>\n<meta property=\"og:url\" content=\"https:\/\/oafdn.ca\/fr\/programs\/awards\/the-paul-de-hueck-and-norman-walford-career-achievement-awards\/\" \/>\n<meta property=\"og:site_name\" content=\"Ontario Arts Foundation\" \/>\n<meta property=\"article:publisher\" content=\"https:\/\/www.facebook.com\/OntarioArtsFoundation\/\" \/>\n<meta property=\"article:modified_time\" content=\"2025-05-26T15:26:18+00:00\" \/>\n<meta property=\"og:image\" content=\"https:\/\/oafdn.ca\/wp-content\/uploads\/2025\/05\/MLerner-web.jpg\" \/>\n\t<meta property=\"og:image:width\" content=\"400\" \/>\n\t<meta property=\"og:image:height\" content=\"600\" \/>\n\t<meta property=\"og:image:type\" content=\"image\/jpeg\" \/>\n<meta name=\"twitter:card\" content=\"summary_large_image\" \/>\n<meta name=\"twitter:site\" content=\"@OntarioArtsFdn\" \/>\n<meta name=\"twitter:label1\" content=\"Estimation du temps de lecture\" \/>\n\t<meta name=\"twitter:data1\" content=\"1 minute\" \/>\n<script type=\"application\/ld+json\" class=\"yoast-schema-graph\">{\"@context\":\"https:\\\/\\\/schema.org\",\"@graph\":[{\"@type\":\"WebPage\",\"@id\":\"https:\\\/\\\/oafdn.ca\\\/programs\\\/awards\\\/the-paul-de-hueck-and-norman-walford-career-achievement-awards\\\/\",\"url\":\"https:\\\/\\\/oafdn.ca\\\/programs\\\/awards\\\/the-paul-de-hueck-and-norman-walford-career-achievement-awards\\\/\",\"name\":\"The Paul de Hueck and Norman Walford Career Achievement Awards - Ontario Arts Foundation\",\"isPartOf\":{\"@id\":\"https:\\\/\\\/oafdn.ca\\\/#website\"},\"primaryImageOfPage\":{\"@id\":\"https:\\\/\\\/oafdn.ca\\\/programs\\\/awards\\\/the-paul-de-hueck-and-norman-walford-career-achievement-awards\\\/#primaryimage\"},\"image\":{\"@id\":\"https:\\\/\\\/oafdn.ca\\\/programs\\\/awards\\\/the-paul-de-hueck-and-norman-walford-career-achievement-awards\\\/#primaryimage\"},\"thumbnailUrl\":\"https:\\\/\\\/oafdn.ca\\\/wp-content\\\/uploads\\\/2025\\\/05\\\/MLerner-web.jpg\",\"datePublished\":\"2022-06-11T02:53:29+00:00\",\"dateModified\":\"2025-05-26T15:26:18+00:00\",\"description\":\"The Paul de Hueck and Norman Walford Career Achievement Awards Ontario Arts Foundation\",\"breadcrumb\":{\"@id\":\"https:\\\/\\\/oafdn.ca\\\/programs\\\/awards\\\/the-paul-de-hueck-and-norman-walford-career-achievement-awards\\\/#breadcrumb\"},\"inLanguage\":\"fr-CA\",\"potentialAction\":[{\"@type\":\"ReadAction\",\"target\":[\"https:\\\/\\\/oafdn.ca\\\/programs\\\/awards\\\/the-paul-de-hueck-and-norman-walford-career-achievement-awards\\\/\"]}]},{\"@type\":\"ImageObject\",\"inLanguage\":\"fr-CA\",\"@id\":\"https:\\\/\\\/oafdn.ca\\\/programs\\\/awards\\\/the-paul-de-hueck-and-norman-walford-career-achievement-awards\\\/#primaryimage\",\"url\":\"https:\\\/\\\/oafdn.ca\\\/wp-content\\\/uploads\\\/2025\\\/05\\\/MLerner-web.jpg\",\"contentUrl\":\"https:\\\/\\\/oafdn.ca\\\/wp-content\\\/uploads\\\/2025\\\/05\\\/MLerner-web.jpg\"},{\"@type\":\"BreadcrumbList\",\"@id\":\"https:\\\/\\\/oafdn.ca\\\/programs\\\/awards\\\/the-paul-de-hueck-and-norman-walford-career-achievement-awards\\\/#breadcrumb\",\"itemListElement\":[{\"@type\":\"ListItem\",\"position\":1,\"name\":\"Home\",\"item\":\"https:\\\/\\\/oafdn.ca\\\/\"},{\"@type\":\"ListItem\",\"position\":2,\"name\":\"Programs\",\"item\":\"https:\\\/\\\/oafdn.ca\\\/programs\\\/\"},{\"@type\":\"ListItem\",\"position\":3,\"name\":\"Awards\",\"item\":\"https:\\\/\\\/oafdn.ca\\\/programs\\\/awards\\\/\"},{\"@type\":\"ListItem\",\"position\":4,\"name\":\"The Paul de Hueck and Norman Walford Career Achievement Awards\"}]},{\"@type\":\"WebSite\",\"@id\":\"https:\\\/\\\/oafdn.ca\\\/#website\",\"url\":\"https:\\\/\\\/oafdn.ca\\\/\",\"name\":\"Ontario Arts Foundation\",\"description\":\"The Ontario Arts Foundation is a non-governmental not for profit organization established in 1991 under the Ontario Corporations Act to encourage and facilitate private giving to the arts in Ontario, Canada.\",\"publisher\":{\"@id\":\"https:\\\/\\\/oafdn.ca\\\/#organization\"},\"potentialAction\":[{\"@type\":\"SearchAction\",\"target\":{\"@type\":\"EntryPoint\",\"urlTemplate\":\"https:\\\/\\\/oafdn.ca\\\/?s={search_term_string}\"},\"query-input\":{\"@type\":\"PropertyValueSpecification\",\"valueRequired\":true,\"valueName\":\"search_term_string\"}}],\"inLanguage\":\"fr-CA\"},{\"@type\":\"Organization\",\"@id\":\"https:\\\/\\\/oafdn.ca\\\/#organization\",\"name\":\"Ontario Arts Foundation\",\"url\":\"https:\\\/\\\/oafdn.ca\\\/\",\"logo\":{\"@type\":\"ImageObject\",\"inLanguage\":\"fr-CA\",\"@id\":\"https:\\\/\\\/oafdn.ca\\\/#\\\/schema\\\/logo\\\/image\\\/\",\"url\":\"https:\\\/\\\/oafdn.ca\\\/wp-content\\\/uploads\\\/2022\\\/02\\\/logo1-1.png\",\"contentUrl\":\"https:\\\/\\\/oafdn.ca\\\/wp-content\\\/uploads\\\/2022\\\/02\\\/logo1-1.png\",\"width\":1761,\"height\":487,\"caption\":\"Ontario Arts Foundation\"},\"image\":{\"@id\":\"https:\\\/\\\/oafdn.ca\\\/#\\\/schema\\\/logo\\\/image\\\/\"},\"sameAs\":[\"https:\\\/\\\/www.facebook.com\\\/OntarioArtsFoundation\\\/\",\"https:\\\/\\\/x.com\\\/OntarioArtsFdn\"]}]}<\/script>\n<!-- \/ Yoast SEO plugin. -->","yoast_head_json":{"title":"The Paul de Hueck and Norman Walford Career Achievement Awards - Ontario Arts Foundation","description":"The Paul de Hueck and Norman Walford Career Achievement Awards Ontario Arts Foundation","robots":{"index":"index","follow":"follow","max-snippet":"max-snippet:-1","max-image-preview":"max-image-preview:large","max-video-preview":"max-video-preview:-1"},"canonical":"https:\/\/oafdn.ca\/fr\/programs\/awards\/the-paul-de-hueck-and-norman-walford-career-achievement-awards\/","og_locale":"fr_CA","og_type":"article","og_title":"The Paul de Hueck and Norman Walford Career Achievement Awards - Ontario Arts Foundation","og_description":"The Paul de Hueck and Norman Walford Career Achievement Awards Ontario Arts Foundation","og_url":"https:\/\/oafdn.ca\/fr\/programs\/awards\/the-paul-de-hueck-and-norman-walford-career-achievement-awards\/","og_site_name":"Ontario Arts Foundation","article_publisher":"https:\/\/www.facebook.com\/OntarioArtsFoundation\/","article_modified_time":"2025-05-26T15:26:18+00:00","og_image":[{"width":400,"height":600,"url":"https:\/\/oafdn.ca\/wp-content\/uploads\/2025\/05\/MLerner-web.jpg","type":"image\/jpeg"}],"twitter_card":"summary_large_image","twitter_site":"@OntarioArtsFdn","twitter_misc":{"Estimation du temps de lecture":"1 minute"},"schema":{"@context":"https:\/\/schema.org","@graph":[{"@type":"WebPage","@id":"https:\/\/oafdn.ca\/programs\/awards\/the-paul-de-hueck-and-norman-walford-career-achievement-awards\/","url":"https:\/\/oafdn.ca\/programs\/awards\/the-paul-de-hueck-and-norman-walford-career-achievement-awards\/","name":"The Paul de Hueck and Norman Walford Career Achievement Awards - Ontario Arts Foundation","isPartOf":{"@id":"https:\/\/oafdn.ca\/#website"},"primaryImageOfPage":{"@id":"https:\/\/oafdn.ca\/programs\/awards\/the-paul-de-hueck-and-norman-walford-career-achievement-awards\/#primaryimage"},"image":{"@id":"https:\/\/oafdn.ca\/programs\/awards\/the-paul-de-hueck-and-norman-walford-career-achievement-awards\/#primaryimage"},"thumbnailUrl":"https:\/\/oafdn.ca\/wp-content\/uploads\/2025\/05\/MLerner-web.jpg","datePublished":"2022-06-11T02:53:29+00:00","dateModified":"2025-05-26T15:26:18+00:00","description":"The Paul de Hueck and Norman Walford Career Achievement Awards Ontario Arts Foundation","breadcrumb":{"@id":"https:\/\/oafdn.ca\/programs\/awards\/the-paul-de-hueck-and-norman-walford-career-achievement-awards\/#breadcrumb"},"inLanguage":"fr-CA","potentialAction":[{"@type":"ReadAction","target":["https:\/\/oafdn.ca\/programs\/awards\/the-paul-de-hueck-and-norman-walford-career-achievement-awards\/"]}]},{"@type":"ImageObject","inLanguage":"fr-CA","@id":"https:\/\/oafdn.ca\/programs\/awards\/the-paul-de-hueck-and-norman-walford-career-achievement-awards\/#primaryimage","url":"https:\/\/oafdn.ca\/wp-content\/uploads\/2025\/05\/MLerner-web.jpg","contentUrl":"https:\/\/oafdn.ca\/wp-content\/uploads\/2025\/05\/MLerner-web.jpg"},{"@type":"BreadcrumbList","@id":"https:\/\/oafdn.ca\/programs\/awards\/the-paul-de-hueck-and-norman-walford-career-achievement-awards\/#breadcrumb","itemListElement":[{"@type":"ListItem","position":1,"name":"Home","item":"https:\/\/oafdn.ca\/"},{"@type":"ListItem","position":2,"name":"Programs","item":"https:\/\/oafdn.ca\/programs\/"},{"@type":"ListItem","position":3,"name":"Awards","item":"https:\/\/oafdn.ca\/programs\/awards\/"},{"@type":"ListItem","position":4,"name":"The Paul de Hueck and Norman Walford Career Achievement Awards"}]},{"@type":"WebSite","@id":"https:\/\/oafdn.ca\/#website","url":"https:\/\/oafdn.ca\/","name":"Fondation des arts de l'Ontario","description":"The Ontario Arts Foundation is a non-governmental not for profit organization established in 1991 under the Ontario Corporations Act to encourage and facilitate private giving to the arts in Ontario, Canada.","publisher":{"@id":"https:\/\/oafdn.ca\/#organization"},"potentialAction":[{"@type":"SearchAction","target":{"@type":"EntryPoint","urlTemplate":"https:\/\/oafdn.ca\/?s={search_term_string}"},"query-input":{"@type":"PropertyValueSpecification","valueRequired":true,"valueName":"search_term_string"}}],"inLanguage":"fr-CA"},{"@type":"Organization","@id":"https:\/\/oafdn.ca\/#organization","name":"Fondation des arts de l'Ontario","url":"https:\/\/oafdn.ca\/","logo":{"@type":"ImageObject","inLanguage":"fr-CA","@id":"https:\/\/oafdn.ca\/#\/schema\/logo\/image\/","url":"https:\/\/oafdn.ca\/wp-content\/uploads\/2022\/02\/logo1-1.png","contentUrl":"https:\/\/oafdn.ca\/wp-content\/uploads\/2022\/02\/logo1-1.png","width":1761,"height":487,"caption":"Ontario Arts Foundation"},"image":{"@id":"https:\/\/oafdn.ca\/#\/schema\/logo\/image\/"},"sameAs":["https:\/\/www.facebook.com\/OntarioArtsFoundation\/","https:\/\/x.com\/OntarioArtsFdn"]}]}},"campaignId":"","_links":{"self":[{"href":"https:\/\/oafdn.ca\/fr\/wp-json\/wp\/v2\/pages\/86016","targetHints":{"allow":["GET"]}}],"collection":[{"href":"https:\/\/oafdn.ca\/fr\/wp-json\/wp\/v2\/pages"}],"about":[{"href":"https:\/\/oafdn.ca\/fr\/wp-json\/wp\/v2\/types\/page"}],"author":[{"embeddable":true,"href":"https:\/\/oafdn.ca\/fr\/wp-json\/wp\/v2\/users\/1"}],"replies":[{"embeddable":true,"href":"https:\/\/oafdn.ca\/fr\/wp-json\/wp\/v2\/comments?post=86016"}],"version-history":[{"count":5,"href":"https:\/\/oafdn.ca\/fr\/wp-json\/wp\/v2\/pages\/86016\/revisions"}],"predecessor-version":[{"id":138084,"href":"https:\/\/oafdn.ca\/fr\/wp-json\/wp\/v2\/pages\/86016\/revisions\/138084"}],"up":[{"embeddable":true,"href":"https:\/\/oafdn.ca\/fr\/wp-json\/wp\/v2\/pages\/3362"}],"wp:attachment":[{"href":"https:\/\/oafdn.ca\/fr\/wp-json\/wp\/v2\/media?parent=86016"}],"curies":[{"name":"wp","href":"https:\/\/api.w.org\/{rel}","templated":true}]}}