{"id":86005,"date":"2022-06-11T02:50:25","date_gmt":"2022-06-11T02:50:25","guid":{"rendered":"https:\/\/oafdn.ca\/?page_id=86005"},"modified":"2025-08-21T16:29:40","modified_gmt":"2025-08-21T20:29:40","slug":"christopher-dedrick-music-fund","status":"publish","type":"page","link":"https:\/\/oafdn.ca\/fr\/programs\/awards\/christopher-dedrick-music-fund\/","title":{"rendered":"Fonds Christopher Dedrick de musique"},"content":{"rendered":"<div data-elementor-type=\"wp-page\" data-elementor-id=\"86005\" class=\"elementor elementor-86005\" wpc-filter-elementor-widget=\"1\">\n\t\t\t\t\t\t<section class=\"elementor-section elementor-top-section elementor-element elementor-element-0ad5ea5 elementor-section-boxed elementor-section-height-default elementor-section-height-default\" data-id=\"0ad5ea5\" data-element_type=\"section\" data-e-type=\"section\">\n\t\t\t\t\t\t<div class=\"elementor-container elementor-column-gap-default\">\n\t\t\t\t\t<div class=\"elementor-column elementor-col-100 elementor-top-column elementor-element elementor-element-b5d6e88\" data-id=\"b5d6e88\" data-element_type=\"column\" data-e-type=\"column\">\n\t\t\t<div class=\"elementor-widget-wrap elementor-element-populated\">\n\t\t\t\t\t\t<div class=\"elementor-element elementor-element-1ed43d8 elementor-widget elementor-widget-heading\" data-id=\"1ed43d8\" data-element_type=\"widget\" data-e-type=\"widget\" data-widget_type=\"heading.default\">\n\t\t\t\t<div class=\"elementor-widget-container\">\n\t\t\t\t\t<h2 class=\"elementor-heading-title elementor-size-default\">Fonds Christopher Dedrick de musique<\/h2>\t\t\t\t<\/div>\n\t\t\t\t<\/div>\n\t\t\t\t<div class=\"elementor-element elementor-element-302b00e elementor-widget-divider--view-line elementor-widget elementor-widget-divider\" data-id=\"302b00e\" data-element_type=\"widget\" data-e-type=\"widget\" data-widget_type=\"divider.default\">\n\t\t\t\t<div class=\"elementor-widget-container\">\n\t\t\t\t\t\t\t<div class=\"elementor-divider\">\n\t\t\t<span class=\"elementor-divider-separator\">\n\t\t\t\t\t\t<\/span>\n\t\t<\/div>\n\t\t\t\t\t\t<\/div>\n\t\t\t\t<\/div>\n\t\t\t\t\t<\/div>\n\t\t<\/div>\n\t\t\t\t\t<\/div>\n\t\t<\/section>\n\t\t\t\t<section class=\"elementor-section elementor-top-section elementor-element elementor-element-e007e90 elementor-section-boxed elementor-section-height-default elementor-section-height-default\" data-id=\"e007e90\" data-element_type=\"section\" data-e-type=\"section\">\n\t\t\t\t\t\t<div class=\"elementor-container elementor-column-gap-default\">\n\t\t\t\t\t<div class=\"elementor-column elementor-col-100 elementor-top-column elementor-element elementor-element-551f766\" data-id=\"551f766\" data-element_type=\"column\" data-e-type=\"column\">\n\t\t\t<div class=\"elementor-widget-wrap elementor-element-populated\">\n\t\t\t\t\t\t<div class=\"elementor-element elementor-element-619ef80 elementor-widget elementor-widget-text-editor\" data-id=\"619ef80\" data-element_type=\"widget\" data-e-type=\"widget\" data-widget_type=\"text-editor.default\">\n\t\t\t\t<div class=\"elementor-widget-container\">\n\t\t\t\t\t\t\t\t\t<p>Le Fonds Christopher Dedrick de musique a \u00e9t\u00e9 \u00e9tabli par Moira Dedrick en la m\u00e9moire de son d\u00e9funt \u00e9poux, le musicien et compositeur prolifique, Christopher Dedrick.<\/p><p>En partenariat avec La Guilde des compositeurs canadiens de musique a l\u2019image, le Prix Christopher Dedrick pour les musiciens dans les bandes sonores pour les medias, un prix annuel a \u00e9t\u00e9 cr\u00e9\u00e9 pour reconna\u00eetre un compositeur de l'Ontario et pour c\u00e9l\u00e9brer et encourager l'utilisation des musiciens dans la production de bandes sonores pour les medias.<\/p><p class=\"p1 half_line_spacing\"><span style=\"color: #5675b8; font-family: helvetica; font-size: 20px; background-color: #ffffff;\">Prix:  1 200 dollars<\/span><\/p><p class=\"p1\"><strong>Laur\u00e9ate de cette ann\u00e9e<\/strong><br \/>2025\u00a0 \u00a0 Iva Delic and Nick Walker Grimshaw<\/p>\t\t\t\t\t\t\t\t<\/div>\n\t\t\t\t<\/div>\n\t\t\t\t\t<\/div>\n\t\t<\/div>\n\t\t\t\t\t<\/div>\n\t\t<\/section>\n\t\t\t\t<section class=\"elementor-section elementor-top-section elementor-element elementor-element-c0f738a elementor-section-boxed elementor-section-height-default elementor-section-height-default\" data-id=\"c0f738a\" data-element_type=\"section\" data-e-type=\"section\">\n\t\t\t\t\t\t<div class=\"elementor-container elementor-column-gap-default\">\n\t\t\t\t\t<div class=\"elementor-column elementor-col-100 elementor-top-column elementor-element elementor-element-8f2de51\" data-id=\"8f2de51\" data-element_type=\"column\" data-e-type=\"column\">\n\t\t\t<div class=\"elementor-widget-wrap elementor-element-populated\">\n\t\t\t\t\t\t<div class=\"elementor-element elementor-element-1e2fac0 elementor-widget elementor-widget-text-editor\" data-id=\"1e2fac0\" data-element_type=\"widget\" data-e-type=\"widget\" data-widget_type=\"text-editor.default\">\n\t\t\t\t<div class=\"elementor-widget-container\">\n\t\t\t\t\t\t\t\t\t<p><strong>Pr\u00e9c\u00e9dents laur\u00e9ates<br \/><\/strong><\/p><p>2024\u00a0 \u00a0 Zachary Greer<br \/>2023\u00a0 \u00a0 Ally Fiola et Sean Hayden<br \/>2019\u00a0 \u00a0 Dillon Baldassero<br \/>2018\u00a0 \u00a0 Steph Copeland<br \/>2017\u00a0\u00a0\u00a0 Matthew Van Driel<br \/>2016\u00a0\u00a0\u00a0 Janal Bechthold<br \/>2015\u00a0\u00a0\u00a0\u00a0Schaun Tozer\u00a0 \u00a0\u00a0<\/p><p>Communiqu\u00e9s de presse<br \/><a href=\"https:\/\/oafdn.ca\/fr\/composers-ally-fiola-and-sean-hayden-awarded-the-christopher-dedrick-award-for-live-musicians-in-media-soundtracks\/\">Le prix Christopher Dedrick pour les musiciens dans les bandes sonores pour les medias 2023 est d\u00e9cern\u00e9 aux compositeurs Ally Fiola et Sean Hayden<\/a>\u00a0\u00a0\u00a0<em>le 15 juin 2023<\/em><\/p><p>Pour de plus amples informations\u00a0\u00a0<span class=\"plain_grey\"><a title=\"\" href=\"https:\/\/oafdn.ca\/wp-content\/uploads\/2022\/03\/Christopher_Dedrick_CV.pdf\" data-wplink-url-error=\"true\">Christopher Dedrick Biography\u00a0 <img decoding=\"async\" class=\"alignnone wp-image-3062\" src=\"https:\/\/oafdn.ca\/wp-content\/uploads\/2022\/02\/pdf-icon.png\" alt=\"pdf symbol\" width=\"30\" height=\"37\" srcset=\"https:\/\/oafdn.ca\/wp-content\/uploads\/2022\/02\/pdf-icon.png 203w, https:\/\/oafdn.ca\/wp-content\/uploads\/2022\/02\/pdf-icon-10x12.png 10w\" sizes=\"(max-width: 30px) 100vw, 30px\" \/><\/a><\/span><\/p>\t\t\t\t\t\t\t\t<\/div>\n\t\t\t\t<\/div>\n\t\t\t\t\t<\/div>\n\t\t<\/div>\n\t\t\t\t\t<\/div>\n\t\t<\/section>\n\t\t\t\t<\/div>","protected":false},"excerpt":{"rendered":"<p>Christopher Dedrick Music Fund The Christopher Dedrick Music Fund was established by Moira Dedrick in honour of her late husband,\u00a0 prolific musician and composer, Christopher Dedrick. In partnership with the Screen Composers Guild of Canada, the Christopher Dedrick Award for Live Musicians in Media Soundtracks was established to recognize an Ontario based composer and to [&hellip;]<\/p>\n","protected":false},"author":1,"featured_media":0,"parent":3362,"menu_order":0,"comment_status":"closed","ping_status":"closed","template":"","meta":{"_acf_changed":false,"give_campaign_id":0,"nf_dc_page":"","site-sidebar-layout":"no-sidebar","site-content-layout":"page-builder","ast-site-content-layout":"default","site-content-style":"default","site-sidebar-style":"default","ast-global-header-display":"","ast-banner-title-visibility":"","ast-main-header-display":"","ast-hfb-above-header-display":"","ast-hfb-below-header-display":"","ast-hfb-mobile-header-display":"","site-post-title":"disabled","ast-breadcrumbs-content":"","ast-featured-img":"disabled","footer-sml-layout":"","ast-disable-related-posts":"","theme-transparent-header-meta":"","adv-header-id-meta":"","stick-header-meta":"","header-above-stick-meta":"","header-main-stick-meta":"","header-below-stick-meta":"","astra-migrate-meta-layouts":"default","ast-page-background-enabled":"default","ast-page-background-meta":{"desktop":{"background-color":"","background-image":"","background-repeat":"repeat","background-position":"center center","background-size":"auto","background-attachment":"scroll","background-type":"","background-media":"","overlay-type":"","overlay-color":"","overlay-opacity":"","overlay-gradient":""},"tablet":{"background-color":"","background-image":"","background-repeat":"repeat","background-position":"center center","background-size":"auto","background-attachment":"scroll","background-type":"","background-media":"","overlay-type":"","overlay-color":"","overlay-opacity":"","overlay-gradient":""},"mobile":{"background-color":"","background-image":"","background-repeat":"repeat","background-position":"center center","background-size":"auto","background-attachment":"scroll","background-type":"","background-media":"","overlay-type":"","overlay-color":"","overlay-opacity":"","overlay-gradient":""}},"ast-content-background-meta":{"desktop":{"background-color":"var(--ast-global-color-5)","background-image":"","background-repeat":"repeat","background-position":"center center","background-size":"auto","background-attachment":"scroll","background-type":"","background-media":"","overlay-type":"","overlay-color":"","overlay-opacity":"","overlay-gradient":""},"tablet":{"background-color":"var(--ast-global-color-5)","background-image":"","background-repeat":"repeat","background-position":"center center","background-size":"auto","background-attachment":"scroll","background-type":"","background-media":"","overlay-type":"","overlay-color":"","overlay-opacity":"","overlay-gradient":""},"mobile":{"background-color":"var(--ast-global-color-5)","background-image":"","background-repeat":"repeat","background-position":"center center","background-size":"auto","background-attachment":"scroll","background-type":"","background-media":"","overlay-type":"","overlay-color":"","overlay-opacity":"","overlay-gradient":""}},"footnotes":""},"class_list":["post-86005","page","type-page","status-publish","hentry"],"acf":[],"yoast_head":"<!-- This site is optimized with the Yoast SEO plugin v27.4 - https:\/\/yoast.com\/product\/yoast-seo-wordpress\/ -->\n<title>Christopher Dedrick Music Fund - Ontario Arts Foundation<\/title>\n<meta name=\"description\" content=\"Christopher Dedrick Music Fund Ontario Arts Foundation\" \/>\n<meta name=\"robots\" content=\"index, follow, max-snippet:-1, max-image-preview:large, max-video-preview:-1\" \/>\n<link rel=\"canonical\" href=\"https:\/\/oafdn.ca\/fr\/programs\/awards\/christopher-dedrick-music-fund\/\" \/>\n<meta property=\"og:locale\" content=\"fr_CA\" \/>\n<meta property=\"og:type\" content=\"article\" \/>\n<meta property=\"og:title\" content=\"Christopher Dedrick Music Fund - Ontario Arts Foundation\" \/>\n<meta property=\"og:description\" content=\"Christopher Dedrick Music Fund Ontario Arts Foundation\" \/>\n<meta property=\"og:url\" content=\"https:\/\/oafdn.ca\/fr\/programs\/awards\/christopher-dedrick-music-fund\/\" \/>\n<meta property=\"og:site_name\" content=\"Ontario Arts Foundation\" \/>\n<meta property=\"article:publisher\" content=\"https:\/\/www.facebook.com\/OntarioArtsFoundation\/\" \/>\n<meta property=\"article:modified_time\" content=\"2025-08-21T20:29:40+00:00\" \/>\n<meta property=\"og:image\" content=\"https:\/\/oafdn.ca\/wp-content\/uploads\/2022\/02\/pdf-icon.png\" \/>\n\t<meta property=\"og:image:width\" content=\"203\" \/>\n\t<meta property=\"og:image:height\" content=\"249\" \/>\n\t<meta property=\"og:image:type\" content=\"image\/png\" \/>\n<meta name=\"twitter:card\" content=\"summary_large_image\" \/>\n<meta name=\"twitter:site\" content=\"@OntarioArtsFdn\" \/>\n<meta name=\"twitter:label1\" content=\"Estimation du temps de lecture\" \/>\n\t<meta name=\"twitter:data1\" content=\"1 minute\" \/>\n<script type=\"application\/ld+json\" class=\"yoast-schema-graph\">{\"@context\":\"https:\\\/\\\/schema.org\",\"@graph\":[{\"@type\":\"WebPage\",\"@id\":\"https:\\\/\\\/oafdn.ca\\\/fr\\\/programs\\\/awards\\\/christopher-dedrick-music-fund\\\/\",\"url\":\"https:\\\/\\\/oafdn.ca\\\/fr\\\/programs\\\/awards\\\/christopher-dedrick-music-fund\\\/\",\"name\":\"Christopher Dedrick Music Fund - Ontario Arts Foundation\",\"isPartOf\":{\"@id\":\"https:\\\/\\\/oafdn.ca\\\/#website\"},\"primaryImageOfPage\":{\"@id\":\"https:\\\/\\\/oafdn.ca\\\/fr\\\/programs\\\/awards\\\/christopher-dedrick-music-fund\\\/#primaryimage\"},\"image\":{\"@id\":\"https:\\\/\\\/oafdn.ca\\\/fr\\\/programs\\\/awards\\\/christopher-dedrick-music-fund\\\/#primaryimage\"},\"thumbnailUrl\":\"https:\\\/\\\/oafdn.ca\\\/wp-content\\\/uploads\\\/2022\\\/02\\\/pdf-icon.png\",\"datePublished\":\"2022-06-11T02:50:25+00:00\",\"dateModified\":\"2025-08-21T20:29:40+00:00\",\"description\":\"Christopher Dedrick Music Fund Ontario Arts Foundation\",\"breadcrumb\":{\"@id\":\"https:\\\/\\\/oafdn.ca\\\/fr\\\/programs\\\/awards\\\/christopher-dedrick-music-fund\\\/#breadcrumb\"},\"inLanguage\":\"fr-CA\",\"potentialAction\":[{\"@type\":\"ReadAction\",\"target\":[\"https:\\\/\\\/oafdn.ca\\\/fr\\\/programs\\\/awards\\\/christopher-dedrick-music-fund\\\/\"]}]},{\"@type\":\"ImageObject\",\"inLanguage\":\"fr-CA\",\"@id\":\"https:\\\/\\\/oafdn.ca\\\/fr\\\/programs\\\/awards\\\/christopher-dedrick-music-fund\\\/#primaryimage\",\"url\":\"https:\\\/\\\/oafdn.ca\\\/wp-content\\\/uploads\\\/2022\\\/02\\\/pdf-icon.png\",\"contentUrl\":\"https:\\\/\\\/oafdn.ca\\\/wp-content\\\/uploads\\\/2022\\\/02\\\/pdf-icon.png\"},{\"@type\":\"BreadcrumbList\",\"@id\":\"https:\\\/\\\/oafdn.ca\\\/fr\\\/programs\\\/awards\\\/christopher-dedrick-music-fund\\\/#breadcrumb\",\"itemListElement\":[{\"@type\":\"ListItem\",\"position\":1,\"name\":\"Home\",\"item\":\"https:\\\/\\\/oafdn.ca\\\/\"},{\"@type\":\"ListItem\",\"position\":2,\"name\":\"Programs\",\"item\":\"https:\\\/\\\/oafdn.ca\\\/programs\\\/\"},{\"@type\":\"ListItem\",\"position\":3,\"name\":\"Awards\",\"item\":\"https:\\\/\\\/oafdn.ca\\\/programs\\\/awards\\\/\"},{\"@type\":\"ListItem\",\"position\":4,\"name\":\"Christopher Dedrick Music Fund\"}]},{\"@type\":\"WebSite\",\"@id\":\"https:\\\/\\\/oafdn.ca\\\/#website\",\"url\":\"https:\\\/\\\/oafdn.ca\\\/\",\"name\":\"Ontario Arts Foundation\",\"description\":\"The Ontario Arts Foundation is a non-governmental not for profit organization established in 1991 under the Ontario Corporations Act to encourage and facilitate private giving to the arts in Ontario, Canada.\",\"publisher\":{\"@id\":\"https:\\\/\\\/oafdn.ca\\\/#organization\"},\"potentialAction\":[{\"@type\":\"SearchAction\",\"target\":{\"@type\":\"EntryPoint\",\"urlTemplate\":\"https:\\\/\\\/oafdn.ca\\\/?s={search_term_string}\"},\"query-input\":{\"@type\":\"PropertyValueSpecification\",\"valueRequired\":true,\"valueName\":\"search_term_string\"}}],\"inLanguage\":\"fr-CA\"},{\"@type\":\"Organization\",\"@id\":\"https:\\\/\\\/oafdn.ca\\\/#organization\",\"name\":\"Ontario Arts Foundation\",\"url\":\"https:\\\/\\\/oafdn.ca\\\/\",\"logo\":{\"@type\":\"ImageObject\",\"inLanguage\":\"fr-CA\",\"@id\":\"https:\\\/\\\/oafdn.ca\\\/#\\\/schema\\\/logo\\\/image\\\/\",\"url\":\"https:\\\/\\\/oafdn.ca\\\/wp-content\\\/uploads\\\/2022\\\/02\\\/logo1-1.png\",\"contentUrl\":\"https:\\\/\\\/oafdn.ca\\\/wp-content\\\/uploads\\\/2022\\\/02\\\/logo1-1.png\",\"width\":1761,\"height\":487,\"caption\":\"Ontario Arts Foundation\"},\"image\":{\"@id\":\"https:\\\/\\\/oafdn.ca\\\/#\\\/schema\\\/logo\\\/image\\\/\"},\"sameAs\":[\"https:\\\/\\\/www.facebook.com\\\/OntarioArtsFoundation\\\/\",\"https:\\\/\\\/x.com\\\/OntarioArtsFdn\"]}]}<\/script>\n<!-- \/ Yoast SEO plugin. -->","yoast_head_json":{"title":"Christopher Dedrick Music Fund - Ontario Arts Foundation","description":"Christopher Dedrick Music Fund Ontario Arts Foundation","robots":{"index":"index","follow":"follow","max-snippet":"max-snippet:-1","max-image-preview":"max-image-preview:large","max-video-preview":"max-video-preview:-1"},"canonical":"https:\/\/oafdn.ca\/fr\/programs\/awards\/christopher-dedrick-music-fund\/","og_locale":"fr_CA","og_type":"article","og_title":"Christopher Dedrick Music Fund - Ontario Arts Foundation","og_description":"Christopher Dedrick Music Fund Ontario Arts Foundation","og_url":"https:\/\/oafdn.ca\/fr\/programs\/awards\/christopher-dedrick-music-fund\/","og_site_name":"Ontario Arts Foundation","article_publisher":"https:\/\/www.facebook.com\/OntarioArtsFoundation\/","article_modified_time":"2025-08-21T20:29:40+00:00","og_image":[{"width":203,"height":249,"url":"https:\/\/oafdn.ca\/wp-content\/uploads\/2022\/02\/pdf-icon.png","type":"image\/png"}],"twitter_card":"summary_large_image","twitter_site":"@OntarioArtsFdn","twitter_misc":{"Estimation du temps de lecture":"1 minute"},"schema":{"@context":"https:\/\/schema.org","@graph":[{"@type":"WebPage","@id":"https:\/\/oafdn.ca\/fr\/programs\/awards\/christopher-dedrick-music-fund\/","url":"https:\/\/oafdn.ca\/fr\/programs\/awards\/christopher-dedrick-music-fund\/","name":"Christopher Dedrick Music Fund - Ontario Arts Foundation","isPartOf":{"@id":"https:\/\/oafdn.ca\/#website"},"primaryImageOfPage":{"@id":"https:\/\/oafdn.ca\/fr\/programs\/awards\/christopher-dedrick-music-fund\/#primaryimage"},"image":{"@id":"https:\/\/oafdn.ca\/fr\/programs\/awards\/christopher-dedrick-music-fund\/#primaryimage"},"thumbnailUrl":"https:\/\/oafdn.ca\/wp-content\/uploads\/2022\/02\/pdf-icon.png","datePublished":"2022-06-11T02:50:25+00:00","dateModified":"2025-08-21T20:29:40+00:00","description":"Christopher Dedrick Music Fund Ontario Arts Foundation","breadcrumb":{"@id":"https:\/\/oafdn.ca\/fr\/programs\/awards\/christopher-dedrick-music-fund\/#breadcrumb"},"inLanguage":"fr-CA","potentialAction":[{"@type":"ReadAction","target":["https:\/\/oafdn.ca\/fr\/programs\/awards\/christopher-dedrick-music-fund\/"]}]},{"@type":"ImageObject","inLanguage":"fr-CA","@id":"https:\/\/oafdn.ca\/fr\/programs\/awards\/christopher-dedrick-music-fund\/#primaryimage","url":"https:\/\/oafdn.ca\/wp-content\/uploads\/2022\/02\/pdf-icon.png","contentUrl":"https:\/\/oafdn.ca\/wp-content\/uploads\/2022\/02\/pdf-icon.png"},{"@type":"BreadcrumbList","@id":"https:\/\/oafdn.ca\/fr\/programs\/awards\/christopher-dedrick-music-fund\/#breadcrumb","itemListElement":[{"@type":"ListItem","position":1,"name":"Home","item":"https:\/\/oafdn.ca\/"},{"@type":"ListItem","position":2,"name":"Programs","item":"https:\/\/oafdn.ca\/programs\/"},{"@type":"ListItem","position":3,"name":"Awards","item":"https:\/\/oafdn.ca\/programs\/awards\/"},{"@type":"ListItem","position":4,"name":"Christopher Dedrick Music Fund"}]},{"@type":"WebSite","@id":"https:\/\/oafdn.ca\/#website","url":"https:\/\/oafdn.ca\/","name":"Fondation des arts de l'Ontario","description":"The Ontario Arts Foundation is a non-governmental not for profit organization established in 1991 under the Ontario Corporations Act to encourage and facilitate private giving to the arts in Ontario, Canada.","publisher":{"@id":"https:\/\/oafdn.ca\/#organization"},"potentialAction":[{"@type":"SearchAction","target":{"@type":"EntryPoint","urlTemplate":"https:\/\/oafdn.ca\/?s={search_term_string}"},"query-input":{"@type":"PropertyValueSpecification","valueRequired":true,"valueName":"search_term_string"}}],"inLanguage":"fr-CA"},{"@type":"Organization","@id":"https:\/\/oafdn.ca\/#organization","name":"Fondation des arts de l'Ontario","url":"https:\/\/oafdn.ca\/","logo":{"@type":"ImageObject","inLanguage":"fr-CA","@id":"https:\/\/oafdn.ca\/#\/schema\/logo\/image\/","url":"https:\/\/oafdn.ca\/wp-content\/uploads\/2022\/02\/logo1-1.png","contentUrl":"https:\/\/oafdn.ca\/wp-content\/uploads\/2022\/02\/logo1-1.png","width":1761,"height":487,"caption":"Ontario Arts Foundation"},"image":{"@id":"https:\/\/oafdn.ca\/#\/schema\/logo\/image\/"},"sameAs":["https:\/\/www.facebook.com\/OntarioArtsFoundation\/","https:\/\/x.com\/OntarioArtsFdn"]}]}},"campaignId":"","_links":{"self":[{"href":"https:\/\/oafdn.ca\/fr\/wp-json\/wp\/v2\/pages\/86005","targetHints":{"allow":["GET"]}}],"collection":[{"href":"https:\/\/oafdn.ca\/fr\/wp-json\/wp\/v2\/pages"}],"about":[{"href":"https:\/\/oafdn.ca\/fr\/wp-json\/wp\/v2\/types\/page"}],"author":[{"embeddable":true,"href":"https:\/\/oafdn.ca\/fr\/wp-json\/wp\/v2\/users\/1"}],"replies":[{"embeddable":true,"href":"https:\/\/oafdn.ca\/fr\/wp-json\/wp\/v2\/comments?post=86005"}],"version-history":[{"count":5,"href":"https:\/\/oafdn.ca\/fr\/wp-json\/wp\/v2\/pages\/86005\/revisions"}],"predecessor-version":[{"id":140342,"href":"https:\/\/oafdn.ca\/fr\/wp-json\/wp\/v2\/pages\/86005\/revisions\/140342"}],"up":[{"embeddable":true,"href":"https:\/\/oafdn.ca\/fr\/wp-json\/wp\/v2\/pages\/3362"}],"wp:attachment":[{"href":"https:\/\/oafdn.ca\/fr\/wp-json\/wp\/v2\/media?parent=86005"}],"curies":[{"name":"wp","href":"https:\/\/api.w.org\/{rel}","templated":true}]}}