{"id":85994,"date":"2022-06-11T02:45:44","date_gmt":"2022-06-11T02:45:44","guid":{"rendered":"https:\/\/oafdn.ca\/?page_id=85994"},"modified":"2025-08-15T09:21:23","modified_gmt":"2025-08-15T13:21:23","slug":"william-and-mary-corcoran-craft-awards","status":"publish","type":"page","link":"https:\/\/oafdn.ca\/fr\/programs\/awards\/william-and-mary-corcoran-craft-awards\/","title":{"rendered":"Prix William et Mary Corcoran de m\u00e9tiers d'art"},"content":{"rendered":"<div data-elementor-type=\"wp-page\" data-elementor-id=\"85994\" class=\"elementor elementor-85994\" wpc-filter-elementor-widget=\"1\">\n\t\t\t\t\t\t<section class=\"elementor-section elementor-top-section elementor-element elementor-element-55c2782 elementor-section-boxed elementor-section-height-default elementor-section-height-default\" data-id=\"55c2782\" data-element_type=\"section\" data-e-type=\"section\">\n\t\t\t\t\t\t<div class=\"elementor-container elementor-column-gap-default\">\n\t\t\t\t\t<div class=\"elementor-column elementor-col-100 elementor-top-column elementor-element elementor-element-a342a2a\" data-id=\"a342a2a\" data-element_type=\"column\" data-e-type=\"column\">\n\t\t\t<div class=\"elementor-widget-wrap elementor-element-populated\">\n\t\t\t\t\t\t<div class=\"elementor-element elementor-element-12874ef elementor-widget elementor-widget-heading\" data-id=\"12874ef\" data-element_type=\"widget\" data-e-type=\"widget\" data-widget_type=\"heading.default\">\n\t\t\t\t<div class=\"elementor-widget-container\">\n\t\t\t\t\t<h2 class=\"elementor-heading-title elementor-size-default\">Prix William et Mary Corcoran de m\u00e9tiers d'art<\/h2>\t\t\t\t<\/div>\n\t\t\t\t<\/div>\n\t\t\t\t<div class=\"elementor-element elementor-element-6886e5b elementor-widget-divider--view-line elementor-widget elementor-widget-divider\" data-id=\"6886e5b\" data-element_type=\"widget\" data-e-type=\"widget\" data-widget_type=\"divider.default\">\n\t\t\t\t<div class=\"elementor-widget-container\">\n\t\t\t\t\t\t\t<div class=\"elementor-divider\">\n\t\t\t<span class=\"elementor-divider-separator\">\n\t\t\t\t\t\t<\/span>\n\t\t<\/div>\n\t\t\t\t\t\t<\/div>\n\t\t\t\t<\/div>\n\t\t\t\t\t<\/div>\n\t\t<\/div>\n\t\t\t\t\t<\/div>\n\t\t<\/section>\n\t\t\t\t<section class=\"elementor-section elementor-top-section elementor-element elementor-element-290b0f8 elementor-section-boxed elementor-section-height-default elementor-section-height-default\" data-id=\"290b0f8\" data-element_type=\"section\" data-e-type=\"section\">\n\t\t\t\t\t\t<div class=\"elementor-container elementor-column-gap-default\">\n\t\t\t\t\t<div class=\"elementor-column elementor-col-100 elementor-top-column elementor-element elementor-element-231240d\" data-id=\"231240d\" data-element_type=\"column\" data-e-type=\"column\">\n\t\t\t<div class=\"elementor-widget-wrap elementor-element-populated\">\n\t\t\t\t\t\t<div class=\"elementor-element elementor-element-63cb00d elementor-widget elementor-widget-text-editor\" data-id=\"63cb00d\" data-element_type=\"widget\" data-e-type=\"widget\" data-widget_type=\"text-editor.default\">\n\t\t\t\t<div class=\"elementor-widget-container\">\n\t\t\t\t\t\t\t\t\t<p class=\"translation-block\">Les m\u00e9c\u00e8nes William et Mary Corcoran ont \u00e9tablis le <strong>Fonds William et Mary Corcoran de m\u00e9tiers d'art<\/strong> afin d\u2019encourager l\u2019excellence dans les m\u00e9tiers d\u2019art. Ces r\u00e9compenses sont d\u00e9cern\u00e9es \u00e0 des \u00e9tudiants et \u00e9tudiantes qui terminent leurs \u00e9tudes au coll\u00e8ge Sheridan, dans les disciplines du travail du verre, des textiles, du bois, de la c\u00e9ramique et du design industriel.<\/p><p>L\u2019\u00e9ducation et le soutien qu\u2019a re\u00e7u Mary Corcoran alors qu\u2019elle \u00e9tait \u00e9tudiante au coll\u00e8ge Sheridan ont eu un grand impact sur sa vie, et il est donc normal que William et Mary apportent un soutien continu dans ce domaine des arts qui a grandement enrichi leurs vies.<\/p><p><span style=\"color: #5675b8; font-family: helvetica; font-size: 20px; background-color: #ffffff;\">Prix : 1 500 dollars<\/span><\/p><p><strong><span class=\"blue\">Laur\u00e9ats et laur\u00e9ates de cette ann\u00e9e<\/span><\/strong><br \/>verrerie <a href=\"https:\/\/sheridancraftanddesign.com\/2025-grads\/coley\">Coley<\/a>\u00a0<span style=\"font-family: helvetica;\"><br \/><\/span>Ceramics &#8211; <a href=\"https:\/\/sheridancraftanddesign.com\/2025-grads\/veronica-sarata\">Veronica Sarata<\/a><span style=\"font-family: helvetica;\"><br \/><\/span>Furniture &#8211; <a href=\"https:\/\/sheridancraftanddesign.com\/2025-grads\/lindsey-ainsworth\">Lindsey Ainsworth<\/a><span style=\"font-family: helvetica;\"><br \/><\/span>Textile &#8211; <a href=\"https:\/\/sheridancraftanddesign.com\/2025-grads\/ilene-atkins\">Ilene Atkins<\/a><span style=\"font-family: helvetica;\"><br \/><\/span>design industriel <a href=\"https:\/\/sheridancraftanddesign.com\/2025-grads\/hana-ambrozic\">Hana Ambrozic<\/a><\/p><p><a href=\"https:\/\/oafdn.ca\/wp-content\/uploads\/2025\/08\/Corcoran_Laureats_precedents-2025.pdf\">Pr\u00e9c\u00e9dents laur\u00e9ates<\/a> \u00a0<a style=\"font-size: 16px; font-style: normal; font-weight: 400; color: #3a3a3a;\" href=\"https:\/\/oafdn.ca\/wp-content\/uploads\/2022\/03\/Corcoran_Past_Recipients_2021.pdf\" data-wplink-url-error=\"true\"><span style=\"color: #636466; font-family: Helvetica; font-size: small;\"><img decoding=\"async\" class=\"alignnone wp-image-3062\" src=\"https:\/\/oafdn.ca\/wp-content\/uploads\/2022\/02\/pdf-icon.png\" alt=\"pdf symbol\" width=\"17\" height=\"21\" srcset=\"https:\/\/oafdn.ca\/wp-content\/uploads\/2022\/02\/pdf-icon.png 203w, https:\/\/oafdn.ca\/wp-content\/uploads\/2022\/02\/pdf-icon-10x12.png 10w\" sizes=\"(max-width: 17px) 100vw, 17px\" \/><\/span><\/a><\/p>\t\t\t\t\t\t\t\t<\/div>\n\t\t\t\t<\/div>\n\t\t\t\t\t<\/div>\n\t\t<\/div>\n\t\t\t\t\t<\/div>\n\t\t<\/section>\n\t\t\t\t<\/div>","protected":false},"excerpt":{"rendered":"<p>William and Mary Corcoran Craft Awards Arts patrons William and Mary Corcoran established the\u00a0William and Mary Corcoran Craft Fund\u00a0to encourage excellence in crafts. Each year prizes are awarded to students graduating from Sheridan College in the disciplines of glass, textiles, furniture, ceramics and industrial design.\u00a0 The education and support Mary Corcoran received as a student [&hellip;]<\/p>\n","protected":false},"author":1,"featured_media":0,"parent":3362,"menu_order":0,"comment_status":"closed","ping_status":"closed","template":"","meta":{"_acf_changed":false,"give_campaign_id":0,"nf_dc_page":"","site-sidebar-layout":"no-sidebar","site-content-layout":"page-builder","ast-site-content-layout":"default","site-content-style":"default","site-sidebar-style":"default","ast-global-header-display":"","ast-banner-title-visibility":"","ast-main-header-display":"","ast-hfb-above-header-display":"","ast-hfb-below-header-display":"","ast-hfb-mobile-header-display":"","site-post-title":"","ast-breadcrumbs-content":"","ast-featured-img":"disabled","footer-sml-layout":"","ast-disable-related-posts":"","theme-transparent-header-meta":"","adv-header-id-meta":"","stick-header-meta":"","header-above-stick-meta":"","header-main-stick-meta":"","header-below-stick-meta":"","astra-migrate-meta-layouts":"default","ast-page-background-enabled":"default","ast-page-background-meta":{"desktop":{"background-color":"","background-image":"","background-repeat":"repeat","background-position":"center center","background-size":"auto","background-attachment":"scroll","background-type":"","background-media":"","overlay-type":"","overlay-color":"","overlay-opacity":"","overlay-gradient":""},"tablet":{"background-color":"","background-image":"","background-repeat":"repeat","background-position":"center center","background-size":"auto","background-attachment":"scroll","background-type":"","background-media":"","overlay-type":"","overlay-color":"","overlay-opacity":"","overlay-gradient":""},"mobile":{"background-color":"","background-image":"","background-repeat":"repeat","background-position":"center center","background-size":"auto","background-attachment":"scroll","background-type":"","background-media":"","overlay-type":"","overlay-color":"","overlay-opacity":"","overlay-gradient":""}},"ast-content-background-meta":{"desktop":{"background-color":"var(--ast-global-color-5)","background-image":"","background-repeat":"repeat","background-position":"center center","background-size":"auto","background-attachment":"scroll","background-type":"","background-media":"","overlay-type":"","overlay-color":"","overlay-opacity":"","overlay-gradient":""},"tablet":{"background-color":"var(--ast-global-color-5)","background-image":"","background-repeat":"repeat","background-position":"center center","background-size":"auto","background-attachment":"scroll","background-type":"","background-media":"","overlay-type":"","overlay-color":"","overlay-opacity":"","overlay-gradient":""},"mobile":{"background-color":"var(--ast-global-color-5)","background-image":"","background-repeat":"repeat","background-position":"center center","background-size":"auto","background-attachment":"scroll","background-type":"","background-media":"","overlay-type":"","overlay-color":"","overlay-opacity":"","overlay-gradient":""}},"footnotes":""},"class_list":["post-85994","page","type-page","status-publish","hentry"],"acf":[],"yoast_head":"<!-- This site is optimized with the Yoast SEO plugin v27.4 - https:\/\/yoast.com\/product\/yoast-seo-wordpress\/ -->\n<title>William and Mary Corcoran Craft Awards - Ontario Arts Foundation<\/title>\n<meta name=\"description\" content=\"William and Mary Corcoran Craft Awards Ontario Arts Foundation\" \/>\n<meta name=\"robots\" content=\"index, follow, max-snippet:-1, max-image-preview:large, max-video-preview:-1\" \/>\n<link rel=\"canonical\" href=\"https:\/\/oafdn.ca\/fr\/programs\/awards\/william-and-mary-corcoran-craft-awards\/\" \/>\n<meta property=\"og:locale\" content=\"fr_CA\" \/>\n<meta property=\"og:type\" content=\"article\" \/>\n<meta property=\"og:title\" content=\"William and Mary Corcoran Craft Awards - Ontario Arts Foundation\" \/>\n<meta property=\"og:description\" content=\"William and Mary Corcoran Craft Awards Ontario Arts Foundation\" \/>\n<meta property=\"og:url\" content=\"https:\/\/oafdn.ca\/fr\/programs\/awards\/william-and-mary-corcoran-craft-awards\/\" \/>\n<meta property=\"og:site_name\" content=\"Ontario Arts Foundation\" \/>\n<meta property=\"article:publisher\" content=\"https:\/\/www.facebook.com\/OntarioArtsFoundation\/\" \/>\n<meta property=\"article:modified_time\" content=\"2025-08-15T13:21:23+00:00\" \/>\n<meta property=\"og:image\" content=\"https:\/\/oafdn.ca\/wp-content\/uploads\/2022\/02\/pdf-icon.png\" \/>\n\t<meta property=\"og:image:width\" content=\"203\" \/>\n\t<meta property=\"og:image:height\" content=\"249\" \/>\n\t<meta property=\"og:image:type\" content=\"image\/png\" \/>\n<meta name=\"twitter:card\" content=\"summary_large_image\" \/>\n<meta name=\"twitter:site\" content=\"@OntarioArtsFdn\" \/>\n<meta name=\"twitter:label1\" content=\"Estimation du temps de lecture\" \/>\n\t<meta name=\"twitter:data1\" content=\"1 minute\" \/>\n<script type=\"application\/ld+json\" class=\"yoast-schema-graph\">{\"@context\":\"https:\\\/\\\/schema.org\",\"@graph\":[{\"@type\":\"WebPage\",\"@id\":\"https:\\\/\\\/oafdn.ca\\\/programs\\\/awards\\\/william-and-mary-corcoran-craft-awards\\\/\",\"url\":\"https:\\\/\\\/oafdn.ca\\\/programs\\\/awards\\\/william-and-mary-corcoran-craft-awards\\\/\",\"name\":\"William and Mary Corcoran Craft Awards - Ontario Arts Foundation\",\"isPartOf\":{\"@id\":\"https:\\\/\\\/oafdn.ca\\\/#website\"},\"primaryImageOfPage\":{\"@id\":\"https:\\\/\\\/oafdn.ca\\\/programs\\\/awards\\\/william-and-mary-corcoran-craft-awards\\\/#primaryimage\"},\"image\":{\"@id\":\"https:\\\/\\\/oafdn.ca\\\/programs\\\/awards\\\/william-and-mary-corcoran-craft-awards\\\/#primaryimage\"},\"thumbnailUrl\":\"https:\\\/\\\/oafdn.ca\\\/wp-content\\\/uploads\\\/2022\\\/02\\\/pdf-icon.png\",\"datePublished\":\"2022-06-11T02:45:44+00:00\",\"dateModified\":\"2025-08-15T13:21:23+00:00\",\"description\":\"William and Mary Corcoran Craft Awards Ontario Arts Foundation\",\"breadcrumb\":{\"@id\":\"https:\\\/\\\/oafdn.ca\\\/programs\\\/awards\\\/william-and-mary-corcoran-craft-awards\\\/#breadcrumb\"},\"inLanguage\":\"fr-CA\",\"potentialAction\":[{\"@type\":\"ReadAction\",\"target\":[\"https:\\\/\\\/oafdn.ca\\\/programs\\\/awards\\\/william-and-mary-corcoran-craft-awards\\\/\"]}]},{\"@type\":\"ImageObject\",\"inLanguage\":\"fr-CA\",\"@id\":\"https:\\\/\\\/oafdn.ca\\\/programs\\\/awards\\\/william-and-mary-corcoran-craft-awards\\\/#primaryimage\",\"url\":\"https:\\\/\\\/oafdn.ca\\\/wp-content\\\/uploads\\\/2022\\\/02\\\/pdf-icon.png\",\"contentUrl\":\"https:\\\/\\\/oafdn.ca\\\/wp-content\\\/uploads\\\/2022\\\/02\\\/pdf-icon.png\"},{\"@type\":\"BreadcrumbList\",\"@id\":\"https:\\\/\\\/oafdn.ca\\\/programs\\\/awards\\\/william-and-mary-corcoran-craft-awards\\\/#breadcrumb\",\"itemListElement\":[{\"@type\":\"ListItem\",\"position\":1,\"name\":\"Home\",\"item\":\"https:\\\/\\\/oafdn.ca\\\/\"},{\"@type\":\"ListItem\",\"position\":2,\"name\":\"Programs\",\"item\":\"https:\\\/\\\/oafdn.ca\\\/programs\\\/\"},{\"@type\":\"ListItem\",\"position\":3,\"name\":\"Awards\",\"item\":\"https:\\\/\\\/oafdn.ca\\\/programs\\\/awards\\\/\"},{\"@type\":\"ListItem\",\"position\":4,\"name\":\"William and Mary Corcoran Craft Awards\"}]},{\"@type\":\"WebSite\",\"@id\":\"https:\\\/\\\/oafdn.ca\\\/#website\",\"url\":\"https:\\\/\\\/oafdn.ca\\\/\",\"name\":\"Ontario Arts Foundation\",\"description\":\"The Ontario Arts Foundation is a non-governmental not for profit organization established in 1991 under the Ontario Corporations Act to encourage and facilitate private giving to the arts in Ontario, Canada.\",\"publisher\":{\"@id\":\"https:\\\/\\\/oafdn.ca\\\/#organization\"},\"potentialAction\":[{\"@type\":\"SearchAction\",\"target\":{\"@type\":\"EntryPoint\",\"urlTemplate\":\"https:\\\/\\\/oafdn.ca\\\/?s={search_term_string}\"},\"query-input\":{\"@type\":\"PropertyValueSpecification\",\"valueRequired\":true,\"valueName\":\"search_term_string\"}}],\"inLanguage\":\"fr-CA\"},{\"@type\":\"Organization\",\"@id\":\"https:\\\/\\\/oafdn.ca\\\/#organization\",\"name\":\"Ontario Arts Foundation\",\"url\":\"https:\\\/\\\/oafdn.ca\\\/\",\"logo\":{\"@type\":\"ImageObject\",\"inLanguage\":\"fr-CA\",\"@id\":\"https:\\\/\\\/oafdn.ca\\\/#\\\/schema\\\/logo\\\/image\\\/\",\"url\":\"https:\\\/\\\/oafdn.ca\\\/wp-content\\\/uploads\\\/2022\\\/02\\\/logo1-1.png\",\"contentUrl\":\"https:\\\/\\\/oafdn.ca\\\/wp-content\\\/uploads\\\/2022\\\/02\\\/logo1-1.png\",\"width\":1761,\"height\":487,\"caption\":\"Ontario Arts Foundation\"},\"image\":{\"@id\":\"https:\\\/\\\/oafdn.ca\\\/#\\\/schema\\\/logo\\\/image\\\/\"},\"sameAs\":[\"https:\\\/\\\/www.facebook.com\\\/OntarioArtsFoundation\\\/\",\"https:\\\/\\\/x.com\\\/OntarioArtsFdn\"]}]}<\/script>\n<!-- \/ Yoast SEO plugin. -->","yoast_head_json":{"title":"William and Mary Corcoran Craft Awards - Ontario Arts Foundation","description":"William and Mary Corcoran Craft Awards Ontario Arts Foundation","robots":{"index":"index","follow":"follow","max-snippet":"max-snippet:-1","max-image-preview":"max-image-preview:large","max-video-preview":"max-video-preview:-1"},"canonical":"https:\/\/oafdn.ca\/fr\/programs\/awards\/william-and-mary-corcoran-craft-awards\/","og_locale":"fr_CA","og_type":"article","og_title":"William and Mary Corcoran Craft Awards - Ontario Arts Foundation","og_description":"William and Mary Corcoran Craft Awards Ontario Arts Foundation","og_url":"https:\/\/oafdn.ca\/fr\/programs\/awards\/william-and-mary-corcoran-craft-awards\/","og_site_name":"Ontario Arts Foundation","article_publisher":"https:\/\/www.facebook.com\/OntarioArtsFoundation\/","article_modified_time":"2025-08-15T13:21:23+00:00","og_image":[{"width":203,"height":249,"url":"https:\/\/oafdn.ca\/wp-content\/uploads\/2022\/02\/pdf-icon.png","type":"image\/png"}],"twitter_card":"summary_large_image","twitter_site":"@OntarioArtsFdn","twitter_misc":{"Estimation du temps de lecture":"1 minute"},"schema":{"@context":"https:\/\/schema.org","@graph":[{"@type":"WebPage","@id":"https:\/\/oafdn.ca\/programs\/awards\/william-and-mary-corcoran-craft-awards\/","url":"https:\/\/oafdn.ca\/programs\/awards\/william-and-mary-corcoran-craft-awards\/","name":"William and Mary Corcoran Craft Awards - Ontario Arts Foundation","isPartOf":{"@id":"https:\/\/oafdn.ca\/#website"},"primaryImageOfPage":{"@id":"https:\/\/oafdn.ca\/programs\/awards\/william-and-mary-corcoran-craft-awards\/#primaryimage"},"image":{"@id":"https:\/\/oafdn.ca\/programs\/awards\/william-and-mary-corcoran-craft-awards\/#primaryimage"},"thumbnailUrl":"https:\/\/oafdn.ca\/wp-content\/uploads\/2022\/02\/pdf-icon.png","datePublished":"2022-06-11T02:45:44+00:00","dateModified":"2025-08-15T13:21:23+00:00","description":"William and Mary Corcoran Craft Awards Ontario Arts Foundation","breadcrumb":{"@id":"https:\/\/oafdn.ca\/programs\/awards\/william-and-mary-corcoran-craft-awards\/#breadcrumb"},"inLanguage":"fr-CA","potentialAction":[{"@type":"ReadAction","target":["https:\/\/oafdn.ca\/programs\/awards\/william-and-mary-corcoran-craft-awards\/"]}]},{"@type":"ImageObject","inLanguage":"fr-CA","@id":"https:\/\/oafdn.ca\/programs\/awards\/william-and-mary-corcoran-craft-awards\/#primaryimage","url":"https:\/\/oafdn.ca\/wp-content\/uploads\/2022\/02\/pdf-icon.png","contentUrl":"https:\/\/oafdn.ca\/wp-content\/uploads\/2022\/02\/pdf-icon.png"},{"@type":"BreadcrumbList","@id":"https:\/\/oafdn.ca\/programs\/awards\/william-and-mary-corcoran-craft-awards\/#breadcrumb","itemListElement":[{"@type":"ListItem","position":1,"name":"Home","item":"https:\/\/oafdn.ca\/"},{"@type":"ListItem","position":2,"name":"Programs","item":"https:\/\/oafdn.ca\/programs\/"},{"@type":"ListItem","position":3,"name":"Awards","item":"https:\/\/oafdn.ca\/programs\/awards\/"},{"@type":"ListItem","position":4,"name":"William and Mary Corcoran Craft Awards"}]},{"@type":"WebSite","@id":"https:\/\/oafdn.ca\/#website","url":"https:\/\/oafdn.ca\/","name":"Fondation des arts de l'Ontario","description":"The Ontario Arts Foundation is a non-governmental not for profit organization established in 1991 under the Ontario Corporations Act to encourage and facilitate private giving to the arts in Ontario, Canada.","publisher":{"@id":"https:\/\/oafdn.ca\/#organization"},"potentialAction":[{"@type":"SearchAction","target":{"@type":"EntryPoint","urlTemplate":"https:\/\/oafdn.ca\/?s={search_term_string}"},"query-input":{"@type":"PropertyValueSpecification","valueRequired":true,"valueName":"search_term_string"}}],"inLanguage":"fr-CA"},{"@type":"Organization","@id":"https:\/\/oafdn.ca\/#organization","name":"Fondation des arts de l'Ontario","url":"https:\/\/oafdn.ca\/","logo":{"@type":"ImageObject","inLanguage":"fr-CA","@id":"https:\/\/oafdn.ca\/#\/schema\/logo\/image\/","url":"https:\/\/oafdn.ca\/wp-content\/uploads\/2022\/02\/logo1-1.png","contentUrl":"https:\/\/oafdn.ca\/wp-content\/uploads\/2022\/02\/logo1-1.png","width":1761,"height":487,"caption":"Ontario Arts Foundation"},"image":{"@id":"https:\/\/oafdn.ca\/#\/schema\/logo\/image\/"},"sameAs":["https:\/\/www.facebook.com\/OntarioArtsFoundation\/","https:\/\/x.com\/OntarioArtsFdn"]}]}},"campaignId":"","_links":{"self":[{"href":"https:\/\/oafdn.ca\/fr\/wp-json\/wp\/v2\/pages\/85994","targetHints":{"allow":["GET"]}}],"collection":[{"href":"https:\/\/oafdn.ca\/fr\/wp-json\/wp\/v2\/pages"}],"about":[{"href":"https:\/\/oafdn.ca\/fr\/wp-json\/wp\/v2\/types\/page"}],"author":[{"embeddable":true,"href":"https:\/\/oafdn.ca\/fr\/wp-json\/wp\/v2\/users\/1"}],"replies":[{"embeddable":true,"href":"https:\/\/oafdn.ca\/fr\/wp-json\/wp\/v2\/comments?post=85994"}],"version-history":[{"count":5,"href":"https:\/\/oafdn.ca\/fr\/wp-json\/wp\/v2\/pages\/85994\/revisions"}],"predecessor-version":[{"id":139879,"href":"https:\/\/oafdn.ca\/fr\/wp-json\/wp\/v2\/pages\/85994\/revisions\/139879"}],"up":[{"embeddable":true,"href":"https:\/\/oafdn.ca\/fr\/wp-json\/wp\/v2\/pages\/3362"}],"wp:attachment":[{"href":"https:\/\/oafdn.ca\/fr\/wp-json\/wp\/v2\/media?parent=85994"}],"curies":[{"name":"wp","href":"https:\/\/api.w.org\/{rel}","templated":true}]}}