{"id":85980,"date":"2022-06-11T02:40:20","date_gmt":"2022-06-11T02:40:20","guid":{"rendered":"https:\/\/oafdn.ca\/?page_id=85980"},"modified":"2025-08-22T16:22:24","modified_gmt":"2025-08-22T20:22:24","slug":"virginia-and-myrtle-cooper-award-in-costume-design","status":"publish","type":"page","link":"https:\/\/oafdn.ca\/fr\/programs\/awards\/virginia-and-myrtle-cooper-award-in-costume-design\/","title":{"rendered":"Prix Virginia et Myrtle Cooper pour la cr\u00e9ation de costumes"},"content":{"rendered":"<div data-elementor-type=\"wp-page\" data-elementor-id=\"85980\" class=\"elementor elementor-85980\" wpc-filter-elementor-widget=\"1\">\n\t\t\t\t\t\t<section class=\"elementor-section elementor-top-section elementor-element elementor-element-8806403 elementor-section-boxed elementor-section-height-default elementor-section-height-default\" data-id=\"8806403\" data-element_type=\"section\" data-e-type=\"section\">\n\t\t\t\t\t\t<div class=\"elementor-container elementor-column-gap-default\">\n\t\t\t\t\t<div class=\"elementor-column elementor-col-100 elementor-top-column elementor-element elementor-element-a86af24\" data-id=\"a86af24\" data-element_type=\"column\" data-e-type=\"column\">\n\t\t\t<div class=\"elementor-widget-wrap elementor-element-populated\">\n\t\t\t\t\t\t<div class=\"elementor-element elementor-element-e72e31c elementor-widget elementor-widget-heading\" data-id=\"e72e31c\" data-element_type=\"widget\" data-e-type=\"widget\" data-widget_type=\"heading.default\">\n\t\t\t\t<div class=\"elementor-widget-container\">\n\t\t\t\t\t<h2 class=\"elementor-heading-title elementor-size-default\">Prix Virginia et Myrtle Cooper pour la cr\u00e9ation de costumes<\/h2>\t\t\t\t<\/div>\n\t\t\t\t<\/div>\n\t\t\t\t<div class=\"elementor-element elementor-element-3c837df elementor-widget-divider--view-line elementor-widget elementor-widget-divider\" data-id=\"3c837df\" data-element_type=\"widget\" data-e-type=\"widget\" data-widget_type=\"divider.default\">\n\t\t\t\t<div class=\"elementor-widget-container\">\n\t\t\t\t\t\t\t<div class=\"elementor-divider\">\n\t\t\t<span class=\"elementor-divider-separator\">\n\t\t\t\t\t\t<\/span>\n\t\t<\/div>\n\t\t\t\t\t\t<\/div>\n\t\t\t\t<\/div>\n\t\t\t\t\t<\/div>\n\t\t<\/div>\n\t\t\t\t\t<\/div>\n\t\t<\/section>\n\t\t\t\t<section class=\"elementor-section elementor-top-section elementor-element elementor-element-9a764f7 elementor-section-boxed elementor-section-height-default elementor-section-height-default\" data-id=\"9a764f7\" data-element_type=\"section\" data-e-type=\"section\">\n\t\t\t\t\t\t<div class=\"elementor-container elementor-column-gap-default\">\n\t\t\t\t\t<div class=\"elementor-column elementor-col-100 elementor-top-column elementor-element elementor-element-ed8e3bb\" data-id=\"ed8e3bb\" data-element_type=\"column\" data-e-type=\"column\">\n\t\t\t<div class=\"elementor-widget-wrap elementor-element-populated\">\n\t\t\t\t\t\t<div class=\"elementor-element elementor-element-24db556 elementor-widget__width-initial elementor-widget elementor-widget-text-editor\" data-id=\"24db556\" data-element_type=\"widget\" data-e-type=\"widget\" data-widget_type=\"text-editor.default\">\n\t\t\t\t<div class=\"elementor-widget-container\">\n\t\t\t\t\t\t\t\t\t<p class=\"translation-block\">Le <strong>Prix Virginia et Myrtle Cooper pour la cr\u00e9ation de costumes<\/strong> a \u00e9t\u00e9 \u00e9tabli en 2006 par la regrett\u00e9e Dr Virginia S. Cooper de Toronto. Un prix annuel destin\u00e9 \u00e0 \u00eatre attribu\u00e9 \u00ab pour l\u2019amour de la cr\u00e9ation \u00bb, il a vocation \u00e0 enrichir les carri\u00e8res de concepteurs de costumes professionnels de l'Ontario en milieu de carri\u00e8re gr\u00e2ce \u00e0 la recherche et les voyages.<\/p><p>Dr Cooper avait un int\u00e9r\u00eat vif pour les arts de la sc\u00e8ne, en particulier pour la cr\u00e9ation de costumes, et elle a \u00e9t\u00e9 directrice du Tarragon Theatre. Elle \u00e9tait un membre fondateur du Arts and Letters Club de Toronto et engag\u00e9e dans ses activit\u00e9s.<\/p><p><span style=\"color: #5675b8; font-family: helvetica; font-size: 20px; background-color: #ffffff;\">Prix:\u00a0 $25,000<\/span><\/p><p><strong>Laur\u00e9ate de cette ann\u00e9e<br \/><\/strong>2025\u00a0 \u00a0 \u00a0Michelle Tracey<\/p><p><img fetchpriority=\"high\" decoding=\"async\" class=\"alignnone wp-image-140295\" src=\"https:\/\/oafdn.ca\/wp-content\/uploads\/2025\/08\/Michelle-Tracey-headshot-2025-web-683x1024.jpg\" alt=\"\" width=\"225\" height=\"338\" srcset=\"https:\/\/oafdn.ca\/wp-content\/uploads\/2025\/08\/Michelle-Tracey-headshot-2025-web-683x1024.jpg 683w, https:\/\/oafdn.ca\/wp-content\/uploads\/2025\/08\/Michelle-Tracey-headshot-2025-web-200x300.jpg 200w, https:\/\/oafdn.ca\/wp-content\/uploads\/2025\/08\/Michelle-Tracey-headshot-2025-web-768x1152.jpg 768w, https:\/\/oafdn.ca\/wp-content\/uploads\/2025\/08\/Michelle-Tracey-headshot-2025-web-8x12.jpg 8w, https:\/\/oafdn.ca\/wp-content\/uploads\/2025\/08\/Michelle-Tracey-headshot-2025-web.jpg 1000w\" sizes=\"(max-width: 225px) 100vw, 225px\" \/><\/p><p><strong><br \/>Pr\u00e9c\u00e9dents laur\u00e9ates<\/strong><br \/>2024\u00a0 \u00a0 \u00a0Nadine Grant<br \/>2023\u00a0 \u00a0 \u00a0Vanessa Imeson<br \/>2022\u00a0 \u00a0 \u00a0Anna Treusch<br \/>2021\u00a0 \u00a0 \u00a0Ming Wong<br \/>2020\u00a0 \u00a0 \u00a0Sean Mulcahy<br \/>2019\u00a0 \u00a0 \u00a0Joanna Yu<br \/>2018\u00a0 \u00a0 \u00a0Gillian Gallow<br \/>2017\u00a0 \u00a0 \u00a0Tamara Marie Kucheran<br \/>2016\u00a0 \u00a0 \u00a0Camellia Koo<br \/>2015\u00a0 \u00a0 \u00a0Robin Fisher<br \/>2014\u00a0 \u00a0 \u00a0Anne Dixon<br \/>2013\u00a0 \u00a0 \u00a0Julie Fox<br \/>2012\u00a0 \u00a0 \u00a0Dana Osborne<br \/>2011\u00a0 \u00a0 \u00a0Lea Carlson<br \/>2010\u00a0 \u00a0 \u00a0Carolyn M. Smith<br \/>2009\u00a0 \u00a0 \u00a0Charlotte Dean<br \/>2008\u00a0 \u00a0 \u00a0Michael Gianfrancesco<br \/>2007\u00a0 \u00a0 \u00a0Judith Bowden<\/p><p class=\"half_line_spacing\"><strong>Communiqu\u00e9s de presse<\/strong><br \/><a href=\"https:\/\/oafdn.ca\/fr\/michelle-tracey-honoured-with-the-virginia-and-myrtle-cooper-award-in-costume-design\/\">Michelle Tracey Awarded the 2025 Virginia and Myrtle Cooper Award in Costume Design<\/a>\u00a0 \u00a0August 25, 2025<\/p>\t\t\t\t\t\t\t\t<\/div>\n\t\t\t\t<\/div>\n\t\t\t\t\t<\/div>\n\t\t<\/div>\n\t\t\t\t\t<\/div>\n\t\t<\/section>\n\t\t\t\t<\/div>","protected":false},"excerpt":{"rendered":"<p>Virginia and Myrtle Cooper Award in Costume Design The\u00a0Virginia and Myrtle Cooper Award in Costume Design\u00a0was established in 2006 by the late Dr. Virginia S. Cooper of Toronto. An annual award meant to be given \u201cfor the love of creation,\u201d it is intended to enrich the careers of professional mid-career Canadian costume designers in Ontario [&hellip;]<\/p>\n","protected":false},"author":1,"featured_media":0,"parent":3362,"menu_order":0,"comment_status":"closed","ping_status":"closed","template":"","meta":{"_acf_changed":false,"give_campaign_id":0,"nf_dc_page":"","site-sidebar-layout":"no-sidebar","site-content-layout":"page-builder","ast-site-content-layout":"full-width-container","site-content-style":"unboxed","site-sidebar-style":"unboxed","ast-global-header-display":"","ast-banner-title-visibility":"","ast-main-header-display":"","ast-hfb-above-header-display":"","ast-hfb-below-header-display":"","ast-hfb-mobile-header-display":"","site-post-title":"disabled","ast-breadcrumbs-content":"","ast-featured-img":"disabled","footer-sml-layout":"","ast-disable-related-posts":"","theme-transparent-header-meta":"","adv-header-id-meta":"","stick-header-meta":"","header-above-stick-meta":"","header-main-stick-meta":"","header-below-stick-meta":"","astra-migrate-meta-layouts":"set","ast-page-background-enabled":"default","ast-page-background-meta":{"desktop":{"background-color":"","background-image":"","background-repeat":"repeat","background-position":"center center","background-size":"auto","background-attachment":"scroll","background-type":"","background-media":"","overlay-type":"","overlay-color":"","overlay-opacity":"","overlay-gradient":""},"tablet":{"background-color":"","background-image":"","background-repeat":"repeat","background-position":"center center","background-size":"auto","background-attachment":"scroll","background-type":"","background-media":"","overlay-type":"","overlay-color":"","overlay-opacity":"","overlay-gradient":""},"mobile":{"background-color":"","background-image":"","background-repeat":"repeat","background-position":"center center","background-size":"auto","background-attachment":"scroll","background-type":"","background-media":"","overlay-type":"","overlay-color":"","overlay-opacity":"","overlay-gradient":""}},"ast-content-background-meta":{"desktop":{"background-color":"var(--ast-global-color-5)","background-image":"","background-repeat":"repeat","background-position":"center center","background-size":"auto","background-attachment":"scroll","background-type":"","background-media":"","overlay-type":"","overlay-color":"","overlay-opacity":"","overlay-gradient":""},"tablet":{"background-color":"var(--ast-global-color-5)","background-image":"","background-repeat":"repeat","background-position":"center center","background-size":"auto","background-attachment":"scroll","background-type":"","background-media":"","overlay-type":"","overlay-color":"","overlay-opacity":"","overlay-gradient":""},"mobile":{"background-color":"var(--ast-global-color-5)","background-image":"","background-repeat":"repeat","background-position":"center center","background-size":"auto","background-attachment":"scroll","background-type":"","background-media":"","overlay-type":"","overlay-color":"","overlay-opacity":"","overlay-gradient":""}},"footnotes":""},"class_list":["post-85980","page","type-page","status-publish","hentry"],"acf":[],"yoast_head":"<!-- This site is optimized with the Yoast SEO plugin v27.4 - https:\/\/yoast.com\/product\/yoast-seo-wordpress\/ -->\n<title>Virginia and Myrtle Cooper Award in Costume Design - Ontario Arts Foundation<\/title>\n<meta name=\"description\" content=\"Virginia and Myrtle Cooper Award in Costume Design Ontario Arts Foundation\" \/>\n<meta name=\"robots\" content=\"index, follow, max-snippet:-1, max-image-preview:large, max-video-preview:-1\" \/>\n<link rel=\"canonical\" href=\"https:\/\/oafdn.ca\/fr\/programs\/awards\/virginia-and-myrtle-cooper-award-in-costume-design\/\" \/>\n<meta property=\"og:locale\" content=\"fr_CA\" \/>\n<meta property=\"og:type\" content=\"article\" \/>\n<meta property=\"og:title\" content=\"Virginia and Myrtle Cooper Award in Costume Design - Ontario Arts Foundation\" \/>\n<meta property=\"og:description\" content=\"Virginia and Myrtle Cooper Award in Costume Design Ontario Arts Foundation\" \/>\n<meta property=\"og:url\" content=\"https:\/\/oafdn.ca\/fr\/programs\/awards\/virginia-and-myrtle-cooper-award-in-costume-design\/\" \/>\n<meta property=\"og:site_name\" content=\"Ontario Arts Foundation\" \/>\n<meta property=\"article:publisher\" content=\"https:\/\/www.facebook.com\/OntarioArtsFoundation\/\" \/>\n<meta property=\"article:modified_time\" content=\"2025-08-22T20:22:24+00:00\" \/>\n<meta property=\"og:image\" content=\"https:\/\/oafdn.ca\/wp-content\/uploads\/2025\/08\/Michelle-Tracey-headshot-2025-web.jpg\" \/>\n\t<meta property=\"og:image:width\" content=\"1000\" \/>\n\t<meta property=\"og:image:height\" content=\"1500\" \/>\n\t<meta property=\"og:image:type\" content=\"image\/jpeg\" \/>\n<meta name=\"twitter:card\" content=\"summary_large_image\" \/>\n<meta name=\"twitter:site\" content=\"@OntarioArtsFdn\" \/>\n<meta name=\"twitter:label1\" content=\"Estimation du temps de lecture\" \/>\n\t<meta name=\"twitter:data1\" content=\"1 minute\" \/>\n<script type=\"application\/ld+json\" class=\"yoast-schema-graph\">{\"@context\":\"https:\\\/\\\/schema.org\",\"@graph\":[{\"@type\":\"WebPage\",\"@id\":\"https:\\\/\\\/oafdn.ca\\\/programs\\\/awards\\\/virginia-and-myrtle-cooper-award-in-costume-design\\\/\",\"url\":\"https:\\\/\\\/oafdn.ca\\\/programs\\\/awards\\\/virginia-and-myrtle-cooper-award-in-costume-design\\\/\",\"name\":\"Virginia and Myrtle Cooper Award in Costume Design - Ontario Arts Foundation\",\"isPartOf\":{\"@id\":\"https:\\\/\\\/oafdn.ca\\\/#website\"},\"primaryImageOfPage\":{\"@id\":\"https:\\\/\\\/oafdn.ca\\\/programs\\\/awards\\\/virginia-and-myrtle-cooper-award-in-costume-design\\\/#primaryimage\"},\"image\":{\"@id\":\"https:\\\/\\\/oafdn.ca\\\/programs\\\/awards\\\/virginia-and-myrtle-cooper-award-in-costume-design\\\/#primaryimage\"},\"thumbnailUrl\":\"https:\\\/\\\/oafdn.ca\\\/wp-content\\\/uploads\\\/2025\\\/08\\\/Michelle-Tracey-headshot-2025-web-683x1024.jpg\",\"datePublished\":\"2022-06-11T02:40:20+00:00\",\"dateModified\":\"2025-08-22T20:22:24+00:00\",\"description\":\"Virginia and Myrtle Cooper Award in Costume Design Ontario Arts Foundation\",\"breadcrumb\":{\"@id\":\"https:\\\/\\\/oafdn.ca\\\/programs\\\/awards\\\/virginia-and-myrtle-cooper-award-in-costume-design\\\/#breadcrumb\"},\"inLanguage\":\"fr-CA\",\"potentialAction\":[{\"@type\":\"ReadAction\",\"target\":[\"https:\\\/\\\/oafdn.ca\\\/programs\\\/awards\\\/virginia-and-myrtle-cooper-award-in-costume-design\\\/\"]}]},{\"@type\":\"ImageObject\",\"inLanguage\":\"fr-CA\",\"@id\":\"https:\\\/\\\/oafdn.ca\\\/programs\\\/awards\\\/virginia-and-myrtle-cooper-award-in-costume-design\\\/#primaryimage\",\"url\":\"https:\\\/\\\/oafdn.ca\\\/wp-content\\\/uploads\\\/2025\\\/08\\\/Michelle-Tracey-headshot-2025-web-683x1024.jpg\",\"contentUrl\":\"https:\\\/\\\/oafdn.ca\\\/wp-content\\\/uploads\\\/2025\\\/08\\\/Michelle-Tracey-headshot-2025-web-683x1024.jpg\"},{\"@type\":\"BreadcrumbList\",\"@id\":\"https:\\\/\\\/oafdn.ca\\\/programs\\\/awards\\\/virginia-and-myrtle-cooper-award-in-costume-design\\\/#breadcrumb\",\"itemListElement\":[{\"@type\":\"ListItem\",\"position\":1,\"name\":\"Home\",\"item\":\"https:\\\/\\\/oafdn.ca\\\/\"},{\"@type\":\"ListItem\",\"position\":2,\"name\":\"Programs\",\"item\":\"https:\\\/\\\/oafdn.ca\\\/programs\\\/\"},{\"@type\":\"ListItem\",\"position\":3,\"name\":\"Awards\",\"item\":\"https:\\\/\\\/oafdn.ca\\\/programs\\\/awards\\\/\"},{\"@type\":\"ListItem\",\"position\":4,\"name\":\"Virginia and Myrtle Cooper Award in Costume Design\"}]},{\"@type\":\"WebSite\",\"@id\":\"https:\\\/\\\/oafdn.ca\\\/#website\",\"url\":\"https:\\\/\\\/oafdn.ca\\\/\",\"name\":\"Ontario Arts Foundation\",\"description\":\"The Ontario Arts Foundation is a non-governmental not for profit organization established in 1991 under the Ontario Corporations Act to encourage and facilitate private giving to the arts in Ontario, Canada.\",\"publisher\":{\"@id\":\"https:\\\/\\\/oafdn.ca\\\/#organization\"},\"potentialAction\":[{\"@type\":\"SearchAction\",\"target\":{\"@type\":\"EntryPoint\",\"urlTemplate\":\"https:\\\/\\\/oafdn.ca\\\/?s={search_term_string}\"},\"query-input\":{\"@type\":\"PropertyValueSpecification\",\"valueRequired\":true,\"valueName\":\"search_term_string\"}}],\"inLanguage\":\"fr-CA\"},{\"@type\":\"Organization\",\"@id\":\"https:\\\/\\\/oafdn.ca\\\/#organization\",\"name\":\"Ontario Arts Foundation\",\"url\":\"https:\\\/\\\/oafdn.ca\\\/\",\"logo\":{\"@type\":\"ImageObject\",\"inLanguage\":\"fr-CA\",\"@id\":\"https:\\\/\\\/oafdn.ca\\\/#\\\/schema\\\/logo\\\/image\\\/\",\"url\":\"https:\\\/\\\/oafdn.ca\\\/wp-content\\\/uploads\\\/2022\\\/02\\\/logo1-1.png\",\"contentUrl\":\"https:\\\/\\\/oafdn.ca\\\/wp-content\\\/uploads\\\/2022\\\/02\\\/logo1-1.png\",\"width\":1761,\"height\":487,\"caption\":\"Ontario Arts Foundation\"},\"image\":{\"@id\":\"https:\\\/\\\/oafdn.ca\\\/#\\\/schema\\\/logo\\\/image\\\/\"},\"sameAs\":[\"https:\\\/\\\/www.facebook.com\\\/OntarioArtsFoundation\\\/\",\"https:\\\/\\\/x.com\\\/OntarioArtsFdn\"]}]}<\/script>\n<!-- \/ Yoast SEO plugin. -->","yoast_head_json":{"title":"Virginia and Myrtle Cooper Award in Costume Design - Ontario Arts Foundation","description":"Virginia and Myrtle Cooper Award in Costume Design Ontario Arts Foundation","robots":{"index":"index","follow":"follow","max-snippet":"max-snippet:-1","max-image-preview":"max-image-preview:large","max-video-preview":"max-video-preview:-1"},"canonical":"https:\/\/oafdn.ca\/fr\/programs\/awards\/virginia-and-myrtle-cooper-award-in-costume-design\/","og_locale":"fr_CA","og_type":"article","og_title":"Virginia and Myrtle Cooper Award in Costume Design - Ontario Arts Foundation","og_description":"Virginia and Myrtle Cooper Award in Costume Design Ontario Arts Foundation","og_url":"https:\/\/oafdn.ca\/fr\/programs\/awards\/virginia-and-myrtle-cooper-award-in-costume-design\/","og_site_name":"Ontario Arts Foundation","article_publisher":"https:\/\/www.facebook.com\/OntarioArtsFoundation\/","article_modified_time":"2025-08-22T20:22:24+00:00","og_image":[{"width":1000,"height":1500,"url":"https:\/\/oafdn.ca\/wp-content\/uploads\/2025\/08\/Michelle-Tracey-headshot-2025-web.jpg","type":"image\/jpeg"}],"twitter_card":"summary_large_image","twitter_site":"@OntarioArtsFdn","twitter_misc":{"Estimation du temps de lecture":"1 minute"},"schema":{"@context":"https:\/\/schema.org","@graph":[{"@type":"WebPage","@id":"https:\/\/oafdn.ca\/programs\/awards\/virginia-and-myrtle-cooper-award-in-costume-design\/","url":"https:\/\/oafdn.ca\/programs\/awards\/virginia-and-myrtle-cooper-award-in-costume-design\/","name":"Virginia and Myrtle Cooper Award in Costume Design - Ontario Arts Foundation","isPartOf":{"@id":"https:\/\/oafdn.ca\/#website"},"primaryImageOfPage":{"@id":"https:\/\/oafdn.ca\/programs\/awards\/virginia-and-myrtle-cooper-award-in-costume-design\/#primaryimage"},"image":{"@id":"https:\/\/oafdn.ca\/programs\/awards\/virginia-and-myrtle-cooper-award-in-costume-design\/#primaryimage"},"thumbnailUrl":"https:\/\/oafdn.ca\/wp-content\/uploads\/2025\/08\/Michelle-Tracey-headshot-2025-web-683x1024.jpg","datePublished":"2022-06-11T02:40:20+00:00","dateModified":"2025-08-22T20:22:24+00:00","description":"Virginia and Myrtle Cooper Award in Costume Design Ontario Arts Foundation","breadcrumb":{"@id":"https:\/\/oafdn.ca\/programs\/awards\/virginia-and-myrtle-cooper-award-in-costume-design\/#breadcrumb"},"inLanguage":"fr-CA","potentialAction":[{"@type":"ReadAction","target":["https:\/\/oafdn.ca\/programs\/awards\/virginia-and-myrtle-cooper-award-in-costume-design\/"]}]},{"@type":"ImageObject","inLanguage":"fr-CA","@id":"https:\/\/oafdn.ca\/programs\/awards\/virginia-and-myrtle-cooper-award-in-costume-design\/#primaryimage","url":"https:\/\/oafdn.ca\/wp-content\/uploads\/2025\/08\/Michelle-Tracey-headshot-2025-web-683x1024.jpg","contentUrl":"https:\/\/oafdn.ca\/wp-content\/uploads\/2025\/08\/Michelle-Tracey-headshot-2025-web-683x1024.jpg"},{"@type":"BreadcrumbList","@id":"https:\/\/oafdn.ca\/programs\/awards\/virginia-and-myrtle-cooper-award-in-costume-design\/#breadcrumb","itemListElement":[{"@type":"ListItem","position":1,"name":"Home","item":"https:\/\/oafdn.ca\/"},{"@type":"ListItem","position":2,"name":"Programs","item":"https:\/\/oafdn.ca\/programs\/"},{"@type":"ListItem","position":3,"name":"Awards","item":"https:\/\/oafdn.ca\/programs\/awards\/"},{"@type":"ListItem","position":4,"name":"Virginia and Myrtle Cooper Award in Costume Design"}]},{"@type":"WebSite","@id":"https:\/\/oafdn.ca\/#website","url":"https:\/\/oafdn.ca\/","name":"Fondation des arts de l'Ontario","description":"The Ontario Arts Foundation is a non-governmental not for profit organization established in 1991 under the Ontario Corporations Act to encourage and facilitate private giving to the arts in Ontario, Canada.","publisher":{"@id":"https:\/\/oafdn.ca\/#organization"},"potentialAction":[{"@type":"SearchAction","target":{"@type":"EntryPoint","urlTemplate":"https:\/\/oafdn.ca\/?s={search_term_string}"},"query-input":{"@type":"PropertyValueSpecification","valueRequired":true,"valueName":"search_term_string"}}],"inLanguage":"fr-CA"},{"@type":"Organization","@id":"https:\/\/oafdn.ca\/#organization","name":"Fondation des arts de l'Ontario","url":"https:\/\/oafdn.ca\/","logo":{"@type":"ImageObject","inLanguage":"fr-CA","@id":"https:\/\/oafdn.ca\/#\/schema\/logo\/image\/","url":"https:\/\/oafdn.ca\/wp-content\/uploads\/2022\/02\/logo1-1.png","contentUrl":"https:\/\/oafdn.ca\/wp-content\/uploads\/2022\/02\/logo1-1.png","width":1761,"height":487,"caption":"Ontario Arts Foundation"},"image":{"@id":"https:\/\/oafdn.ca\/#\/schema\/logo\/image\/"},"sameAs":["https:\/\/www.facebook.com\/OntarioArtsFoundation\/","https:\/\/x.com\/OntarioArtsFdn"]}]}},"campaignId":"","_links":{"self":[{"href":"https:\/\/oafdn.ca\/fr\/wp-json\/wp\/v2\/pages\/85980","targetHints":{"allow":["GET"]}}],"collection":[{"href":"https:\/\/oafdn.ca\/fr\/wp-json\/wp\/v2\/pages"}],"about":[{"href":"https:\/\/oafdn.ca\/fr\/wp-json\/wp\/v2\/types\/page"}],"author":[{"embeddable":true,"href":"https:\/\/oafdn.ca\/fr\/wp-json\/wp\/v2\/users\/1"}],"replies":[{"embeddable":true,"href":"https:\/\/oafdn.ca\/fr\/wp-json\/wp\/v2\/comments?post=85980"}],"version-history":[{"count":5,"href":"https:\/\/oafdn.ca\/fr\/wp-json\/wp\/v2\/pages\/85980\/revisions"}],"predecessor-version":[{"id":140345,"href":"https:\/\/oafdn.ca\/fr\/wp-json\/wp\/v2\/pages\/85980\/revisions\/140345"}],"up":[{"embeddable":true,"href":"https:\/\/oafdn.ca\/fr\/wp-json\/wp\/v2\/pages\/3362"}],"wp:attachment":[{"href":"https:\/\/oafdn.ca\/fr\/wp-json\/wp\/v2\/media?parent=85980"}],"curies":[{"name":"wp","href":"https:\/\/api.w.org\/{rel}","templated":true}]}}