{"id":85972,"date":"2022-06-11T02:09:30","date_gmt":"2022-06-11T02:09:30","guid":{"rendered":"https:\/\/oafdn.ca\/?page_id=85972"},"modified":"2025-11-04T12:32:16","modified_gmt":"2025-11-04T17:32:16","slug":"laura-ciruls-painting-fund","status":"publish","type":"page","link":"https:\/\/oafdn.ca\/fr\/programs\/awards\/laura-ciruls-painting-fund\/","title":{"rendered":"Fonds Laura Ciruls de peinture"},"content":{"rendered":"<div data-elementor-type=\"wp-page\" data-elementor-id=\"85972\" class=\"elementor elementor-85972\" wpc-filter-elementor-widget=\"1\">\n\t\t\t\t\t\t<section class=\"elementor-section elementor-top-section elementor-element elementor-element-3b7b697 elementor-section-boxed elementor-section-height-default elementor-section-height-default\" data-id=\"3b7b697\" data-element_type=\"section\" data-e-type=\"section\">\n\t\t\t\t\t\t<div class=\"elementor-container elementor-column-gap-default\">\n\t\t\t\t\t<div class=\"elementor-column elementor-col-100 elementor-top-column elementor-element elementor-element-7457375\" data-id=\"7457375\" data-element_type=\"column\" data-e-type=\"column\">\n\t\t\t<div class=\"elementor-widget-wrap elementor-element-populated\">\n\t\t\t\t\t\t<div class=\"elementor-element elementor-element-5134ede elementor-widget elementor-widget-heading\" data-id=\"5134ede\" data-element_type=\"widget\" data-e-type=\"widget\" data-widget_type=\"heading.default\">\n\t\t\t\t<div class=\"elementor-widget-container\">\n\t\t\t\t\t<h2 class=\"elementor-heading-title elementor-size-default\">Fonds Laura Ciruls de peinture<\/h2>\t\t\t\t<\/div>\n\t\t\t\t<\/div>\n\t\t\t\t<div class=\"elementor-element elementor-element-962a8d2 elementor-widget-divider--view-line elementor-widget elementor-widget-divider\" data-id=\"962a8d2\" data-element_type=\"widget\" data-e-type=\"widget\" data-widget_type=\"divider.default\">\n\t\t\t\t<div class=\"elementor-widget-container\">\n\t\t\t\t\t\t\t<div class=\"elementor-divider\">\n\t\t\t<span class=\"elementor-divider-separator\">\n\t\t\t\t\t\t<\/span>\n\t\t<\/div>\n\t\t\t\t\t\t<\/div>\n\t\t\t\t<\/div>\n\t\t\t\t\t<\/div>\n\t\t<\/div>\n\t\t\t\t\t<\/div>\n\t\t<\/section>\n\t\t\t\t<section class=\"elementor-section elementor-top-section elementor-element elementor-element-2f73c27 elementor-section-boxed elementor-section-height-default elementor-section-height-default\" data-id=\"2f73c27\" data-element_type=\"section\" data-e-type=\"section\">\n\t\t\t\t\t\t<div class=\"elementor-container elementor-column-gap-default\">\n\t\t\t\t\t<div class=\"elementor-column elementor-col-100 elementor-top-column elementor-element elementor-element-e7275eb\" data-id=\"e7275eb\" data-element_type=\"column\" data-e-type=\"column\">\n\t\t\t<div class=\"elementor-widget-wrap elementor-element-populated\">\n\t\t\t\t\t\t<div class=\"elementor-element elementor-element-0f7c9bb elementor-widget elementor-widget-text-editor\" data-id=\"0f7c9bb\" data-element_type=\"widget\" data-e-type=\"widget\" data-widget_type=\"text-editor.default\">\n\t\t\t\t<div class=\"elementor-widget-container\">\n\t\t\t\t\t\t\t\t\t<p class=\"Default translation-block\">Laura Ciruls \u00e9tait une graphiste et conceptrice de site internet professionnelle, et aussi une peintre en acrylique et aquarelliste traditionnelle. Gr\u00e2ce \u00e0 un legs, Laura a cr\u00e9\u00e9 le <strong>Fonds Laura Ciruls de peinture<\/strong> afin de reconna\u00eetre des artistes qui, comme elle, contribuaient au d\u00e9veloppement de la peinture en Ontario.<\/p><p class=\"Default\">Ce Prix, commen\u00e7ant en 2012, sera attribu\u00e9 chaque ann\u00e9e \u00e0 un ou une artiste qui a pass\u00e9 les premi\u00e8res \u00e9tapes de sa carri\u00e8re professionnelle.<\/p><p class=\"p1 half_line_spacing\"><span style=\"color: #5675b8; font-family: helvetica; font-size: 20px; background-color: #ffffff;\">Prix:\u00a0 $7,000<\/span><\/p><p class=\"p1\"><strong>Laur\u00e9ate de cette ann\u00e9e<\/strong><br \/><span style=\"font-family: helvetica;\">2025\u00a0 \u00a0 Ibrahim Abusitta<\/span><\/p><figure id=\"attachment_141347\" aria-describedby=\"caption-attachment-141347\" style=\"width: 350px\" class=\"wp-caption alignnone\"><img fetchpriority=\"high\" decoding=\"async\" class=\"wp-image-141347\" src=\"https:\/\/oafdn.ca\/wp-content\/uploads\/2025\/11\/02MemoryPalace02-web.jpg\" alt=\"\" width=\"350\" height=\"437\" srcset=\"https:\/\/oafdn.ca\/wp-content\/uploads\/2025\/11\/02MemoryPalace02-web.jpg 750w, https:\/\/oafdn.ca\/wp-content\/uploads\/2025\/11\/02MemoryPalace02-web-240x300.jpg 240w, https:\/\/oafdn.ca\/wp-content\/uploads\/2025\/11\/02MemoryPalace02-web-10x12.jpg 10w\" sizes=\"(max-width: 350px) 100vw, 350px\" \/><figcaption id=\"caption-attachment-141347\" class=\"wp-caption-text\">\u00ab What is a Home, What is a Homeland: Memory Palace 2 \u00bb, Acrylique sur panneau, 20 x 16 pouces, 2024<\/figcaption><\/figure><p>\u00a0<\/p><p class=\"p1\"><strong>Pr\u00e9c\u00e9dents laur\u00e9ates<\/strong><br \/>2024\u00a0 \u00a0 H\u00e9ritier Bilaka<br \/>2023\u00a0 \u00a0 Emmanuel Osahor<br \/>2022\u00a0 \u00a0 Miguel Hernandez Autorino<br \/>2021\u00a0 \u00a0 \u00a0Roberto Rosenman<br \/>2020\u00a0 \u00a0 \u00a0Mike Gough<br \/>2019\u00a0 \u00a0 \u00a0Alex Bierk<br \/>2018\u00a0 \u00a0 \u00a0Daniel Hutchinson<br \/>2017\u00a0\u00a0\u00a0\u00a0 Dorian FitzGerald<br \/>2016\u00a0\u00a0\u00a0\u00a0 Steven Volpe<br \/>2015 \u00a0 \u00a0 Sasha Pierce<br \/>2014 \u00a0 \u00a0 Melissa Doherty<br \/>2013\u00a0\u00a0\u00a0\u00a0 Andrew Rucklidge<br \/>2012\u00a0\u00a0\u00a0\u00a0 Jinny Yu\u00a0<\/p><p class=\"half_line_spacing\"><span class=\"plain_black\"><strong>Communiqu\u00e9s de presse<\/strong><br \/><\/span><a href=\"https:\/\/oafdn.ca\/fr\/artist-ibrahim-abusitta-awarded-the-laura-ciruls-painting-award\/\">Artist Ibrahim Abusitta is awarded the Laura Ciruls Painting Award<\/a>\u00a0\u00a0<i><span class=\"plain_grey\">November 4, 2025<\/span><\/i><\/p>\t\t\t\t\t\t\t\t<\/div>\n\t\t\t\t<\/div>\n\t\t\t\t\t<\/div>\n\t\t<\/div>\n\t\t\t\t\t<\/div>\n\t\t<\/section>\n\t\t\t\t<\/div>","protected":false},"excerpt":{"rendered":"<p>Laura Ciruls Painting Fund Laura Ciruls was a professional graphic and web designer, as well as a traditional acrylic and watercolour painter.\u00a0Through way of a bequest, Laura set up the\u00a0Laura Ciruls Painting Fund, to recognize artists like herself, who were contributing to the development of painting in Ontario. This award, beginning in 2012, will be [&hellip;]<\/p>\n","protected":false},"author":1,"featured_media":0,"parent":3362,"menu_order":0,"comment_status":"closed","ping_status":"closed","template":"","meta":{"_acf_changed":false,"give_campaign_id":0,"nf_dc_page":"","site-sidebar-layout":"no-sidebar","site-content-layout":"page-builder","ast-site-content-layout":"default","site-content-style":"default","site-sidebar-style":"default","ast-global-header-display":"","ast-banner-title-visibility":"","ast-main-header-display":"","ast-hfb-above-header-display":"","ast-hfb-below-header-display":"","ast-hfb-mobile-header-display":"","site-post-title":"disabled","ast-breadcrumbs-content":"","ast-featured-img":"disabled","footer-sml-layout":"","ast-disable-related-posts":"","theme-transparent-header-meta":"","adv-header-id-meta":"","stick-header-meta":"","header-above-stick-meta":"","header-main-stick-meta":"","header-below-stick-meta":"","astra-migrate-meta-layouts":"default","ast-page-background-enabled":"default","ast-page-background-meta":{"desktop":{"background-color":"","background-image":"","background-repeat":"repeat","background-position":"center center","background-size":"auto","background-attachment":"scroll","background-type":"","background-media":"","overlay-type":"","overlay-color":"","overlay-opacity":"","overlay-gradient":""},"tablet":{"background-color":"","background-image":"","background-repeat":"repeat","background-position":"center center","background-size":"auto","background-attachment":"scroll","background-type":"","background-media":"","overlay-type":"","overlay-color":"","overlay-opacity":"","overlay-gradient":""},"mobile":{"background-color":"","background-image":"","background-repeat":"repeat","background-position":"center center","background-size":"auto","background-attachment":"scroll","background-type":"","background-media":"","overlay-type":"","overlay-color":"","overlay-opacity":"","overlay-gradient":""}},"ast-content-background-meta":{"desktop":{"background-color":"var(--ast-global-color-5)","background-image":"","background-repeat":"repeat","background-position":"center center","background-size":"auto","background-attachment":"scroll","background-type":"","background-media":"","overlay-type":"","overlay-color":"","overlay-opacity":"","overlay-gradient":""},"tablet":{"background-color":"var(--ast-global-color-5)","background-image":"","background-repeat":"repeat","background-position":"center center","background-size":"auto","background-attachment":"scroll","background-type":"","background-media":"","overlay-type":"","overlay-color":"","overlay-opacity":"","overlay-gradient":""},"mobile":{"background-color":"var(--ast-global-color-5)","background-image":"","background-repeat":"repeat","background-position":"center center","background-size":"auto","background-attachment":"scroll","background-type":"","background-media":"","overlay-type":"","overlay-color":"","overlay-opacity":"","overlay-gradient":""}},"footnotes":""},"class_list":["post-85972","page","type-page","status-publish","hentry"],"acf":[],"yoast_head":"<!-- This site is optimized with the Yoast SEO plugin v27.4 - https:\/\/yoast.com\/product\/yoast-seo-wordpress\/ -->\n<title>Laura Ciruls Painting Fund - Ontario Arts Foundation<\/title>\n<meta name=\"description\" content=\"Laura Ciruls Painting Fund Ontario Arts Foundation\" \/>\n<meta name=\"robots\" content=\"index, follow, max-snippet:-1, max-image-preview:large, max-video-preview:-1\" \/>\n<link rel=\"canonical\" href=\"https:\/\/oafdn.ca\/fr\/programs\/awards\/laura-ciruls-painting-fund\/\" \/>\n<meta property=\"og:locale\" content=\"fr_CA\" \/>\n<meta property=\"og:type\" content=\"article\" \/>\n<meta property=\"og:title\" content=\"Laura Ciruls Painting Fund - Ontario Arts Foundation\" \/>\n<meta property=\"og:description\" content=\"Laura Ciruls Painting Fund Ontario Arts Foundation\" \/>\n<meta property=\"og:url\" content=\"https:\/\/oafdn.ca\/fr\/programs\/awards\/laura-ciruls-painting-fund\/\" \/>\n<meta property=\"og:site_name\" content=\"Ontario Arts Foundation\" \/>\n<meta property=\"article:publisher\" content=\"https:\/\/www.facebook.com\/OntarioArtsFoundation\/\" \/>\n<meta property=\"article:modified_time\" content=\"2025-11-04T17:32:16+00:00\" \/>\n<meta property=\"og:image\" content=\"https:\/\/oafdn.ca\/wp-content\/uploads\/2025\/11\/02MemoryPalace02-web.jpg\" \/>\n\t<meta property=\"og:image:width\" content=\"750\" \/>\n\t<meta property=\"og:image:height\" content=\"936\" \/>\n\t<meta property=\"og:image:type\" content=\"image\/jpeg\" \/>\n<meta name=\"twitter:card\" content=\"summary_large_image\" \/>\n<meta name=\"twitter:site\" content=\"@OntarioArtsFdn\" \/>\n<meta name=\"twitter:label1\" content=\"Estimation du temps de lecture\" \/>\n\t<meta name=\"twitter:data1\" content=\"1 minute\" \/>\n<script type=\"application\/ld+json\" class=\"yoast-schema-graph\">{\"@context\":\"https:\\\/\\\/schema.org\",\"@graph\":[{\"@type\":\"WebPage\",\"@id\":\"https:\\\/\\\/oafdn.ca\\\/programs\\\/awards\\\/laura-ciruls-painting-fund\\\/\",\"url\":\"https:\\\/\\\/oafdn.ca\\\/programs\\\/awards\\\/laura-ciruls-painting-fund\\\/\",\"name\":\"Laura Ciruls Painting Fund - Ontario Arts Foundation\",\"isPartOf\":{\"@id\":\"https:\\\/\\\/oafdn.ca\\\/#website\"},\"primaryImageOfPage\":{\"@id\":\"https:\\\/\\\/oafdn.ca\\\/programs\\\/awards\\\/laura-ciruls-painting-fund\\\/#primaryimage\"},\"image\":{\"@id\":\"https:\\\/\\\/oafdn.ca\\\/programs\\\/awards\\\/laura-ciruls-painting-fund\\\/#primaryimage\"},\"thumbnailUrl\":\"https:\\\/\\\/oafdn.ca\\\/wp-content\\\/uploads\\\/2025\\\/11\\\/02MemoryPalace02-web.jpg\",\"datePublished\":\"2022-06-11T02:09:30+00:00\",\"dateModified\":\"2025-11-04T17:32:16+00:00\",\"description\":\"Laura Ciruls Painting Fund Ontario Arts Foundation\",\"breadcrumb\":{\"@id\":\"https:\\\/\\\/oafdn.ca\\\/programs\\\/awards\\\/laura-ciruls-painting-fund\\\/#breadcrumb\"},\"inLanguage\":\"fr-CA\",\"potentialAction\":[{\"@type\":\"ReadAction\",\"target\":[\"https:\\\/\\\/oafdn.ca\\\/programs\\\/awards\\\/laura-ciruls-painting-fund\\\/\"]}]},{\"@type\":\"ImageObject\",\"inLanguage\":\"fr-CA\",\"@id\":\"https:\\\/\\\/oafdn.ca\\\/programs\\\/awards\\\/laura-ciruls-painting-fund\\\/#primaryimage\",\"url\":\"https:\\\/\\\/oafdn.ca\\\/wp-content\\\/uploads\\\/2025\\\/11\\\/02MemoryPalace02-web.jpg\",\"contentUrl\":\"https:\\\/\\\/oafdn.ca\\\/wp-content\\\/uploads\\\/2025\\\/11\\\/02MemoryPalace02-web.jpg\"},{\"@type\":\"BreadcrumbList\",\"@id\":\"https:\\\/\\\/oafdn.ca\\\/programs\\\/awards\\\/laura-ciruls-painting-fund\\\/#breadcrumb\",\"itemListElement\":[{\"@type\":\"ListItem\",\"position\":1,\"name\":\"Home\",\"item\":\"https:\\\/\\\/oafdn.ca\\\/\"},{\"@type\":\"ListItem\",\"position\":2,\"name\":\"Programs\",\"item\":\"https:\\\/\\\/oafdn.ca\\\/programs\\\/\"},{\"@type\":\"ListItem\",\"position\":3,\"name\":\"Awards\",\"item\":\"https:\\\/\\\/oafdn.ca\\\/programs\\\/awards\\\/\"},{\"@type\":\"ListItem\",\"position\":4,\"name\":\"Laura Ciruls Painting Fund\"}]},{\"@type\":\"WebSite\",\"@id\":\"https:\\\/\\\/oafdn.ca\\\/#website\",\"url\":\"https:\\\/\\\/oafdn.ca\\\/\",\"name\":\"Ontario Arts Foundation\",\"description\":\"The Ontario Arts Foundation is a non-governmental not for profit organization established in 1991 under the Ontario Corporations Act to encourage and facilitate private giving to the arts in Ontario, Canada.\",\"publisher\":{\"@id\":\"https:\\\/\\\/oafdn.ca\\\/#organization\"},\"potentialAction\":[{\"@type\":\"SearchAction\",\"target\":{\"@type\":\"EntryPoint\",\"urlTemplate\":\"https:\\\/\\\/oafdn.ca\\\/?s={search_term_string}\"},\"query-input\":{\"@type\":\"PropertyValueSpecification\",\"valueRequired\":true,\"valueName\":\"search_term_string\"}}],\"inLanguage\":\"fr-CA\"},{\"@type\":\"Organization\",\"@id\":\"https:\\\/\\\/oafdn.ca\\\/#organization\",\"name\":\"Ontario Arts Foundation\",\"url\":\"https:\\\/\\\/oafdn.ca\\\/\",\"logo\":{\"@type\":\"ImageObject\",\"inLanguage\":\"fr-CA\",\"@id\":\"https:\\\/\\\/oafdn.ca\\\/#\\\/schema\\\/logo\\\/image\\\/\",\"url\":\"https:\\\/\\\/oafdn.ca\\\/wp-content\\\/uploads\\\/2022\\\/02\\\/logo1-1.png\",\"contentUrl\":\"https:\\\/\\\/oafdn.ca\\\/wp-content\\\/uploads\\\/2022\\\/02\\\/logo1-1.png\",\"width\":1761,\"height\":487,\"caption\":\"Ontario Arts Foundation\"},\"image\":{\"@id\":\"https:\\\/\\\/oafdn.ca\\\/#\\\/schema\\\/logo\\\/image\\\/\"},\"sameAs\":[\"https:\\\/\\\/www.facebook.com\\\/OntarioArtsFoundation\\\/\",\"https:\\\/\\\/x.com\\\/OntarioArtsFdn\"]}]}<\/script>\n<!-- \/ Yoast SEO plugin. -->","yoast_head_json":{"title":"Laura Ciruls Painting Fund - Ontario Arts Foundation","description":"Laura Ciruls Painting Fund Ontario Arts Foundation","robots":{"index":"index","follow":"follow","max-snippet":"max-snippet:-1","max-image-preview":"max-image-preview:large","max-video-preview":"max-video-preview:-1"},"canonical":"https:\/\/oafdn.ca\/fr\/programs\/awards\/laura-ciruls-painting-fund\/","og_locale":"fr_CA","og_type":"article","og_title":"Laura Ciruls Painting Fund - Ontario Arts Foundation","og_description":"Laura Ciruls Painting Fund Ontario Arts Foundation","og_url":"https:\/\/oafdn.ca\/fr\/programs\/awards\/laura-ciruls-painting-fund\/","og_site_name":"Ontario Arts Foundation","article_publisher":"https:\/\/www.facebook.com\/OntarioArtsFoundation\/","article_modified_time":"2025-11-04T17:32:16+00:00","og_image":[{"width":750,"height":936,"url":"https:\/\/oafdn.ca\/wp-content\/uploads\/2025\/11\/02MemoryPalace02-web.jpg","type":"image\/jpeg"}],"twitter_card":"summary_large_image","twitter_site":"@OntarioArtsFdn","twitter_misc":{"Estimation du temps de lecture":"1 minute"},"schema":{"@context":"https:\/\/schema.org","@graph":[{"@type":"WebPage","@id":"https:\/\/oafdn.ca\/programs\/awards\/laura-ciruls-painting-fund\/","url":"https:\/\/oafdn.ca\/programs\/awards\/laura-ciruls-painting-fund\/","name":"Laura Ciruls Painting Fund - Ontario Arts Foundation","isPartOf":{"@id":"https:\/\/oafdn.ca\/#website"},"primaryImageOfPage":{"@id":"https:\/\/oafdn.ca\/programs\/awards\/laura-ciruls-painting-fund\/#primaryimage"},"image":{"@id":"https:\/\/oafdn.ca\/programs\/awards\/laura-ciruls-painting-fund\/#primaryimage"},"thumbnailUrl":"https:\/\/oafdn.ca\/wp-content\/uploads\/2025\/11\/02MemoryPalace02-web.jpg","datePublished":"2022-06-11T02:09:30+00:00","dateModified":"2025-11-04T17:32:16+00:00","description":"Laura Ciruls Painting Fund Ontario Arts Foundation","breadcrumb":{"@id":"https:\/\/oafdn.ca\/programs\/awards\/laura-ciruls-painting-fund\/#breadcrumb"},"inLanguage":"fr-CA","potentialAction":[{"@type":"ReadAction","target":["https:\/\/oafdn.ca\/programs\/awards\/laura-ciruls-painting-fund\/"]}]},{"@type":"ImageObject","inLanguage":"fr-CA","@id":"https:\/\/oafdn.ca\/programs\/awards\/laura-ciruls-painting-fund\/#primaryimage","url":"https:\/\/oafdn.ca\/wp-content\/uploads\/2025\/11\/02MemoryPalace02-web.jpg","contentUrl":"https:\/\/oafdn.ca\/wp-content\/uploads\/2025\/11\/02MemoryPalace02-web.jpg"},{"@type":"BreadcrumbList","@id":"https:\/\/oafdn.ca\/programs\/awards\/laura-ciruls-painting-fund\/#breadcrumb","itemListElement":[{"@type":"ListItem","position":1,"name":"Home","item":"https:\/\/oafdn.ca\/"},{"@type":"ListItem","position":2,"name":"Programs","item":"https:\/\/oafdn.ca\/programs\/"},{"@type":"ListItem","position":3,"name":"Awards","item":"https:\/\/oafdn.ca\/programs\/awards\/"},{"@type":"ListItem","position":4,"name":"Laura Ciruls Painting Fund"}]},{"@type":"WebSite","@id":"https:\/\/oafdn.ca\/#website","url":"https:\/\/oafdn.ca\/","name":"Fondation des arts de l'Ontario","description":"The Ontario Arts Foundation is a non-governmental not for profit organization established in 1991 under the Ontario Corporations Act to encourage and facilitate private giving to the arts in Ontario, Canada.","publisher":{"@id":"https:\/\/oafdn.ca\/#organization"},"potentialAction":[{"@type":"SearchAction","target":{"@type":"EntryPoint","urlTemplate":"https:\/\/oafdn.ca\/?s={search_term_string}"},"query-input":{"@type":"PropertyValueSpecification","valueRequired":true,"valueName":"search_term_string"}}],"inLanguage":"fr-CA"},{"@type":"Organization","@id":"https:\/\/oafdn.ca\/#organization","name":"Fondation des arts de l'Ontario","url":"https:\/\/oafdn.ca\/","logo":{"@type":"ImageObject","inLanguage":"fr-CA","@id":"https:\/\/oafdn.ca\/#\/schema\/logo\/image\/","url":"https:\/\/oafdn.ca\/wp-content\/uploads\/2022\/02\/logo1-1.png","contentUrl":"https:\/\/oafdn.ca\/wp-content\/uploads\/2022\/02\/logo1-1.png","width":1761,"height":487,"caption":"Ontario Arts Foundation"},"image":{"@id":"https:\/\/oafdn.ca\/#\/schema\/logo\/image\/"},"sameAs":["https:\/\/www.facebook.com\/OntarioArtsFoundation\/","https:\/\/x.com\/OntarioArtsFdn"]}]}},"campaignId":"","_links":{"self":[{"href":"https:\/\/oafdn.ca\/fr\/wp-json\/wp\/v2\/pages\/85972","targetHints":{"allow":["GET"]}}],"collection":[{"href":"https:\/\/oafdn.ca\/fr\/wp-json\/wp\/v2\/pages"}],"about":[{"href":"https:\/\/oafdn.ca\/fr\/wp-json\/wp\/v2\/types\/page"}],"author":[{"embeddable":true,"href":"https:\/\/oafdn.ca\/fr\/wp-json\/wp\/v2\/users\/1"}],"replies":[{"embeddable":true,"href":"https:\/\/oafdn.ca\/fr\/wp-json\/wp\/v2\/comments?post=85972"}],"version-history":[{"count":8,"href":"https:\/\/oafdn.ca\/fr\/wp-json\/wp\/v2\/pages\/85972\/revisions"}],"predecessor-version":[{"id":141360,"href":"https:\/\/oafdn.ca\/fr\/wp-json\/wp\/v2\/pages\/85972\/revisions\/141360"}],"up":[{"embeddable":true,"href":"https:\/\/oafdn.ca\/fr\/wp-json\/wp\/v2\/pages\/3362"}],"wp:attachment":[{"href":"https:\/\/oafdn.ca\/fr\/wp-json\/wp\/v2\/media?parent=85972"}],"curies":[{"name":"wp","href":"https:\/\/api.w.org\/{rel}","templated":true}]}}