{"id":85956,"date":"2022-06-11T01:50:04","date_gmt":"2022-06-11T01:50:04","guid":{"rendered":"https:\/\/oafdn.ca\/?page_id=85956"},"modified":"2024-09-25T10:03:57","modified_gmt":"2024-09-25T14:03:57","slug":"louis-applebaum-composers-award","status":"publish","type":"page","link":"https:\/\/oafdn.ca\/fr\/programs\/awards\/louis-applebaum-composers-award\/","title":{"rendered":"Prix Louis Applebaum pour les compositeurs"},"content":{"rendered":"<div data-elementor-type=\"wp-page\" data-elementor-id=\"85956\" class=\"elementor elementor-85956\" wpc-filter-elementor-widget=\"1\">\n\t\t\t\t\t\t<section class=\"elementor-section elementor-top-section elementor-element elementor-element-a407b2b elementor-section-boxed elementor-section-height-default elementor-section-height-default\" data-id=\"a407b2b\" data-element_type=\"section\" data-e-type=\"section\">\n\t\t\t\t\t\t<div class=\"elementor-container elementor-column-gap-default\">\n\t\t\t\t\t<div class=\"elementor-column elementor-col-100 elementor-top-column elementor-element elementor-element-5dd7a2b\" data-id=\"5dd7a2b\" data-element_type=\"column\" data-e-type=\"column\">\n\t\t\t<div class=\"elementor-widget-wrap elementor-element-populated\">\n\t\t\t\t\t\t<div class=\"elementor-element elementor-element-1abff26 elementor-widget elementor-widget-heading\" data-id=\"1abff26\" data-element_type=\"widget\" data-e-type=\"widget\" data-widget_type=\"heading.default\">\n\t\t\t\t<div class=\"elementor-widget-container\">\n\t\t\t\t\t<h2 class=\"elementor-heading-title elementor-size-default\">Prix Louis Applebaum pour les compositeurs<\/h2>\t\t\t\t<\/div>\n\t\t\t\t<\/div>\n\t\t\t\t<div class=\"elementor-element elementor-element-e683dac elementor-widget-divider--view-line elementor-widget elementor-widget-divider\" data-id=\"e683dac\" data-element_type=\"widget\" data-e-type=\"widget\" data-widget_type=\"divider.default\">\n\t\t\t\t<div class=\"elementor-widget-container\">\n\t\t\t\t\t\t\t<div class=\"elementor-divider\">\n\t\t\t<span class=\"elementor-divider-separator\">\n\t\t\t\t\t\t<\/span>\n\t\t<\/div>\n\t\t\t\t\t\t<\/div>\n\t\t\t\t<\/div>\n\t\t\t\t\t<\/div>\n\t\t<\/div>\n\t\t\t\t\t<\/div>\n\t\t<\/section>\n\t\t\t\t<section class=\"elementor-section elementor-top-section elementor-element elementor-element-d72e945 elementor-section-boxed elementor-section-height-default elementor-section-height-default\" data-id=\"d72e945\" data-element_type=\"section\" data-e-type=\"section\">\n\t\t\t\t\t\t<div class=\"elementor-container elementor-column-gap-default\">\n\t\t\t\t\t<div class=\"elementor-column elementor-col-100 elementor-top-column elementor-element elementor-element-f557cb1\" data-id=\"f557cb1\" data-element_type=\"column\" data-e-type=\"column\">\n\t\t\t<div class=\"elementor-widget-wrap elementor-element-populated\">\n\t\t\t\t\t\t<div class=\"elementor-element elementor-element-436badd elementor-widget elementor-widget-text-editor\" data-id=\"436badd\" data-element_type=\"widget\" data-e-type=\"widget\" data-widget_type=\"text-editor.default\">\n\t\t\t\t<div class=\"elementor-widget-container\">\n\t\t\t\t\t\t\t\t\t<p class=\"p1 translation-block\">Le compositeur canadien, administrateur et champion des arts Louis Applebaum a cr\u00e9\u00e9 le <strong>Fonds Louis Applebaum de composition<\/strong> aupr\u00e8s de la Fondation en 1998 afin de reconna\u00eetre l\u2019excellence en mati\u00e8re de composition.<\/p><p class=\"p1 translation-block\">Louis a compos\u00e9 la musique de nombreux films, y compris pour le documentaire \u00ab Royal Journey \u00bb en 1951, et il a \u00e9t\u00e9 nomin\u00e9 pour un \u2018<i>Academy Award<\/i>\u2019 pour sa partition pour le film de guerre \u00ab The Story of G.I. Joe \u00bb en 1945. Une force vitale dans le milieu culturel canadien pendant plus de six d\u00e9cennies, il a \u00e9t\u00e9 le Directeur g\u00e9n\u00e9ral du Conseil des arts de l\u2019Ontario et le vice-pr\u00e9sident de la Ligue canadienne des compositeurs. Il a \u00e9t\u00e9 le premier directeur pour la musique au Festival de Stratford et ses fanfares ont ouvert toutes les repr\u00e9sentations depuis le d\u00e9but du festival en 1953. En 1976, il a \u00e9t\u00e9 nomm\u00e9 Officier de l\u2019Ordre du Canada.<\/p><p class=\"p1\">Sa clairvoyance en cr\u00e9ant un fonds pour soutenir les futurs compositeurs canadiens assure que son d\u00e9vouement pour les arts se fasse sentir pendant des ann\u00e9es \u00e0 venir.\u00a0\u00a0\u00a0<\/p><p class=\"p1 half_line_spacing\">Prix:  15,000 dollars<\/p><p class=\"p1\">Laur\u00e9ate de cette ann\u00e9e<br \/>2024\u00a0 \u00a0<\/p><figure id=\"attachment_134870\" aria-describedby=\"caption-attachment-134870\" style=\"width: 400px\" class=\"wp-caption alignnone\"><img fetchpriority=\"high\" decoding=\"async\" class=\"wp-image-134870\" src=\"https:\/\/oafdn.ca\/wp-content\/uploads\/2024\/09\/Cecilia-Livingston-headshot-by-Daniel-Alexander-Denino-web-1024x683.jpg\" alt=\"\" width=\"400\" height=\"267\" srcset=\"https:\/\/oafdn.ca\/wp-content\/uploads\/2024\/09\/Cecilia-Livingston-headshot-by-Daniel-Alexander-Denino-web-1024x683.jpg 1024w, https:\/\/oafdn.ca\/wp-content\/uploads\/2024\/09\/Cecilia-Livingston-headshot-by-Daniel-Alexander-Denino-web-300x200.jpg 300w, https:\/\/oafdn.ca\/wp-content\/uploads\/2024\/09\/Cecilia-Livingston-headshot-by-Daniel-Alexander-Denino-web-768x512.jpg 768w, https:\/\/oafdn.ca\/wp-content\/uploads\/2024\/09\/Cecilia-Livingston-headshot-by-Daniel-Alexander-Denino-web-18x12.jpg 18w, https:\/\/oafdn.ca\/wp-content\/uploads\/2024\/09\/Cecilia-Livingston-headshot-by-Daniel-Alexander-Denino-web.jpg 1500w\" sizes=\"(max-width: 400px) 100vw, 400px\" \/><figcaption id=\"caption-attachment-134870\" class=\"wp-caption-text\">Photo : Daniel Alexander Denino<\/figcaption><\/figure><p class=\"half_line_spacing\"><em>Cecilia Livingston, remporte le Prix Louis Applebaum pour les compositeurs (musique pour le le th\u00e9\u00e2tre, le th\u00e9\u00e2tre musical, la danse, et l\u2019op\u00e9ra)<\/em><\/p><p class=\"p1\">Pr\u00e9c\u00e9dents laur\u00e9ates<br \/>2022\u00a0 Debashis Sinha (media)<br \/>2020\u00a0 \u00a0 Eleanor Daley (composition pour les jeunes personnes)<br \/>2018\u00a0     Hilario Dur\u00e1n (jazz)<br \/>2016     Alice Ping Yee Ho (th\u00e9\u00e2tre, th\u00e9\u00e2tre musical, danse et op\u00e9ra)<br \/>2014     Mychael Danna (film et t\u00e9l\u00e9vision)<br \/>2011\u00a0 \u00a0 Dean Burry (composition for young people)<br \/>2008\u00a0 \u00a0 David Virelles \u00a0(jazz)<br \/>2005\u00a0 \u00a0 James Rolfe \u00a0(theatre, music theatre, dance or opera)<br \/>2002     Alex Pauk and Alexina Louie  (film et t\u00e9l\u00e9vision)<br \/>1999\u00a0 \u00a0 R. Murray Schafer \u00a0(lifetime achievement)<\/p><p class=\"p1\">Communiqu\u00e9s de presse<br \/><a href=\"https:\/\/oafdn.ca\/fr\/cecilia-livingston-awarded-the-louis-applebaum-composers-award\/\">La compositrice Cecilia Livingston remporte le Prix Louis Applebaum pour les compositeurs<\/a> \u00a0\u00a0<em>le 25 septembre 2024<\/em><\/p>\t\t\t\t\t\t\t\t<\/div>\n\t\t\t\t<\/div>\n\t\t\t\t\t<\/div>\n\t\t<\/div>\n\t\t\t\t\t<\/div>\n\t\t<\/section>\n\t\t\t\t<\/div>","protected":false},"excerpt":{"rendered":"<p>Louis Applebaum Composers Award Canadian composer, administrator and champion of the arts, Louis Applebaum established the\u00a0Louis Applebaum Composers Fund\u00a0at the Foundation in 1998 to recognize excellence in composition.\u00a0 Louis composed music for numerous films, including the 1951 documentary\u00a0Royal Journey,\u00a0and was nominated for an\u00a0Academy Award\u00a0for his score of the 1945 war film,\u00a0The Story of G.I. Joe. [&hellip;]<\/p>\n","protected":false},"author":1,"featured_media":0,"parent":3362,"menu_order":0,"comment_status":"closed","ping_status":"closed","template":"","meta":{"_acf_changed":false,"give_campaign_id":0,"nf_dc_page":"","site-sidebar-layout":"no-sidebar","site-content-layout":"page-builder","ast-site-content-layout":"default","site-content-style":"default","site-sidebar-style":"default","ast-global-header-display":"","ast-banner-title-visibility":"","ast-main-header-display":"","ast-hfb-above-header-display":"","ast-hfb-below-header-display":"","ast-hfb-mobile-header-display":"","site-post-title":"disabled","ast-breadcrumbs-content":"","ast-featured-img":"disabled","footer-sml-layout":"","ast-disable-related-posts":"","theme-transparent-header-meta":"","adv-header-id-meta":"","stick-header-meta":"","header-above-stick-meta":"","header-main-stick-meta":"","header-below-stick-meta":"","astra-migrate-meta-layouts":"default","ast-page-background-enabled":"default","ast-page-background-meta":{"desktop":{"background-color":"","background-image":"","background-repeat":"repeat","background-position":"center center","background-size":"auto","background-attachment":"scroll","background-type":"","background-media":"","overlay-type":"","overlay-color":"","overlay-opacity":"","overlay-gradient":""},"tablet":{"background-color":"","background-image":"","background-repeat":"repeat","background-position":"center center","background-size":"auto","background-attachment":"scroll","background-type":"","background-media":"","overlay-type":"","overlay-color":"","overlay-opacity":"","overlay-gradient":""},"mobile":{"background-color":"","background-image":"","background-repeat":"repeat","background-position":"center center","background-size":"auto","background-attachment":"scroll","background-type":"","background-media":"","overlay-type":"","overlay-color":"","overlay-opacity":"","overlay-gradient":""}},"ast-content-background-meta":{"desktop":{"background-color":"var(--ast-global-color-5)","background-image":"","background-repeat":"repeat","background-position":"center center","background-size":"auto","background-attachment":"scroll","background-type":"","background-media":"","overlay-type":"","overlay-color":"","overlay-opacity":"","overlay-gradient":""},"tablet":{"background-color":"var(--ast-global-color-5)","background-image":"","background-repeat":"repeat","background-position":"center center","background-size":"auto","background-attachment":"scroll","background-type":"","background-media":"","overlay-type":"","overlay-color":"","overlay-opacity":"","overlay-gradient":""},"mobile":{"background-color":"var(--ast-global-color-5)","background-image":"","background-repeat":"repeat","background-position":"center center","background-size":"auto","background-attachment":"scroll","background-type":"","background-media":"","overlay-type":"","overlay-color":"","overlay-opacity":"","overlay-gradient":""}},"footnotes":""},"class_list":["post-85956","page","type-page","status-publish","hentry"],"acf":[],"yoast_head":"<!-- This site is optimized with the Yoast SEO plugin v27.5 - https:\/\/yoast.com\/product\/yoast-seo-wordpress\/ -->\n<title>Louis Applebaum Composers Award - Ontario Arts Foundation<\/title>\n<meta name=\"description\" content=\"Louis Applebaum Composers Award Ontario Arts Foundation\" \/>\n<meta name=\"robots\" content=\"index, follow, max-snippet:-1, max-image-preview:large, max-video-preview:-1\" \/>\n<link rel=\"canonical\" href=\"https:\/\/oafdn.ca\/fr\/programs\/awards\/louis-applebaum-composers-award\/\" \/>\n<meta property=\"og:locale\" content=\"fr_CA\" \/>\n<meta property=\"og:type\" content=\"article\" \/>\n<meta property=\"og:title\" content=\"Louis Applebaum Composers Award - Ontario Arts Foundation\" \/>\n<meta property=\"og:description\" content=\"Louis Applebaum Composers Award Ontario Arts Foundation\" \/>\n<meta property=\"og:url\" content=\"https:\/\/oafdn.ca\/fr\/programs\/awards\/louis-applebaum-composers-award\/\" \/>\n<meta property=\"og:site_name\" content=\"Ontario Arts Foundation\" \/>\n<meta property=\"article:publisher\" content=\"https:\/\/www.facebook.com\/OntarioArtsFoundation\/\" \/>\n<meta property=\"article:modified_time\" content=\"2024-09-25T14:03:57+00:00\" \/>\n<meta property=\"og:image\" content=\"https:\/\/oafdn.ca\/wp-content\/uploads\/2024\/09\/Cecilia-Livingston-headshot-by-Daniel-Alexander-Denino-web.jpg\" \/>\n\t<meta property=\"og:image:width\" content=\"1500\" \/>\n\t<meta property=\"og:image:height\" content=\"1000\" \/>\n\t<meta property=\"og:image:type\" content=\"image\/jpeg\" \/>\n<meta name=\"twitter:card\" content=\"summary_large_image\" \/>\n<meta name=\"twitter:site\" content=\"@OntarioArtsFdn\" \/>\n<meta name=\"twitter:label1\" content=\"Estimation du temps de lecture\" \/>\n\t<meta name=\"twitter:data1\" content=\"1 minute\" \/>\n<script type=\"application\/ld+json\" class=\"yoast-schema-graph\">{\"@context\":\"https:\\\/\\\/schema.org\",\"@graph\":[{\"@type\":\"WebPage\",\"@id\":\"https:\\\/\\\/oafdn.ca\\\/programs\\\/awards\\\/louis-applebaum-composers-award\\\/\",\"url\":\"https:\\\/\\\/oafdn.ca\\\/programs\\\/awards\\\/louis-applebaum-composers-award\\\/\",\"name\":\"Louis Applebaum Composers Award - Ontario Arts Foundation\",\"isPartOf\":{\"@id\":\"https:\\\/\\\/oafdn.ca\\\/#website\"},\"primaryImageOfPage\":{\"@id\":\"https:\\\/\\\/oafdn.ca\\\/programs\\\/awards\\\/louis-applebaum-composers-award\\\/#primaryimage\"},\"image\":{\"@id\":\"https:\\\/\\\/oafdn.ca\\\/programs\\\/awards\\\/louis-applebaum-composers-award\\\/#primaryimage\"},\"thumbnailUrl\":\"https:\\\/\\\/oafdn.ca\\\/wp-content\\\/uploads\\\/2024\\\/09\\\/Cecilia-Livingston-headshot-by-Daniel-Alexander-Denino-web-1024x683.jpg\",\"datePublished\":\"2022-06-11T01:50:04+00:00\",\"dateModified\":\"2024-09-25T14:03:57+00:00\",\"description\":\"Louis Applebaum Composers Award Ontario Arts Foundation\",\"breadcrumb\":{\"@id\":\"https:\\\/\\\/oafdn.ca\\\/programs\\\/awards\\\/louis-applebaum-composers-award\\\/#breadcrumb\"},\"inLanguage\":\"fr-CA\",\"potentialAction\":[{\"@type\":\"ReadAction\",\"target\":[\"https:\\\/\\\/oafdn.ca\\\/programs\\\/awards\\\/louis-applebaum-composers-award\\\/\"]}]},{\"@type\":\"ImageObject\",\"inLanguage\":\"fr-CA\",\"@id\":\"https:\\\/\\\/oafdn.ca\\\/programs\\\/awards\\\/louis-applebaum-composers-award\\\/#primaryimage\",\"url\":\"https:\\\/\\\/oafdn.ca\\\/wp-content\\\/uploads\\\/2024\\\/09\\\/Cecilia-Livingston-headshot-by-Daniel-Alexander-Denino-web-1024x683.jpg\",\"contentUrl\":\"https:\\\/\\\/oafdn.ca\\\/wp-content\\\/uploads\\\/2024\\\/09\\\/Cecilia-Livingston-headshot-by-Daniel-Alexander-Denino-web-1024x683.jpg\"},{\"@type\":\"BreadcrumbList\",\"@id\":\"https:\\\/\\\/oafdn.ca\\\/programs\\\/awards\\\/louis-applebaum-composers-award\\\/#breadcrumb\",\"itemListElement\":[{\"@type\":\"ListItem\",\"position\":1,\"name\":\"Home\",\"item\":\"https:\\\/\\\/oafdn.ca\\\/\"},{\"@type\":\"ListItem\",\"position\":2,\"name\":\"Programs\",\"item\":\"https:\\\/\\\/oafdn.ca\\\/programs\\\/\"},{\"@type\":\"ListItem\",\"position\":3,\"name\":\"Awards\",\"item\":\"https:\\\/\\\/oafdn.ca\\\/programs\\\/awards\\\/\"},{\"@type\":\"ListItem\",\"position\":4,\"name\":\"Louis Applebaum Composers Award\"}]},{\"@type\":\"WebSite\",\"@id\":\"https:\\\/\\\/oafdn.ca\\\/#website\",\"url\":\"https:\\\/\\\/oafdn.ca\\\/\",\"name\":\"Ontario Arts Foundation\",\"description\":\"The Ontario Arts Foundation is a non-governmental not for profit organization established in 1991 under the Ontario Corporations Act to encourage and facilitate private giving to the arts in Ontario, Canada.\",\"publisher\":{\"@id\":\"https:\\\/\\\/oafdn.ca\\\/#organization\"},\"potentialAction\":[{\"@type\":\"SearchAction\",\"target\":{\"@type\":\"EntryPoint\",\"urlTemplate\":\"https:\\\/\\\/oafdn.ca\\\/?s={search_term_string}\"},\"query-input\":{\"@type\":\"PropertyValueSpecification\",\"valueRequired\":true,\"valueName\":\"search_term_string\"}}],\"inLanguage\":\"fr-CA\"},{\"@type\":\"Organization\",\"@id\":\"https:\\\/\\\/oafdn.ca\\\/#organization\",\"name\":\"Ontario Arts Foundation\",\"url\":\"https:\\\/\\\/oafdn.ca\\\/\",\"logo\":{\"@type\":\"ImageObject\",\"inLanguage\":\"fr-CA\",\"@id\":\"https:\\\/\\\/oafdn.ca\\\/#\\\/schema\\\/logo\\\/image\\\/\",\"url\":\"https:\\\/\\\/oafdn.ca\\\/wp-content\\\/uploads\\\/2022\\\/02\\\/logo1-1.png\",\"contentUrl\":\"https:\\\/\\\/oafdn.ca\\\/wp-content\\\/uploads\\\/2022\\\/02\\\/logo1-1.png\",\"width\":1761,\"height\":487,\"caption\":\"Ontario Arts Foundation\"},\"image\":{\"@id\":\"https:\\\/\\\/oafdn.ca\\\/#\\\/schema\\\/logo\\\/image\\\/\"},\"sameAs\":[\"https:\\\/\\\/www.facebook.com\\\/OntarioArtsFoundation\\\/\",\"https:\\\/\\\/x.com\\\/OntarioArtsFdn\"]}]}<\/script>\n<!-- \/ Yoast SEO plugin. -->","yoast_head_json":{"title":"Louis Applebaum Composers Award - Ontario Arts Foundation","description":"Louis Applebaum Composers Award Ontario Arts Foundation","robots":{"index":"index","follow":"follow","max-snippet":"max-snippet:-1","max-image-preview":"max-image-preview:large","max-video-preview":"max-video-preview:-1"},"canonical":"https:\/\/oafdn.ca\/fr\/programs\/awards\/louis-applebaum-composers-award\/","og_locale":"fr_CA","og_type":"article","og_title":"Louis Applebaum Composers Award - Ontario Arts Foundation","og_description":"Louis Applebaum Composers Award Ontario Arts Foundation","og_url":"https:\/\/oafdn.ca\/fr\/programs\/awards\/louis-applebaum-composers-award\/","og_site_name":"Ontario Arts Foundation","article_publisher":"https:\/\/www.facebook.com\/OntarioArtsFoundation\/","article_modified_time":"2024-09-25T14:03:57+00:00","og_image":[{"width":1500,"height":1000,"url":"https:\/\/oafdn.ca\/wp-content\/uploads\/2024\/09\/Cecilia-Livingston-headshot-by-Daniel-Alexander-Denino-web.jpg","type":"image\/jpeg"}],"twitter_card":"summary_large_image","twitter_site":"@OntarioArtsFdn","twitter_misc":{"Estimation du temps de lecture":"1 minute"},"schema":{"@context":"https:\/\/schema.org","@graph":[{"@type":"WebPage","@id":"https:\/\/oafdn.ca\/programs\/awards\/louis-applebaum-composers-award\/","url":"https:\/\/oafdn.ca\/programs\/awards\/louis-applebaum-composers-award\/","name":"Louis Applebaum Composers Award - Ontario Arts Foundation","isPartOf":{"@id":"https:\/\/oafdn.ca\/#website"},"primaryImageOfPage":{"@id":"https:\/\/oafdn.ca\/programs\/awards\/louis-applebaum-composers-award\/#primaryimage"},"image":{"@id":"https:\/\/oafdn.ca\/programs\/awards\/louis-applebaum-composers-award\/#primaryimage"},"thumbnailUrl":"https:\/\/oafdn.ca\/wp-content\/uploads\/2024\/09\/Cecilia-Livingston-headshot-by-Daniel-Alexander-Denino-web-1024x683.jpg","datePublished":"2022-06-11T01:50:04+00:00","dateModified":"2024-09-25T14:03:57+00:00","description":"Louis Applebaum Composers Award Ontario Arts Foundation","breadcrumb":{"@id":"https:\/\/oafdn.ca\/programs\/awards\/louis-applebaum-composers-award\/#breadcrumb"},"inLanguage":"fr-CA","potentialAction":[{"@type":"ReadAction","target":["https:\/\/oafdn.ca\/programs\/awards\/louis-applebaum-composers-award\/"]}]},{"@type":"ImageObject","inLanguage":"fr-CA","@id":"https:\/\/oafdn.ca\/programs\/awards\/louis-applebaum-composers-award\/#primaryimage","url":"https:\/\/oafdn.ca\/wp-content\/uploads\/2024\/09\/Cecilia-Livingston-headshot-by-Daniel-Alexander-Denino-web-1024x683.jpg","contentUrl":"https:\/\/oafdn.ca\/wp-content\/uploads\/2024\/09\/Cecilia-Livingston-headshot-by-Daniel-Alexander-Denino-web-1024x683.jpg"},{"@type":"BreadcrumbList","@id":"https:\/\/oafdn.ca\/programs\/awards\/louis-applebaum-composers-award\/#breadcrumb","itemListElement":[{"@type":"ListItem","position":1,"name":"Home","item":"https:\/\/oafdn.ca\/"},{"@type":"ListItem","position":2,"name":"Programs","item":"https:\/\/oafdn.ca\/programs\/"},{"@type":"ListItem","position":3,"name":"Awards","item":"https:\/\/oafdn.ca\/programs\/awards\/"},{"@type":"ListItem","position":4,"name":"Louis Applebaum Composers Award"}]},{"@type":"WebSite","@id":"https:\/\/oafdn.ca\/#website","url":"https:\/\/oafdn.ca\/","name":"Fondation des arts de l'Ontario","description":"The Ontario Arts Foundation is a non-governmental not for profit organization established in 1991 under the Ontario Corporations Act to encourage and facilitate private giving to the arts in Ontario, Canada.","publisher":{"@id":"https:\/\/oafdn.ca\/#organization"},"potentialAction":[{"@type":"SearchAction","target":{"@type":"EntryPoint","urlTemplate":"https:\/\/oafdn.ca\/?s={search_term_string}"},"query-input":{"@type":"PropertyValueSpecification","valueRequired":true,"valueName":"search_term_string"}}],"inLanguage":"fr-CA"},{"@type":"Organization","@id":"https:\/\/oafdn.ca\/#organization","name":"Fondation des arts de l'Ontario","url":"https:\/\/oafdn.ca\/","logo":{"@type":"ImageObject","inLanguage":"fr-CA","@id":"https:\/\/oafdn.ca\/#\/schema\/logo\/image\/","url":"https:\/\/oafdn.ca\/wp-content\/uploads\/2022\/02\/logo1-1.png","contentUrl":"https:\/\/oafdn.ca\/wp-content\/uploads\/2022\/02\/logo1-1.png","width":1761,"height":487,"caption":"Ontario Arts Foundation"},"image":{"@id":"https:\/\/oafdn.ca\/#\/schema\/logo\/image\/"},"sameAs":["https:\/\/www.facebook.com\/OntarioArtsFoundation\/","https:\/\/x.com\/OntarioArtsFdn"]}]}},"campaignId":"","_links":{"self":[{"href":"https:\/\/oafdn.ca\/fr\/wp-json\/wp\/v2\/pages\/85956","targetHints":{"allow":["GET"]}}],"collection":[{"href":"https:\/\/oafdn.ca\/fr\/wp-json\/wp\/v2\/pages"}],"about":[{"href":"https:\/\/oafdn.ca\/fr\/wp-json\/wp\/v2\/types\/page"}],"author":[{"embeddable":true,"href":"https:\/\/oafdn.ca\/fr\/wp-json\/wp\/v2\/users\/1"}],"replies":[{"embeddable":true,"href":"https:\/\/oafdn.ca\/fr\/wp-json\/wp\/v2\/comments?post=85956"}],"version-history":[{"count":5,"href":"https:\/\/oafdn.ca\/fr\/wp-json\/wp\/v2\/pages\/85956\/revisions"}],"predecessor-version":[{"id":134886,"href":"https:\/\/oafdn.ca\/fr\/wp-json\/wp\/v2\/pages\/85956\/revisions\/134886"}],"up":[{"embeddable":true,"href":"https:\/\/oafdn.ca\/fr\/wp-json\/wp\/v2\/pages\/3362"}],"wp:attachment":[{"href":"https:\/\/oafdn.ca\/fr\/wp-json\/wp\/v2\/media?parent=85956"}],"curies":[{"name":"wp","href":"https:\/\/api.w.org\/{rel}","templated":true}]}}