{"id":85930,"date":"2022-06-09T02:22:58","date_gmt":"2022-06-09T02:22:58","guid":{"rendered":"https:\/\/oafdn.ca\/?page_id=85930"},"modified":"2025-10-30T15:09:32","modified_gmt":"2025-10-30T19:09:32","slug":"canadian-heritage-endowment-incentives-component","status":"publish","type":"page","link":"https:\/\/oafdn.ca\/fr\/programs\/canadian-heritage-endowment-incentives-component\/","title":{"rendered":"Patrimoine canadien\n- Composante des incitations aux fonds de dotation"},"content":{"rendered":"<div data-elementor-type=\"wp-page\" data-elementor-id=\"85930\" class=\"elementor elementor-85930\" wpc-filter-elementor-widget=\"1\">\n\t\t\t\t\t\t<section class=\"elementor-section elementor-top-section elementor-element elementor-element-dc5e6cb elementor-section-boxed elementor-section-height-default elementor-section-height-default\" data-id=\"dc5e6cb\" data-element_type=\"section\" data-e-type=\"section\">\n\t\t\t\t\t\t<div class=\"elementor-container elementor-column-gap-default\">\n\t\t\t\t\t<div class=\"elementor-column elementor-col-100 elementor-top-column elementor-element elementor-element-17a3132\" data-id=\"17a3132\" data-element_type=\"column\" data-e-type=\"column\">\n\t\t\t<div class=\"elementor-widget-wrap elementor-element-populated\">\n\t\t\t\t\t\t<div class=\"elementor-element elementor-element-4f9790d elementor-widget elementor-widget-heading\" data-id=\"4f9790d\" data-element_type=\"widget\" data-e-type=\"widget\" data-widget_type=\"heading.default\">\n\t\t\t\t<div class=\"elementor-widget-container\">\n\t\t\t\t\t<h4 class=\"elementor-heading-title elementor-size-medium\">Le volet Incitatifs aux fonds de dotation du Fonds du Canada<\/h4>\t\t\t\t<\/div>\n\t\t\t\t<\/div>\n\t\t\t\t<div class=\"elementor-element elementor-element-26ce246 elementor-widget-divider--view-line elementor-widget elementor-widget-divider\" data-id=\"26ce246\" data-element_type=\"widget\" data-e-type=\"widget\" data-widget_type=\"divider.default\">\n\t\t\t\t<div class=\"elementor-widget-container\">\n\t\t\t\t\t\t\t<div class=\"elementor-divider\">\n\t\t\t<span class=\"elementor-divider-separator\">\n\t\t\t\t\t\t<\/span>\n\t\t<\/div>\n\t\t\t\t\t\t<\/div>\n\t\t\t\t<\/div>\n\t\t\t\t<div class=\"elementor-element elementor-element-c7fa943 elementor-widget elementor-widget-text-editor\" data-id=\"c7fa943\" data-element_type=\"widget\" data-e-type=\"widget\" data-widget_type=\"text-editor.default\">\n\t\t\t\t<div class=\"elementor-widget-container\">\n\t\t\t\t\t\t\t\t\t<p><strong>Minist\u00e8re du Patrimoine canadien<\/strong><\/p>\t\t\t\t\t\t\t\t<\/div>\n\t\t\t\t<\/div>\n\t\t\t\t<div class=\"elementor-element elementor-element-3a3aede elementor-widget elementor-widget-text-editor\" data-id=\"3a3aede\" data-element_type=\"widget\" data-e-type=\"widget\" data-widget_type=\"text-editor.default\">\n\t\t\t\t<div class=\"elementor-widget-container\">\n\t\t\t\t\t\t\t\t\t<p>Le volet Incitatifs aux fonds de dotation du Fonds du Canada pour l'investissement en culture est un programme du minist\u00e8re du Patrimoine canadien qui fournit des fonds de contrepartie \u00e0 concurrence d'un dollar maximum pour chaque dollar amass\u00e9 aupr\u00e8s de donateurs priv\u00e9s pour les fonds de dotations \u2013 les fonds de contrepartie ainsi que les fonds lev\u00e9s du secteur priv\u00e9 doivent \u00eatre immobilis\u00e9s \u00e0 perp\u00e9tuit\u00e9. Depuis sa cr\u00e9ation en 2001-2002, la fondation des arts de l'Ontario a re\u00e7u 10,4 millions de dollars en fonds de contrepartie au travers de ce programme au profit des fonds de dotation de 44 organismes artistiques professionnels, qui avec les 14,7 millions de dollars de donation lev\u00e9s du secteur priv\u00e9 ont contribu\u00e9 \u00e0 une source croissante de revenu pouvant \u00eatre utilis\u00e9 par les organismes artistiques r\u00e9cipiendaires pour leurs op\u00e9rations courantes ou pour entreprendre des initiatives sp\u00e9ciales.<\/p><p>Le volet Incitatifs aux fonds de dotation a fourni un total de 384 millions de dollars en fonds de contrepartie, g\u00e9n\u00e9rant des donations du secteur priv\u00e9 d'un montant de 542 millions de dollars pour un total de 926 millions de dollars investis dans 107 fondations de bienfaisance publiques et b\u00e9n\u00e9ficiant \u00e0 la sant\u00e9 financi\u00e8re \u00e0 long terme de 313 organismes artistiques au travers du Canada.<\/p>\t\t\t\t\t\t\t\t<\/div>\n\t\t\t\t<\/div>\n\t\t\t\t<div class=\"elementor-element elementor-element-1634dee elementor-widget elementor-widget-text-editor\" data-id=\"1634dee\" data-element_type=\"widget\" data-e-type=\"widget\" data-widget_type=\"text-editor.default\">\n\t\t\t\t<div class=\"elementor-widget-container\">\n\t\t\t\t\t\t\t\t\t<p><strong>Organisations avec un Fonds du patrimoine canadien \u00e0 la Fondation des arts de l'Ontario:<\/strong><\/p>\t\t\t\t\t\t\t\t<\/div>\n\t\t\t\t<\/div>\n\t\t\t\t\t<\/div>\n\t\t<\/div>\n\t\t\t\t\t<\/div>\n\t\t<\/section>\n\t\t\t\t<section class=\"elementor-section elementor-top-section elementor-element elementor-element-ba6c092 elementor-section-boxed elementor-section-height-default elementor-section-height-default\" data-id=\"ba6c092\" data-element_type=\"section\" data-e-type=\"section\">\n\t\t\t\t\t\t<div class=\"elementor-container elementor-column-gap-default\">\n\t\t\t\t\t<div class=\"elementor-column elementor-col-50 elementor-top-column elementor-element elementor-element-146c012\" data-id=\"146c012\" data-element_type=\"column\" data-e-type=\"column\">\n\t\t\t<div class=\"elementor-widget-wrap elementor-element-populated\">\n\t\t\t\t\t\t<div class=\"elementor-element elementor-element-a08b7c9 elementor-widget elementor-widget-text-editor\" data-id=\"a08b7c9\" data-element_type=\"widget\" data-e-type=\"widget\" data-widget_type=\"text-editor.default\">\n\t\t\t\t<div class=\"elementor-widget-container\">\n\t\t\t\t\t\t\t\t\t<p>Amadeus Choir of Greater Toronto<\/p><p>Ballet J\u00f6rgen Canada<\/p><p>Canadian Music Centre<\/p><p>Canadian Stage<\/p><p>Cantabile Choirs of Kingston<\/p><p>Capitol Theatre Heritage Foundation<\/p><p>Chorus Niagara<\/p><p>Company Theatre, The<\/p><p>Continuum Contemporary Theatre<\/p><p>Drayton Entertainment<\/p><p>Ed Video Media Arts Centre<\/p><p>Elmer Iseler Singers<\/p><p>Factory Theatre<\/p><p>Festival of the Sound<\/p><p>Fringe of Toronto Theatre Festival<\/p><p>Hamilton Philharmonic Orchestra<\/p><p>Huntsville Festival of the Arts<\/p><p>Inside Out Lesbian and Gay Film Festival<\/p><p>Kingston Symphony Association<\/p><p>Kitchener-Waterloo Symphony Orchestra Association<\/p><p>London Symphonia<\/p><p>MASC Artists for Schools and Communities<\/p><p>\u00a0<\/p>\t\t\t\t\t\t\t\t<\/div>\n\t\t\t\t<\/div>\n\t\t\t\t\t<\/div>\n\t\t<\/div>\n\t\t\t\t<div class=\"elementor-column elementor-col-50 elementor-top-column elementor-element elementor-element-09e69b4\" data-id=\"09e69b4\" data-element_type=\"column\" data-e-type=\"column\">\n\t\t\t<div class=\"elementor-widget-wrap elementor-element-populated\">\n\t\t\t\t\t\t<div class=\"elementor-element elementor-element-8798e0a elementor-widget elementor-widget-text-editor\" data-id=\"8798e0a\" data-element_type=\"widget\" data-e-type=\"widget\" data-widget_type=\"text-editor.default\">\n\t\t\t\t<div class=\"elementor-widget-container\">\n\t\t\t\t\t\t\t\t\t<p>L'Orchestre national des jeunes du Canada<\/p><p>Necessary Angel Theatre Company<\/p><p>Obsidian Theatre Company<\/p><p>Op\u00e9ra Atelier<\/p><p>Pleiades Theatre<\/p><p>Roseneath Theatre<\/p><p>School of Toronto Dance Theatre<\/p><p>Sinfonia Toronto<\/p><p>Soulpepper Theatre Company<\/p><p>Stratford Summer Music<\/p><p>SweetWater Music Festival<\/p><p>Tafelmusik Baroque Orchestra<\/p><p>Tapestry Opera<\/p><p>Tarragon Theatre<\/p><p>Th\u00e9\u00e2tre la Catapulte<\/p><p>Th\u00e9\u00e2tre fran\u00e7ais de Toronto<\/p><p>Theatre Passe Muraille<\/p><p>Thousand Islands Foundation for the Performing Arts<\/p><p>Toronto Children&#8217;s Chorus<\/p><p>Toronto International Film Festival<\/p><p>Toronto Summer Music Foundation<\/p><p>Windsor Symphony Orchestra<\/p>\t\t\t\t\t\t\t\t<\/div>\n\t\t\t\t<\/div>\n\t\t\t\t\t<\/div>\n\t\t<\/div>\n\t\t\t\t\t<\/div>\n\t\t<\/section>\n\t\t\t\t<section class=\"elementor-section elementor-top-section elementor-element elementor-element-eb5de44 elementor-section-boxed elementor-section-height-default elementor-section-height-default\" data-id=\"eb5de44\" data-element_type=\"section\" data-e-type=\"section\">\n\t\t\t\t\t\t<div class=\"elementor-container elementor-column-gap-default\">\n\t\t\t\t\t<div class=\"elementor-column elementor-col-100 elementor-top-column elementor-element elementor-element-ffa0496\" data-id=\"ffa0496\" data-element_type=\"column\" data-e-type=\"column\">\n\t\t\t<div class=\"elementor-widget-wrap elementor-element-populated\">\n\t\t\t\t\t\t<div class=\"elementor-element elementor-element-5ec2de9 elementor-widget elementor-widget-text-editor\" data-id=\"5ec2de9\" data-element_type=\"widget\" data-e-type=\"widget\" data-widget_type=\"text-editor.default\">\n\t\t\t\t<div class=\"elementor-widget-container\">\n\t\t\t\t\t\t\t\t\t<p><a href=\"https:\/\/www.canada.ca\/en\/canadian-heritage\/services\/funding\/cultural-investment-fund\/endowment-incentives.html\">Lignes directrices sur la pr\u00e9sentation des demandes et Formulaires<\/a><\/p>\t\t\t\t\t\t\t\t<\/div>\n\t\t\t\t<\/div>\n\t\t\t\t\t<\/div>\n\t\t<\/div>\n\t\t\t\t\t<\/div>\n\t\t<\/section>\n\t\t\t\t<\/div>","protected":false},"excerpt":{"rendered":"<p>Canada Cultural Investment Fund &#8211; Endowment Incentives Department of Canadian Heritage The Canada Cultural Investment Fund &#8211; Endowment Incentives component is a program of the Department of Canadian Heritage that provides matching funds of up to one dollar for every dollar raised privately for endowment \u2013 both the matching funds and the private donations are [&hellip;]<\/p>\n","protected":false},"author":1,"featured_media":0,"parent":2159,"menu_order":0,"comment_status":"closed","ping_status":"closed","template":"","meta":{"_acf_changed":false,"give_campaign_id":0,"nf_dc_page":"","site-sidebar-layout":"no-sidebar","site-content-layout":"page-builder","ast-site-content-layout":"default","site-content-style":"default","site-sidebar-style":"default","ast-global-header-display":"","ast-banner-title-visibility":"","ast-main-header-display":"","ast-hfb-above-header-display":"","ast-hfb-below-header-display":"","ast-hfb-mobile-header-display":"","site-post-title":"disabled","ast-breadcrumbs-content":"","ast-featured-img":"disabled","footer-sml-layout":"","ast-disable-related-posts":"","theme-transparent-header-meta":"","adv-header-id-meta":"","stick-header-meta":"","header-above-stick-meta":"","header-main-stick-meta":"","header-below-stick-meta":"","astra-migrate-meta-layouts":"default","ast-page-background-enabled":"default","ast-page-background-meta":{"desktop":{"background-color":"","background-image":"","background-repeat":"repeat","background-position":"center center","background-size":"auto","background-attachment":"scroll","background-type":"","background-media":"","overlay-type":"","overlay-color":"","overlay-opacity":"","overlay-gradient":""},"tablet":{"background-color":"","background-image":"","background-repeat":"repeat","background-position":"center center","background-size":"auto","background-attachment":"scroll","background-type":"","background-media":"","overlay-type":"","overlay-color":"","overlay-opacity":"","overlay-gradient":""},"mobile":{"background-color":"","background-image":"","background-repeat":"repeat","background-position":"center center","background-size":"auto","background-attachment":"scroll","background-type":"","background-media":"","overlay-type":"","overlay-color":"","overlay-opacity":"","overlay-gradient":""}},"ast-content-background-meta":{"desktop":{"background-color":"var(--ast-global-color-5)","background-image":"","background-repeat":"repeat","background-position":"center center","background-size":"auto","background-attachment":"scroll","background-type":"","background-media":"","overlay-type":"","overlay-color":"","overlay-opacity":"","overlay-gradient":""},"tablet":{"background-color":"var(--ast-global-color-5)","background-image":"","background-repeat":"repeat","background-position":"center center","background-size":"auto","background-attachment":"scroll","background-type":"","background-media":"","overlay-type":"","overlay-color":"","overlay-opacity":"","overlay-gradient":""},"mobile":{"background-color":"var(--ast-global-color-5)","background-image":"","background-repeat":"repeat","background-position":"center center","background-size":"auto","background-attachment":"scroll","background-type":"","background-media":"","overlay-type":"","overlay-color":"","overlay-opacity":"","overlay-gradient":""}},"footnotes":""},"class_list":["post-85930","page","type-page","status-publish","hentry"],"acf":[],"yoast_head":"<!-- This site is optimized with the Yoast SEO plugin v27.5 - https:\/\/yoast.com\/product\/yoast-seo-wordpress\/ -->\n<title>Canadian Heritage \u2013 Endowment Incentives component - Ontario Arts Foundation<\/title>\n<meta name=\"description\" content=\"Canadian Heritage \u2013 Endowment Incentives component Ontario Arts Foundation\" \/>\n<meta name=\"robots\" content=\"index, follow, max-snippet:-1, max-image-preview:large, max-video-preview:-1\" \/>\n<link rel=\"canonical\" href=\"https:\/\/oafdn.ca\/fr\/programs\/canadian-heritage-endowment-incentives-component\/\" \/>\n<meta property=\"og:locale\" content=\"fr_CA\" \/>\n<meta property=\"og:type\" content=\"article\" \/>\n<meta property=\"og:title\" content=\"Canadian Heritage \u2013 Endowment Incentives component - Ontario Arts Foundation\" \/>\n<meta property=\"og:description\" content=\"Canadian Heritage \u2013 Endowment Incentives component Ontario Arts Foundation\" \/>\n<meta property=\"og:url\" content=\"https:\/\/oafdn.ca\/fr\/programs\/canadian-heritage-endowment-incentives-component\/\" \/>\n<meta property=\"og:site_name\" content=\"Ontario Arts Foundation\" \/>\n<meta property=\"article:publisher\" content=\"https:\/\/www.facebook.com\/OntarioArtsFoundation\/\" \/>\n<meta property=\"article:modified_time\" content=\"2025-10-30T19:09:32+00:00\" \/>\n<meta name=\"twitter:card\" content=\"summary_large_image\" \/>\n<meta name=\"twitter:site\" content=\"@OntarioArtsFdn\" \/>\n<meta name=\"twitter:label1\" content=\"Estimation du temps de lecture\" \/>\n\t<meta name=\"twitter:data1\" content=\"2 minutes\" \/>\n<script type=\"application\/ld+json\" class=\"yoast-schema-graph\">{\"@context\":\"https:\\\/\\\/schema.org\",\"@graph\":[{\"@type\":\"WebPage\",\"@id\":\"https:\\\/\\\/oafdn.ca\\\/programs\\\/canadian-heritage-endowment-incentives-component\\\/\",\"url\":\"https:\\\/\\\/oafdn.ca\\\/programs\\\/canadian-heritage-endowment-incentives-component\\\/\",\"name\":\"Canadian Heritage \u2013 Endowment Incentives component - Ontario Arts Foundation\",\"isPartOf\":{\"@id\":\"https:\\\/\\\/oafdn.ca\\\/#website\"},\"datePublished\":\"2022-06-09T02:22:58+00:00\",\"dateModified\":\"2025-10-30T19:09:32+00:00\",\"description\":\"Canadian Heritage \u2013 Endowment Incentives component Ontario Arts Foundation\",\"breadcrumb\":{\"@id\":\"https:\\\/\\\/oafdn.ca\\\/programs\\\/canadian-heritage-endowment-incentives-component\\\/#breadcrumb\"},\"inLanguage\":\"fr-CA\",\"potentialAction\":[{\"@type\":\"ReadAction\",\"target\":[\"https:\\\/\\\/oafdn.ca\\\/programs\\\/canadian-heritage-endowment-incentives-component\\\/\"]}]},{\"@type\":\"BreadcrumbList\",\"@id\":\"https:\\\/\\\/oafdn.ca\\\/programs\\\/canadian-heritage-endowment-incentives-component\\\/#breadcrumb\",\"itemListElement\":[{\"@type\":\"ListItem\",\"position\":1,\"name\":\"Home\",\"item\":\"https:\\\/\\\/oafdn.ca\\\/\"},{\"@type\":\"ListItem\",\"position\":2,\"name\":\"Programs\",\"item\":\"https:\\\/\\\/oafdn.ca\\\/programs\\\/\"},{\"@type\":\"ListItem\",\"position\":3,\"name\":\"Canadian Heritage \u2013 Endowment Incentives component\"}]},{\"@type\":\"WebSite\",\"@id\":\"https:\\\/\\\/oafdn.ca\\\/#website\",\"url\":\"https:\\\/\\\/oafdn.ca\\\/\",\"name\":\"Ontario Arts Foundation\",\"description\":\"The Ontario Arts Foundation is a non-governmental not for profit organization established in 1991 under the Ontario Corporations Act to encourage and facilitate private giving to the arts in Ontario, Canada.\",\"publisher\":{\"@id\":\"https:\\\/\\\/oafdn.ca\\\/#organization\"},\"potentialAction\":[{\"@type\":\"SearchAction\",\"target\":{\"@type\":\"EntryPoint\",\"urlTemplate\":\"https:\\\/\\\/oafdn.ca\\\/?s={search_term_string}\"},\"query-input\":{\"@type\":\"PropertyValueSpecification\",\"valueRequired\":true,\"valueName\":\"search_term_string\"}}],\"inLanguage\":\"fr-CA\"},{\"@type\":\"Organization\",\"@id\":\"https:\\\/\\\/oafdn.ca\\\/#organization\",\"name\":\"Ontario Arts Foundation\",\"url\":\"https:\\\/\\\/oafdn.ca\\\/\",\"logo\":{\"@type\":\"ImageObject\",\"inLanguage\":\"fr-CA\",\"@id\":\"https:\\\/\\\/oafdn.ca\\\/#\\\/schema\\\/logo\\\/image\\\/\",\"url\":\"https:\\\/\\\/oafdn.ca\\\/wp-content\\\/uploads\\\/2022\\\/02\\\/logo1-1.png\",\"contentUrl\":\"https:\\\/\\\/oafdn.ca\\\/wp-content\\\/uploads\\\/2022\\\/02\\\/logo1-1.png\",\"width\":1761,\"height\":487,\"caption\":\"Ontario Arts Foundation\"},\"image\":{\"@id\":\"https:\\\/\\\/oafdn.ca\\\/#\\\/schema\\\/logo\\\/image\\\/\"},\"sameAs\":[\"https:\\\/\\\/www.facebook.com\\\/OntarioArtsFoundation\\\/\",\"https:\\\/\\\/x.com\\\/OntarioArtsFdn\"]}]}<\/script>\n<!-- \/ Yoast SEO plugin. -->","yoast_head_json":{"title":"Canadian Heritage \u2013 Endowment Incentives component - Ontario Arts Foundation","description":"Canadian Heritage \u2013 Endowment Incentives component Ontario Arts Foundation","robots":{"index":"index","follow":"follow","max-snippet":"max-snippet:-1","max-image-preview":"max-image-preview:large","max-video-preview":"max-video-preview:-1"},"canonical":"https:\/\/oafdn.ca\/fr\/programs\/canadian-heritage-endowment-incentives-component\/","og_locale":"fr_CA","og_type":"article","og_title":"Canadian Heritage \u2013 Endowment Incentives component - Ontario Arts Foundation","og_description":"Canadian Heritage \u2013 Endowment Incentives component Ontario Arts Foundation","og_url":"https:\/\/oafdn.ca\/fr\/programs\/canadian-heritage-endowment-incentives-component\/","og_site_name":"Ontario Arts Foundation","article_publisher":"https:\/\/www.facebook.com\/OntarioArtsFoundation\/","article_modified_time":"2025-10-30T19:09:32+00:00","twitter_card":"summary_large_image","twitter_site":"@OntarioArtsFdn","twitter_misc":{"Estimation du temps de lecture":"2 minutes"},"schema":{"@context":"https:\/\/schema.org","@graph":[{"@type":"WebPage","@id":"https:\/\/oafdn.ca\/programs\/canadian-heritage-endowment-incentives-component\/","url":"https:\/\/oafdn.ca\/programs\/canadian-heritage-endowment-incentives-component\/","name":"Canadian Heritage \u2013 Endowment Incentives component - Ontario Arts Foundation","isPartOf":{"@id":"https:\/\/oafdn.ca\/#website"},"datePublished":"2022-06-09T02:22:58+00:00","dateModified":"2025-10-30T19:09:32+00:00","description":"Canadian Heritage \u2013 Endowment Incentives component Ontario Arts Foundation","breadcrumb":{"@id":"https:\/\/oafdn.ca\/programs\/canadian-heritage-endowment-incentives-component\/#breadcrumb"},"inLanguage":"fr-CA","potentialAction":[{"@type":"ReadAction","target":["https:\/\/oafdn.ca\/programs\/canadian-heritage-endowment-incentives-component\/"]}]},{"@type":"BreadcrumbList","@id":"https:\/\/oafdn.ca\/programs\/canadian-heritage-endowment-incentives-component\/#breadcrumb","itemListElement":[{"@type":"ListItem","position":1,"name":"Home","item":"https:\/\/oafdn.ca\/"},{"@type":"ListItem","position":2,"name":"Programs","item":"https:\/\/oafdn.ca\/programs\/"},{"@type":"ListItem","position":3,"name":"Canadian Heritage \u2013 Endowment Incentives component"}]},{"@type":"WebSite","@id":"https:\/\/oafdn.ca\/#website","url":"https:\/\/oafdn.ca\/","name":"Fondation des arts de l'Ontario","description":"The Ontario Arts Foundation is a non-governmental not for profit organization established in 1991 under the Ontario Corporations Act to encourage and facilitate private giving to the arts in Ontario, Canada.","publisher":{"@id":"https:\/\/oafdn.ca\/#organization"},"potentialAction":[{"@type":"SearchAction","target":{"@type":"EntryPoint","urlTemplate":"https:\/\/oafdn.ca\/?s={search_term_string}"},"query-input":{"@type":"PropertyValueSpecification","valueRequired":true,"valueName":"search_term_string"}}],"inLanguage":"fr-CA"},{"@type":"Organization","@id":"https:\/\/oafdn.ca\/#organization","name":"Fondation des arts de l'Ontario","url":"https:\/\/oafdn.ca\/","logo":{"@type":"ImageObject","inLanguage":"fr-CA","@id":"https:\/\/oafdn.ca\/#\/schema\/logo\/image\/","url":"https:\/\/oafdn.ca\/wp-content\/uploads\/2022\/02\/logo1-1.png","contentUrl":"https:\/\/oafdn.ca\/wp-content\/uploads\/2022\/02\/logo1-1.png","width":1761,"height":487,"caption":"Ontario Arts Foundation"},"image":{"@id":"https:\/\/oafdn.ca\/#\/schema\/logo\/image\/"},"sameAs":["https:\/\/www.facebook.com\/OntarioArtsFoundation\/","https:\/\/x.com\/OntarioArtsFdn"]}]}},"campaignId":"","_links":{"self":[{"href":"https:\/\/oafdn.ca\/fr\/wp-json\/wp\/v2\/pages\/85930","targetHints":{"allow":["GET"]}}],"collection":[{"href":"https:\/\/oafdn.ca\/fr\/wp-json\/wp\/v2\/pages"}],"about":[{"href":"https:\/\/oafdn.ca\/fr\/wp-json\/wp\/v2\/types\/page"}],"author":[{"embeddable":true,"href":"https:\/\/oafdn.ca\/fr\/wp-json\/wp\/v2\/users\/1"}],"replies":[{"embeddable":true,"href":"https:\/\/oafdn.ca\/fr\/wp-json\/wp\/v2\/comments?post=85930"}],"version-history":[{"count":11,"href":"https:\/\/oafdn.ca\/fr\/wp-json\/wp\/v2\/pages\/85930\/revisions"}],"predecessor-version":[{"id":141326,"href":"https:\/\/oafdn.ca\/fr\/wp-json\/wp\/v2\/pages\/85930\/revisions\/141326"}],"up":[{"embeddable":true,"href":"https:\/\/oafdn.ca\/fr\/wp-json\/wp\/v2\/pages\/2159"}],"wp:attachment":[{"href":"https:\/\/oafdn.ca\/fr\/wp-json\/wp\/v2\/media?parent=85930"}],"curies":[{"name":"wp","href":"https:\/\/api.w.org\/{rel}","templated":true}]}}