{"id":5427,"date":"2022-02-13T03:15:25","date_gmt":"2022-02-13T03:15:25","guid":{"rendered":"https:\/\/oafdn.ca\/?page_id=5427"},"modified":"2022-02-13T03:18:01","modified_gmt":"2022-02-13T03:18:01","slug":"long-term-fund-matching-campaign","status":"publish","type":"page","link":"https:\/\/oafdn.ca\/fr\/programs\/education-suite\/long-term-fund-matching-campaign\/","title":{"rendered":"Fonds \u00e0 long terme:  Les campagnes de contrepartie\u00a0 \u00a0 \u00a0"},"content":{"rendered":"<div data-elementor-type=\"wp-page\" data-elementor-id=\"5427\" class=\"elementor elementor-5427\" wpc-filter-elementor-widget=\"1\">\n\t\t\t\t\t\t<section class=\"elementor-section elementor-top-section elementor-element elementor-element-38d2c5b elementor-section-boxed elementor-section-height-default elementor-section-height-default\" data-id=\"38d2c5b\" data-element_type=\"section\" data-e-type=\"section\">\n\t\t\t\t\t\t<div class=\"elementor-container elementor-column-gap-default\">\n\t\t\t\t\t<div class=\"elementor-column elementor-col-100 elementor-top-column elementor-element elementor-element-d9da200\" data-id=\"d9da200\" data-element_type=\"column\" data-e-type=\"column\">\n\t\t\t<div class=\"elementor-widget-wrap elementor-element-populated\">\n\t\t\t\t\t\t<div class=\"elementor-element elementor-element-144793e elementor-widget elementor-widget-heading\" data-id=\"144793e\" data-element_type=\"widget\" data-e-type=\"widget\" data-widget_type=\"heading.default\">\n\t\t\t\t<div class=\"elementor-widget-container\">\n\t\t\t\t\t<h4 class=\"elementor-heading-title elementor-size-medium\">Fonds \u00e0 long terme:  Les campagnes de contrepartie\u00a0 \u00a0 \u00a0<\/h4>\t\t\t\t<\/div>\n\t\t\t\t<\/div>\n\t\t\t\t<div class=\"elementor-element elementor-element-2586a1e elementor-widget-divider--view-line elementor-widget elementor-widget-divider\" data-id=\"2586a1e\" data-element_type=\"widget\" data-e-type=\"widget\" data-widget_type=\"divider.default\">\n\t\t\t\t<div class=\"elementor-widget-container\">\n\t\t\t\t\t\t\t<div class=\"elementor-divider\">\n\t\t\t<span class=\"elementor-divider-separator\">\n\t\t\t\t\t\t<\/span>\n\t\t<\/div>\n\t\t\t\t\t\t<\/div>\n\t\t\t\t<\/div>\n\t\t\t\t<div class=\"elementor-element elementor-element-ae9cc0d elementor-widget elementor-widget-text-editor\" data-id=\"ae9cc0d\" data-element_type=\"widget\" data-e-type=\"widget\" data-widget_type=\"text-editor.default\">\n\t\t\t\t<div class=\"elementor-widget-container\">\n\t\t\t\t\t\t\t\t\t<p><strong>Conseils pour l'ex\u00e9cution d'une campagne construite autour d'un fonds \u00e0 long terme<\/strong><\/p><p>Les campagnes de lev\u00e9e de fonds tirer partie de dons majeurs de plusieurs mani\u00e8res. L\u2019une des strat\u00e9gies les plus efficaces consiste \u00e0 \u00e9mettre des d\u00e9fis de \u2018contrepartie\u2019, o\u00f9 l\u2019un des principaux donneurs promet de faire correspondre les fonds recueillis, g\u00e9n\u00e9ralement jusqu\u2019\u00e0 un montant sp\u00e9cifi\u00e9 et dans un certain d\u00e9lai. L'organisme artistique peut alors mobiliser sa base de petits donneurs en leur disant que leurs dons seront doubl\u00e9s si elles contribuent avant une certaine date. Certains organismes artistiques ont tripl\u00e9 un don original en s'appuyant sur cette strat\u00e9gie : c'est \u00e0 dire en incluant une large subvention du gouvernement dans l'\u00e9quation avec le large don priv\u00e9, ou en trouvant un autre donneur priv\u00e9 ou deux pour \u00e9galer le don initial si l'organisation r\u00e9ussit dans sa campagne avec les plus petits donneurs.<\/p><p>Cette strat\u00e9gie de collecte de fonds est une excellente approche pour la construction d'un avenir financi\u00e8rement s\u00fbr tout en prenant soin des besoins de fonctionnement imm\u00e9diats et de la programmation. Le don original peut \u00eatre d\u00e9tenu dans un fonds \u00e0 long terme, et les fonds de contrepartie utilis\u00e9s pour un usage imm\u00e9diat. Les organismes artistiques trouvent souvent que cette approche leur permet d'attirer le type de donneur qui est int\u00e9ress\u00e9 par la construction d'un h\u00e9ritage dans le monde des arts et adopte une approche strat\u00e9gique pour le d\u00e9ploiement de leur capital philanthropique.<\/p>\t\t\t\t\t\t\t\t<\/div>\n\t\t\t\t<\/div>\n\t\t\t\t\t<\/div>\n\t\t<\/div>\n\t\t\t\t\t<\/div>\n\t\t<\/section>\n\t\t\t\t<\/div>","protected":false},"excerpt":{"rendered":"<p>Long-Term Fund:\u00a0 Matching Campaign\u00a0 \u00a0 \u00a0 Tips for running a campaign built around a long term fund Fundraising campaigns can leverage major gifts in several ways. One of the most successful strategies is to issue \u2018matching \u2018 challenges, where a key donor promises to match funds raised, usually to a specified level and within a [&hellip;]<\/p>\n","protected":false},"author":1,"featured_media":0,"parent":2224,"menu_order":0,"comment_status":"closed","ping_status":"closed","template":"","meta":{"_acf_changed":false,"give_campaign_id":0,"nf_dc_page":"","site-sidebar-layout":"no-sidebar","site-content-layout":"page-builder","ast-site-content-layout":"default","site-content-style":"default","site-sidebar-style":"default","ast-global-header-display":"","ast-banner-title-visibility":"","ast-main-header-display":"","ast-hfb-above-header-display":"","ast-hfb-below-header-display":"","ast-hfb-mobile-header-display":"","site-post-title":"disabled","ast-breadcrumbs-content":"","ast-featured-img":"disabled","footer-sml-layout":"","ast-disable-related-posts":"","theme-transparent-header-meta":"","adv-header-id-meta":"","stick-header-meta":"","header-above-stick-meta":"","header-main-stick-meta":"","header-below-stick-meta":"","astra-migrate-meta-layouts":"default","ast-page-background-enabled":"default","ast-page-background-meta":{"desktop":{"background-color":"","background-image":"","background-repeat":"repeat","background-position":"center center","background-size":"auto","background-attachment":"scroll","background-type":"","background-media":"","overlay-type":"","overlay-color":"","overlay-opacity":"","overlay-gradient":""},"tablet":{"background-color":"","background-image":"","background-repeat":"repeat","background-position":"center center","background-size":"auto","background-attachment":"scroll","background-type":"","background-media":"","overlay-type":"","overlay-color":"","overlay-opacity":"","overlay-gradient":""},"mobile":{"background-color":"","background-image":"","background-repeat":"repeat","background-position":"center center","background-size":"auto","background-attachment":"scroll","background-type":"","background-media":"","overlay-type":"","overlay-color":"","overlay-opacity":"","overlay-gradient":""}},"ast-content-background-meta":{"desktop":{"background-color":"var(--ast-global-color-5)","background-image":"","background-repeat":"repeat","background-position":"center center","background-size":"auto","background-attachment":"scroll","background-type":"","background-media":"","overlay-type":"","overlay-color":"","overlay-opacity":"","overlay-gradient":""},"tablet":{"background-color":"var(--ast-global-color-5)","background-image":"","background-repeat":"repeat","background-position":"center center","background-size":"auto","background-attachment":"scroll","background-type":"","background-media":"","overlay-type":"","overlay-color":"","overlay-opacity":"","overlay-gradient":""},"mobile":{"background-color":"var(--ast-global-color-5)","background-image":"","background-repeat":"repeat","background-position":"center center","background-size":"auto","background-attachment":"scroll","background-type":"","background-media":"","overlay-type":"","overlay-color":"","overlay-opacity":"","overlay-gradient":""}},"footnotes":""},"class_list":["post-5427","page","type-page","status-publish","hentry"],"acf":[],"yoast_head":"<!-- This site is optimized with the Yoast SEO plugin v27.4 - https:\/\/yoast.com\/product\/yoast-seo-wordpress\/ -->\n<title>Long-Term Fund:\u00a0 Matching Campaign\u00a0 \u00a0 \u00a0 - Ontario Arts Foundation<\/title>\n<meta name=\"description\" content=\"Long-Term Fund:\u00a0 Matching Campaign\u00a0 \u00a0 \u00a0 Ontario Arts Foundation\" \/>\n<meta name=\"robots\" content=\"index, follow, max-snippet:-1, max-image-preview:large, max-video-preview:-1\" \/>\n<link rel=\"canonical\" href=\"https:\/\/oafdn.ca\/fr\/programs\/education-suite\/long-term-fund-matching-campaign\/\" \/>\n<meta property=\"og:locale\" content=\"fr_CA\" \/>\n<meta property=\"og:type\" content=\"article\" \/>\n<meta property=\"og:title\" content=\"Long-Term Fund:\u00a0 Matching Campaign\u00a0 \u00a0 \u00a0 - Ontario Arts Foundation\" \/>\n<meta property=\"og:description\" content=\"Long-Term Fund:\u00a0 Matching Campaign\u00a0 \u00a0 \u00a0 Ontario Arts Foundation\" \/>\n<meta property=\"og:url\" content=\"https:\/\/oafdn.ca\/fr\/programs\/education-suite\/long-term-fund-matching-campaign\/\" \/>\n<meta property=\"og:site_name\" content=\"Ontario Arts Foundation\" \/>\n<meta property=\"article:publisher\" content=\"https:\/\/www.facebook.com\/OntarioArtsFoundation\/\" \/>\n<meta property=\"article:modified_time\" content=\"2022-02-13T03:18:01+00:00\" \/>\n<meta name=\"twitter:card\" content=\"summary_large_image\" \/>\n<meta name=\"twitter:site\" content=\"@OntarioArtsFdn\" \/>\n<meta name=\"twitter:label1\" content=\"Estimation du temps de lecture\" \/>\n\t<meta name=\"twitter:data1\" content=\"1 minute\" \/>\n<script type=\"application\/ld+json\" class=\"yoast-schema-graph\">{\"@context\":\"https:\\\/\\\/schema.org\",\"@graph\":[{\"@type\":\"WebPage\",\"@id\":\"https:\\\/\\\/oafdn.ca\\\/programs\\\/education-suite\\\/long-term-fund-matching-campaign\\\/\",\"url\":\"https:\\\/\\\/oafdn.ca\\\/programs\\\/education-suite\\\/long-term-fund-matching-campaign\\\/\",\"name\":\"Long-Term Fund:\u00a0 Matching Campaign\u00a0 \u00a0 \u00a0 - Ontario Arts Foundation\",\"isPartOf\":{\"@id\":\"https:\\\/\\\/oafdn.ca\\\/#website\"},\"datePublished\":\"2022-02-13T03:15:25+00:00\",\"dateModified\":\"2022-02-13T03:18:01+00:00\",\"description\":\"Long-Term Fund:\u00a0 Matching Campaign\u00a0 \u00a0 \u00a0 Ontario Arts Foundation\",\"breadcrumb\":{\"@id\":\"https:\\\/\\\/oafdn.ca\\\/programs\\\/education-suite\\\/long-term-fund-matching-campaign\\\/#breadcrumb\"},\"inLanguage\":\"fr-CA\",\"potentialAction\":[{\"@type\":\"ReadAction\",\"target\":[\"https:\\\/\\\/oafdn.ca\\\/programs\\\/education-suite\\\/long-term-fund-matching-campaign\\\/\"]}]},{\"@type\":\"BreadcrumbList\",\"@id\":\"https:\\\/\\\/oafdn.ca\\\/programs\\\/education-suite\\\/long-term-fund-matching-campaign\\\/#breadcrumb\",\"itemListElement\":[{\"@type\":\"ListItem\",\"position\":1,\"name\":\"Home\",\"item\":\"https:\\\/\\\/oafdn.ca\\\/\"},{\"@type\":\"ListItem\",\"position\":2,\"name\":\"Programs\",\"item\":\"https:\\\/\\\/oafdn.ca\\\/programs\\\/\"},{\"@type\":\"ListItem\",\"position\":3,\"name\":\"Education Suite\",\"item\":\"https:\\\/\\\/oafdn.ca\\\/programs\\\/education-suite\\\/\"},{\"@type\":\"ListItem\",\"position\":4,\"name\":\"Long-Term Fund:\u00a0 Matching Campaign\u00a0 \u00a0 \u00a0\"}]},{\"@type\":\"WebSite\",\"@id\":\"https:\\\/\\\/oafdn.ca\\\/#website\",\"url\":\"https:\\\/\\\/oafdn.ca\\\/\",\"name\":\"Ontario Arts Foundation\",\"description\":\"The Ontario Arts Foundation is a non-governmental not for profit organization established in 1991 under the Ontario Corporations Act to encourage and facilitate private giving to the arts in Ontario, Canada.\",\"publisher\":{\"@id\":\"https:\\\/\\\/oafdn.ca\\\/#organization\"},\"potentialAction\":[{\"@type\":\"SearchAction\",\"target\":{\"@type\":\"EntryPoint\",\"urlTemplate\":\"https:\\\/\\\/oafdn.ca\\\/?s={search_term_string}\"},\"query-input\":{\"@type\":\"PropertyValueSpecification\",\"valueRequired\":true,\"valueName\":\"search_term_string\"}}],\"inLanguage\":\"fr-CA\"},{\"@type\":\"Organization\",\"@id\":\"https:\\\/\\\/oafdn.ca\\\/#organization\",\"name\":\"Ontario Arts Foundation\",\"url\":\"https:\\\/\\\/oafdn.ca\\\/\",\"logo\":{\"@type\":\"ImageObject\",\"inLanguage\":\"fr-CA\",\"@id\":\"https:\\\/\\\/oafdn.ca\\\/#\\\/schema\\\/logo\\\/image\\\/\",\"url\":\"https:\\\/\\\/oafdn.ca\\\/wp-content\\\/uploads\\\/2022\\\/02\\\/logo1-1.png\",\"contentUrl\":\"https:\\\/\\\/oafdn.ca\\\/wp-content\\\/uploads\\\/2022\\\/02\\\/logo1-1.png\",\"width\":1761,\"height\":487,\"caption\":\"Ontario Arts Foundation\"},\"image\":{\"@id\":\"https:\\\/\\\/oafdn.ca\\\/#\\\/schema\\\/logo\\\/image\\\/\"},\"sameAs\":[\"https:\\\/\\\/www.facebook.com\\\/OntarioArtsFoundation\\\/\",\"https:\\\/\\\/x.com\\\/OntarioArtsFdn\"]}]}<\/script>\n<!-- \/ Yoast SEO plugin. -->","yoast_head_json":{"title":"Long-Term Fund:\u00a0 Matching Campaign\u00a0 \u00a0 \u00a0 - Ontario Arts Foundation","description":"Long-Term Fund:\u00a0 Matching Campaign\u00a0 \u00a0 \u00a0 Ontario Arts Foundation","robots":{"index":"index","follow":"follow","max-snippet":"max-snippet:-1","max-image-preview":"max-image-preview:large","max-video-preview":"max-video-preview:-1"},"canonical":"https:\/\/oafdn.ca\/fr\/programs\/education-suite\/long-term-fund-matching-campaign\/","og_locale":"fr_CA","og_type":"article","og_title":"Long-Term Fund:\u00a0 Matching Campaign\u00a0 \u00a0 \u00a0 - Ontario Arts Foundation","og_description":"Long-Term Fund:\u00a0 Matching Campaign\u00a0 \u00a0 \u00a0 Ontario Arts Foundation","og_url":"https:\/\/oafdn.ca\/fr\/programs\/education-suite\/long-term-fund-matching-campaign\/","og_site_name":"Ontario Arts Foundation","article_publisher":"https:\/\/www.facebook.com\/OntarioArtsFoundation\/","article_modified_time":"2022-02-13T03:18:01+00:00","twitter_card":"summary_large_image","twitter_site":"@OntarioArtsFdn","twitter_misc":{"Estimation du temps de lecture":"1 minute"},"schema":{"@context":"https:\/\/schema.org","@graph":[{"@type":"WebPage","@id":"https:\/\/oafdn.ca\/programs\/education-suite\/long-term-fund-matching-campaign\/","url":"https:\/\/oafdn.ca\/programs\/education-suite\/long-term-fund-matching-campaign\/","name":"Long-Term Fund:\u00a0 Matching Campaign\u00a0 \u00a0 \u00a0 - Ontario Arts Foundation","isPartOf":{"@id":"https:\/\/oafdn.ca\/#website"},"datePublished":"2022-02-13T03:15:25+00:00","dateModified":"2022-02-13T03:18:01+00:00","description":"Long-Term Fund:\u00a0 Matching Campaign\u00a0 \u00a0 \u00a0 Ontario Arts Foundation","breadcrumb":{"@id":"https:\/\/oafdn.ca\/programs\/education-suite\/long-term-fund-matching-campaign\/#breadcrumb"},"inLanguage":"fr-CA","potentialAction":[{"@type":"ReadAction","target":["https:\/\/oafdn.ca\/programs\/education-suite\/long-term-fund-matching-campaign\/"]}]},{"@type":"BreadcrumbList","@id":"https:\/\/oafdn.ca\/programs\/education-suite\/long-term-fund-matching-campaign\/#breadcrumb","itemListElement":[{"@type":"ListItem","position":1,"name":"Home","item":"https:\/\/oafdn.ca\/"},{"@type":"ListItem","position":2,"name":"Programs","item":"https:\/\/oafdn.ca\/programs\/"},{"@type":"ListItem","position":3,"name":"Education Suite","item":"https:\/\/oafdn.ca\/programs\/education-suite\/"},{"@type":"ListItem","position":4,"name":"Long-Term Fund:\u00a0 Matching Campaign\u00a0 \u00a0 \u00a0"}]},{"@type":"WebSite","@id":"https:\/\/oafdn.ca\/#website","url":"https:\/\/oafdn.ca\/","name":"Fondation des arts de l'Ontario","description":"The Ontario Arts Foundation is a non-governmental not for profit organization established in 1991 under the Ontario Corporations Act to encourage and facilitate private giving to the arts in Ontario, Canada.","publisher":{"@id":"https:\/\/oafdn.ca\/#organization"},"potentialAction":[{"@type":"SearchAction","target":{"@type":"EntryPoint","urlTemplate":"https:\/\/oafdn.ca\/?s={search_term_string}"},"query-input":{"@type":"PropertyValueSpecification","valueRequired":true,"valueName":"search_term_string"}}],"inLanguage":"fr-CA"},{"@type":"Organization","@id":"https:\/\/oafdn.ca\/#organization","name":"Fondation des arts de l'Ontario","url":"https:\/\/oafdn.ca\/","logo":{"@type":"ImageObject","inLanguage":"fr-CA","@id":"https:\/\/oafdn.ca\/#\/schema\/logo\/image\/","url":"https:\/\/oafdn.ca\/wp-content\/uploads\/2022\/02\/logo1-1.png","contentUrl":"https:\/\/oafdn.ca\/wp-content\/uploads\/2022\/02\/logo1-1.png","width":1761,"height":487,"caption":"Ontario Arts Foundation"},"image":{"@id":"https:\/\/oafdn.ca\/#\/schema\/logo\/image\/"},"sameAs":["https:\/\/www.facebook.com\/OntarioArtsFoundation\/","https:\/\/x.com\/OntarioArtsFdn"]}]}},"campaignId":"","_links":{"self":[{"href":"https:\/\/oafdn.ca\/fr\/wp-json\/wp\/v2\/pages\/5427","targetHints":{"allow":["GET"]}}],"collection":[{"href":"https:\/\/oafdn.ca\/fr\/wp-json\/wp\/v2\/pages"}],"about":[{"href":"https:\/\/oafdn.ca\/fr\/wp-json\/wp\/v2\/types\/page"}],"author":[{"embeddable":true,"href":"https:\/\/oafdn.ca\/fr\/wp-json\/wp\/v2\/users\/1"}],"replies":[{"embeddable":true,"href":"https:\/\/oafdn.ca\/fr\/wp-json\/wp\/v2\/comments?post=5427"}],"version-history":[{"count":7,"href":"https:\/\/oafdn.ca\/fr\/wp-json\/wp\/v2\/pages\/5427\/revisions"}],"predecessor-version":[{"id":5437,"href":"https:\/\/oafdn.ca\/fr\/wp-json\/wp\/v2\/pages\/5427\/revisions\/5437"}],"up":[{"embeddable":true,"href":"https:\/\/oafdn.ca\/fr\/wp-json\/wp\/v2\/pages\/2224"}],"wp:attachment":[{"href":"https:\/\/oafdn.ca\/fr\/wp-json\/wp\/v2\/media?parent=5427"}],"curies":[{"name":"wp","href":"https:\/\/api.w.org\/{rel}","templated":true}]}}