{"id":5415,"date":"2022-02-13T03:12:28","date_gmt":"2022-02-13T03:12:28","guid":{"rendered":"https:\/\/oafdn.ca\/?page_id=5415"},"modified":"2023-02-13T05:12:39","modified_gmt":"2023-02-13T05:12:39","slug":"long-term-fund-all-long-term-funds-are-not-created-equal","status":"publish","type":"page","link":"https:\/\/oafdn.ca\/fr\/programs\/education-suite\/long-term-fund-all-long-term-funds-are-not-created-equal\/","title":{"rendered":"Fonds \u00e0 long terme:  Tous les fonds \u00e0 long terme ne sont pas cr\u00e9\u00e9s \u00e9gaux"},"content":{"rendered":"<div data-elementor-type=\"wp-page\" data-elementor-id=\"5415\" class=\"elementor elementor-5415\" wpc-filter-elementor-widget=\"1\">\n\t\t\t\t\t\t<section class=\"elementor-section elementor-top-section elementor-element elementor-element-2eb3c57 elementor-section-boxed elementor-section-height-default elementor-section-height-default\" data-id=\"2eb3c57\" data-element_type=\"section\" data-e-type=\"section\">\n\t\t\t\t\t\t<div class=\"elementor-container elementor-column-gap-default\">\n\t\t\t\t\t<div class=\"elementor-column elementor-col-100 elementor-top-column elementor-element elementor-element-7598ce4\" data-id=\"7598ce4\" data-element_type=\"column\" data-e-type=\"column\">\n\t\t\t<div class=\"elementor-widget-wrap elementor-element-populated\">\n\t\t\t\t\t\t<div class=\"elementor-element elementor-element-2562c2f elementor-widget elementor-widget-heading\" data-id=\"2562c2f\" data-element_type=\"widget\" data-e-type=\"widget\" data-widget_type=\"heading.default\">\n\t\t\t\t<div class=\"elementor-widget-container\">\n\t\t\t\t\t<h4 class=\"elementor-heading-title elementor-size-medium\">Fonds \u00e0 long terme:  Tous les fonds \u00e0 long terme ne sont pas cr\u00e9\u00e9s \u00e9gaux<\/h4>\t\t\t\t<\/div>\n\t\t\t\t<\/div>\n\t\t\t\t<div class=\"elementor-element elementor-element-d51b90d elementor-widget-divider--view-line elementor-widget elementor-widget-divider\" data-id=\"d51b90d\" data-element_type=\"widget\" data-e-type=\"widget\" data-widget_type=\"divider.default\">\n\t\t\t\t<div class=\"elementor-widget-container\">\n\t\t\t\t\t\t\t<div class=\"elementor-divider\">\n\t\t\t<span class=\"elementor-divider-separator\">\n\t\t\t\t\t\t<\/span>\n\t\t<\/div>\n\t\t\t\t\t\t<\/div>\n\t\t\t\t<\/div>\n\t\t\t\t<div class=\"elementor-element elementor-element-45a1e74 elementor-widget elementor-widget-text-editor\" data-id=\"45a1e74\" data-element_type=\"widget\" data-e-type=\"widget\" data-widget_type=\"text-editor.default\">\n\t\t\t\t<div class=\"elementor-widget-container\">\n\t\t\t\t\t\t\t\t\t<p><strong>Tous les fonds \u00e0 long terme ne sont pas cr\u00e9\u00e9s \u00e9gaux<\/strong><\/p><p><span class=\"plain_grey\">Etant donn\u00e9 que les fonds \u00e0 long terme peuvent \u00eatre mis en place de diff\u00e9rentes fa\u00e7ons et avec divers degr\u00e9s de flexibilit\u00e9 pour s'adapter \u00e0 des circonstances impr\u00e9vues, il est n\u00e9cessaire de r\u00e9fl\u00e9chir aux d\u00e9tails avec beaucoup d\u2019attention.<\/span><\/p><p><strong>Types de fonds de dotation<\/strong><\/p><p class=\"translation-block\">Fonds \u00e0 capital restreint : Dans ce type de fonds, le capital est d\u00e9tenu \u00e0 perp\u00e9tuit\u00e9 et le seul paiement autoris\u00e9 est le revenu, d\u00e9fini par la l\u00e9gislation fiscale sur les int\u00e9r\u00eats, les dividendes et les gains nets de capital, tant qu'il satisfait le contingent des versements de bienfaisance \u00e9tabli par l'Agence du revenu du Canada.<\/p><p class=\"translation-block\">Fonds capital : Bien que le capital de ce fonds soit d\u00e9tenu \u00e0 perp\u00e9tuit\u00e9, les revenus et\/ou le capital peuvent \u00eatre vers\u00e9s aux organismes artistiques, \u00e0 la discr\u00e9tion des fiduciaires\/conseil d\u2019administration de la fondation. Ces paiements sont g\u00e9n\u00e9ralement \u00e9tablis en fonction des r\u00e9sultats de placement \u00e0 long terme, et une partie du revenu peut \u00eatre conserv\u00e9 pour prot\u00e9ger la valeur du capital contre l'inflation.<\/p><p class=\"translation-block\">Fonds orient\u00e9 par le donneur : Ce fonds est d\u00e9tenu par le fiduciaire et le capital \/ revenu est vers\u00e9 selon les directives du donneur du fonds. Le donneur peut choisir de prendre cette d\u00e9cision sur une base annuelle ou donner la discr\u00e9tion au fiduciaire, encadr\u00e9 par certaines lignes directrices.<\/p><p class=\"translation-block\">Prix\/bourse : Ce fonds est d\u00e9tenu \u00e0 perp\u00e9tuit\u00e9, avec le revenu utilis\u00e9 pour financer des prix et des bourses sp\u00e9cifiques pour m\u00e9rite artistique, la performance, ou le soutien pour l\u2019\u00e9ducation en arts. Le fonds peut \u00eatre structur\u00e9 de telle sorte qu'un montant sp\u00e9cifique est disponible chaque ann\u00e9e.<\/p><p class=\"translation-block\">Fonds capital \u00e0 dur\u00e9e d\u00e9termin\u00e9e : Ce fonds est \u00e9tabli et le capital investi, comme d'habitude. Toutefois, dans ce cas, le revenu et le capital sont tous deux d\u00e9di\u00e9s \u00e0 \u00eatre enti\u00e8rement vers\u00e9s sur un nombre d'ann\u00e9es d\u00e9termin\u00e9 - disons 10 ou 20 ans, ou pendant la dur\u00e9e de vie du donneur.<\/p><p class=\"translation-block\">Champs d\u2019int\u00e9r\u00eat : Un fonds \u00e0 long terme est \u00e9tabli afin de fournir un soutien \u00e0 une discipline artistique, c'est \u00e0 dire, la musique, danse, th\u00e9\u00e2tre, arts visuels, et non \u00e0 un organisme artistique sp\u00e9cifique. Le donneur peut choisir de soutenir un \u00e9ventail d'organismes artistiques et fournira au fiduciaire du fonds les lignes directrices sur qui sont ces organismes ou comment identifier les b\u00e9n\u00e9ficiaires artistiques potentiels.<\/p>\t\t\t\t\t\t\t\t<\/div>\n\t\t\t\t<\/div>\n\t\t\t\t\t<\/div>\n\t\t<\/div>\n\t\t\t\t\t<\/div>\n\t\t<\/section>\n\t\t\t\t<\/div>","protected":false},"excerpt":{"rendered":"<p>Long-Term Fund:\u00a0 All long-term funds are not created equal All long-term funds are not created equal Because long-term funds can be set up in various ways and have varying degrees of flexibility to adapt to unforeseen circumstances, it\u2019s necessary to think through the details very carefully. Types of Endowment Funds Capital Restricted Fund: \u00a0In this [&hellip;]<\/p>\n","protected":false},"author":1,"featured_media":0,"parent":2224,"menu_order":0,"comment_status":"closed","ping_status":"closed","template":"","meta":{"_acf_changed":false,"give_campaign_id":0,"nf_dc_page":"","site-sidebar-layout":"no-sidebar","site-content-layout":"page-builder","ast-site-content-layout":"default","site-content-style":"default","site-sidebar-style":"default","ast-global-header-display":"","ast-banner-title-visibility":"","ast-main-header-display":"","ast-hfb-above-header-display":"","ast-hfb-below-header-display":"","ast-hfb-mobile-header-display":"","site-post-title":"disabled","ast-breadcrumbs-content":"","ast-featured-img":"disabled","footer-sml-layout":"","ast-disable-related-posts":"","theme-transparent-header-meta":"","adv-header-id-meta":"","stick-header-meta":"","header-above-stick-meta":"","header-main-stick-meta":"","header-below-stick-meta":"","astra-migrate-meta-layouts":"default","ast-page-background-enabled":"default","ast-page-background-meta":{"desktop":{"background-color":"","background-image":"","background-repeat":"repeat","background-position":"center center","background-size":"auto","background-attachment":"scroll","background-type":"","background-media":"","overlay-type":"","overlay-color":"","overlay-opacity":"","overlay-gradient":""},"tablet":{"background-color":"","background-image":"","background-repeat":"repeat","background-position":"center center","background-size":"auto","background-attachment":"scroll","background-type":"","background-media":"","overlay-type":"","overlay-color":"","overlay-opacity":"","overlay-gradient":""},"mobile":{"background-color":"","background-image":"","background-repeat":"repeat","background-position":"center center","background-size":"auto","background-attachment":"scroll","background-type":"","background-media":"","overlay-type":"","overlay-color":"","overlay-opacity":"","overlay-gradient":""}},"ast-content-background-meta":{"desktop":{"background-color":"var(--ast-global-color-5)","background-image":"","background-repeat":"repeat","background-position":"center center","background-size":"auto","background-attachment":"scroll","background-type":"","background-media":"","overlay-type":"","overlay-color":"","overlay-opacity":"","overlay-gradient":""},"tablet":{"background-color":"var(--ast-global-color-5)","background-image":"","background-repeat":"repeat","background-position":"center center","background-size":"auto","background-attachment":"scroll","background-type":"","background-media":"","overlay-type":"","overlay-color":"","overlay-opacity":"","overlay-gradient":""},"mobile":{"background-color":"var(--ast-global-color-5)","background-image":"","background-repeat":"repeat","background-position":"center center","background-size":"auto","background-attachment":"scroll","background-type":"","background-media":"","overlay-type":"","overlay-color":"","overlay-opacity":"","overlay-gradient":""}},"footnotes":""},"class_list":["post-5415","page","type-page","status-publish","hentry"],"acf":[],"yoast_head":"<!-- This site is optimized with the Yoast SEO plugin v27.4 - https:\/\/yoast.com\/product\/yoast-seo-wordpress\/ -->\n<title>Long-Term Fund:\u00a0 All long-term funds are not created equal - Ontario Arts Foundation<\/title>\n<meta name=\"description\" content=\"Long-Term Fund:\u00a0 All long-term funds are not created equal Ontario Arts Foundation\" \/>\n<meta name=\"robots\" content=\"index, follow, max-snippet:-1, max-image-preview:large, max-video-preview:-1\" \/>\n<link rel=\"canonical\" href=\"https:\/\/oafdn.ca\/fr\/programs\/education-suite\/long-term-fund-all-long-term-funds-are-not-created-equal\/\" \/>\n<meta property=\"og:locale\" content=\"fr_CA\" \/>\n<meta property=\"og:type\" content=\"article\" \/>\n<meta property=\"og:title\" content=\"Long-Term Fund:\u00a0 All long-term funds are not created equal - Ontario Arts Foundation\" \/>\n<meta property=\"og:description\" content=\"Long-Term Fund:\u00a0 All long-term funds are not created equal Ontario Arts Foundation\" \/>\n<meta property=\"og:url\" content=\"https:\/\/oafdn.ca\/fr\/programs\/education-suite\/long-term-fund-all-long-term-funds-are-not-created-equal\/\" \/>\n<meta property=\"og:site_name\" content=\"Ontario Arts Foundation\" \/>\n<meta property=\"article:publisher\" content=\"https:\/\/www.facebook.com\/OntarioArtsFoundation\/\" \/>\n<meta property=\"article:modified_time\" content=\"2023-02-13T05:12:39+00:00\" \/>\n<meta name=\"twitter:card\" content=\"summary_large_image\" \/>\n<meta name=\"twitter:site\" content=\"@OntarioArtsFdn\" \/>\n<meta name=\"twitter:label1\" content=\"Estimation du temps de lecture\" \/>\n\t<meta name=\"twitter:data1\" content=\"2 minutes\" \/>\n<script type=\"application\/ld+json\" class=\"yoast-schema-graph\">{\"@context\":\"https:\\\/\\\/schema.org\",\"@graph\":[{\"@type\":\"WebPage\",\"@id\":\"https:\\\/\\\/oafdn.ca\\\/programs\\\/education-suite\\\/long-term-fund-all-long-term-funds-are-not-created-equal\\\/\",\"url\":\"https:\\\/\\\/oafdn.ca\\\/programs\\\/education-suite\\\/long-term-fund-all-long-term-funds-are-not-created-equal\\\/\",\"name\":\"Long-Term Fund:\u00a0 All long-term funds are not created equal - Ontario Arts Foundation\",\"isPartOf\":{\"@id\":\"https:\\\/\\\/oafdn.ca\\\/#website\"},\"datePublished\":\"2022-02-13T03:12:28+00:00\",\"dateModified\":\"2023-02-13T05:12:39+00:00\",\"description\":\"Long-Term Fund:\u00a0 All long-term funds are not created equal Ontario Arts Foundation\",\"breadcrumb\":{\"@id\":\"https:\\\/\\\/oafdn.ca\\\/programs\\\/education-suite\\\/long-term-fund-all-long-term-funds-are-not-created-equal\\\/#breadcrumb\"},\"inLanguage\":\"fr-CA\",\"potentialAction\":[{\"@type\":\"ReadAction\",\"target\":[\"https:\\\/\\\/oafdn.ca\\\/programs\\\/education-suite\\\/long-term-fund-all-long-term-funds-are-not-created-equal\\\/\"]}]},{\"@type\":\"BreadcrumbList\",\"@id\":\"https:\\\/\\\/oafdn.ca\\\/programs\\\/education-suite\\\/long-term-fund-all-long-term-funds-are-not-created-equal\\\/#breadcrumb\",\"itemListElement\":[{\"@type\":\"ListItem\",\"position\":1,\"name\":\"Home\",\"item\":\"https:\\\/\\\/oafdn.ca\\\/\"},{\"@type\":\"ListItem\",\"position\":2,\"name\":\"Programs\",\"item\":\"https:\\\/\\\/oafdn.ca\\\/programs\\\/\"},{\"@type\":\"ListItem\",\"position\":3,\"name\":\"Education Suite\",\"item\":\"https:\\\/\\\/oafdn.ca\\\/programs\\\/education-suite\\\/\"},{\"@type\":\"ListItem\",\"position\":4,\"name\":\"Long-Term Fund:\u00a0 All long-term funds are not created equal\"}]},{\"@type\":\"WebSite\",\"@id\":\"https:\\\/\\\/oafdn.ca\\\/#website\",\"url\":\"https:\\\/\\\/oafdn.ca\\\/\",\"name\":\"Ontario Arts Foundation\",\"description\":\"The Ontario Arts Foundation is a non-governmental not for profit organization established in 1991 under the Ontario Corporations Act to encourage and facilitate private giving to the arts in Ontario, Canada.\",\"publisher\":{\"@id\":\"https:\\\/\\\/oafdn.ca\\\/#organization\"},\"potentialAction\":[{\"@type\":\"SearchAction\",\"target\":{\"@type\":\"EntryPoint\",\"urlTemplate\":\"https:\\\/\\\/oafdn.ca\\\/?s={search_term_string}\"},\"query-input\":{\"@type\":\"PropertyValueSpecification\",\"valueRequired\":true,\"valueName\":\"search_term_string\"}}],\"inLanguage\":\"fr-CA\"},{\"@type\":\"Organization\",\"@id\":\"https:\\\/\\\/oafdn.ca\\\/#organization\",\"name\":\"Ontario Arts Foundation\",\"url\":\"https:\\\/\\\/oafdn.ca\\\/\",\"logo\":{\"@type\":\"ImageObject\",\"inLanguage\":\"fr-CA\",\"@id\":\"https:\\\/\\\/oafdn.ca\\\/#\\\/schema\\\/logo\\\/image\\\/\",\"url\":\"https:\\\/\\\/oafdn.ca\\\/wp-content\\\/uploads\\\/2022\\\/02\\\/logo1-1.png\",\"contentUrl\":\"https:\\\/\\\/oafdn.ca\\\/wp-content\\\/uploads\\\/2022\\\/02\\\/logo1-1.png\",\"width\":1761,\"height\":487,\"caption\":\"Ontario Arts Foundation\"},\"image\":{\"@id\":\"https:\\\/\\\/oafdn.ca\\\/#\\\/schema\\\/logo\\\/image\\\/\"},\"sameAs\":[\"https:\\\/\\\/www.facebook.com\\\/OntarioArtsFoundation\\\/\",\"https:\\\/\\\/x.com\\\/OntarioArtsFdn\"]}]}<\/script>\n<!-- \/ Yoast SEO plugin. -->","yoast_head_json":{"title":"Long-Term Fund:\u00a0 All long-term funds are not created equal - Ontario Arts Foundation","description":"Long-Term Fund:\u00a0 All long-term funds are not created equal Ontario Arts Foundation","robots":{"index":"index","follow":"follow","max-snippet":"max-snippet:-1","max-image-preview":"max-image-preview:large","max-video-preview":"max-video-preview:-1"},"canonical":"https:\/\/oafdn.ca\/fr\/programs\/education-suite\/long-term-fund-all-long-term-funds-are-not-created-equal\/","og_locale":"fr_CA","og_type":"article","og_title":"Long-Term Fund:\u00a0 All long-term funds are not created equal - Ontario Arts Foundation","og_description":"Long-Term Fund:\u00a0 All long-term funds are not created equal Ontario Arts Foundation","og_url":"https:\/\/oafdn.ca\/fr\/programs\/education-suite\/long-term-fund-all-long-term-funds-are-not-created-equal\/","og_site_name":"Ontario Arts Foundation","article_publisher":"https:\/\/www.facebook.com\/OntarioArtsFoundation\/","article_modified_time":"2023-02-13T05:12:39+00:00","twitter_card":"summary_large_image","twitter_site":"@OntarioArtsFdn","twitter_misc":{"Estimation du temps de lecture":"2 minutes"},"schema":{"@context":"https:\/\/schema.org","@graph":[{"@type":"WebPage","@id":"https:\/\/oafdn.ca\/programs\/education-suite\/long-term-fund-all-long-term-funds-are-not-created-equal\/","url":"https:\/\/oafdn.ca\/programs\/education-suite\/long-term-fund-all-long-term-funds-are-not-created-equal\/","name":"Long-Term Fund:\u00a0 All long-term funds are not created equal - Ontario Arts Foundation","isPartOf":{"@id":"https:\/\/oafdn.ca\/#website"},"datePublished":"2022-02-13T03:12:28+00:00","dateModified":"2023-02-13T05:12:39+00:00","description":"Long-Term Fund:\u00a0 All long-term funds are not created equal Ontario Arts Foundation","breadcrumb":{"@id":"https:\/\/oafdn.ca\/programs\/education-suite\/long-term-fund-all-long-term-funds-are-not-created-equal\/#breadcrumb"},"inLanguage":"fr-CA","potentialAction":[{"@type":"ReadAction","target":["https:\/\/oafdn.ca\/programs\/education-suite\/long-term-fund-all-long-term-funds-are-not-created-equal\/"]}]},{"@type":"BreadcrumbList","@id":"https:\/\/oafdn.ca\/programs\/education-suite\/long-term-fund-all-long-term-funds-are-not-created-equal\/#breadcrumb","itemListElement":[{"@type":"ListItem","position":1,"name":"Home","item":"https:\/\/oafdn.ca\/"},{"@type":"ListItem","position":2,"name":"Programs","item":"https:\/\/oafdn.ca\/programs\/"},{"@type":"ListItem","position":3,"name":"Education Suite","item":"https:\/\/oafdn.ca\/programs\/education-suite\/"},{"@type":"ListItem","position":4,"name":"Long-Term Fund:\u00a0 All long-term funds are not created equal"}]},{"@type":"WebSite","@id":"https:\/\/oafdn.ca\/#website","url":"https:\/\/oafdn.ca\/","name":"Fondation des arts de l'Ontario","description":"The Ontario Arts Foundation is a non-governmental not for profit organization established in 1991 under the Ontario Corporations Act to encourage and facilitate private giving to the arts in Ontario, Canada.","publisher":{"@id":"https:\/\/oafdn.ca\/#organization"},"potentialAction":[{"@type":"SearchAction","target":{"@type":"EntryPoint","urlTemplate":"https:\/\/oafdn.ca\/?s={search_term_string}"},"query-input":{"@type":"PropertyValueSpecification","valueRequired":true,"valueName":"search_term_string"}}],"inLanguage":"fr-CA"},{"@type":"Organization","@id":"https:\/\/oafdn.ca\/#organization","name":"Fondation des arts de l'Ontario","url":"https:\/\/oafdn.ca\/","logo":{"@type":"ImageObject","inLanguage":"fr-CA","@id":"https:\/\/oafdn.ca\/#\/schema\/logo\/image\/","url":"https:\/\/oafdn.ca\/wp-content\/uploads\/2022\/02\/logo1-1.png","contentUrl":"https:\/\/oafdn.ca\/wp-content\/uploads\/2022\/02\/logo1-1.png","width":1761,"height":487,"caption":"Ontario Arts Foundation"},"image":{"@id":"https:\/\/oafdn.ca\/#\/schema\/logo\/image\/"},"sameAs":["https:\/\/www.facebook.com\/OntarioArtsFoundation\/","https:\/\/x.com\/OntarioArtsFdn"]}]}},"campaignId":"","_links":{"self":[{"href":"https:\/\/oafdn.ca\/fr\/wp-json\/wp\/v2\/pages\/5415","targetHints":{"allow":["GET"]}}],"collection":[{"href":"https:\/\/oafdn.ca\/fr\/wp-json\/wp\/v2\/pages"}],"about":[{"href":"https:\/\/oafdn.ca\/fr\/wp-json\/wp\/v2\/types\/page"}],"author":[{"embeddable":true,"href":"https:\/\/oafdn.ca\/fr\/wp-json\/wp\/v2\/users\/1"}],"replies":[{"embeddable":true,"href":"https:\/\/oafdn.ca\/fr\/wp-json\/wp\/v2\/comments?post=5415"}],"version-history":[{"count":5,"href":"https:\/\/oafdn.ca\/fr\/wp-json\/wp\/v2\/pages\/5415\/revisions"}],"predecessor-version":[{"id":122694,"href":"https:\/\/oafdn.ca\/fr\/wp-json\/wp\/v2\/pages\/5415\/revisions\/122694"}],"up":[{"embeddable":true,"href":"https:\/\/oafdn.ca\/fr\/wp-json\/wp\/v2\/pages\/2224"}],"wp:attachment":[{"href":"https:\/\/oafdn.ca\/fr\/wp-json\/wp\/v2\/media?parent=5415"}],"curies":[{"name":"wp","href":"https:\/\/api.w.org\/{rel}","templated":true}]}}