{"id":5404,"date":"2022-02-13T03:08:56","date_gmt":"2022-02-13T03:08:56","guid":{"rendered":"https:\/\/oafdn.ca\/?page_id=5404"},"modified":"2022-02-13T03:11:19","modified_gmt":"2022-02-13T03:11:19","slug":"long-term-fund-whats-involved-in-establishing-a-long-term-fund","status":"publish","type":"page","link":"https:\/\/oafdn.ca\/fr\/programs\/education-suite\/long-term-fund-whats-involved-in-establishing-a-long-term-fund\/","title":{"rendered":"Fonds \u00e0 long terme:  la mise en place d'un fonds \u00e0 long terme"},"content":{"rendered":"<div data-elementor-type=\"wp-page\" data-elementor-id=\"5404\" class=\"elementor elementor-5404\" wpc-filter-elementor-widget=\"1\">\n\t\t\t\t\t\t<section class=\"elementor-section elementor-top-section elementor-element elementor-element-91b2b4e elementor-section-boxed elementor-section-height-default elementor-section-height-default\" data-id=\"91b2b4e\" data-element_type=\"section\" data-e-type=\"section\">\n\t\t\t\t\t\t<div class=\"elementor-container elementor-column-gap-default\">\n\t\t\t\t\t<div class=\"elementor-column elementor-col-100 elementor-top-column elementor-element elementor-element-39b9577\" data-id=\"39b9577\" data-element_type=\"column\" data-e-type=\"column\">\n\t\t\t<div class=\"elementor-widget-wrap elementor-element-populated\">\n\t\t\t\t\t\t<div class=\"elementor-element elementor-element-7b587ba elementor-widget elementor-widget-heading\" data-id=\"7b587ba\" data-element_type=\"widget\" data-e-type=\"widget\" data-widget_type=\"heading.default\">\n\t\t\t\t<div class=\"elementor-widget-container\">\n\t\t\t\t\t<h4 class=\"elementor-heading-title elementor-size-medium\">Fonds \u00e0 long terme: la mise en place d'un fonds \u00e0 long terme<\/h4>\t\t\t\t<\/div>\n\t\t\t\t<\/div>\n\t\t\t\t<div class=\"elementor-element elementor-element-e7aa0d8 elementor-widget-divider--view-line elementor-widget elementor-widget-divider\" data-id=\"e7aa0d8\" data-element_type=\"widget\" data-e-type=\"widget\" data-widget_type=\"divider.default\">\n\t\t\t\t<div class=\"elementor-widget-container\">\n\t\t\t\t\t\t\t<div class=\"elementor-divider\">\n\t\t\t<span class=\"elementor-divider-separator\">\n\t\t\t\t\t\t<\/span>\n\t\t<\/div>\n\t\t\t\t\t\t<\/div>\n\t\t\t\t<\/div>\n\t\t\t\t<div class=\"elementor-element elementor-element-9e50948 elementor-widget elementor-widget-text-editor\" data-id=\"9e50948\" data-element_type=\"widget\" data-e-type=\"widget\" data-widget_type=\"text-editor.default\">\n\t\t\t\t<div class=\"elementor-widget-container\">\n\t\t\t\t\t\t\t\t\t<p style=\"font-weight: 400;\"><strong>Envisagez-vous la mise en place d'un fonds \u00e0 long terme?<\/strong><\/p><p style=\"font-weight: 400;\">Une premi\u00e8re \u00e9tape est de se demander o\u00f9 vous \u00eates dans votre cycle de d\u00e9veloppement en tant qu'organisme artistique. Analysez d\u2019o\u00f9 votre financement provient actuellement :<\/p><ul><li style=\"font-weight: 400;\">\u00a0\u00a0Programmation et \u00e9v\u00e8nements : ventes de billets, abonnements annuels<\/li><li style=\"font-weight: 400;\">\u00a0\u00a0Subventions gouvernementales, de fondations<\/li><li style=\"font-weight: 400;\">\u00a0\u00a0Collecte de fonds g\u00e9n\u00e9rale : soutien financier de plusieurs bailleurs de fonds priv\u00e9s et d\u2019entreprises pour couvrir les op\u00e9rations annuelles, un d\u00e9ficit d'exploitation et la programmation en cours<\/li><\/ul><p style=\"font-weight: 400;\">Une fois qu\u2019un organisme est en mesure de r\u00e9pondre \u00e0 la majorit\u00e9 des co\u00fbts au travers de ces sources, vous pourriez commencer \u00e0 faire une planification strat\u00e9gique autour d\u2019un financement \u00e0 long terme pour plusieurs raisons :<\/p><ul><li style=\"font-weight: 400;\">\u00a0\u00a0vous souhaitez commencer une campagne d\u2019immobilisation,<\/li><li style=\"font-weight: 400;\">\u00a0\u00a0Vous voulez structurer un fonds afin de g\u00e9n\u00e9rer un revenu pour un prix ou une bourse, pour financer une chaire, un salaire, ou pour couvrir des d\u00e9penses de construction<\/li><li style=\"font-weight: 400;\">\u00a0\u00a0Les revenus d\u2019un fonds de long terme pourraient financer un r\u00f4le ou position dans votre organisme, comme une chaire en musique, un danseur principal, un directeur cr\u00e9atif de th\u00e9\u00e2tre<\/li><li style=\"font-weight: 400;\">\u00a0\u00a0D\u2019autres facteurs d\u00e9clencheurs pour initier un fonds \u00e0 long terme :<\/li><\/ul><p style=\"font-weight: 400;\">- votre organisme a m\u00fbri, a des programmes, un public et un financement durables qui couvrent la plupart des d\u00e9penses de fonctionnement<\/p><p style=\"font-weight: 400;\">- des donneurs se manifestent pour indiquer un int\u00e9r\u00eat personnel \u00e0 faire un don \u00e0 long terme<\/p><p style=\"font-weight: 400;\">D'un autre c\u00f4t\u00e9, si votre organisme est nouvellement cr\u00e9\u00e9 et en est au stade initial de d\u00e9veloppement de sympathisants ou d\u2019abonn\u00e9s, l'ensemble de ses ressources sont n\u00e9cessaires pour fournir les programmes. Dans ce cas, placer des ressources dans un fonds \u00e0 long terme dont le capital n'est pas disponible peut nuire \u00e0 l'organisme. Cela prend \u00e9videmment du temps de cr\u00e9er des capacit\u00e9s de collecte de fonds importantes pour arriver au point o\u00f9 un fonds \u00e0 long terme a un sens pour votre organisme. Il y a des exceptions, bien s\u00fbr, comme lorsqu\u2019un donneur individuel insiste sur un arrangement \u00e0 long terme. Dans ce cas, nous pouvons \u00eatre en mesure de vous aider \u00e0 structurer un fonds flexible et \/ ou \u00e0 tirer profit de ce don \u00e0 long terme pour recueillir des fonds pour les besoins actuels.<\/p><h3 style=\"font-weight: 500;\">\u00a0<\/h3><p style=\"font-weight: 400;\">Qu'est-ce qu\u2019implique l'\u00e9tablissement d'un fonds \u00e0 long terme?<\/p><p style=\"font-weight: 400;\">Les fonds \u00e0 long terme sont un outil important pour les organismes artistiques \u00e9tablis qui re\u00e7oivent un soutien financier destin\u00e9 \u00e0 soutenir sa viabilit\u00e9 financi\u00e8re. Le capital est d\u00e9tenu s\u00e9par\u00e9ment des fonds de fonctionnement, et l\u2019organisme peut compter sur lui pour g\u00e9n\u00e9rer un source de revenu pr\u00e9visible gr\u00e2ce aux rendements des march\u00e9s.<\/p><p style=\"font-weight: 400;\">\u00a0<\/p><p style=\"font-weight: 400;\">Les \u00e9l\u00e9ments cl\u00e9s d'un fonds de dotation sont :<\/p><ol><li style=\"font-weight: 400;\" class=\"translation-block\">le don lui-m\u00eame \u2013 les liquidit\u00e9s, les titres de placement ou tout autre bien transf\u00e9r\u00e9s au fonds<\/li><li style=\"font-weight: 400;\" class=\"translation-block\">L\u2019intention du donneur, qui transf\u00e8re la propri\u00e9t\u00e9 juridique du bien de lui \/ elle-m\u00eame \u00e0 la fondation ou \u00e0 l\u2019administrateur du fonds<\/li><li style=\"font-weight: 400;\" class=\"translation-block\">L\u2019objet ou le but du fonds : l\u2019entente l\u00e9gale doit avoir un but, par exemple de soutenir le fonctionnement de l\u2019organisme artistique XYZ.<\/li><\/ol><p style=\"font-weight: 400;\">\u00a0<\/p><p style=\"font-weight: 400;\">Les directeurs et administrateurs fiduciaires de la Fondation ont trois responsabilit\u00e9s principales :<\/p><ol><li style=\"font-weight: 400;\">De conserver les actifs et de s\u2019assurer que le fonds est administr\u00e9 et que l\u2019argent vers\u00e9 en conformit\u00e9 avec les termes de l\u2019entente de dotation<\/li><li style=\"font-weight: 400;\">\u00a0D\u2019\u00e9tablir une politique d\u2019investissement, de s\u2019assurer que les actifs sont g\u00e9r\u00e9s en accord avec cette politique, et de surveiller les r\u00e9sultats<\/li><li style=\"font-weight: 400;\">\u00a0De mettre en place une politique de distribution des revenus\/rendements du fonds pour soutenir l\u2019organisme artistique<\/li><\/ol>\t\t\t\t\t\t\t\t<\/div>\n\t\t\t\t<\/div>\n\t\t\t\t\t<\/div>\n\t\t<\/div>\n\t\t\t\t\t<\/div>\n\t\t<\/section>\n\t\t\t\t<\/div>","protected":false},"excerpt":{"rendered":"<p>Long-Term Fund:\u00a0 What&#8217;s Involved in Establishing a Long-Term Fund? Are you thinking of setting up a long term fund? A first step is to consider where you are in your development cycle as an arts organization. Analyze where your funding currently comes from: \u00a0\u00a0Programming and events-related: ticket sales, annual subscriptions \u00a0\u00a0Grants from government, foundations \u00a0\u00a0General [&hellip;]<\/p>\n","protected":false},"author":1,"featured_media":0,"parent":2224,"menu_order":0,"comment_status":"closed","ping_status":"closed","template":"","meta":{"_acf_changed":false,"give_campaign_id":0,"nf_dc_page":"","site-sidebar-layout":"no-sidebar","site-content-layout":"page-builder","ast-site-content-layout":"default","site-content-style":"default","site-sidebar-style":"default","ast-global-header-display":"","ast-banner-title-visibility":"","ast-main-header-display":"","ast-hfb-above-header-display":"","ast-hfb-below-header-display":"","ast-hfb-mobile-header-display":"","site-post-title":"disabled","ast-breadcrumbs-content":"","ast-featured-img":"disabled","footer-sml-layout":"","ast-disable-related-posts":"","theme-transparent-header-meta":"","adv-header-id-meta":"","stick-header-meta":"","header-above-stick-meta":"","header-main-stick-meta":"","header-below-stick-meta":"","astra-migrate-meta-layouts":"default","ast-page-background-enabled":"default","ast-page-background-meta":{"desktop":{"background-color":"","background-image":"","background-repeat":"repeat","background-position":"center center","background-size":"auto","background-attachment":"scroll","background-type":"","background-media":"","overlay-type":"","overlay-color":"","overlay-opacity":"","overlay-gradient":""},"tablet":{"background-color":"","background-image":"","background-repeat":"repeat","background-position":"center center","background-size":"auto","background-attachment":"scroll","background-type":"","background-media":"","overlay-type":"","overlay-color":"","overlay-opacity":"","overlay-gradient":""},"mobile":{"background-color":"","background-image":"","background-repeat":"repeat","background-position":"center center","background-size":"auto","background-attachment":"scroll","background-type":"","background-media":"","overlay-type":"","overlay-color":"","overlay-opacity":"","overlay-gradient":""}},"ast-content-background-meta":{"desktop":{"background-color":"var(--ast-global-color-5)","background-image":"","background-repeat":"repeat","background-position":"center center","background-size":"auto","background-attachment":"scroll","background-type":"","background-media":"","overlay-type":"","overlay-color":"","overlay-opacity":"","overlay-gradient":""},"tablet":{"background-color":"var(--ast-global-color-5)","background-image":"","background-repeat":"repeat","background-position":"center center","background-size":"auto","background-attachment":"scroll","background-type":"","background-media":"","overlay-type":"","overlay-color":"","overlay-opacity":"","overlay-gradient":""},"mobile":{"background-color":"var(--ast-global-color-5)","background-image":"","background-repeat":"repeat","background-position":"center center","background-size":"auto","background-attachment":"scroll","background-type":"","background-media":"","overlay-type":"","overlay-color":"","overlay-opacity":"","overlay-gradient":""}},"footnotes":""},"class_list":["post-5404","page","type-page","status-publish","hentry"],"acf":[],"yoast_head":"<!-- This site is optimized with the Yoast SEO plugin v27.4 - https:\/\/yoast.com\/product\/yoast-seo-wordpress\/ -->\n<title>Long-Term Fund:\u00a0 What&#039;s Involved in Establishing a Long-Term Fund? - Ontario Arts Foundation<\/title>\n<meta name=\"description\" content=\"Long-Term Fund:\u00a0 What&#039;s Involved in Establishing a Long-Term Fund? Ontario Arts Foundation\" \/>\n<meta name=\"robots\" content=\"index, follow, max-snippet:-1, max-image-preview:large, max-video-preview:-1\" \/>\n<link rel=\"canonical\" href=\"https:\/\/oafdn.ca\/fr\/programs\/education-suite\/long-term-fund-whats-involved-in-establishing-a-long-term-fund\/\" \/>\n<meta property=\"og:locale\" content=\"fr_CA\" \/>\n<meta property=\"og:type\" content=\"article\" \/>\n<meta property=\"og:title\" content=\"Long-Term Fund:\u00a0 What&#039;s Involved in Establishing a Long-Term Fund? - Ontario Arts Foundation\" \/>\n<meta property=\"og:description\" content=\"Long-Term Fund:\u00a0 What&#039;s Involved in Establishing a Long-Term Fund? Ontario Arts Foundation\" \/>\n<meta property=\"og:url\" content=\"https:\/\/oafdn.ca\/fr\/programs\/education-suite\/long-term-fund-whats-involved-in-establishing-a-long-term-fund\/\" \/>\n<meta property=\"og:site_name\" content=\"Ontario Arts Foundation\" \/>\n<meta property=\"article:publisher\" content=\"https:\/\/www.facebook.com\/OntarioArtsFoundation\/\" \/>\n<meta property=\"article:modified_time\" content=\"2022-02-13T03:11:19+00:00\" \/>\n<meta name=\"twitter:card\" content=\"summary_large_image\" \/>\n<meta name=\"twitter:site\" content=\"@OntarioArtsFdn\" \/>\n<meta name=\"twitter:label1\" content=\"Estimation du temps de lecture\" \/>\n\t<meta name=\"twitter:data1\" content=\"3 minutes\" \/>\n<script type=\"application\/ld+json\" class=\"yoast-schema-graph\">{\"@context\":\"https:\\\/\\\/schema.org\",\"@graph\":[{\"@type\":\"WebPage\",\"@id\":\"https:\\\/\\\/oafdn.ca\\\/programs\\\/education-suite\\\/long-term-fund-whats-involved-in-establishing-a-long-term-fund\\\/\",\"url\":\"https:\\\/\\\/oafdn.ca\\\/programs\\\/education-suite\\\/long-term-fund-whats-involved-in-establishing-a-long-term-fund\\\/\",\"name\":\"Long-Term Fund:\u00a0 What's Involved in Establishing a Long-Term Fund? - Ontario Arts Foundation\",\"isPartOf\":{\"@id\":\"https:\\\/\\\/oafdn.ca\\\/#website\"},\"datePublished\":\"2022-02-13T03:08:56+00:00\",\"dateModified\":\"2022-02-13T03:11:19+00:00\",\"description\":\"Long-Term Fund:\u00a0 What's Involved in Establishing a Long-Term Fund? Ontario Arts Foundation\",\"breadcrumb\":{\"@id\":\"https:\\\/\\\/oafdn.ca\\\/programs\\\/education-suite\\\/long-term-fund-whats-involved-in-establishing-a-long-term-fund\\\/#breadcrumb\"},\"inLanguage\":\"fr-CA\",\"potentialAction\":[{\"@type\":\"ReadAction\",\"target\":[\"https:\\\/\\\/oafdn.ca\\\/programs\\\/education-suite\\\/long-term-fund-whats-involved-in-establishing-a-long-term-fund\\\/\"]}]},{\"@type\":\"BreadcrumbList\",\"@id\":\"https:\\\/\\\/oafdn.ca\\\/programs\\\/education-suite\\\/long-term-fund-whats-involved-in-establishing-a-long-term-fund\\\/#breadcrumb\",\"itemListElement\":[{\"@type\":\"ListItem\",\"position\":1,\"name\":\"Home\",\"item\":\"https:\\\/\\\/oafdn.ca\\\/\"},{\"@type\":\"ListItem\",\"position\":2,\"name\":\"Programs\",\"item\":\"https:\\\/\\\/oafdn.ca\\\/programs\\\/\"},{\"@type\":\"ListItem\",\"position\":3,\"name\":\"Education Suite\",\"item\":\"https:\\\/\\\/oafdn.ca\\\/programs\\\/education-suite\\\/\"},{\"@type\":\"ListItem\",\"position\":4,\"name\":\"Long-Term Fund:\u00a0 What&#8217;s Involved in Establishing a Long-Term Fund?\"}]},{\"@type\":\"WebSite\",\"@id\":\"https:\\\/\\\/oafdn.ca\\\/#website\",\"url\":\"https:\\\/\\\/oafdn.ca\\\/\",\"name\":\"Ontario Arts Foundation\",\"description\":\"The Ontario Arts Foundation is a non-governmental not for profit organization established in 1991 under the Ontario Corporations Act to encourage and facilitate private giving to the arts in Ontario, Canada.\",\"publisher\":{\"@id\":\"https:\\\/\\\/oafdn.ca\\\/#organization\"},\"potentialAction\":[{\"@type\":\"SearchAction\",\"target\":{\"@type\":\"EntryPoint\",\"urlTemplate\":\"https:\\\/\\\/oafdn.ca\\\/?s={search_term_string}\"},\"query-input\":{\"@type\":\"PropertyValueSpecification\",\"valueRequired\":true,\"valueName\":\"search_term_string\"}}],\"inLanguage\":\"fr-CA\"},{\"@type\":\"Organization\",\"@id\":\"https:\\\/\\\/oafdn.ca\\\/#organization\",\"name\":\"Ontario Arts Foundation\",\"url\":\"https:\\\/\\\/oafdn.ca\\\/\",\"logo\":{\"@type\":\"ImageObject\",\"inLanguage\":\"fr-CA\",\"@id\":\"https:\\\/\\\/oafdn.ca\\\/#\\\/schema\\\/logo\\\/image\\\/\",\"url\":\"https:\\\/\\\/oafdn.ca\\\/wp-content\\\/uploads\\\/2022\\\/02\\\/logo1-1.png\",\"contentUrl\":\"https:\\\/\\\/oafdn.ca\\\/wp-content\\\/uploads\\\/2022\\\/02\\\/logo1-1.png\",\"width\":1761,\"height\":487,\"caption\":\"Ontario Arts Foundation\"},\"image\":{\"@id\":\"https:\\\/\\\/oafdn.ca\\\/#\\\/schema\\\/logo\\\/image\\\/\"},\"sameAs\":[\"https:\\\/\\\/www.facebook.com\\\/OntarioArtsFoundation\\\/\",\"https:\\\/\\\/x.com\\\/OntarioArtsFdn\"]}]}<\/script>\n<!-- \/ Yoast SEO plugin. -->","yoast_head_json":{"title":"Long-Term Fund:\u00a0 What's Involved in Establishing a Long-Term Fund? - Ontario Arts Foundation","description":"Long-Term Fund:\u00a0 What's Involved in Establishing a Long-Term Fund? Ontario Arts Foundation","robots":{"index":"index","follow":"follow","max-snippet":"max-snippet:-1","max-image-preview":"max-image-preview:large","max-video-preview":"max-video-preview:-1"},"canonical":"https:\/\/oafdn.ca\/fr\/programs\/education-suite\/long-term-fund-whats-involved-in-establishing-a-long-term-fund\/","og_locale":"fr_CA","og_type":"article","og_title":"Long-Term Fund:\u00a0 What's Involved in Establishing a Long-Term Fund? - Ontario Arts Foundation","og_description":"Long-Term Fund:\u00a0 What's Involved in Establishing a Long-Term Fund? Ontario Arts Foundation","og_url":"https:\/\/oafdn.ca\/fr\/programs\/education-suite\/long-term-fund-whats-involved-in-establishing-a-long-term-fund\/","og_site_name":"Ontario Arts Foundation","article_publisher":"https:\/\/www.facebook.com\/OntarioArtsFoundation\/","article_modified_time":"2022-02-13T03:11:19+00:00","twitter_card":"summary_large_image","twitter_site":"@OntarioArtsFdn","twitter_misc":{"Estimation du temps de lecture":"3 minutes"},"schema":{"@context":"https:\/\/schema.org","@graph":[{"@type":"WebPage","@id":"https:\/\/oafdn.ca\/programs\/education-suite\/long-term-fund-whats-involved-in-establishing-a-long-term-fund\/","url":"https:\/\/oafdn.ca\/programs\/education-suite\/long-term-fund-whats-involved-in-establishing-a-long-term-fund\/","name":"Long-Term Fund:\u00a0 What's Involved in Establishing a Long-Term Fund? - Ontario Arts Foundation","isPartOf":{"@id":"https:\/\/oafdn.ca\/#website"},"datePublished":"2022-02-13T03:08:56+00:00","dateModified":"2022-02-13T03:11:19+00:00","description":"Long-Term Fund:\u00a0 What's Involved in Establishing a Long-Term Fund? Ontario Arts Foundation","breadcrumb":{"@id":"https:\/\/oafdn.ca\/programs\/education-suite\/long-term-fund-whats-involved-in-establishing-a-long-term-fund\/#breadcrumb"},"inLanguage":"fr-CA","potentialAction":[{"@type":"ReadAction","target":["https:\/\/oafdn.ca\/programs\/education-suite\/long-term-fund-whats-involved-in-establishing-a-long-term-fund\/"]}]},{"@type":"BreadcrumbList","@id":"https:\/\/oafdn.ca\/programs\/education-suite\/long-term-fund-whats-involved-in-establishing-a-long-term-fund\/#breadcrumb","itemListElement":[{"@type":"ListItem","position":1,"name":"Home","item":"https:\/\/oafdn.ca\/"},{"@type":"ListItem","position":2,"name":"Programs","item":"https:\/\/oafdn.ca\/programs\/"},{"@type":"ListItem","position":3,"name":"Education Suite","item":"https:\/\/oafdn.ca\/programs\/education-suite\/"},{"@type":"ListItem","position":4,"name":"Long-Term Fund:\u00a0 What&#8217;s Involved in Establishing a Long-Term Fund?"}]},{"@type":"WebSite","@id":"https:\/\/oafdn.ca\/#website","url":"https:\/\/oafdn.ca\/","name":"Fondation des arts de l'Ontario","description":"The Ontario Arts Foundation is a non-governmental not for profit organization established in 1991 under the Ontario Corporations Act to encourage and facilitate private giving to the arts in Ontario, Canada.","publisher":{"@id":"https:\/\/oafdn.ca\/#organization"},"potentialAction":[{"@type":"SearchAction","target":{"@type":"EntryPoint","urlTemplate":"https:\/\/oafdn.ca\/?s={search_term_string}"},"query-input":{"@type":"PropertyValueSpecification","valueRequired":true,"valueName":"search_term_string"}}],"inLanguage":"fr-CA"},{"@type":"Organization","@id":"https:\/\/oafdn.ca\/#organization","name":"Fondation des arts de l'Ontario","url":"https:\/\/oafdn.ca\/","logo":{"@type":"ImageObject","inLanguage":"fr-CA","@id":"https:\/\/oafdn.ca\/#\/schema\/logo\/image\/","url":"https:\/\/oafdn.ca\/wp-content\/uploads\/2022\/02\/logo1-1.png","contentUrl":"https:\/\/oafdn.ca\/wp-content\/uploads\/2022\/02\/logo1-1.png","width":1761,"height":487,"caption":"Ontario Arts Foundation"},"image":{"@id":"https:\/\/oafdn.ca\/#\/schema\/logo\/image\/"},"sameAs":["https:\/\/www.facebook.com\/OntarioArtsFoundation\/","https:\/\/x.com\/OntarioArtsFdn"]}]}},"campaignId":"","_links":{"self":[{"href":"https:\/\/oafdn.ca\/fr\/wp-json\/wp\/v2\/pages\/5404","targetHints":{"allow":["GET"]}}],"collection":[{"href":"https:\/\/oafdn.ca\/fr\/wp-json\/wp\/v2\/pages"}],"about":[{"href":"https:\/\/oafdn.ca\/fr\/wp-json\/wp\/v2\/types\/page"}],"author":[{"embeddable":true,"href":"https:\/\/oafdn.ca\/fr\/wp-json\/wp\/v2\/users\/1"}],"replies":[{"embeddable":true,"href":"https:\/\/oafdn.ca\/fr\/wp-json\/wp\/v2\/comments?post=5404"}],"version-history":[{"count":7,"href":"https:\/\/oafdn.ca\/fr\/wp-json\/wp\/v2\/pages\/5404\/revisions"}],"predecessor-version":[{"id":5411,"href":"https:\/\/oafdn.ca\/fr\/wp-json\/wp\/v2\/pages\/5404\/revisions\/5411"}],"up":[{"embeddable":true,"href":"https:\/\/oafdn.ca\/fr\/wp-json\/wp\/v2\/pages\/2224"}],"wp:attachment":[{"href":"https:\/\/oafdn.ca\/fr\/wp-json\/wp\/v2\/media?parent=5404"}],"curies":[{"name":"wp","href":"https:\/\/api.w.org\/{rel}","templated":true}]}}