{"id":5390,"date":"2022-02-13T03:04:14","date_gmt":"2022-02-13T03:04:14","guid":{"rendered":"https:\/\/oafdn.ca\/?page_id=5390"},"modified":"2022-02-13T03:08:08","modified_gmt":"2022-02-13T03:08:08","slug":"planned-giving-wills-and-bequests","status":"publish","type":"page","link":"https:\/\/oafdn.ca\/fr\/programs\/education-suite\/planned-giving-wills-and-bequests\/","title":{"rendered":"Don planifi\u00e9:  testaments et legs\u00a0 \u00a0 \u00a0 \u00a0"},"content":{"rendered":"<div data-elementor-type=\"wp-page\" data-elementor-id=\"5390\" class=\"elementor elementor-5390\" wpc-filter-elementor-widget=\"1\">\n\t\t\t\t\t\t<section class=\"elementor-section elementor-top-section elementor-element elementor-element-7fd8b4b elementor-section-boxed elementor-section-height-default elementor-section-height-default\" data-id=\"7fd8b4b\" data-element_type=\"section\" data-e-type=\"section\">\n\t\t\t\t\t\t<div class=\"elementor-container elementor-column-gap-default\">\n\t\t\t\t\t<div class=\"elementor-column elementor-col-100 elementor-top-column elementor-element elementor-element-2b56e69\" data-id=\"2b56e69\" data-element_type=\"column\" data-e-type=\"column\">\n\t\t\t<div class=\"elementor-widget-wrap elementor-element-populated\">\n\t\t\t\t\t\t<div class=\"elementor-element elementor-element-eaa5897 elementor-widget elementor-widget-heading\" data-id=\"eaa5897\" data-element_type=\"widget\" data-e-type=\"widget\" data-widget_type=\"heading.default\">\n\t\t\t\t<div class=\"elementor-widget-container\">\n\t\t\t\t\t<h4 class=\"elementor-heading-title elementor-size-medium\">Dons planifi\u00e9s:  testaments et legs<\/h4>\t\t\t\t<\/div>\n\t\t\t\t<\/div>\n\t\t\t\t<div class=\"elementor-element elementor-element-1b2b134 elementor-widget-divider--view-line elementor-widget elementor-widget-divider\" data-id=\"1b2b134\" data-element_type=\"widget\" data-e-type=\"widget\" data-widget_type=\"divider.default\">\n\t\t\t\t<div class=\"elementor-widget-container\">\n\t\t\t\t\t\t\t<div class=\"elementor-divider\">\n\t\t\t<span class=\"elementor-divider-separator\">\n\t\t\t\t\t\t<\/span>\n\t\t<\/div>\n\t\t\t\t\t\t<\/div>\n\t\t\t\t<\/div>\n\t\t\t\t<div class=\"elementor-element elementor-element-0c2f1fa elementor-widget elementor-widget-text-editor\" data-id=\"0c2f1fa\" data-element_type=\"widget\" data-e-type=\"widget\" data-widget_type=\"text-editor.default\">\n\t\t\t\t<div class=\"elementor-widget-container\">\n\t\t\t\t\t\t\t\t\t<p><span class=\"plain_grey\"><span class=\"blue\"><strong>Fa\u00e7ons de donner<\/strong><\/span><br \/>Il existe de nombreuses fa\u00e7ons de soutenir un organisme artistique \u00e0 travers la planification successorale d'un donneur. Le plus simple est un legs, qui est un don fait par un testament. Le donneur, g\u00e9n\u00e9ralement un grand soutien de long terme de votre organisme, indique dans son testament le paiement \u00e0 votre b\u00e9n\u00e9fice d'un montant en esp\u00e8ces d\u00e9clar\u00e9, d'un don de titres ou d'une part du r\u00e9sidu de ses biens. Le don est pay\u00e9 une fois que les exigences de l'administration des successions sont acquitt\u00e9es et que les d\u00e9penses et les taxes ont \u00e9t\u00e9 r\u00e9gl\u00e9es.<\/span><\/p><p><span class=\"plain_grey\">Un legs est une derni\u00e8re occasion pour un donneur d'exprimer son soutien financi\u00e8rement par un don de son patrimoine. Le don peut \u00eatre sans restriction quant \u00e0 la fa\u00e7on dont l'organisme artistique peut utiliser les fonds, ou il peut \u00eatre dirig\u00e9 vers un programme ou une initiative particulier de l'organisme.<\/span><\/p><p><span class=\"plain_grey\"><span class=\"blue\"><strong>Types de legs<\/strong><\/span><br \/>Le montant d'un legs peut \u00eatre \u00e9gal au don annuel du donneur, ou il peut \u00eatre plus important, dans le but de fournir un soutien financier pendant un certain nombre d'ann\u00e9es. Pour votre donneur, un legs confirme leur intention caritative d'inclure votre organisme dans le cadre de leur plan successoral et offre une certaine souplesse. Un legs ne devient d\u00e9finitif qu'\u00e0 la mort, et le donateur se r\u00e9serve le droit, en changeant son testament d'augmenter ou de diminuer le don si sa vie ou sa situation familiale changent avec le temps. Une fois que vous \u00eates au courant d'un legs pr\u00e9vu, il est sage de rester en contact avec le donneur pour les remercier de leur g\u00e9n\u00e9rosit\u00e9, r\u00e9pondre \u00e0 des questions sur leurs intentions (aimeriez-vous \u00eatre reconnu) et rester connect\u00e9 avec le donneur, potentiellement sur un nombre des ann\u00e9es.<\/span><\/p><p><span class=\"plain_grey\">Il y a plusieurs options pour un legs<\/span><\/p><p><span class=\"plain_grey\">\u2022 Argent comptant<br \/><\/span><span class=\"plain_grey\">\u2022\u00a0<\/span><span class=\"plain_grey\">Les biens sp\u00e9cifiques, tels que les valeurs mobili\u00e8res ou immobili\u00e8res<br \/><\/span><span class=\"plain_grey\">\u2022 Une partie (%) du reliquat de la succession<br \/><br \/><\/span><\/p><p><span class=\"plain_grey\"><span class=\"blue\"><strong>Exemple de formulation<\/strong><\/span><br \/>Lorsque votre donneur travaille avec son (ses) conseiller(s) professionnel(s), la formulation du testament peut indiquer :<\/span><\/p><p class=\"translation-block\">Legs non-restreint \u2013 \u00ab Verser la somme de xxx dollars \u00e0 (le nom de votre organisme), pour \u00eatre utiliser pour les op\u00e9rations de fonctionnement de l'organisme artistique, et l\u00e0 o\u00f9 ces fonds sont les plus n\u00e9cessaires \u00bb<\/p><p class=\"translation-block\">Legs restreint \u2013 \u00ab Verser la somme de xxx dollars \u00e0 (le nom de votre organisme), pour \u00eatre utiliser pour (le donneur dirigera le legs \u00e0 un programme particulier) \u00bb Veillez \u00e0 avoir une conversation avec le donneur pour vous assurer que leur intention peut \u00eatre r\u00e9alis\u00e9e et correspond \u00e0 votre mission artistique, \u00e0 vos programmes ou fonctionnement.<\/p><p class=\"translation-block\">Legs d'une part du patrimoine de succession \u2013 \u00ab Verser et transf\u00e9rer x nombre) de part de ma succession \u00e0 xxx (nom l\u00e9gal de votre organisme) \u00bb<\/p><p><span class=\"plain_grey\">Il est important d'utiliser le nom juridique complet de votre organisme artistique. Il est \u00e9galement judicieux d'inclure le num\u00e9ro d'enregistrement caritatif de votre organisme afin d'\u00e9viter tout risque de confusion entre deux organismes dont les noms peuvent \u00eatre similaires.<\/span><\/p><p><span class=\"plain_grey\"><br \/><span class=\"blue\"><strong>Incidences fiscales<\/strong><\/span><br \/>Un legs ne fournit aucun avantage fiscal imm\u00e9diat au donneur lorsqu'il pr\u00e9pare son testament.<\/span><\/p><p><span class=\"plain_grey\">Les r\u00e8gles de l'imp\u00f4t sur le revenu autour des legs ont chang\u00e9 en 2016. Auparavant, le b\u00e9n\u00e9fice fiscal \u00e9tait assez simple : le montant du legs \u00e9tait enti\u00e8rement d\u00e9ductible de toutes les sources de revenus et des plus-values dans la d\u00e9claration de revenus finale du donneur d\u00e9c\u00e9d\u00e9, et s'il n'\u00e9tait pas pleinement utilis\u00e9, potentiellement r\u00e9trospectif sur un an.<\/span><\/p><p><span class=\"plain_grey\">Les nouvelles r\u00e8gles sont un peu plus compliqu\u00e9es, mais continuent d'\u00eatre b\u00e9n\u00e9fiques pour r\u00e9duire les imp\u00f4ts sur le revenu. Les r\u00e8gles fiscales canadiennes consid\u00e8rent maintenant que le legs doit \u00eatre fait lorsque le don r\u00e9el est transf\u00e9r\u00e9 et pay\u00e9 \u00e0 l'organisme de bienfaisance par l'ex\u00e9cuteur testamentaire ou le fiduciaire de succession. Les conseillers des donneurs auront des informations plus d\u00e9taill\u00e9es sur les avantages fiscaux des nouvelles r\u00e8gles.<\/span><\/p><p><span class=\"plain_grey\"><br \/><span class=\"blue\"><strong>Ce qu'il faut retenir<\/strong><\/span><br \/>Encouragez votre donneur \u00e0 parler avec ses conseillers professionnels afin de s'assurer que le legs respecte bien leurs plans successoraux et peuvent tirer pleinement parti de toute planification fiscale et de cr\u00e9dits gr\u00e2ce \u00e0 leur succession.<\/span><\/p><p><span class=\"plain_grey\">Avec les nouvelles r\u00e8gles, l'administration de la succession peut prendre plus de temps, ce qui peut prolonger le d\u00e9lai entre le d\u00e9c\u00e8s du donneur et la r\u00e9ception du don. Discutez de cela avec l'ex\u00e9cuteur testamentaire ou le fiduciaire de succession afin de savoir quand il serait raisonnable de s'attendre \u00e0 recevoir le don.<\/span><\/p><p><span class=\"plain_grey\">Et, surtout, reconnaissez le don et le soutien du donneur lorsque que vous prenez connaissance du don pr\u00e9vu et remercier la famille du donneur une fois que le legs sera pay\u00e9. Ils peuvent \u00eatre la prochaine g\u00e9n\u00e9ration de soutiens pour votre organisme.<\/span><\/p>\t\t\t\t\t\t\t\t<\/div>\n\t\t\t\t<\/div>\n\t\t\t\t\t<\/div>\n\t\t<\/div>\n\t\t\t\t\t<\/div>\n\t\t<\/section>\n\t\t\t\t<\/div>","protected":false},"excerpt":{"rendered":"<p>Planned Giving: Wills and Bequests Ways to GiveThere are many ways to support an arts organization through a donor\u2019s estate planning. The simplest is a bequest, which is a gift made by a Will. The donor, typically a long-time supporter of your organization, provides in their Will for payment to you of either a stated [&hellip;]<\/p>\n","protected":false},"author":1,"featured_media":0,"parent":2224,"menu_order":0,"comment_status":"closed","ping_status":"closed","template":"","meta":{"_acf_changed":false,"give_campaign_id":0,"nf_dc_page":"","site-sidebar-layout":"no-sidebar","site-content-layout":"page-builder","ast-site-content-layout":"default","site-content-style":"default","site-sidebar-style":"default","ast-global-header-display":"","ast-banner-title-visibility":"","ast-main-header-display":"","ast-hfb-above-header-display":"","ast-hfb-below-header-display":"","ast-hfb-mobile-header-display":"","site-post-title":"disabled","ast-breadcrumbs-content":"","ast-featured-img":"disabled","footer-sml-layout":"","ast-disable-related-posts":"","theme-transparent-header-meta":"","adv-header-id-meta":"","stick-header-meta":"","header-above-stick-meta":"","header-main-stick-meta":"","header-below-stick-meta":"","astra-migrate-meta-layouts":"default","ast-page-background-enabled":"default","ast-page-background-meta":{"desktop":{"background-color":"","background-image":"","background-repeat":"repeat","background-position":"center center","background-size":"auto","background-attachment":"scroll","background-type":"","background-media":"","overlay-type":"","overlay-color":"","overlay-opacity":"","overlay-gradient":""},"tablet":{"background-color":"","background-image":"","background-repeat":"repeat","background-position":"center center","background-size":"auto","background-attachment":"scroll","background-type":"","background-media":"","overlay-type":"","overlay-color":"","overlay-opacity":"","overlay-gradient":""},"mobile":{"background-color":"","background-image":"","background-repeat":"repeat","background-position":"center center","background-size":"auto","background-attachment":"scroll","background-type":"","background-media":"","overlay-type":"","overlay-color":"","overlay-opacity":"","overlay-gradient":""}},"ast-content-background-meta":{"desktop":{"background-color":"var(--ast-global-color-5)","background-image":"","background-repeat":"repeat","background-position":"center center","background-size":"auto","background-attachment":"scroll","background-type":"","background-media":"","overlay-type":"","overlay-color":"","overlay-opacity":"","overlay-gradient":""},"tablet":{"background-color":"var(--ast-global-color-5)","background-image":"","background-repeat":"repeat","background-position":"center center","background-size":"auto","background-attachment":"scroll","background-type":"","background-media":"","overlay-type":"","overlay-color":"","overlay-opacity":"","overlay-gradient":""},"mobile":{"background-color":"var(--ast-global-color-5)","background-image":"","background-repeat":"repeat","background-position":"center center","background-size":"auto","background-attachment":"scroll","background-type":"","background-media":"","overlay-type":"","overlay-color":"","overlay-opacity":"","overlay-gradient":""}},"footnotes":""},"class_list":["post-5390","page","type-page","status-publish","hentry"],"acf":[],"yoast_head":"<!-- This site is optimized with the Yoast SEO plugin v27.4 - https:\/\/yoast.com\/product\/yoast-seo-wordpress\/ -->\n<title>Planned Giving:\u00a0 Wills and Bequests\u00a0 \u00a0 \u00a0 \u00a0 - Ontario Arts Foundation<\/title>\n<meta name=\"description\" content=\"Planned Giving:\u00a0 Wills and Bequests\u00a0 \u00a0 \u00a0 \u00a0 Ontario Arts Foundation\" \/>\n<meta name=\"robots\" content=\"index, follow, max-snippet:-1, max-image-preview:large, max-video-preview:-1\" \/>\n<link rel=\"canonical\" href=\"https:\/\/oafdn.ca\/fr\/programs\/education-suite\/planned-giving-wills-and-bequests\/\" \/>\n<meta property=\"og:locale\" content=\"fr_CA\" \/>\n<meta property=\"og:type\" content=\"article\" \/>\n<meta property=\"og:title\" content=\"Planned Giving:\u00a0 Wills and Bequests\u00a0 \u00a0 \u00a0 \u00a0 - Ontario Arts Foundation\" \/>\n<meta property=\"og:description\" content=\"Planned Giving:\u00a0 Wills and Bequests\u00a0 \u00a0 \u00a0 \u00a0 Ontario Arts Foundation\" \/>\n<meta property=\"og:url\" content=\"https:\/\/oafdn.ca\/fr\/programs\/education-suite\/planned-giving-wills-and-bequests\/\" \/>\n<meta property=\"og:site_name\" content=\"Ontario Arts Foundation\" \/>\n<meta property=\"article:publisher\" content=\"https:\/\/www.facebook.com\/OntarioArtsFoundation\/\" \/>\n<meta property=\"article:modified_time\" content=\"2022-02-13T03:08:08+00:00\" \/>\n<meta name=\"twitter:card\" content=\"summary_large_image\" \/>\n<meta name=\"twitter:site\" content=\"@OntarioArtsFdn\" \/>\n<meta name=\"twitter:label1\" content=\"Estimation du temps de lecture\" \/>\n\t<meta name=\"twitter:data1\" content=\"4 minutes\" \/>\n<script type=\"application\/ld+json\" class=\"yoast-schema-graph\">{\"@context\":\"https:\\\/\\\/schema.org\",\"@graph\":[{\"@type\":\"WebPage\",\"@id\":\"https:\\\/\\\/oafdn.ca\\\/programs\\\/education-suite\\\/planned-giving-wills-and-bequests\\\/\",\"url\":\"https:\\\/\\\/oafdn.ca\\\/programs\\\/education-suite\\\/planned-giving-wills-and-bequests\\\/\",\"name\":\"Planned Giving:\u00a0 Wills and Bequests\u00a0 \u00a0 \u00a0 \u00a0 - Ontario Arts Foundation\",\"isPartOf\":{\"@id\":\"https:\\\/\\\/oafdn.ca\\\/#website\"},\"datePublished\":\"2022-02-13T03:04:14+00:00\",\"dateModified\":\"2022-02-13T03:08:08+00:00\",\"description\":\"Planned Giving:\u00a0 Wills and Bequests\u00a0 \u00a0 \u00a0 \u00a0 Ontario Arts Foundation\",\"breadcrumb\":{\"@id\":\"https:\\\/\\\/oafdn.ca\\\/programs\\\/education-suite\\\/planned-giving-wills-and-bequests\\\/#breadcrumb\"},\"inLanguage\":\"fr-CA\",\"potentialAction\":[{\"@type\":\"ReadAction\",\"target\":[\"https:\\\/\\\/oafdn.ca\\\/programs\\\/education-suite\\\/planned-giving-wills-and-bequests\\\/\"]}]},{\"@type\":\"BreadcrumbList\",\"@id\":\"https:\\\/\\\/oafdn.ca\\\/programs\\\/education-suite\\\/planned-giving-wills-and-bequests\\\/#breadcrumb\",\"itemListElement\":[{\"@type\":\"ListItem\",\"position\":1,\"name\":\"Home\",\"item\":\"https:\\\/\\\/oafdn.ca\\\/\"},{\"@type\":\"ListItem\",\"position\":2,\"name\":\"Programs\",\"item\":\"https:\\\/\\\/oafdn.ca\\\/programs\\\/\"},{\"@type\":\"ListItem\",\"position\":3,\"name\":\"Education Suite\",\"item\":\"https:\\\/\\\/oafdn.ca\\\/programs\\\/education-suite\\\/\"},{\"@type\":\"ListItem\",\"position\":4,\"name\":\"Planned Giving:\u00a0 Wills and Bequests\u00a0 \u00a0 \u00a0 \u00a0\"}]},{\"@type\":\"WebSite\",\"@id\":\"https:\\\/\\\/oafdn.ca\\\/#website\",\"url\":\"https:\\\/\\\/oafdn.ca\\\/\",\"name\":\"Ontario Arts Foundation\",\"description\":\"The Ontario Arts Foundation is a non-governmental not for profit organization established in 1991 under the Ontario Corporations Act to encourage and facilitate private giving to the arts in Ontario, Canada.\",\"publisher\":{\"@id\":\"https:\\\/\\\/oafdn.ca\\\/#organization\"},\"potentialAction\":[{\"@type\":\"SearchAction\",\"target\":{\"@type\":\"EntryPoint\",\"urlTemplate\":\"https:\\\/\\\/oafdn.ca\\\/?s={search_term_string}\"},\"query-input\":{\"@type\":\"PropertyValueSpecification\",\"valueRequired\":true,\"valueName\":\"search_term_string\"}}],\"inLanguage\":\"fr-CA\"},{\"@type\":\"Organization\",\"@id\":\"https:\\\/\\\/oafdn.ca\\\/#organization\",\"name\":\"Ontario Arts Foundation\",\"url\":\"https:\\\/\\\/oafdn.ca\\\/\",\"logo\":{\"@type\":\"ImageObject\",\"inLanguage\":\"fr-CA\",\"@id\":\"https:\\\/\\\/oafdn.ca\\\/#\\\/schema\\\/logo\\\/image\\\/\",\"url\":\"https:\\\/\\\/oafdn.ca\\\/wp-content\\\/uploads\\\/2022\\\/02\\\/logo1-1.png\",\"contentUrl\":\"https:\\\/\\\/oafdn.ca\\\/wp-content\\\/uploads\\\/2022\\\/02\\\/logo1-1.png\",\"width\":1761,\"height\":487,\"caption\":\"Ontario Arts Foundation\"},\"image\":{\"@id\":\"https:\\\/\\\/oafdn.ca\\\/#\\\/schema\\\/logo\\\/image\\\/\"},\"sameAs\":[\"https:\\\/\\\/www.facebook.com\\\/OntarioArtsFoundation\\\/\",\"https:\\\/\\\/x.com\\\/OntarioArtsFdn\"]}]}<\/script>\n<!-- \/ Yoast SEO plugin. -->","yoast_head_json":{"title":"Planned Giving:\u00a0 Wills and Bequests\u00a0 \u00a0 \u00a0 \u00a0 - Ontario Arts Foundation","description":"Planned Giving:\u00a0 Wills and Bequests\u00a0 \u00a0 \u00a0 \u00a0 Ontario Arts Foundation","robots":{"index":"index","follow":"follow","max-snippet":"max-snippet:-1","max-image-preview":"max-image-preview:large","max-video-preview":"max-video-preview:-1"},"canonical":"https:\/\/oafdn.ca\/fr\/programs\/education-suite\/planned-giving-wills-and-bequests\/","og_locale":"fr_CA","og_type":"article","og_title":"Planned Giving:\u00a0 Wills and Bequests\u00a0 \u00a0 \u00a0 \u00a0 - Ontario Arts Foundation","og_description":"Planned Giving:\u00a0 Wills and Bequests\u00a0 \u00a0 \u00a0 \u00a0 Ontario Arts Foundation","og_url":"https:\/\/oafdn.ca\/fr\/programs\/education-suite\/planned-giving-wills-and-bequests\/","og_site_name":"Ontario Arts Foundation","article_publisher":"https:\/\/www.facebook.com\/OntarioArtsFoundation\/","article_modified_time":"2022-02-13T03:08:08+00:00","twitter_card":"summary_large_image","twitter_site":"@OntarioArtsFdn","twitter_misc":{"Estimation du temps de lecture":"4 minutes"},"schema":{"@context":"https:\/\/schema.org","@graph":[{"@type":"WebPage","@id":"https:\/\/oafdn.ca\/programs\/education-suite\/planned-giving-wills-and-bequests\/","url":"https:\/\/oafdn.ca\/programs\/education-suite\/planned-giving-wills-and-bequests\/","name":"Planned Giving:\u00a0 Wills and Bequests\u00a0 \u00a0 \u00a0 \u00a0 - Ontario Arts Foundation","isPartOf":{"@id":"https:\/\/oafdn.ca\/#website"},"datePublished":"2022-02-13T03:04:14+00:00","dateModified":"2022-02-13T03:08:08+00:00","description":"Planned Giving:\u00a0 Wills and Bequests\u00a0 \u00a0 \u00a0 \u00a0 Ontario Arts Foundation","breadcrumb":{"@id":"https:\/\/oafdn.ca\/programs\/education-suite\/planned-giving-wills-and-bequests\/#breadcrumb"},"inLanguage":"fr-CA","potentialAction":[{"@type":"ReadAction","target":["https:\/\/oafdn.ca\/programs\/education-suite\/planned-giving-wills-and-bequests\/"]}]},{"@type":"BreadcrumbList","@id":"https:\/\/oafdn.ca\/programs\/education-suite\/planned-giving-wills-and-bequests\/#breadcrumb","itemListElement":[{"@type":"ListItem","position":1,"name":"Home","item":"https:\/\/oafdn.ca\/"},{"@type":"ListItem","position":2,"name":"Programs","item":"https:\/\/oafdn.ca\/programs\/"},{"@type":"ListItem","position":3,"name":"Education Suite","item":"https:\/\/oafdn.ca\/programs\/education-suite\/"},{"@type":"ListItem","position":4,"name":"Planned Giving:\u00a0 Wills and Bequests\u00a0 \u00a0 \u00a0 \u00a0"}]},{"@type":"WebSite","@id":"https:\/\/oafdn.ca\/#website","url":"https:\/\/oafdn.ca\/","name":"Fondation des arts de l'Ontario","description":"The Ontario Arts Foundation is a non-governmental not for profit organization established in 1991 under the Ontario Corporations Act to encourage and facilitate private giving to the arts in Ontario, Canada.","publisher":{"@id":"https:\/\/oafdn.ca\/#organization"},"potentialAction":[{"@type":"SearchAction","target":{"@type":"EntryPoint","urlTemplate":"https:\/\/oafdn.ca\/?s={search_term_string}"},"query-input":{"@type":"PropertyValueSpecification","valueRequired":true,"valueName":"search_term_string"}}],"inLanguage":"fr-CA"},{"@type":"Organization","@id":"https:\/\/oafdn.ca\/#organization","name":"Fondation des arts de l'Ontario","url":"https:\/\/oafdn.ca\/","logo":{"@type":"ImageObject","inLanguage":"fr-CA","@id":"https:\/\/oafdn.ca\/#\/schema\/logo\/image\/","url":"https:\/\/oafdn.ca\/wp-content\/uploads\/2022\/02\/logo1-1.png","contentUrl":"https:\/\/oafdn.ca\/wp-content\/uploads\/2022\/02\/logo1-1.png","width":1761,"height":487,"caption":"Ontario Arts Foundation"},"image":{"@id":"https:\/\/oafdn.ca\/#\/schema\/logo\/image\/"},"sameAs":["https:\/\/www.facebook.com\/OntarioArtsFoundation\/","https:\/\/x.com\/OntarioArtsFdn"]}]}},"campaignId":"","_links":{"self":[{"href":"https:\/\/oafdn.ca\/fr\/wp-json\/wp\/v2\/pages\/5390","targetHints":{"allow":["GET"]}}],"collection":[{"href":"https:\/\/oafdn.ca\/fr\/wp-json\/wp\/v2\/pages"}],"about":[{"href":"https:\/\/oafdn.ca\/fr\/wp-json\/wp\/v2\/types\/page"}],"author":[{"embeddable":true,"href":"https:\/\/oafdn.ca\/fr\/wp-json\/wp\/v2\/users\/1"}],"replies":[{"embeddable":true,"href":"https:\/\/oafdn.ca\/fr\/wp-json\/wp\/v2\/comments?post=5390"}],"version-history":[{"count":10,"href":"https:\/\/oafdn.ca\/fr\/wp-json\/wp\/v2\/pages\/5390\/revisions"}],"predecessor-version":[{"id":5403,"href":"https:\/\/oafdn.ca\/fr\/wp-json\/wp\/v2\/pages\/5390\/revisions\/5403"}],"up":[{"embeddable":true,"href":"https:\/\/oafdn.ca\/fr\/wp-json\/wp\/v2\/pages\/2224"}],"wp:attachment":[{"href":"https:\/\/oafdn.ca\/fr\/wp-json\/wp\/v2\/media?parent=5390"}],"curies":[{"name":"wp","href":"https:\/\/api.w.org\/{rel}","templated":true}]}}