{"id":5360,"date":"2022-02-13T02:50:01","date_gmt":"2022-02-13T02:50:01","guid":{"rendered":"https:\/\/oafdn.ca\/?page_id=5360"},"modified":"2022-02-13T02:51:34","modified_gmt":"2022-02-13T02:51:34","slug":"planned-giving-legal-issues-to-consider","status":"publish","type":"page","link":"https:\/\/oafdn.ca\/fr\/programs\/education-suite\/planned-giving-legal-issues-to-consider\/","title":{"rendered":"Don planifi\u00e9s - Questions l\u00e9gales \u00e0 considerer"},"content":{"rendered":"<div data-elementor-type=\"wp-page\" data-elementor-id=\"5360\" class=\"elementor elementor-5360\" wpc-filter-elementor-widget=\"1\">\n\t\t\t\t\t\t<section class=\"elementor-section elementor-top-section elementor-element elementor-element-2c7698f elementor-section-boxed elementor-section-height-default elementor-section-height-default\" data-id=\"2c7698f\" data-element_type=\"section\" data-e-type=\"section\">\n\t\t\t\t\t\t<div class=\"elementor-container elementor-column-gap-default\">\n\t\t\t\t\t<div class=\"elementor-column elementor-col-100 elementor-top-column elementor-element elementor-element-293a26f\" data-id=\"293a26f\" data-element_type=\"column\" data-e-type=\"column\">\n\t\t\t<div class=\"elementor-widget-wrap elementor-element-populated\">\n\t\t\t\t\t\t<div class=\"elementor-element elementor-element-0765d58 elementor-widget elementor-widget-heading\" data-id=\"0765d58\" data-element_type=\"widget\" data-e-type=\"widget\" data-widget_type=\"heading.default\">\n\t\t\t\t<div class=\"elementor-widget-container\">\n\t\t\t\t\t<h4 class=\"elementor-heading-title elementor-size-medium\">Don planifi\u00e9s - Questions l\u00e9gales \u00e0 considerer<\/h4>\t\t\t\t<\/div>\n\t\t\t\t<\/div>\n\t\t\t\t<div class=\"elementor-element elementor-element-102cf87 elementor-widget-divider--view-line elementor-widget elementor-widget-divider\" data-id=\"102cf87\" data-element_type=\"widget\" data-e-type=\"widget\" data-widget_type=\"divider.default\">\n\t\t\t\t<div class=\"elementor-widget-container\">\n\t\t\t\t\t\t\t<div class=\"elementor-divider\">\n\t\t\t<span class=\"elementor-divider-separator\">\n\t\t\t\t\t\t<\/span>\n\t\t<\/div>\n\t\t\t\t\t\t<\/div>\n\t\t\t\t<\/div>\n\t\t\t\t<div class=\"elementor-element elementor-element-dbf6cfb elementor-widget elementor-widget-text-editor\" data-id=\"dbf6cfb\" data-element_type=\"widget\" data-e-type=\"widget\" data-widget_type=\"text-editor.default\">\n\t\t\t\t<div class=\"elementor-widget-container\">\n\t\t\t\t\t\t\t\t\t<p><span class=\"plain_grey\">Lors de la planification d'un don pour un organisme, il est important d'examiner les termes de votre don et de consulter votre conseiller juridique \/ fiscal pour vous assurer que votre don sera utilis\u00e9 comme vous l'avez pr\u00e9vu. Vous devez \u00e9galement identifier toute restriction quant \u00e0 la fa\u00e7on et quand l\u2019organisme pourra utiliser votre don. L'organisme de bienfaisance qui accepte votre cadeau est l\u00e9galement tenu de suivre votre direction.<\/span><\/p><p><span class=\"plain_grey\">Qu'entendons-nous quand on parle de dons non restreints et restreints?<\/span><\/p><p><span class=\"plain_grey\">Un don non restreint est un don \u00e0 utiliser par l'organisme de bienfaisance sans aucune restriction. L'organisation est libre de l'utiliser de quelques fa\u00e7ons qui r\u00e9pondent le mieux \u00e0 ses besoins, qu'il s'agisse des programmes actuels, de la gestion des co\u00fbts d'exploitation ou de son utilisation progressive sur la dur\u00e9e (p. ex. pour financer l'\u00e9ducation artistique, la sensibilisation ou tout programme de bourses qu'il administre).<\/span><\/p><p><span class=\"plain_grey\">Des exemples de dons restreints incluent :<\/span><\/p><ul><li style=\"list-style-type: none;\"><ul><li><span class=\"plain_grey\">Dotation<\/span><\/li><li><span class=\"plain_grey\">Fonds de fiducie restreint de donneur<\/span><\/li><li><span class=\"plain_grey\">Fonds \u00e0 but sp\u00e9cial<\/span><\/li><li><span class=\"plain_grey\">Bourse ou prix<\/span><\/li><\/ul><\/li><\/ul><p><span class=\"plain_grey\"><br \/>Cr\u00e9er un don restreint signifie que vous \u00eates en train d'\u00e9tablir une confiance et qu'il est important d'\u00e9noncer vos souhaits pour inclure le terme \u00ab en fiducie \u00bb.<\/span><\/p><p><span class=\"plain_grey\">Un don \u00e0 long terme, qui est souvent consid\u00e9r\u00e9 comme une forme de \u00ab dotation \u00bb, fait r\u00e9f\u00e9rence \u00e0 des dons qui sont d\u00e9tenus et utilis\u00e9s pendant une longue p\u00e9riode de temps. Cela se r\u00e9f\u00e8re habituellement \u00e0 des ann\u00e9es et, dans la forme la plus longue - une dotation - les fonds sont destin\u00e9s \u00e0 \u00eatre d\u00e9tenus \u00e0 perp\u00e9tuit\u00e9. L'organisme peut utiliser ce revenu (et peut-\u00eatre le capital si vous offrez cette option \u00e0 l'organisme) pour une application sp\u00e9cifique, comme une bourse d'\u00e9tudes, ou un usage d\u00e9fini annuellement par l'organisme de bienfaisance. Seuls les organismes de bienfaisance d\u00e9finis par la loi sont autoris\u00e9s \u00e0 d\u00e9tenir un don \u00e0 perp\u00e9tuit\u00e9.<\/span><\/p><p><span class=\"plain_grey\">Une dotation et autre dons \u00e0 long terme peuvent \u00eatre cr\u00e9\u00e9s de trois mani\u00e8res diff\u00e9rentes :<\/span><\/p><ul><li style=\"list-style-type: none;\"><ul><li><span class=\"plain_grey\">Par le conseil d\u2019administration d\u2019un organisme<\/span><\/li><li><span class=\"plain_grey\">Par le donneur, au travers de la formulation de son don<\/span><\/li><li><span class=\"plain_grey\">Par une combinaison des deux<\/span><\/li><\/ul><\/li><\/ul>\t\t\t\t\t\t\t\t<\/div>\n\t\t\t\t<\/div>\n\t\t\t\t\t<\/div>\n\t\t<\/div>\n\t\t\t\t\t<\/div>\n\t\t<\/section>\n\t\t\t\t<\/div>","protected":false},"excerpt":{"rendered":"<p>Planned Giving: Legal Issues to Consider When planning a gift to an organization, it is important to consider the terms of your gift and to consult with your legal\/ tax advisor to ensure that your gift will be used as you intend. You also need to identify any restrictions regarding how and when the organization [&hellip;]<\/p>\n","protected":false},"author":1,"featured_media":0,"parent":2224,"menu_order":0,"comment_status":"closed","ping_status":"closed","template":"","meta":{"_acf_changed":false,"give_campaign_id":0,"nf_dc_page":"","site-sidebar-layout":"no-sidebar","site-content-layout":"page-builder","ast-site-content-layout":"default","site-content-style":"default","site-sidebar-style":"default","ast-global-header-display":"","ast-banner-title-visibility":"","ast-main-header-display":"","ast-hfb-above-header-display":"","ast-hfb-below-header-display":"","ast-hfb-mobile-header-display":"","site-post-title":"disabled","ast-breadcrumbs-content":"","ast-featured-img":"disabled","footer-sml-layout":"","ast-disable-related-posts":"","theme-transparent-header-meta":"","adv-header-id-meta":"","stick-header-meta":"","header-above-stick-meta":"","header-main-stick-meta":"","header-below-stick-meta":"","astra-migrate-meta-layouts":"default","ast-page-background-enabled":"default","ast-page-background-meta":{"desktop":{"background-color":"","background-image":"","background-repeat":"repeat","background-position":"center center","background-size":"auto","background-attachment":"scroll","background-type":"","background-media":"","overlay-type":"","overlay-color":"","overlay-opacity":"","overlay-gradient":""},"tablet":{"background-color":"","background-image":"","background-repeat":"repeat","background-position":"center center","background-size":"auto","background-attachment":"scroll","background-type":"","background-media":"","overlay-type":"","overlay-color":"","overlay-opacity":"","overlay-gradient":""},"mobile":{"background-color":"","background-image":"","background-repeat":"repeat","background-position":"center center","background-size":"auto","background-attachment":"scroll","background-type":"","background-media":"","overlay-type":"","overlay-color":"","overlay-opacity":"","overlay-gradient":""}},"ast-content-background-meta":{"desktop":{"background-color":"var(--ast-global-color-5)","background-image":"","background-repeat":"repeat","background-position":"center center","background-size":"auto","background-attachment":"scroll","background-type":"","background-media":"","overlay-type":"","overlay-color":"","overlay-opacity":"","overlay-gradient":""},"tablet":{"background-color":"var(--ast-global-color-5)","background-image":"","background-repeat":"repeat","background-position":"center center","background-size":"auto","background-attachment":"scroll","background-type":"","background-media":"","overlay-type":"","overlay-color":"","overlay-opacity":"","overlay-gradient":""},"mobile":{"background-color":"var(--ast-global-color-5)","background-image":"","background-repeat":"repeat","background-position":"center center","background-size":"auto","background-attachment":"scroll","background-type":"","background-media":"","overlay-type":"","overlay-color":"","overlay-opacity":"","overlay-gradient":""}},"footnotes":""},"class_list":["post-5360","page","type-page","status-publish","hentry"],"acf":[],"yoast_head":"<!-- This site is optimized with the Yoast SEO plugin v27.4 - https:\/\/yoast.com\/product\/yoast-seo-wordpress\/ -->\n<title>Planned Giving: Legal Issues to Consider - Ontario Arts Foundation<\/title>\n<meta name=\"description\" content=\"Planned Giving: Legal Issues to Consider Ontario Arts Foundation\" \/>\n<meta name=\"robots\" content=\"index, follow, max-snippet:-1, max-image-preview:large, max-video-preview:-1\" \/>\n<link rel=\"canonical\" href=\"https:\/\/oafdn.ca\/fr\/programs\/education-suite\/planned-giving-legal-issues-to-consider\/\" \/>\n<meta property=\"og:locale\" content=\"fr_CA\" \/>\n<meta property=\"og:type\" content=\"article\" \/>\n<meta property=\"og:title\" content=\"Planned Giving: Legal Issues to Consider - Ontario Arts Foundation\" \/>\n<meta property=\"og:description\" content=\"Planned Giving: Legal Issues to Consider Ontario Arts Foundation\" \/>\n<meta property=\"og:url\" content=\"https:\/\/oafdn.ca\/fr\/programs\/education-suite\/planned-giving-legal-issues-to-consider\/\" \/>\n<meta property=\"og:site_name\" content=\"Ontario Arts Foundation\" \/>\n<meta property=\"article:publisher\" content=\"https:\/\/www.facebook.com\/OntarioArtsFoundation\/\" \/>\n<meta property=\"article:modified_time\" content=\"2022-02-13T02:51:34+00:00\" \/>\n<meta name=\"twitter:card\" content=\"summary_large_image\" \/>\n<meta name=\"twitter:site\" content=\"@OntarioArtsFdn\" \/>\n<meta name=\"twitter:label1\" content=\"Estimation du temps de lecture\" \/>\n\t<meta name=\"twitter:data1\" content=\"2 minutes\" \/>\n<script type=\"application\/ld+json\" class=\"yoast-schema-graph\">{\"@context\":\"https:\\\/\\\/schema.org\",\"@graph\":[{\"@type\":\"WebPage\",\"@id\":\"https:\\\/\\\/oafdn.ca\\\/programs\\\/education-suite\\\/planned-giving-legal-issues-to-consider\\\/\",\"url\":\"https:\\\/\\\/oafdn.ca\\\/programs\\\/education-suite\\\/planned-giving-legal-issues-to-consider\\\/\",\"name\":\"Planned Giving: Legal Issues to Consider - Ontario Arts Foundation\",\"isPartOf\":{\"@id\":\"https:\\\/\\\/oafdn.ca\\\/#website\"},\"datePublished\":\"2022-02-13T02:50:01+00:00\",\"dateModified\":\"2022-02-13T02:51:34+00:00\",\"description\":\"Planned Giving: Legal Issues to Consider Ontario Arts Foundation\",\"breadcrumb\":{\"@id\":\"https:\\\/\\\/oafdn.ca\\\/programs\\\/education-suite\\\/planned-giving-legal-issues-to-consider\\\/#breadcrumb\"},\"inLanguage\":\"fr-CA\",\"potentialAction\":[{\"@type\":\"ReadAction\",\"target\":[\"https:\\\/\\\/oafdn.ca\\\/programs\\\/education-suite\\\/planned-giving-legal-issues-to-consider\\\/\"]}]},{\"@type\":\"BreadcrumbList\",\"@id\":\"https:\\\/\\\/oafdn.ca\\\/programs\\\/education-suite\\\/planned-giving-legal-issues-to-consider\\\/#breadcrumb\",\"itemListElement\":[{\"@type\":\"ListItem\",\"position\":1,\"name\":\"Home\",\"item\":\"https:\\\/\\\/oafdn.ca\\\/\"},{\"@type\":\"ListItem\",\"position\":2,\"name\":\"Programs\",\"item\":\"https:\\\/\\\/oafdn.ca\\\/programs\\\/\"},{\"@type\":\"ListItem\",\"position\":3,\"name\":\"Education Suite\",\"item\":\"https:\\\/\\\/oafdn.ca\\\/programs\\\/education-suite\\\/\"},{\"@type\":\"ListItem\",\"position\":4,\"name\":\"Planned Giving: Legal Issues to Consider\"}]},{\"@type\":\"WebSite\",\"@id\":\"https:\\\/\\\/oafdn.ca\\\/#website\",\"url\":\"https:\\\/\\\/oafdn.ca\\\/\",\"name\":\"Ontario Arts Foundation\",\"description\":\"The Ontario Arts Foundation is a non-governmental not for profit organization established in 1991 under the Ontario Corporations Act to encourage and facilitate private giving to the arts in Ontario, Canada.\",\"publisher\":{\"@id\":\"https:\\\/\\\/oafdn.ca\\\/#organization\"},\"potentialAction\":[{\"@type\":\"SearchAction\",\"target\":{\"@type\":\"EntryPoint\",\"urlTemplate\":\"https:\\\/\\\/oafdn.ca\\\/?s={search_term_string}\"},\"query-input\":{\"@type\":\"PropertyValueSpecification\",\"valueRequired\":true,\"valueName\":\"search_term_string\"}}],\"inLanguage\":\"fr-CA\"},{\"@type\":\"Organization\",\"@id\":\"https:\\\/\\\/oafdn.ca\\\/#organization\",\"name\":\"Ontario Arts Foundation\",\"url\":\"https:\\\/\\\/oafdn.ca\\\/\",\"logo\":{\"@type\":\"ImageObject\",\"inLanguage\":\"fr-CA\",\"@id\":\"https:\\\/\\\/oafdn.ca\\\/#\\\/schema\\\/logo\\\/image\\\/\",\"url\":\"https:\\\/\\\/oafdn.ca\\\/wp-content\\\/uploads\\\/2022\\\/02\\\/logo1-1.png\",\"contentUrl\":\"https:\\\/\\\/oafdn.ca\\\/wp-content\\\/uploads\\\/2022\\\/02\\\/logo1-1.png\",\"width\":1761,\"height\":487,\"caption\":\"Ontario Arts Foundation\"},\"image\":{\"@id\":\"https:\\\/\\\/oafdn.ca\\\/#\\\/schema\\\/logo\\\/image\\\/\"},\"sameAs\":[\"https:\\\/\\\/www.facebook.com\\\/OntarioArtsFoundation\\\/\",\"https:\\\/\\\/x.com\\\/OntarioArtsFdn\"]}]}<\/script>\n<!-- \/ Yoast SEO plugin. -->","yoast_head_json":{"title":"Planned Giving: Legal Issues to Consider - Ontario Arts Foundation","description":"Planned Giving: Legal Issues to Consider Ontario Arts Foundation","robots":{"index":"index","follow":"follow","max-snippet":"max-snippet:-1","max-image-preview":"max-image-preview:large","max-video-preview":"max-video-preview:-1"},"canonical":"https:\/\/oafdn.ca\/fr\/programs\/education-suite\/planned-giving-legal-issues-to-consider\/","og_locale":"fr_CA","og_type":"article","og_title":"Planned Giving: Legal Issues to Consider - Ontario Arts Foundation","og_description":"Planned Giving: Legal Issues to Consider Ontario Arts Foundation","og_url":"https:\/\/oafdn.ca\/fr\/programs\/education-suite\/planned-giving-legal-issues-to-consider\/","og_site_name":"Ontario Arts Foundation","article_publisher":"https:\/\/www.facebook.com\/OntarioArtsFoundation\/","article_modified_time":"2022-02-13T02:51:34+00:00","twitter_card":"summary_large_image","twitter_site":"@OntarioArtsFdn","twitter_misc":{"Estimation du temps de lecture":"2 minutes"},"schema":{"@context":"https:\/\/schema.org","@graph":[{"@type":"WebPage","@id":"https:\/\/oafdn.ca\/programs\/education-suite\/planned-giving-legal-issues-to-consider\/","url":"https:\/\/oafdn.ca\/programs\/education-suite\/planned-giving-legal-issues-to-consider\/","name":"Planned Giving: Legal Issues to Consider - Ontario Arts Foundation","isPartOf":{"@id":"https:\/\/oafdn.ca\/#website"},"datePublished":"2022-02-13T02:50:01+00:00","dateModified":"2022-02-13T02:51:34+00:00","description":"Planned Giving: Legal Issues to Consider Ontario Arts Foundation","breadcrumb":{"@id":"https:\/\/oafdn.ca\/programs\/education-suite\/planned-giving-legal-issues-to-consider\/#breadcrumb"},"inLanguage":"fr-CA","potentialAction":[{"@type":"ReadAction","target":["https:\/\/oafdn.ca\/programs\/education-suite\/planned-giving-legal-issues-to-consider\/"]}]},{"@type":"BreadcrumbList","@id":"https:\/\/oafdn.ca\/programs\/education-suite\/planned-giving-legal-issues-to-consider\/#breadcrumb","itemListElement":[{"@type":"ListItem","position":1,"name":"Home","item":"https:\/\/oafdn.ca\/"},{"@type":"ListItem","position":2,"name":"Programs","item":"https:\/\/oafdn.ca\/programs\/"},{"@type":"ListItem","position":3,"name":"Education Suite","item":"https:\/\/oafdn.ca\/programs\/education-suite\/"},{"@type":"ListItem","position":4,"name":"Planned Giving: Legal Issues to Consider"}]},{"@type":"WebSite","@id":"https:\/\/oafdn.ca\/#website","url":"https:\/\/oafdn.ca\/","name":"Fondation des arts de l'Ontario","description":"The Ontario Arts Foundation is a non-governmental not for profit organization established in 1991 under the Ontario Corporations Act to encourage and facilitate private giving to the arts in Ontario, Canada.","publisher":{"@id":"https:\/\/oafdn.ca\/#organization"},"potentialAction":[{"@type":"SearchAction","target":{"@type":"EntryPoint","urlTemplate":"https:\/\/oafdn.ca\/?s={search_term_string}"},"query-input":{"@type":"PropertyValueSpecification","valueRequired":true,"valueName":"search_term_string"}}],"inLanguage":"fr-CA"},{"@type":"Organization","@id":"https:\/\/oafdn.ca\/#organization","name":"Fondation des arts de l'Ontario","url":"https:\/\/oafdn.ca\/","logo":{"@type":"ImageObject","inLanguage":"fr-CA","@id":"https:\/\/oafdn.ca\/#\/schema\/logo\/image\/","url":"https:\/\/oafdn.ca\/wp-content\/uploads\/2022\/02\/logo1-1.png","contentUrl":"https:\/\/oafdn.ca\/wp-content\/uploads\/2022\/02\/logo1-1.png","width":1761,"height":487,"caption":"Ontario Arts Foundation"},"image":{"@id":"https:\/\/oafdn.ca\/#\/schema\/logo\/image\/"},"sameAs":["https:\/\/www.facebook.com\/OntarioArtsFoundation\/","https:\/\/x.com\/OntarioArtsFdn"]}]}},"campaignId":"","_links":{"self":[{"href":"https:\/\/oafdn.ca\/fr\/wp-json\/wp\/v2\/pages\/5360","targetHints":{"allow":["GET"]}}],"collection":[{"href":"https:\/\/oafdn.ca\/fr\/wp-json\/wp\/v2\/pages"}],"about":[{"href":"https:\/\/oafdn.ca\/fr\/wp-json\/wp\/v2\/types\/page"}],"author":[{"embeddable":true,"href":"https:\/\/oafdn.ca\/fr\/wp-json\/wp\/v2\/users\/1"}],"replies":[{"embeddable":true,"href":"https:\/\/oafdn.ca\/fr\/wp-json\/wp\/v2\/comments?post=5360"}],"version-history":[{"count":4,"href":"https:\/\/oafdn.ca\/fr\/wp-json\/wp\/v2\/pages\/5360\/revisions"}],"predecessor-version":[{"id":5364,"href":"https:\/\/oafdn.ca\/fr\/wp-json\/wp\/v2\/pages\/5360\/revisions\/5364"}],"up":[{"embeddable":true,"href":"https:\/\/oafdn.ca\/fr\/wp-json\/wp\/v2\/pages\/2224"}],"wp:attachment":[{"href":"https:\/\/oafdn.ca\/fr\/wp-json\/wp\/v2\/media?parent=5360"}],"curies":[{"name":"wp","href":"https:\/\/api.w.org\/{rel}","templated":true}]}}