{"id":2221,"date":"2022-02-05T07:41:34","date_gmt":"2022-02-05T07:41:34","guid":{"rendered":"https:\/\/oafdn.ca\/?page_id=2221"},"modified":"2022-06-09T02:13:14","modified_gmt":"2022-06-09T02:13:14","slug":"corporate-philanthropy","status":"publish","type":"page","link":"https:\/\/oafdn.ca\/fr\/who-we-are\/corporate-philanthropy\/","title":{"rendered":"M\u00e9c\u00e9nat D'entreprise"},"content":{"rendered":"<div data-elementor-type=\"wp-page\" data-elementor-id=\"2221\" class=\"elementor elementor-2221\" wpc-filter-elementor-widget=\"1\">\n\t\t\t\t\t\t<section class=\"elementor-section elementor-top-section elementor-element elementor-element-4ad66e2 elementor-section-boxed elementor-section-height-default elementor-section-height-default\" data-id=\"4ad66e2\" data-element_type=\"section\" data-e-type=\"section\">\n\t\t\t\t\t\t<div class=\"elementor-container elementor-column-gap-default\">\n\t\t\t\t\t<div class=\"elementor-column elementor-col-100 elementor-top-column elementor-element elementor-element-8e993f4\" data-id=\"8e993f4\" data-element_type=\"column\" data-e-type=\"column\">\n\t\t\t<div class=\"elementor-widget-wrap elementor-element-populated\">\n\t\t\t\t\t\t<div class=\"elementor-element elementor-element-c0f6595 elementor-widget elementor-widget-image\" data-id=\"c0f6595\" data-element_type=\"widget\" data-e-type=\"widget\" data-widget_type=\"image.default\">\n\t\t\t\t<div class=\"elementor-widget-container\">\n\t\t\t\t\t\t\t\t\t\t\t\t\t\t\t<img fetchpriority=\"high\" decoding=\"async\" width=\"980\" height=\"180\" src=\"https:\/\/oafdn.ca\/wp-content\/uploads\/2022\/02\/corporate_philanthropy_header.jpg\" class=\"attachment-large size-large wp-image-2951\" alt=\"Four art performances combined and created a image\" srcset=\"https:\/\/oafdn.ca\/wp-content\/uploads\/2022\/02\/corporate_philanthropy_header.jpg 980w, https:\/\/oafdn.ca\/wp-content\/uploads\/2022\/02\/corporate_philanthropy_header-300x55.jpg 300w, https:\/\/oafdn.ca\/wp-content\/uploads\/2022\/02\/corporate_philanthropy_header-768x141.jpg 768w, https:\/\/oafdn.ca\/wp-content\/uploads\/2022\/02\/corporate_philanthropy_header-18x3.jpg 18w\" sizes=\"(max-width: 980px) 100vw, 980px\" \/>\t\t\t\t\t\t\t\t\t\t\t\t\t\t\t<\/div>\n\t\t\t\t<\/div>\n\t\t\t\t\t<\/div>\n\t\t<\/div>\n\t\t\t\t\t<\/div>\n\t\t<\/section>\n\t\t\t\t<section class=\"elementor-section elementor-top-section elementor-element elementor-element-c01c1a6 elementor-section-boxed elementor-section-height-default elementor-section-height-default\" data-id=\"c01c1a6\" data-element_type=\"section\" data-e-type=\"section\">\n\t\t\t\t\t\t<div class=\"elementor-container elementor-column-gap-default\">\n\t\t\t\t\t<div class=\"elementor-column elementor-col-100 elementor-top-column elementor-element elementor-element-0b904d7\" data-id=\"0b904d7\" data-element_type=\"column\" data-e-type=\"column\">\n\t\t\t<div class=\"elementor-widget-wrap elementor-element-populated\">\n\t\t\t\t\t\t<div class=\"elementor-element elementor-element-3e48ea4 elementor-widget elementor-widget-heading\" data-id=\"3e48ea4\" data-element_type=\"widget\" data-e-type=\"widget\" data-widget_type=\"heading.default\">\n\t\t\t\t<div class=\"elementor-widget-container\">\n\t\t\t\t\t<h4 class=\"elementor-heading-title elementor-size-medium\">M\u00e9c\u00e9nat D'entreprise<\/h4>\t\t\t\t<\/div>\n\t\t\t\t<\/div>\n\t\t\t\t<div class=\"elementor-element elementor-element-4623e58 elementor-widget-divider--view-line elementor-widget elementor-widget-divider\" data-id=\"4623e58\" data-element_type=\"widget\" data-e-type=\"widget\" data-widget_type=\"divider.default\">\n\t\t\t\t<div class=\"elementor-widget-container\">\n\t\t\t\t\t\t\t<div class=\"elementor-divider\">\n\t\t\t<span class=\"elementor-divider-separator\">\n\t\t\t\t\t\t<\/span>\n\t\t<\/div>\n\t\t\t\t\t\t<\/div>\n\t\t\t\t<\/div>\n\t\t\t\t\t<\/div>\n\t\t<\/div>\n\t\t\t\t\t<\/div>\n\t\t<\/section>\n\t\t\t\t<section class=\"elementor-section elementor-top-section elementor-element elementor-element-fbf19f1 elementor-section-boxed elementor-section-height-default elementor-section-height-default\" data-id=\"fbf19f1\" data-element_type=\"section\" data-e-type=\"section\">\n\t\t\t\t\t\t<div class=\"elementor-container elementor-column-gap-default\">\n\t\t\t\t\t<div class=\"elementor-column elementor-col-100 elementor-top-column elementor-element elementor-element-4ac98e4\" data-id=\"4ac98e4\" data-element_type=\"column\" data-e-type=\"column\">\n\t\t\t<div class=\"elementor-widget-wrap elementor-element-populated\">\n\t\t\t\t\t\t<div class=\"elementor-element elementor-element-769efd1 elementor-widget elementor-widget-text-editor\" data-id=\"769efd1\" data-element_type=\"widget\" data-e-type=\"widget\" data-widget_type=\"text-editor.default\">\n\t\t\t\t<div class=\"elementor-widget-container\">\n\t\t\t\t\t\t\t\t\t<p style=\"box-sizing: inherit; margin-bottom: 1rem; color: #292b2c; font-family: 'Helvetica Neue', Arial, sans-serif; font-size: 16px; font-style: normal; font-weight: 400;\"><span style=\"box-sizing: inherit; font-family: georgia, palatino; font-size: 13pt; color: #000000;\"><em style=\"box-sizing: inherit;\">Votre personnel traite des dizaines voire des centaines de demandes de don pour tel ou tel organisme caritatif.  Vous avez des effectifs et des ressources financi\u00e8res limit\u00e9s pour votre philanthropie, et vous avez besoin de les d\u00e9ployer de mani\u00e8re strat\u00e9gique afin de d\u00e9velopper votre marque et votre profil dans les march\u00e9s que vous avez cibl\u00e9s.<\/em><\/span><\/p><p style=\"box-sizing: inherit; margin-bottom: 1rem; color: #292b2c; font-family: 'Helvetica Neue', Arial, sans-serif; font-size: 16px; font-style: normal; font-weight: 400;\">Il y a plusieurs fa\u00e7ons dont nous pouvons vous aider \u00e0 atteindre ce but. Plut\u00f4t que de r\u00e9pondre aux demandes qui arrivent sur votre bureau, vous pourriez adopter une approche proactive. Par exemple, vous pouvez cr\u00e9er un fonds pour payer des bourses ou des r\u00e9compenses, ou soutenir un aspect particulier des arts au travers d\u2019un programme de subventions ou de fonds de contrepartie.<\/p><p style=\"box-sizing: inherit; margin-bottom: 1rem; color: #292b2c; font-family: 'Helvetica Neue', Arial, sans-serif; font-size: 16px; font-style: normal; font-weight: 400;\">Les organismes artistiques sont les cr\u00e9ateurs de l\u2019or culturel qui attire une main d\u2019\u0153uvre talentueuse et cr\u00e9ative, et une client\u00e8le ais\u00e9e dans nos villes et nos villages. Ils font cela dans un cadre de pens\u00e9e sans but lucratif, mais beaucoup d\u2019entre eux poss\u00e8dent les comp\u00e9tences pour travailler avec la communaut\u00e9 des affaires et le savoir de comment utiliser des partenariats strat\u00e9giques comme effet de levier pour qu\u2019ils soient mutuellement b\u00e9n\u00e9fiques pour tous.<\/p><p style=\"box-sizing: inherit; margin-bottom: 1rem; color: #292b2c; font-family: 'Helvetica Neue', Arial, sans-serif; font-size: 16px; font-style: normal; font-weight: 400;\">Appelez nous pour discuter de comment votre entreprise peut collaborer avec des organismes artistiques dans votre r\u00e9gion\u2026 et de le faire \u00e0 faible co\u00fbt et de mani\u00e8re fiscalement efficace, tout en construisant votre profil dans les communaut\u00e9s o\u00f9 vos employ\u00e9s et vos clients r\u00e9sident.<\/p>\t\t\t\t\t\t\t\t<\/div>\n\t\t\t\t<\/div>\n\t\t\t\t\t<\/div>\n\t\t<\/div>\n\t\t\t\t\t<\/div>\n\t\t<\/section>\n\t\t\t\t<\/div>","protected":false},"excerpt":{"rendered":"<p>Corporate Philanthropy Your staff fields dozens of requests to donate to this charity and that. You have limited staffing and financial resources for philanthropy, and you need to deploy them strategically to build your brand and your profile in the markets you target. There are several ways we can help you achieve that. Rather than [&hellip;]<\/p>\n","protected":false},"author":1,"featured_media":0,"parent":2111,"menu_order":0,"comment_status":"closed","ping_status":"closed","template":"","meta":{"_acf_changed":false,"give_campaign_id":0,"nf_dc_page":"","site-sidebar-layout":"no-sidebar","site-content-layout":"page-builder","ast-site-content-layout":"default","site-content-style":"default","site-sidebar-style":"default","ast-global-header-display":"","ast-banner-title-visibility":"","ast-main-header-display":"","ast-hfb-above-header-display":"","ast-hfb-below-header-display":"","ast-hfb-mobile-header-display":"","site-post-title":"disabled","ast-breadcrumbs-content":"","ast-featured-img":"disabled","footer-sml-layout":"","ast-disable-related-posts":"","theme-transparent-header-meta":"","adv-header-id-meta":"","stick-header-meta":"","header-above-stick-meta":"","header-main-stick-meta":"","header-below-stick-meta":"","astra-migrate-meta-layouts":"default","ast-page-background-enabled":"default","ast-page-background-meta":{"desktop":{"background-color":"","background-image":"","background-repeat":"repeat","background-position":"center center","background-size":"auto","background-attachment":"scroll","background-type":"","background-media":"","overlay-type":"","overlay-color":"","overlay-opacity":"","overlay-gradient":""},"tablet":{"background-color":"","background-image":"","background-repeat":"repeat","background-position":"center center","background-size":"auto","background-attachment":"scroll","background-type":"","background-media":"","overlay-type":"","overlay-color":"","overlay-opacity":"","overlay-gradient":""},"mobile":{"background-color":"","background-image":"","background-repeat":"repeat","background-position":"center center","background-size":"auto","background-attachment":"scroll","background-type":"","background-media":"","overlay-type":"","overlay-color":"","overlay-opacity":"","overlay-gradient":""}},"ast-content-background-meta":{"desktop":{"background-color":"var(--ast-global-color-5)","background-image":"","background-repeat":"repeat","background-position":"center center","background-size":"auto","background-attachment":"scroll","background-type":"","background-media":"","overlay-type":"","overlay-color":"","overlay-opacity":"","overlay-gradient":""},"tablet":{"background-color":"var(--ast-global-color-5)","background-image":"","background-repeat":"repeat","background-position":"center center","background-size":"auto","background-attachment":"scroll","background-type":"","background-media":"","overlay-type":"","overlay-color":"","overlay-opacity":"","overlay-gradient":""},"mobile":{"background-color":"var(--ast-global-color-5)","background-image":"","background-repeat":"repeat","background-position":"center center","background-size":"auto","background-attachment":"scroll","background-type":"","background-media":"","overlay-type":"","overlay-color":"","overlay-opacity":"","overlay-gradient":""}},"footnotes":""},"class_list":["post-2221","page","type-page","status-publish","hentry"],"acf":[],"yoast_head":"<!-- This site is optimized with the Yoast SEO plugin v27.5 - https:\/\/yoast.com\/product\/yoast-seo-wordpress\/ -->\n<title>Corporate philanthropy - Ontario Arts Foundation<\/title>\n<meta name=\"description\" content=\"Corporate philanthropy Ontario Arts Foundation\" \/>\n<meta name=\"robots\" content=\"index, follow, max-snippet:-1, max-image-preview:large, max-video-preview:-1\" \/>\n<link rel=\"canonical\" href=\"https:\/\/oafdn.ca\/fr\/who-we-are\/corporate-philanthropy\/\" \/>\n<meta property=\"og:locale\" content=\"fr_CA\" \/>\n<meta property=\"og:type\" content=\"article\" \/>\n<meta property=\"og:title\" content=\"Corporate philanthropy - Ontario Arts Foundation\" \/>\n<meta property=\"og:description\" content=\"Corporate philanthropy Ontario Arts Foundation\" \/>\n<meta property=\"og:url\" content=\"https:\/\/oafdn.ca\/fr\/who-we-are\/corporate-philanthropy\/\" \/>\n<meta property=\"og:site_name\" content=\"Ontario Arts Foundation\" \/>\n<meta property=\"article:publisher\" content=\"https:\/\/www.facebook.com\/OntarioArtsFoundation\/\" \/>\n<meta property=\"article:modified_time\" content=\"2022-06-09T02:13:14+00:00\" \/>\n<meta property=\"og:image\" content=\"https:\/\/oafdn.ca\/wp-content\/uploads\/2022\/02\/corporate_philanthropy_header.jpg\" \/>\n\t<meta property=\"og:image:width\" content=\"980\" \/>\n\t<meta property=\"og:image:height\" content=\"180\" \/>\n\t<meta property=\"og:image:type\" content=\"image\/jpeg\" \/>\n<meta name=\"twitter:card\" content=\"summary_large_image\" \/>\n<meta name=\"twitter:site\" content=\"@OntarioArtsFdn\" \/>\n<meta name=\"twitter:label1\" content=\"Estimation du temps de lecture\" \/>\n\t<meta name=\"twitter:data1\" content=\"1 minute\" \/>\n<script type=\"application\/ld+json\" class=\"yoast-schema-graph\">{\"@context\":\"https:\\\/\\\/schema.org\",\"@graph\":[{\"@type\":\"WebPage\",\"@id\":\"https:\\\/\\\/oafdn.ca\\\/who-we-are\\\/corporate-philanthropy\\\/\",\"url\":\"https:\\\/\\\/oafdn.ca\\\/who-we-are\\\/corporate-philanthropy\\\/\",\"name\":\"Corporate philanthropy - Ontario Arts Foundation\",\"isPartOf\":{\"@id\":\"https:\\\/\\\/oafdn.ca\\\/#website\"},\"primaryImageOfPage\":{\"@id\":\"https:\\\/\\\/oafdn.ca\\\/who-we-are\\\/corporate-philanthropy\\\/#primaryimage\"},\"image\":{\"@id\":\"https:\\\/\\\/oafdn.ca\\\/who-we-are\\\/corporate-philanthropy\\\/#primaryimage\"},\"thumbnailUrl\":\"https:\\\/\\\/oafdn.ca\\\/wp-content\\\/uploads\\\/2022\\\/02\\\/corporate_philanthropy_header.jpg\",\"datePublished\":\"2022-02-05T07:41:34+00:00\",\"dateModified\":\"2022-06-09T02:13:14+00:00\",\"description\":\"Corporate philanthropy Ontario Arts Foundation\",\"breadcrumb\":{\"@id\":\"https:\\\/\\\/oafdn.ca\\\/who-we-are\\\/corporate-philanthropy\\\/#breadcrumb\"},\"inLanguage\":\"fr-CA\",\"potentialAction\":[{\"@type\":\"ReadAction\",\"target\":[\"https:\\\/\\\/oafdn.ca\\\/who-we-are\\\/corporate-philanthropy\\\/\"]}]},{\"@type\":\"ImageObject\",\"inLanguage\":\"fr-CA\",\"@id\":\"https:\\\/\\\/oafdn.ca\\\/who-we-are\\\/corporate-philanthropy\\\/#primaryimage\",\"url\":\"https:\\\/\\\/oafdn.ca\\\/wp-content\\\/uploads\\\/2022\\\/02\\\/corporate_philanthropy_header.jpg\",\"contentUrl\":\"https:\\\/\\\/oafdn.ca\\\/wp-content\\\/uploads\\\/2022\\\/02\\\/corporate_philanthropy_header.jpg\"},{\"@type\":\"BreadcrumbList\",\"@id\":\"https:\\\/\\\/oafdn.ca\\\/who-we-are\\\/corporate-philanthropy\\\/#breadcrumb\",\"itemListElement\":[{\"@type\":\"ListItem\",\"position\":1,\"name\":\"Home\",\"item\":\"https:\\\/\\\/oafdn.ca\\\/\"},{\"@type\":\"ListItem\",\"position\":2,\"name\":\"About\",\"item\":\"https:\\\/\\\/oafdn.ca\\\/who-we-are\\\/\"},{\"@type\":\"ListItem\",\"position\":3,\"name\":\"Corporate philanthropy\"}]},{\"@type\":\"WebSite\",\"@id\":\"https:\\\/\\\/oafdn.ca\\\/#website\",\"url\":\"https:\\\/\\\/oafdn.ca\\\/\",\"name\":\"Ontario Arts Foundation\",\"description\":\"The Ontario Arts Foundation is a non-governmental not for profit organization established in 1991 under the Ontario Corporations Act to encourage and facilitate private giving to the arts in Ontario, Canada.\",\"publisher\":{\"@id\":\"https:\\\/\\\/oafdn.ca\\\/#organization\"},\"potentialAction\":[{\"@type\":\"SearchAction\",\"target\":{\"@type\":\"EntryPoint\",\"urlTemplate\":\"https:\\\/\\\/oafdn.ca\\\/?s={search_term_string}\"},\"query-input\":{\"@type\":\"PropertyValueSpecification\",\"valueRequired\":true,\"valueName\":\"search_term_string\"}}],\"inLanguage\":\"fr-CA\"},{\"@type\":\"Organization\",\"@id\":\"https:\\\/\\\/oafdn.ca\\\/#organization\",\"name\":\"Ontario Arts Foundation\",\"url\":\"https:\\\/\\\/oafdn.ca\\\/\",\"logo\":{\"@type\":\"ImageObject\",\"inLanguage\":\"fr-CA\",\"@id\":\"https:\\\/\\\/oafdn.ca\\\/#\\\/schema\\\/logo\\\/image\\\/\",\"url\":\"https:\\\/\\\/oafdn.ca\\\/wp-content\\\/uploads\\\/2022\\\/02\\\/logo1-1.png\",\"contentUrl\":\"https:\\\/\\\/oafdn.ca\\\/wp-content\\\/uploads\\\/2022\\\/02\\\/logo1-1.png\",\"width\":1761,\"height\":487,\"caption\":\"Ontario Arts Foundation\"},\"image\":{\"@id\":\"https:\\\/\\\/oafdn.ca\\\/#\\\/schema\\\/logo\\\/image\\\/\"},\"sameAs\":[\"https:\\\/\\\/www.facebook.com\\\/OntarioArtsFoundation\\\/\",\"https:\\\/\\\/x.com\\\/OntarioArtsFdn\"]}]}<\/script>\n<!-- \/ Yoast SEO plugin. -->","yoast_head_json":{"title":"Corporate philanthropy - Ontario Arts Foundation","description":"Corporate philanthropy Ontario Arts Foundation","robots":{"index":"index","follow":"follow","max-snippet":"max-snippet:-1","max-image-preview":"max-image-preview:large","max-video-preview":"max-video-preview:-1"},"canonical":"https:\/\/oafdn.ca\/fr\/who-we-are\/corporate-philanthropy\/","og_locale":"fr_CA","og_type":"article","og_title":"Corporate philanthropy - Ontario Arts Foundation","og_description":"Corporate philanthropy Ontario Arts Foundation","og_url":"https:\/\/oafdn.ca\/fr\/who-we-are\/corporate-philanthropy\/","og_site_name":"Ontario Arts Foundation","article_publisher":"https:\/\/www.facebook.com\/OntarioArtsFoundation\/","article_modified_time":"2022-06-09T02:13:14+00:00","og_image":[{"width":980,"height":180,"url":"https:\/\/oafdn.ca\/wp-content\/uploads\/2022\/02\/corporate_philanthropy_header.jpg","type":"image\/jpeg"}],"twitter_card":"summary_large_image","twitter_site":"@OntarioArtsFdn","twitter_misc":{"Estimation du temps de lecture":"1 minute"},"schema":{"@context":"https:\/\/schema.org","@graph":[{"@type":"WebPage","@id":"https:\/\/oafdn.ca\/who-we-are\/corporate-philanthropy\/","url":"https:\/\/oafdn.ca\/who-we-are\/corporate-philanthropy\/","name":"Corporate philanthropy - Ontario Arts Foundation","isPartOf":{"@id":"https:\/\/oafdn.ca\/#website"},"primaryImageOfPage":{"@id":"https:\/\/oafdn.ca\/who-we-are\/corporate-philanthropy\/#primaryimage"},"image":{"@id":"https:\/\/oafdn.ca\/who-we-are\/corporate-philanthropy\/#primaryimage"},"thumbnailUrl":"https:\/\/oafdn.ca\/wp-content\/uploads\/2022\/02\/corporate_philanthropy_header.jpg","datePublished":"2022-02-05T07:41:34+00:00","dateModified":"2022-06-09T02:13:14+00:00","description":"Corporate philanthropy Ontario Arts Foundation","breadcrumb":{"@id":"https:\/\/oafdn.ca\/who-we-are\/corporate-philanthropy\/#breadcrumb"},"inLanguage":"fr-CA","potentialAction":[{"@type":"ReadAction","target":["https:\/\/oafdn.ca\/who-we-are\/corporate-philanthropy\/"]}]},{"@type":"ImageObject","inLanguage":"fr-CA","@id":"https:\/\/oafdn.ca\/who-we-are\/corporate-philanthropy\/#primaryimage","url":"https:\/\/oafdn.ca\/wp-content\/uploads\/2022\/02\/corporate_philanthropy_header.jpg","contentUrl":"https:\/\/oafdn.ca\/wp-content\/uploads\/2022\/02\/corporate_philanthropy_header.jpg"},{"@type":"BreadcrumbList","@id":"https:\/\/oafdn.ca\/who-we-are\/corporate-philanthropy\/#breadcrumb","itemListElement":[{"@type":"ListItem","position":1,"name":"Home","item":"https:\/\/oafdn.ca\/"},{"@type":"ListItem","position":2,"name":"About","item":"https:\/\/oafdn.ca\/who-we-are\/"},{"@type":"ListItem","position":3,"name":"Corporate philanthropy"}]},{"@type":"WebSite","@id":"https:\/\/oafdn.ca\/#website","url":"https:\/\/oafdn.ca\/","name":"Fondation des arts de l'Ontario","description":"The Ontario Arts Foundation is a non-governmental not for profit organization established in 1991 under the Ontario Corporations Act to encourage and facilitate private giving to the arts in Ontario, Canada.","publisher":{"@id":"https:\/\/oafdn.ca\/#organization"},"potentialAction":[{"@type":"SearchAction","target":{"@type":"EntryPoint","urlTemplate":"https:\/\/oafdn.ca\/?s={search_term_string}"},"query-input":{"@type":"PropertyValueSpecification","valueRequired":true,"valueName":"search_term_string"}}],"inLanguage":"fr-CA"},{"@type":"Organization","@id":"https:\/\/oafdn.ca\/#organization","name":"Fondation des arts de l'Ontario","url":"https:\/\/oafdn.ca\/","logo":{"@type":"ImageObject","inLanguage":"fr-CA","@id":"https:\/\/oafdn.ca\/#\/schema\/logo\/image\/","url":"https:\/\/oafdn.ca\/wp-content\/uploads\/2022\/02\/logo1-1.png","contentUrl":"https:\/\/oafdn.ca\/wp-content\/uploads\/2022\/02\/logo1-1.png","width":1761,"height":487,"caption":"Ontario Arts Foundation"},"image":{"@id":"https:\/\/oafdn.ca\/#\/schema\/logo\/image\/"},"sameAs":["https:\/\/www.facebook.com\/OntarioArtsFoundation\/","https:\/\/x.com\/OntarioArtsFdn"]}]}},"campaignId":"","_links":{"self":[{"href":"https:\/\/oafdn.ca\/fr\/wp-json\/wp\/v2\/pages\/2221","targetHints":{"allow":["GET"]}}],"collection":[{"href":"https:\/\/oafdn.ca\/fr\/wp-json\/wp\/v2\/pages"}],"about":[{"href":"https:\/\/oafdn.ca\/fr\/wp-json\/wp\/v2\/types\/page"}],"author":[{"embeddable":true,"href":"https:\/\/oafdn.ca\/fr\/wp-json\/wp\/v2\/users\/1"}],"replies":[{"embeddable":true,"href":"https:\/\/oafdn.ca\/fr\/wp-json\/wp\/v2\/comments?post=2221"}],"version-history":[{"count":14,"href":"https:\/\/oafdn.ca\/fr\/wp-json\/wp\/v2\/pages\/2221\/revisions"}],"predecessor-version":[{"id":3998,"href":"https:\/\/oafdn.ca\/fr\/wp-json\/wp\/v2\/pages\/2221\/revisions\/3998"}],"up":[{"embeddable":true,"href":"https:\/\/oafdn.ca\/fr\/wp-json\/wp\/v2\/pages\/2111"}],"wp:attachment":[{"href":"https:\/\/oafdn.ca\/fr\/wp-json\/wp\/v2\/media?parent=2221"}],"curies":[{"name":"wp","href":"https:\/\/api.w.org\/{rel}","templated":true}]}}