{"id":2182,"date":"2022-02-05T07:13:27","date_gmt":"2022-02-05T07:13:27","guid":{"rendered":"https:\/\/oafdn.ca\/?page_id=2182"},"modified":"2023-03-21T17:04:12","modified_gmt":"2023-03-21T17:04:12","slug":"how-we-manage-your-investments","status":"publish","type":"page","link":"https:\/\/oafdn.ca\/fr\/who-we-are\/how-we-manage-your-investments\/","title":{"rendered":"Comment g\u00e9rons nous vos investissements"},"content":{"rendered":"<div data-elementor-type=\"wp-page\" data-elementor-id=\"2182\" class=\"elementor elementor-2182\" wpc-filter-elementor-widget=\"1\">\n\t\t\t\t\t\t<section class=\"elementor-section elementor-top-section elementor-element elementor-element-e103d5e elementor-section-boxed elementor-section-height-default elementor-section-height-default\" data-id=\"e103d5e\" data-element_type=\"section\" data-e-type=\"section\">\n\t\t\t\t\t\t<div class=\"elementor-container elementor-column-gap-default\">\n\t\t\t\t\t<div class=\"elementor-column elementor-col-100 elementor-top-column elementor-element elementor-element-a6c6d06\" data-id=\"a6c6d06\" data-element_type=\"column\" data-e-type=\"column\">\n\t\t\t<div class=\"elementor-widget-wrap elementor-element-populated\">\n\t\t\t\t\t\t<div class=\"elementor-element elementor-element-c08075f elementor-widget elementor-widget-heading\" data-id=\"c08075f\" data-element_type=\"widget\" data-e-type=\"widget\" data-widget_type=\"heading.default\">\n\t\t\t\t<div class=\"elementor-widget-container\">\n\t\t\t\t\t<h4 class=\"elementor-heading-title elementor-size-medium\">Comment g\u00e9rons nous vos investissements<\/h4>\t\t\t\t<\/div>\n\t\t\t\t<\/div>\n\t\t\t\t<div class=\"elementor-element elementor-element-15df23c elementor-widget-divider--view-line elementor-widget elementor-widget-divider\" data-id=\"15df23c\" data-element_type=\"widget\" data-e-type=\"widget\" data-widget_type=\"divider.default\">\n\t\t\t\t<div class=\"elementor-widget-container\">\n\t\t\t\t\t\t\t<div class=\"elementor-divider\">\n\t\t\t<span class=\"elementor-divider-separator\">\n\t\t\t\t\t\t<\/span>\n\t\t<\/div>\n\t\t\t\t\t\t<\/div>\n\t\t\t\t<\/div>\n\t\t\t\t\t<\/div>\n\t\t<\/div>\n\t\t\t\t\t<\/div>\n\t\t<\/section>\n\t\t\t\t<section class=\"elementor-section elementor-top-section elementor-element elementor-element-0e48ff2 elementor-section-boxed elementor-section-height-default elementor-section-height-default\" data-id=\"0e48ff2\" data-element_type=\"section\" data-e-type=\"section\">\n\t\t\t\t\t\t<div class=\"elementor-container elementor-column-gap-default\">\n\t\t\t\t\t<div class=\"elementor-column elementor-col-100 elementor-top-column elementor-element elementor-element-4f51f9b\" data-id=\"4f51f9b\" data-element_type=\"column\" data-e-type=\"column\">\n\t\t\t<div class=\"elementor-widget-wrap elementor-element-populated\">\n\t\t\t\t\t\t<div class=\"elementor-element elementor-element-8a39ea8 elementor-widget elementor-widget-text-editor\" data-id=\"8a39ea8\" data-element_type=\"widget\" data-e-type=\"widget\" data-widget_type=\"text-editor.default\">\n\t\t\t\t<div class=\"elementor-widget-container\">\n\t\t\t\t\t\t\t\t\t<h2 style=\"box-sizing: inherit; margin-bottom: 0.5rem; font-family: 'Helvetica Neue', Arial, sans-serif; font-weight: 500; line-height: normal; color: #292b2c; font-size: 2rem; font-style: normal; text-transform: none;\"><span style=\"font-family: helvetica; font-size: 11pt; font-style: inherit; font-weight: inherit; background-color: var(--ast-global-color-5);\">Quand un fonds de long terme, un prix ou une bourse est \u00e9tabli avec la Fondation des arts de l\u2019Ontario, la fondation assume la responsabilit\u00e9 de l\u2019investissement des actifs formant le fonds.<\/span><\/h2><p class=\"MsoNormal\" style=\"box-sizing: inherit; margin-bottom: 1rem; color: #292b2c; font-family: 'Helvetica Neue', Arial, sans-serif; font-size: 16px; font-style: normal; font-weight: 400;\"><span lang=\"EN-CA\" style=\"box-sizing: inherit; font-family: helvetica; font-size: 11pt;\">Le conseil d\u2019administration d\u00e9termine une strat\u00e9gie d\u2019investissement, qui est document\u00e9e dans la D\u00e9claration de politique d\u2019investissement (DPI) et la surveille sur une base r\u00e9guli\u00e8re.<\/span><\/p><p class=\"MsoNormal\" style=\"box-sizing: inherit; margin-bottom: 1rem; color: #292b2c; font-family: 'Helvetica Neue', Arial, sans-serif; font-size: 16px; font-style: normal; font-weight: 400;\"><span lang=\"EN-CA\" style=\"box-sizing: inherit; font-family: helvetica; font-size: 11pt;\">Tous les actifs d\u00e9tenus dans le fonds sont regroup\u00e9s ensemble \u00e0 des fins d\u2019investissements, et ils sont investis avec des gestionnaires d\u2019investissement professionnels externes. Nous utilisons plus d\u2019un gestionnaire afin de b\u00e9n\u00e9ficier d\u2019une expertise d\u2019investissement de premier plan, de diversifier notre portefeuille et d\u2019att\u00e9nuer les risques du march\u00e9.\n\nNotre objectif de long terme en mati\u00e8re d\u2019investissement d\u2019actifs est de fournir un niveau de revenu stable et pr\u00e9visible pour soutenir les organismes artistiques et financer des prix et bourses. Alors que le capital cro\u00eet parall\u00e8lement \u00e0 la performance du march\u00e9, les paiements annuels augmentent en cons\u00e9quence. Une partie des rendements annuels est r\u00e9investie, apr\u00e8s un examen par le conseil d'administration, afin de prot\u00e9ger la valeur du capital contre l'inflation et de constituer une r\u00e9serve pour financer un paiement dans une ann\u00e9e o\u00f9 le rendement des placements est plus faible. Ces derni\u00e8res ann\u00e9es se sont av\u00e9r\u00e9es difficiles, mais notre philosophie d'investissement est solide et commun\u00e9ment partag\u00e9e par les fonds de capitaux \u00e0 long terme \/ fonds de dotation.<\/span><\/p><p style=\"box-sizing: inherit; margin-bottom: 1rem; color: #292b2c; font-family: 'Helvetica Neue', Arial, sans-serif; font-size: 16px; font-style: normal; font-weight: 400;\"><span style=\"box-sizing: inherit; font-size: 11pt;\"><span style=\"box-sizing: inherit; line-height: 16.8667px; font-family: helvetica;\">Un r\u00e9sum\u00e9 d\u2019information sur la croissance des actifs d\u2019investissement, la performance de long terme et les paiements est d\u00e9crit dans le document \u00e0 ce lien.<\/span><span style=\"box-sizing: inherit; font-family: helvetica;\">.<\/span><\/span><\/p><p><a href=\"https:\/\/oafdn.ca\/wp-content\/uploads\/2023\/03\/IPS-February-2023.pdf\">\u00c9nonc\u00e9 de politique de placement<\/a><\/p><p style=\"box-sizing: inherit; margin-bottom: 1rem; color: #292b2c; font-family: 'Helvetica Neue', Arial, sans-serif; font-size: 16px; font-style: normal; font-weight: 400;\"><span class=\"plain_black\" style=\"box-sizing: inherit; color: #000000 !important; font-family: helvetica; font-size: 15pt;\">Nos gestionnaires d\u2019investissements<\/span><\/p><p style=\"box-sizing: inherit; margin-bottom: 1rem; color: #292b2c; font-family: 'Helvetica Neue', Arial, sans-serif; font-size: 16px; font-style: normal; font-weight: 400;\"><span style=\"box-sizing: inherit; font-family: helvetica; font-size: 11pt;\"><a style=\"box-sizing: inherit; color: #cb6141; touch-action: manipulation;\" title=\"\" href=\"https:\/\/www.burgundyasset.com\/\"><span style=\"box-sizing: inherit; font-weight: bolder;\">Burgundy Asset Management<\/span><\/a>\u00a0est un gestionnaire d\u2019investissements de premier rang mondial assurant la gestion discr\u00e9tionnaire de placements pour des clients priv\u00e9s, des fondations, des fonds de dotations, des retraites et des finances familiales. La soci\u00e9t\u00e9 cherche la valeur dans les entreprises solides gr\u00e2ce \u00e0 une rigoureuse analyse fondamentale qui lui permet de trouver des soci\u00e9t\u00e9s solides, sous-\u00e9valu\u00e9es et avec le potentiel d'atteindre des rendements absolus solides, sur le long terme.<\/span><\/p><p style=\"box-sizing: inherit; margin-bottom: 1rem; color: #292b2c; font-family: 'Helvetica Neue', Arial, sans-serif; font-size: 16px; font-style: normal; font-weight: 400;\"><span style=\"box-sizing: inherit; font-family: helvetica; font-size: 14.6667px;\"><span style=\"box-sizing: inherit; font-weight: bolder;\"><a style=\"box-sizing: inherit; color: #cb6141; touch-action: manipulation;\" title=\"\" href=\"http:\/\/www.turtlecreek.ca\/\">Turtle Creek Asset Management<\/a><\/span>\u00a0- est une soci\u00e9t\u00e9 de gestion de placements ind\u00e9pendante ax\u00e9e sur la croissance du capital \u00e0 long terme pour une client\u00e8le de particuliers, de familles et d'institutions fortun\u00e9s. La Fondation est investie dans le Fonds d'actions \u00ab Turtle Creek Equity Fund \u00bb qui cherche \u00e0 fournir une croissance du capital \u00e0 long terme en investissant dans les actions ordinaires d'entreprises publiques.\u00a0<span class=\"blue\" style=\"box-sizing: inherit; color: #5675b8;\">-<\/span>\u00a0-<\/span><\/p><p style=\"box-sizing: inherit; margin-bottom: 1rem; color: #292b2c; font-family: 'Helvetica Neue', Arial, sans-serif; font-size: 16px; font-style: normal; font-weight: 400;\"><span style=\"box-sizing: inherit; font-family: helvetica; font-size: 14.6667px;\"><span style=\"box-sizing: inherit; font-weight: bolder;\"><a style=\"box-sizing: inherit; color: #cb6141; touch-action: manipulation;\" title=\"\" href=\"https:\/\/cclinfrastructure.cclgroup.com\/\/\">Connor Clark and Lunn<\/a><\/span> - est un propri\u00e9taire exp\u00e9riment\u00e9 et un gestionnaire engag\u00e9 d'actifs li\u00e9s \u00e0 l'infrastructure. Ils ont fait leurs preuves dans la fourniture d'actifs d'infrastructure critiques et r\u00e9silients aux communaut\u00e9s locales tout en cr\u00e9ant de la valeur pour les investisseurs.<br \/><\/span><\/p><p style=\"box-sizing: inherit; margin-bottom: 1rem; color: #292b2c; font-family: 'Helvetica Neue', Arial, sans-serif; font-size: 16px; font-style: normal; font-weight: 400;\">\u00a0<\/p>\t\t\t\t\t\t\t\t<\/div>\n\t\t\t\t<\/div>\n\t\t\t\t\t<\/div>\n\t\t<\/div>\n\t\t\t\t\t<\/div>\n\t\t<\/section>\n\t\t\t\t<\/div>","protected":false},"excerpt":{"rendered":"<p>How We Manage Your Investments When a long-term fund, award or scholarship is established with the Ontario Arts Foundation, the foundation assumes responsibility for the investment of the assets forming the fund. The Board of Directors establishes an investment strategy, which it documents in an Investment Policy Statement (IPS) and monitors on a regular basis. [&hellip;]<\/p>\n","protected":false},"author":1,"featured_media":0,"parent":2111,"menu_order":0,"comment_status":"closed","ping_status":"closed","template":"","meta":{"_acf_changed":false,"give_campaign_id":0,"nf_dc_page":"","site-sidebar-layout":"no-sidebar","site-content-layout":"page-builder","ast-site-content-layout":"default","site-content-style":"default","site-sidebar-style":"default","ast-global-header-display":"","ast-banner-title-visibility":"","ast-main-header-display":"","ast-hfb-above-header-display":"","ast-hfb-below-header-display":"","ast-hfb-mobile-header-display":"","site-post-title":"disabled","ast-breadcrumbs-content":"","ast-featured-img":"disabled","footer-sml-layout":"","ast-disable-related-posts":"","theme-transparent-header-meta":"","adv-header-id-meta":"","stick-header-meta":"","header-above-stick-meta":"","header-main-stick-meta":"","header-below-stick-meta":"","astra-migrate-meta-layouts":"default","ast-page-background-enabled":"default","ast-page-background-meta":{"desktop":{"background-color":"","background-image":"","background-repeat":"repeat","background-position":"center center","background-size":"auto","background-attachment":"scroll","background-type":"","background-media":"","overlay-type":"","overlay-color":"","overlay-opacity":"","overlay-gradient":""},"tablet":{"background-color":"","background-image":"","background-repeat":"repeat","background-position":"center center","background-size":"auto","background-attachment":"scroll","background-type":"","background-media":"","overlay-type":"","overlay-color":"","overlay-opacity":"","overlay-gradient":""},"mobile":{"background-color":"","background-image":"","background-repeat":"repeat","background-position":"center center","background-size":"auto","background-attachment":"scroll","background-type":"","background-media":"","overlay-type":"","overlay-color":"","overlay-opacity":"","overlay-gradient":""}},"ast-content-background-meta":{"desktop":{"background-color":"var(--ast-global-color-5)","background-image":"","background-repeat":"repeat","background-position":"center center","background-size":"auto","background-attachment":"scroll","background-type":"","background-media":"","overlay-type":"","overlay-color":"","overlay-opacity":"","overlay-gradient":""},"tablet":{"background-color":"var(--ast-global-color-5)","background-image":"","background-repeat":"repeat","background-position":"center center","background-size":"auto","background-attachment":"scroll","background-type":"","background-media":"","overlay-type":"","overlay-color":"","overlay-opacity":"","overlay-gradient":""},"mobile":{"background-color":"var(--ast-global-color-5)","background-image":"","background-repeat":"repeat","background-position":"center center","background-size":"auto","background-attachment":"scroll","background-type":"","background-media":"","overlay-type":"","overlay-color":"","overlay-opacity":"","overlay-gradient":""}},"footnotes":""},"class_list":["post-2182","page","type-page","status-publish","hentry"],"acf":[],"yoast_head":"<!-- This site is optimized with the Yoast SEO plugin v27.5 - https:\/\/yoast.com\/product\/yoast-seo-wordpress\/ -->\n<title>How We Manage Your Investments - Ontario Arts Foundation<\/title>\n<meta name=\"description\" content=\"How We Manage Your Investments Ontario Arts Foundation\" \/>\n<meta name=\"robots\" content=\"index, follow, max-snippet:-1, max-image-preview:large, max-video-preview:-1\" \/>\n<link rel=\"canonical\" href=\"https:\/\/oafdn.ca\/fr\/who-we-are\/how-we-manage-your-investments\/\" \/>\n<meta property=\"og:locale\" content=\"fr_CA\" \/>\n<meta property=\"og:type\" content=\"article\" \/>\n<meta property=\"og:title\" content=\"How We Manage Your Investments - Ontario Arts Foundation\" \/>\n<meta property=\"og:description\" content=\"How We Manage Your Investments Ontario Arts Foundation\" \/>\n<meta property=\"og:url\" content=\"https:\/\/oafdn.ca\/fr\/who-we-are\/how-we-manage-your-investments\/\" \/>\n<meta property=\"og:site_name\" content=\"Ontario Arts Foundation\" \/>\n<meta property=\"article:publisher\" content=\"https:\/\/www.facebook.com\/OntarioArtsFoundation\/\" \/>\n<meta property=\"article:modified_time\" content=\"2023-03-21T17:04:12+00:00\" \/>\n<meta name=\"twitter:card\" content=\"summary_large_image\" \/>\n<meta name=\"twitter:site\" content=\"@OntarioArtsFdn\" \/>\n<meta name=\"twitter:label1\" content=\"Estimation du temps de lecture\" \/>\n\t<meta name=\"twitter:data1\" content=\"2 minutes\" \/>\n<script type=\"application\/ld+json\" class=\"yoast-schema-graph\">{\"@context\":\"https:\\\/\\\/schema.org\",\"@graph\":[{\"@type\":\"WebPage\",\"@id\":\"https:\\\/\\\/oafdn.ca\\\/who-we-are\\\/how-we-manage-your-investments\\\/\",\"url\":\"https:\\\/\\\/oafdn.ca\\\/who-we-are\\\/how-we-manage-your-investments\\\/\",\"name\":\"How We Manage Your Investments - Ontario Arts Foundation\",\"isPartOf\":{\"@id\":\"https:\\\/\\\/oafdn.ca\\\/#website\"},\"datePublished\":\"2022-02-05T07:13:27+00:00\",\"dateModified\":\"2023-03-21T17:04:12+00:00\",\"description\":\"How We Manage Your Investments Ontario Arts Foundation\",\"breadcrumb\":{\"@id\":\"https:\\\/\\\/oafdn.ca\\\/who-we-are\\\/how-we-manage-your-investments\\\/#breadcrumb\"},\"inLanguage\":\"fr-CA\",\"potentialAction\":[{\"@type\":\"ReadAction\",\"target\":[\"https:\\\/\\\/oafdn.ca\\\/who-we-are\\\/how-we-manage-your-investments\\\/\"]}]},{\"@type\":\"BreadcrumbList\",\"@id\":\"https:\\\/\\\/oafdn.ca\\\/who-we-are\\\/how-we-manage-your-investments\\\/#breadcrumb\",\"itemListElement\":[{\"@type\":\"ListItem\",\"position\":1,\"name\":\"Home\",\"item\":\"https:\\\/\\\/oafdn.ca\\\/\"},{\"@type\":\"ListItem\",\"position\":2,\"name\":\"About\",\"item\":\"https:\\\/\\\/oafdn.ca\\\/who-we-are\\\/\"},{\"@type\":\"ListItem\",\"position\":3,\"name\":\"How We Manage Your Investments\"}]},{\"@type\":\"WebSite\",\"@id\":\"https:\\\/\\\/oafdn.ca\\\/#website\",\"url\":\"https:\\\/\\\/oafdn.ca\\\/\",\"name\":\"Ontario Arts Foundation\",\"description\":\"The Ontario Arts Foundation is a non-governmental not for profit organization established in 1991 under the Ontario Corporations Act to encourage and facilitate private giving to the arts in Ontario, Canada.\",\"publisher\":{\"@id\":\"https:\\\/\\\/oafdn.ca\\\/#organization\"},\"potentialAction\":[{\"@type\":\"SearchAction\",\"target\":{\"@type\":\"EntryPoint\",\"urlTemplate\":\"https:\\\/\\\/oafdn.ca\\\/?s={search_term_string}\"},\"query-input\":{\"@type\":\"PropertyValueSpecification\",\"valueRequired\":true,\"valueName\":\"search_term_string\"}}],\"inLanguage\":\"fr-CA\"},{\"@type\":\"Organization\",\"@id\":\"https:\\\/\\\/oafdn.ca\\\/#organization\",\"name\":\"Ontario Arts Foundation\",\"url\":\"https:\\\/\\\/oafdn.ca\\\/\",\"logo\":{\"@type\":\"ImageObject\",\"inLanguage\":\"fr-CA\",\"@id\":\"https:\\\/\\\/oafdn.ca\\\/#\\\/schema\\\/logo\\\/image\\\/\",\"url\":\"https:\\\/\\\/oafdn.ca\\\/wp-content\\\/uploads\\\/2022\\\/02\\\/logo1-1.png\",\"contentUrl\":\"https:\\\/\\\/oafdn.ca\\\/wp-content\\\/uploads\\\/2022\\\/02\\\/logo1-1.png\",\"width\":1761,\"height\":487,\"caption\":\"Ontario Arts Foundation\"},\"image\":{\"@id\":\"https:\\\/\\\/oafdn.ca\\\/#\\\/schema\\\/logo\\\/image\\\/\"},\"sameAs\":[\"https:\\\/\\\/www.facebook.com\\\/OntarioArtsFoundation\\\/\",\"https:\\\/\\\/x.com\\\/OntarioArtsFdn\"]}]}<\/script>\n<!-- \/ Yoast SEO plugin. -->","yoast_head_json":{"title":"How We Manage Your Investments - Ontario Arts Foundation","description":"How We Manage Your Investments Ontario Arts Foundation","robots":{"index":"index","follow":"follow","max-snippet":"max-snippet:-1","max-image-preview":"max-image-preview:large","max-video-preview":"max-video-preview:-1"},"canonical":"https:\/\/oafdn.ca\/fr\/who-we-are\/how-we-manage-your-investments\/","og_locale":"fr_CA","og_type":"article","og_title":"How We Manage Your Investments - Ontario Arts Foundation","og_description":"How We Manage Your Investments Ontario Arts Foundation","og_url":"https:\/\/oafdn.ca\/fr\/who-we-are\/how-we-manage-your-investments\/","og_site_name":"Ontario Arts Foundation","article_publisher":"https:\/\/www.facebook.com\/OntarioArtsFoundation\/","article_modified_time":"2023-03-21T17:04:12+00:00","twitter_card":"summary_large_image","twitter_site":"@OntarioArtsFdn","twitter_misc":{"Estimation du temps de lecture":"2 minutes"},"schema":{"@context":"https:\/\/schema.org","@graph":[{"@type":"WebPage","@id":"https:\/\/oafdn.ca\/who-we-are\/how-we-manage-your-investments\/","url":"https:\/\/oafdn.ca\/who-we-are\/how-we-manage-your-investments\/","name":"How We Manage Your Investments - Ontario Arts Foundation","isPartOf":{"@id":"https:\/\/oafdn.ca\/#website"},"datePublished":"2022-02-05T07:13:27+00:00","dateModified":"2023-03-21T17:04:12+00:00","description":"How We Manage Your Investments Ontario Arts Foundation","breadcrumb":{"@id":"https:\/\/oafdn.ca\/who-we-are\/how-we-manage-your-investments\/#breadcrumb"},"inLanguage":"fr-CA","potentialAction":[{"@type":"ReadAction","target":["https:\/\/oafdn.ca\/who-we-are\/how-we-manage-your-investments\/"]}]},{"@type":"BreadcrumbList","@id":"https:\/\/oafdn.ca\/who-we-are\/how-we-manage-your-investments\/#breadcrumb","itemListElement":[{"@type":"ListItem","position":1,"name":"Home","item":"https:\/\/oafdn.ca\/"},{"@type":"ListItem","position":2,"name":"About","item":"https:\/\/oafdn.ca\/who-we-are\/"},{"@type":"ListItem","position":3,"name":"How We Manage Your Investments"}]},{"@type":"WebSite","@id":"https:\/\/oafdn.ca\/#website","url":"https:\/\/oafdn.ca\/","name":"Fondation des arts de l'Ontario","description":"The Ontario Arts Foundation is a non-governmental not for profit organization established in 1991 under the Ontario Corporations Act to encourage and facilitate private giving to the arts in Ontario, Canada.","publisher":{"@id":"https:\/\/oafdn.ca\/#organization"},"potentialAction":[{"@type":"SearchAction","target":{"@type":"EntryPoint","urlTemplate":"https:\/\/oafdn.ca\/?s={search_term_string}"},"query-input":{"@type":"PropertyValueSpecification","valueRequired":true,"valueName":"search_term_string"}}],"inLanguage":"fr-CA"},{"@type":"Organization","@id":"https:\/\/oafdn.ca\/#organization","name":"Fondation des arts de l'Ontario","url":"https:\/\/oafdn.ca\/","logo":{"@type":"ImageObject","inLanguage":"fr-CA","@id":"https:\/\/oafdn.ca\/#\/schema\/logo\/image\/","url":"https:\/\/oafdn.ca\/wp-content\/uploads\/2022\/02\/logo1-1.png","contentUrl":"https:\/\/oafdn.ca\/wp-content\/uploads\/2022\/02\/logo1-1.png","width":1761,"height":487,"caption":"Ontario Arts Foundation"},"image":{"@id":"https:\/\/oafdn.ca\/#\/schema\/logo\/image\/"},"sameAs":["https:\/\/www.facebook.com\/OntarioArtsFoundation\/","https:\/\/x.com\/OntarioArtsFdn"]}]}},"campaignId":"","_links":{"self":[{"href":"https:\/\/oafdn.ca\/fr\/wp-json\/wp\/v2\/pages\/2182","targetHints":{"allow":["GET"]}}],"collection":[{"href":"https:\/\/oafdn.ca\/fr\/wp-json\/wp\/v2\/pages"}],"about":[{"href":"https:\/\/oafdn.ca\/fr\/wp-json\/wp\/v2\/types\/page"}],"author":[{"embeddable":true,"href":"https:\/\/oafdn.ca\/fr\/wp-json\/wp\/v2\/users\/1"}],"replies":[{"embeddable":true,"href":"https:\/\/oafdn.ca\/fr\/wp-json\/wp\/v2\/comments?post=2182"}],"version-history":[{"count":5,"href":"https:\/\/oafdn.ca\/fr\/wp-json\/wp\/v2\/pages\/2182\/revisions"}],"predecessor-version":[{"id":125295,"href":"https:\/\/oafdn.ca\/fr\/wp-json\/wp\/v2\/pages\/2182\/revisions\/125295"}],"up":[{"embeddable":true,"href":"https:\/\/oafdn.ca\/fr\/wp-json\/wp\/v2\/pages\/2111"}],"wp:attachment":[{"href":"https:\/\/oafdn.ca\/fr\/wp-json\/wp\/v2\/media?parent=2182"}],"curies":[{"name":"wp","href":"https:\/\/api.w.org\/{rel}","templated":true}]}}