{"id":2159,"date":"2022-02-05T06:26:15","date_gmt":"2022-02-05T06:26:15","guid":{"rendered":"https:\/\/oafdn.ca\/?page_id=2159"},"modified":"2022-06-09T02:15:59","modified_gmt":"2022-06-09T02:15:59","slug":"programs","status":"publish","type":"page","link":"https:\/\/oafdn.ca\/fr\/programs\/","title":{"rendered":"Programme"},"content":{"rendered":"<div data-elementor-type=\"wp-page\" data-elementor-id=\"2159\" class=\"elementor elementor-2159\" wpc-filter-elementor-widget=\"1\">\n\t\t\t\t\t\t<section class=\"elementor-section elementor-top-section elementor-element elementor-element-6f4c942 elementor-section-boxed elementor-section-height-default elementor-section-height-default\" data-id=\"6f4c942\" data-element_type=\"section\" data-e-type=\"section\">\n\t\t\t\t\t\t<div class=\"elementor-container elementor-column-gap-default\">\n\t\t\t\t\t<div class=\"elementor-column elementor-col-100 elementor-top-column elementor-element elementor-element-8cef8f7\" data-id=\"8cef8f7\" data-element_type=\"column\" data-e-type=\"column\">\n\t\t\t<div class=\"elementor-widget-wrap elementor-element-populated\">\n\t\t\t\t\t\t<div class=\"elementor-element elementor-element-ff5f809 elementor-widget elementor-widget-image\" data-id=\"ff5f809\" data-element_type=\"widget\" data-e-type=\"widget\" data-widget_type=\"image.default\">\n\t\t\t\t<div class=\"elementor-widget-container\">\n\t\t\t\t\t\t\t\t\t\t\t\t\t\t\t<img fetchpriority=\"high\" decoding=\"async\" width=\"980\" height=\"180\" src=\"https:\/\/oafdn.ca\/wp-content\/uploads\/2022\/02\/Arts_Organizations_Banner.jpg\" class=\"attachment-large size-large wp-image-2956\" alt=\"4 images combined art performances\" srcset=\"https:\/\/oafdn.ca\/wp-content\/uploads\/2022\/02\/Arts_Organizations_Banner.jpg 980w, https:\/\/oafdn.ca\/wp-content\/uploads\/2022\/02\/Arts_Organizations_Banner-300x55.jpg 300w, https:\/\/oafdn.ca\/wp-content\/uploads\/2022\/02\/Arts_Organizations_Banner-768x141.jpg 768w, https:\/\/oafdn.ca\/wp-content\/uploads\/2022\/02\/Arts_Organizations_Banner-18x3.jpg 18w\" sizes=\"(max-width: 980px) 100vw, 980px\" \/>\t\t\t\t\t\t\t\t\t\t\t\t\t\t\t<\/div>\n\t\t\t\t<\/div>\n\t\t\t\t\t<\/div>\n\t\t<\/div>\n\t\t\t\t\t<\/div>\n\t\t<\/section>\n\t\t\t\t<section class=\"elementor-section elementor-top-section elementor-element elementor-element-cb14b69 elementor-section-boxed elementor-section-height-default elementor-section-height-default\" data-id=\"cb14b69\" data-element_type=\"section\" data-e-type=\"section\">\n\t\t\t\t\t\t<div class=\"elementor-container elementor-column-gap-default\">\n\t\t\t\t\t<div class=\"elementor-column elementor-col-100 elementor-top-column elementor-element elementor-element-35491e8\" data-id=\"35491e8\" data-element_type=\"column\" data-e-type=\"column\">\n\t\t\t<div class=\"elementor-widget-wrap elementor-element-populated\">\n\t\t\t\t\t\t<div class=\"elementor-element elementor-element-aaebdde elementor-widget elementor-widget-heading\" data-id=\"aaebdde\" data-element_type=\"widget\" data-e-type=\"widget\" data-widget_type=\"heading.default\">\n\t\t\t\t<div class=\"elementor-widget-container\">\n\t\t\t\t\t<h4 class=\"elementor-heading-title elementor-size-medium\">Organismes artistiques<\/h4>\t\t\t\t<\/div>\n\t\t\t\t<\/div>\n\t\t\t\t<div class=\"elementor-element elementor-element-34a4f97 elementor-widget-divider--view-line elementor-widget elementor-widget-divider\" data-id=\"34a4f97\" data-element_type=\"widget\" data-e-type=\"widget\" data-widget_type=\"divider.default\">\n\t\t\t\t<div class=\"elementor-widget-container\">\n\t\t\t\t\t\t\t<div class=\"elementor-divider\">\n\t\t\t<span class=\"elementor-divider-separator\">\n\t\t\t\t\t\t<\/span>\n\t\t<\/div>\n\t\t\t\t\t\t<\/div>\n\t\t\t\t<\/div>\n\t\t\t\t\t<\/div>\n\t\t<\/div>\n\t\t\t\t\t<\/div>\n\t\t<\/section>\n\t\t\t\t<section class=\"elementor-section elementor-top-section elementor-element elementor-element-a9314ea elementor-section-boxed elementor-section-height-default elementor-section-height-default\" data-id=\"a9314ea\" data-element_type=\"section\" data-e-type=\"section\">\n\t\t\t\t\t\t<div class=\"elementor-container elementor-column-gap-default\">\n\t\t\t\t\t<div class=\"elementor-column elementor-col-100 elementor-top-column elementor-element elementor-element-dbc93c5\" data-id=\"dbc93c5\" data-element_type=\"column\" data-e-type=\"column\">\n\t\t\t<div class=\"elementor-widget-wrap elementor-element-populated\">\n\t\t\t\t\t\t<div class=\"elementor-element elementor-element-b96476b elementor-widget elementor-widget-text-editor\" data-id=\"b96476b\" data-element_type=\"widget\" data-e-type=\"widget\" data-widget_type=\"text-editor.default\">\n\t\t\t\t<div class=\"elementor-widget-container\">\n\t\t\t\t\t\t\t\t\t<p style=\"box-sizing: inherit; margin-bottom: 1rem; color: #292b2c; font-family: 'Helvetica Neue', Arial, sans-serif; font-size: 16px; font-style: normal; font-weight: 400;\"><span style=\"box-sizing: inherit; font-size: 13pt; font-family: georgia, palatino; color: #000000;\"><em style=\"box-sizing: inherit;\">Pourquoi envisageriez-vous de verrouiller votre capital dans un fonds \u00e0 long terme ?<br style=\"box-sizing: inherit;\" \/>Les organismes artistiques sont comme ces proverbiaux filateurs de paille qui se transforment en or, puisque vos dons se concr\u00e9tisent chaque ann\u00e9e. Mais le monde de la philanthropie est en train de changer. De plus en plus de donateurs r\u00e9fl\u00e9chissent de mani\u00e8re strat\u00e9gique, et cela s\u2019inscrit souvent dans une perspective \u00e0 long terme.<\/em><\/span><\/p><p style=\"box-sizing: inherit; margin-bottom: 1rem; color: #292b2c; font-family: 'Helvetica Neue', Arial, sans-serif; font-size: 16px; font-style: normal; font-weight: 400;\"><span style=\"box-sizing: inherit; font-family: georgia, palatino;\">Lorsqu\u2019il s\u2019agit de livrer un produit dans les d\u00e9lais et dans le respect du budget, vous avez peu d\u2019\u00e9gaux dans le monde des affaires. Une soir\u00e9e d'ouverture est fix\u00e9e \u00e0 une date lointaine, et \u00e0 20 heures ce soir-l\u00e0, les portes s'ouvrent et la magie commence\u2026 et votre public n'a aucune id\u00e9e des d\u00e9fis financiers impliqu\u00e9s pour que cela se produise. Ann\u00e9e apr\u00e8s ann\u00e9e, vous projetez une ombre bien plus longue que ce que vos ressources semblent permettre.<\/span><\/p><p style=\"box-sizing: inherit; margin-bottom: 1rem; color: #292b2c; font-family: 'Helvetica Neue', Arial, sans-serif; font-size: 16px; font-style: normal; font-weight: 400;\"><span style=\"box-sizing: inherit; font-family: georgia, palatino;\">Nous n\u2019allons donc pas vous faire la le\u00e7on sur la n\u00e9cessit\u00e9 d\u2019une ind\u00e9pendance financi\u00e8re, de la responsabilit\u00e9 et de la planification \u00e0 long terme. Nous comprenons qu\u2019il est difficile de planifier une stabilit\u00e9 financi\u00e8re \u00e0 long terme alors qu\u2019il y a tant de besoins urgents au cours de l\u2019ann\u00e9e d\u2019exploitation en cours. Mais en ayant acc\u00e8s \u00e0 des strat\u00e9gies d\u2019investissement, des conseils et des ressources qui ne vous seraient peut-\u00eatre pas accessibles autrement, nous pouvons peut-\u00eatre vous aider \u00e0 commencer chaque nouvelle ann\u00e9e avec une pile croissante de pailles d\u00e9j\u00e0 transform\u00e9es en or. \u00c0 mesure que vous attirez d\u2019autres donateurs d\u00e9sireux de faire une diff\u00e9rence durable, nous pouvons travailler avec vous pour concevoir des strat\u00e9gies de collecte de fonds qui vous aideront \u00e0 g\u00e9n\u00e9rer de l\u2019argent pour r\u00e9pondre \u00e0 vos besoins actuels en tirant parti du capital que vous mobilisez \u00e0 long terme.<\/span><\/p><p style=\"box-sizing: inherit; margin-bottom: 1rem; color: #292b2c; font-family: 'Helvetica Neue', Arial, sans-serif; font-size: 16px; font-style: normal; font-weight: 400;\"><span style=\"box-sizing: inherit; font-family: georgia, palatino;\">Nous existons dans le m\u00eame monde \u00e0 but non lucratif que vous, nous comprenons donc la pens\u00e9e du secteur \u00e0 but non -lucratif. Nous prenons le temps de consid\u00e9rer chaque situation au cas par cas afin de pouvoir b\u00e2tir, avec vous et vos donateurs, des fonds innovants \u00e0 long terme avec des degr\u00e9s de flexibilit\u00e9 variable. Et ce, \u00e0 faible co\u00fbt et en ayant acc\u00e8s \u00e0 des gestionnaires de placements de premier plan.<\/span><\/p><p style=\"box-sizing: inherit; margin-bottom: 1rem; color: #292b2c; font-family: 'Helvetica Neue', Arial, sans-serif; font-size: 16px; font-style: normal; font-weight: 400;\"><span style=\"box-sizing: inherit; font-family: georgia, palatino;\">Ayons une conversation sur la fa\u00e7on dont nous pouvons collaborer pour cr\u00e9er un avenir plus s\u00fbr financi\u00e8rement pour votre organisme.<\/span><\/p><p style=\"box-sizing: inherit; margin-bottom: 1rem; color: #292b2c; font-family: 'Helvetica Neue', Arial, sans-serif; font-size: 16px; font-style: normal; font-weight: 400;\">\u00a0<\/p><p style=\"box-sizing: inherit; margin-bottom: 1rem; color: #292b2c; font-family: 'Helvetica Neue', Arial, sans-serif; font-size: 16px; font-style: normal; font-weight: 400;\"><span style=\"box-sizing: inherit; color: #5675b8; font-family: helvetica; font-size: 11pt;\">Citation Bruce Bennett, Directeur g\u00e9n\u00e9ral de la Fondation des arts de l\u2019Ontario<\/span><\/p><blockquote style=\"box-sizing: inherit; margin: 0px 0px 1rem; color: #292b2c; font-family: 'Helvetica Neue', Arial, sans-serif; font-size: 16px; font-style: normal; font-weight: 400;\"><p style=\"box-sizing: inherit; margin-bottom: 1rem;\"><span style=\"box-sizing: inherit; font-family: georgia, palatino; font-size: 12pt;\">\u201c<\/span><span style=\"box-sizing: inherit; font-family: georgia, palatino;\">\u00ab Alors que la stabilit\u00e9 qui vient avec un fonds de dotation peut changer la vie de n\u2019importe quel organisme, il y a certains facteurs qui doivent \u00eatre pris en consid\u00e9ration avant d\u2019en \u00e9tablie un, y compris :<\/span><\/p><ul style=\"box-sizing: inherit; margin-bottom: 1rem;\"><li style=\"box-sizing: inherit;\"><span style=\"box-sizing: inherit; font-family: georgia, palatino;\">\u00cates-vous confiant en votre habilit\u00e9 de financer vos obligations courantes et de court terme ?\u00a0<\/span><\/li><li style=\"box-sizing: inherit;\"><span style=\"box-sizing: inherit; font-family: georgia, palatino;\">Avez-vous de ressources pour lever des fonds pour un fonds de dotation en plus de vos activit\u00e9s de collecte de fonds existantes ?<\/span><\/li><li style=\"box-sizing: inherit;\"><span style=\"box-sizing: inherit; font-family: georgia, palatino;\">Vos donateurs sont-ils susceptibles d\u2019\u00eatre ouvert \u00e0 la dotation ?<\/span><\/li><\/ul><p style=\"box-sizing: inherit; margin-bottom: 1rem;\">\u00a0<\/p><p style=\"box-sizing: inherit; margin-bottom: 1rem;\"><span style=\"box-sizing: inherit; font-family: georgia, palatino;\">Ayant travaill\u00e9 avec des centaines d'organismes artistiques sur ces questions, nous serions heureux de vous aider \u00e0 les r\u00e9soudre. \u00bb<\/span><\/p><\/blockquote>\t\t\t\t\t\t\t\t<\/div>\n\t\t\t\t<\/div>\n\t\t\t\t\t<\/div>\n\t\t<\/div>\n\t\t\t\t\t<\/div>\n\t\t<\/section>\n\t\t\t\t<\/div>","protected":false},"excerpt":{"rendered":"<p>Art Organizations Why would you consider locking capital into a long-term fund?Arts organizations are the proverbial spinners of straw into gold, as your donors come through every year. But the world of philanthropy is changing. More donors are thinking strategically, and that often means long-term. When it comes to delivering a product on time and [&hellip;]<\/p>\n","protected":false},"author":1,"featured_media":0,"parent":0,"menu_order":0,"comment_status":"closed","ping_status":"closed","template":"","meta":{"_acf_changed":false,"give_campaign_id":0,"nf_dc_page":"","site-sidebar-layout":"no-sidebar","site-content-layout":"page-builder","ast-site-content-layout":"default","site-content-style":"default","site-sidebar-style":"default","ast-global-header-display":"","ast-banner-title-visibility":"","ast-main-header-display":"","ast-hfb-above-header-display":"","ast-hfb-below-header-display":"","ast-hfb-mobile-header-display":"","site-post-title":"disabled","ast-breadcrumbs-content":"","ast-featured-img":"disabled","footer-sml-layout":"","ast-disable-related-posts":"","theme-transparent-header-meta":"","adv-header-id-meta":"","stick-header-meta":"","header-above-stick-meta":"","header-main-stick-meta":"","header-below-stick-meta":"","astra-migrate-meta-layouts":"default","ast-page-background-enabled":"default","ast-page-background-meta":{"desktop":{"background-color":"","background-image":"","background-repeat":"repeat","background-position":"center center","background-size":"auto","background-attachment":"scroll","background-type":"","background-media":"","overlay-type":"","overlay-color":"","overlay-opacity":"","overlay-gradient":""},"tablet":{"background-color":"","background-image":"","background-repeat":"repeat","background-position":"center center","background-size":"auto","background-attachment":"scroll","background-type":"","background-media":"","overlay-type":"","overlay-color":"","overlay-opacity":"","overlay-gradient":""},"mobile":{"background-color":"","background-image":"","background-repeat":"repeat","background-position":"center center","background-size":"auto","background-attachment":"scroll","background-type":"","background-media":"","overlay-type":"","overlay-color":"","overlay-opacity":"","overlay-gradient":""}},"ast-content-background-meta":{"desktop":{"background-color":"var(--ast-global-color-5)","background-image":"","background-repeat":"repeat","background-position":"center center","background-size":"auto","background-attachment":"scroll","background-type":"","background-media":"","overlay-type":"","overlay-color":"","overlay-opacity":"","overlay-gradient":""},"tablet":{"background-color":"var(--ast-global-color-5)","background-image":"","background-repeat":"repeat","background-position":"center center","background-size":"auto","background-attachment":"scroll","background-type":"","background-media":"","overlay-type":"","overlay-color":"","overlay-opacity":"","overlay-gradient":""},"mobile":{"background-color":"var(--ast-global-color-5)","background-image":"","background-repeat":"repeat","background-position":"center center","background-size":"auto","background-attachment":"scroll","background-type":"","background-media":"","overlay-type":"","overlay-color":"","overlay-opacity":"","overlay-gradient":""}},"footnotes":""},"class_list":["post-2159","page","type-page","status-publish","hentry"],"acf":[],"yoast_head":"<!-- This site is optimized with the Yoast SEO plugin v27.5 - https:\/\/yoast.com\/product\/yoast-seo-wordpress\/ -->\n<title>Programs - Ontario Arts Foundation<\/title>\n<meta name=\"description\" content=\"Programs Ontario Arts Foundation\" \/>\n<meta name=\"robots\" content=\"index, follow, max-snippet:-1, max-image-preview:large, max-video-preview:-1\" \/>\n<link rel=\"canonical\" href=\"https:\/\/oafdn.ca\/fr\/programs\/\" \/>\n<meta property=\"og:locale\" content=\"fr_CA\" \/>\n<meta property=\"og:type\" content=\"article\" \/>\n<meta property=\"og:title\" content=\"Programs - Ontario Arts Foundation\" \/>\n<meta property=\"og:description\" content=\"Programs Ontario Arts Foundation\" \/>\n<meta property=\"og:url\" content=\"https:\/\/oafdn.ca\/fr\/programs\/\" \/>\n<meta property=\"og:site_name\" content=\"Ontario Arts Foundation\" \/>\n<meta property=\"article:publisher\" content=\"https:\/\/www.facebook.com\/OntarioArtsFoundation\/\" \/>\n<meta property=\"article:modified_time\" content=\"2022-06-09T02:15:59+00:00\" \/>\n<meta property=\"og:image\" content=\"https:\/\/oafdn.ca\/wp-content\/uploads\/2022\/02\/Arts_Organizations_Banner.jpg\" \/>\n\t<meta property=\"og:image:width\" content=\"980\" \/>\n\t<meta property=\"og:image:height\" content=\"180\" \/>\n\t<meta property=\"og:image:type\" content=\"image\/jpeg\" \/>\n<meta name=\"twitter:card\" content=\"summary_large_image\" \/>\n<meta name=\"twitter:site\" content=\"@OntarioArtsFdn\" \/>\n<meta name=\"twitter:label1\" content=\"Estimation du temps de lecture\" \/>\n\t<meta name=\"twitter:data1\" content=\"2 minutes\" \/>\n<script type=\"application\/ld+json\" class=\"yoast-schema-graph\">{\"@context\":\"https:\\\/\\\/schema.org\",\"@graph\":[{\"@type\":\"WebPage\",\"@id\":\"https:\\\/\\\/oafdn.ca\\\/programs\\\/\",\"url\":\"https:\\\/\\\/oafdn.ca\\\/programs\\\/\",\"name\":\"Programs - Ontario Arts Foundation\",\"isPartOf\":{\"@id\":\"https:\\\/\\\/oafdn.ca\\\/#website\"},\"primaryImageOfPage\":{\"@id\":\"https:\\\/\\\/oafdn.ca\\\/programs\\\/#primaryimage\"},\"image\":{\"@id\":\"https:\\\/\\\/oafdn.ca\\\/programs\\\/#primaryimage\"},\"thumbnailUrl\":\"https:\\\/\\\/oafdn.ca\\\/wp-content\\\/uploads\\\/2022\\\/02\\\/Arts_Organizations_Banner.jpg\",\"datePublished\":\"2022-02-05T06:26:15+00:00\",\"dateModified\":\"2022-06-09T02:15:59+00:00\",\"description\":\"Programs Ontario Arts Foundation\",\"breadcrumb\":{\"@id\":\"https:\\\/\\\/oafdn.ca\\\/programs\\\/#breadcrumb\"},\"inLanguage\":\"fr-CA\",\"potentialAction\":[{\"@type\":\"ReadAction\",\"target\":[\"https:\\\/\\\/oafdn.ca\\\/programs\\\/\"]}]},{\"@type\":\"ImageObject\",\"inLanguage\":\"fr-CA\",\"@id\":\"https:\\\/\\\/oafdn.ca\\\/programs\\\/#primaryimage\",\"url\":\"https:\\\/\\\/oafdn.ca\\\/wp-content\\\/uploads\\\/2022\\\/02\\\/Arts_Organizations_Banner.jpg\",\"contentUrl\":\"https:\\\/\\\/oafdn.ca\\\/wp-content\\\/uploads\\\/2022\\\/02\\\/Arts_Organizations_Banner.jpg\"},{\"@type\":\"BreadcrumbList\",\"@id\":\"https:\\\/\\\/oafdn.ca\\\/programs\\\/#breadcrumb\",\"itemListElement\":[{\"@type\":\"ListItem\",\"position\":1,\"name\":\"Home\",\"item\":\"https:\\\/\\\/oafdn.ca\\\/\"},{\"@type\":\"ListItem\",\"position\":2,\"name\":\"Programs\"}]},{\"@type\":\"WebSite\",\"@id\":\"https:\\\/\\\/oafdn.ca\\\/#website\",\"url\":\"https:\\\/\\\/oafdn.ca\\\/\",\"name\":\"Ontario Arts Foundation\",\"description\":\"The Ontario Arts Foundation is a non-governmental not for profit organization established in 1991 under the Ontario Corporations Act to encourage and facilitate private giving to the arts in Ontario, Canada.\",\"publisher\":{\"@id\":\"https:\\\/\\\/oafdn.ca\\\/#organization\"},\"potentialAction\":[{\"@type\":\"SearchAction\",\"target\":{\"@type\":\"EntryPoint\",\"urlTemplate\":\"https:\\\/\\\/oafdn.ca\\\/?s={search_term_string}\"},\"query-input\":{\"@type\":\"PropertyValueSpecification\",\"valueRequired\":true,\"valueName\":\"search_term_string\"}}],\"inLanguage\":\"fr-CA\"},{\"@type\":\"Organization\",\"@id\":\"https:\\\/\\\/oafdn.ca\\\/#organization\",\"name\":\"Ontario Arts Foundation\",\"url\":\"https:\\\/\\\/oafdn.ca\\\/\",\"logo\":{\"@type\":\"ImageObject\",\"inLanguage\":\"fr-CA\",\"@id\":\"https:\\\/\\\/oafdn.ca\\\/#\\\/schema\\\/logo\\\/image\\\/\",\"url\":\"https:\\\/\\\/oafdn.ca\\\/wp-content\\\/uploads\\\/2022\\\/02\\\/logo1-1.png\",\"contentUrl\":\"https:\\\/\\\/oafdn.ca\\\/wp-content\\\/uploads\\\/2022\\\/02\\\/logo1-1.png\",\"width\":1761,\"height\":487,\"caption\":\"Ontario Arts Foundation\"},\"image\":{\"@id\":\"https:\\\/\\\/oafdn.ca\\\/#\\\/schema\\\/logo\\\/image\\\/\"},\"sameAs\":[\"https:\\\/\\\/www.facebook.com\\\/OntarioArtsFoundation\\\/\",\"https:\\\/\\\/x.com\\\/OntarioArtsFdn\"]}]}<\/script>\n<!-- \/ Yoast SEO plugin. -->","yoast_head_json":{"title":"Programs - Ontario Arts Foundation","description":"Programs Ontario Arts Foundation","robots":{"index":"index","follow":"follow","max-snippet":"max-snippet:-1","max-image-preview":"max-image-preview:large","max-video-preview":"max-video-preview:-1"},"canonical":"https:\/\/oafdn.ca\/fr\/programs\/","og_locale":"fr_CA","og_type":"article","og_title":"Programs - Ontario Arts Foundation","og_description":"Programs Ontario Arts Foundation","og_url":"https:\/\/oafdn.ca\/fr\/programs\/","og_site_name":"Ontario Arts Foundation","article_publisher":"https:\/\/www.facebook.com\/OntarioArtsFoundation\/","article_modified_time":"2022-06-09T02:15:59+00:00","og_image":[{"width":980,"height":180,"url":"https:\/\/oafdn.ca\/wp-content\/uploads\/2022\/02\/Arts_Organizations_Banner.jpg","type":"image\/jpeg"}],"twitter_card":"summary_large_image","twitter_site":"@OntarioArtsFdn","twitter_misc":{"Estimation du temps de lecture":"2 minutes"},"schema":{"@context":"https:\/\/schema.org","@graph":[{"@type":"WebPage","@id":"https:\/\/oafdn.ca\/programs\/","url":"https:\/\/oafdn.ca\/programs\/","name":"Programs - Ontario Arts Foundation","isPartOf":{"@id":"https:\/\/oafdn.ca\/#website"},"primaryImageOfPage":{"@id":"https:\/\/oafdn.ca\/programs\/#primaryimage"},"image":{"@id":"https:\/\/oafdn.ca\/programs\/#primaryimage"},"thumbnailUrl":"https:\/\/oafdn.ca\/wp-content\/uploads\/2022\/02\/Arts_Organizations_Banner.jpg","datePublished":"2022-02-05T06:26:15+00:00","dateModified":"2022-06-09T02:15:59+00:00","description":"Programs Ontario Arts Foundation","breadcrumb":{"@id":"https:\/\/oafdn.ca\/programs\/#breadcrumb"},"inLanguage":"fr-CA","potentialAction":[{"@type":"ReadAction","target":["https:\/\/oafdn.ca\/programs\/"]}]},{"@type":"ImageObject","inLanguage":"fr-CA","@id":"https:\/\/oafdn.ca\/programs\/#primaryimage","url":"https:\/\/oafdn.ca\/wp-content\/uploads\/2022\/02\/Arts_Organizations_Banner.jpg","contentUrl":"https:\/\/oafdn.ca\/wp-content\/uploads\/2022\/02\/Arts_Organizations_Banner.jpg"},{"@type":"BreadcrumbList","@id":"https:\/\/oafdn.ca\/programs\/#breadcrumb","itemListElement":[{"@type":"ListItem","position":1,"name":"Home","item":"https:\/\/oafdn.ca\/"},{"@type":"ListItem","position":2,"name":"Programs"}]},{"@type":"WebSite","@id":"https:\/\/oafdn.ca\/#website","url":"https:\/\/oafdn.ca\/","name":"Fondation des arts de l'Ontario","description":"The Ontario Arts Foundation is a non-governmental not for profit organization established in 1991 under the Ontario Corporations Act to encourage and facilitate private giving to the arts in Ontario, Canada.","publisher":{"@id":"https:\/\/oafdn.ca\/#organization"},"potentialAction":[{"@type":"SearchAction","target":{"@type":"EntryPoint","urlTemplate":"https:\/\/oafdn.ca\/?s={search_term_string}"},"query-input":{"@type":"PropertyValueSpecification","valueRequired":true,"valueName":"search_term_string"}}],"inLanguage":"fr-CA"},{"@type":"Organization","@id":"https:\/\/oafdn.ca\/#organization","name":"Fondation des arts de l'Ontario","url":"https:\/\/oafdn.ca\/","logo":{"@type":"ImageObject","inLanguage":"fr-CA","@id":"https:\/\/oafdn.ca\/#\/schema\/logo\/image\/","url":"https:\/\/oafdn.ca\/wp-content\/uploads\/2022\/02\/logo1-1.png","contentUrl":"https:\/\/oafdn.ca\/wp-content\/uploads\/2022\/02\/logo1-1.png","width":1761,"height":487,"caption":"Ontario Arts Foundation"},"image":{"@id":"https:\/\/oafdn.ca\/#\/schema\/logo\/image\/"},"sameAs":["https:\/\/www.facebook.com\/OntarioArtsFoundation\/","https:\/\/x.com\/OntarioArtsFdn"]}]}},"campaignId":"","_links":{"self":[{"href":"https:\/\/oafdn.ca\/fr\/wp-json\/wp\/v2\/pages\/2159","targetHints":{"allow":["GET"]}}],"collection":[{"href":"https:\/\/oafdn.ca\/fr\/wp-json\/wp\/v2\/pages"}],"about":[{"href":"https:\/\/oafdn.ca\/fr\/wp-json\/wp\/v2\/types\/page"}],"author":[{"embeddable":true,"href":"https:\/\/oafdn.ca\/fr\/wp-json\/wp\/v2\/users\/1"}],"replies":[{"embeddable":true,"href":"https:\/\/oafdn.ca\/fr\/wp-json\/wp\/v2\/comments?post=2159"}],"version-history":[{"count":11,"href":"https:\/\/oafdn.ca\/fr\/wp-json\/wp\/v2\/pages\/2159\/revisions"}],"predecessor-version":[{"id":85926,"href":"https:\/\/oafdn.ca\/fr\/wp-json\/wp\/v2\/pages\/2159\/revisions\/85926"}],"wp:attachment":[{"href":"https:\/\/oafdn.ca\/fr\/wp-json\/wp\/v2\/media?parent=2159"}],"curies":[{"name":"wp","href":"https:\/\/api.w.org\/{rel}","templated":true}]}}