{"id":122152,"date":"2022-11-15T15:46:56","date_gmt":"2022-11-15T15:46:56","guid":{"rendered":"https:\/\/oafdn.ca\/?page_id=122152"},"modified":"2025-12-03T10:08:25","modified_gmt":"2025-12-03T15:08:25","slug":"jini-stolk-creative-fellowship","status":"publish","type":"page","link":"https:\/\/oafdn.ca\/fr\/programs\/awards\/jini-stolk-creative-fellowship\/","title":{"rendered":"Bourse cr\u00e9ative Jini Stolk"},"content":{"rendered":"<div data-elementor-type=\"wp-page\" data-elementor-id=\"122152\" class=\"elementor elementor-122152\" wpc-filter-elementor-widget=\"1\">\n\t\t\t\t\t\t<section class=\"elementor-section elementor-top-section elementor-element elementor-element-800952f elementor-section-boxed elementor-section-height-default elementor-section-height-default\" data-id=\"800952f\" data-element_type=\"section\" data-e-type=\"section\">\n\t\t\t\t\t\t<div class=\"elementor-container elementor-column-gap-default\">\n\t\t\t\t\t<div class=\"elementor-column elementor-col-100 elementor-top-column elementor-element elementor-element-d779cff\" data-id=\"d779cff\" data-element_type=\"column\" data-e-type=\"column\">\n\t\t\t<div class=\"elementor-widget-wrap elementor-element-populated\">\n\t\t\t\t\t\t<div class=\"elementor-element elementor-element-046a337 elementor-widget elementor-widget-heading\" data-id=\"046a337\" data-element_type=\"widget\" data-e-type=\"widget\" data-widget_type=\"heading.default\">\n\t\t\t\t<div class=\"elementor-widget-container\">\n\t\t\t\t\t<h2 class=\"elementor-heading-title elementor-size-default\">Bourse cr\u00e9ative Jini Stolk<\/h2>\t\t\t\t<\/div>\n\t\t\t\t<\/div>\n\t\t\t\t<div class=\"elementor-element elementor-element-00da7c0 elementor-widget-divider--view-line elementor-widget elementor-widget-divider\" data-id=\"00da7c0\" data-element_type=\"widget\" data-e-type=\"widget\" data-widget_type=\"divider.default\">\n\t\t\t\t<div class=\"elementor-widget-container\">\n\t\t\t\t\t\t\t<div class=\"elementor-divider\">\n\t\t\t<span class=\"elementor-divider-separator\">\n\t\t\t\t\t\t<\/span>\n\t\t<\/div>\n\t\t\t\t\t\t<\/div>\n\t\t\t\t<\/div>\n\t\t\t\t\t<\/div>\n\t\t<\/div>\n\t\t\t\t\t<\/div>\n\t\t<\/section>\n\t\t\t\t<section class=\"elementor-section elementor-top-section elementor-element elementor-element-ae300d0 elementor-section-boxed elementor-section-height-default elementor-section-height-default\" data-id=\"ae300d0\" data-element_type=\"section\" data-e-type=\"section\">\n\t\t\t\t\t\t<div class=\"elementor-container elementor-column-gap-default\">\n\t\t\t\t\t<div class=\"elementor-column elementor-col-100 elementor-top-column elementor-element elementor-element-ac76bac\" data-id=\"ac76bac\" data-element_type=\"column\" data-e-type=\"column\">\n\t\t\t<div class=\"elementor-widget-wrap elementor-element-populated\">\n\t\t\t\t\t\t<div class=\"elementor-element elementor-element-682198f elementor-widget elementor-widget-text-editor\" data-id=\"682198f\" data-element_type=\"widget\" data-e-type=\"widget\" data-widget_type=\"text-editor.default\">\n\t\t\t\t<div class=\"elementor-widget-container\">\n\t\t\t\t\t\t\t\t\t<p>Les gestionnaires artistiques sont responsables de la sant\u00e9 administrative, financi\u00e8re et globale des organismes artistiques. Ils sont passionn\u00e9s et engag\u00e9s dans leur travail, mais ont souvent peu d'occasions d'explorer, de r\u00e9fl\u00e9chir et de d\u00e9velopper leur expertise et leurs nouvelles id\u00e9es. La <strong>Bourse cr\u00e9ative Jini Stolk<\/strong> fournira 10 000 dollars chaque ann\u00e9e \u00e0 un ou une gestionnaire artistique d'un petit ou moyen organisme artistique de Toronto pour encourager le d\u00e9veloppement dans le domaine de la gestion des arts, y compris de l'exp\u00e9rimentation organisationnelle et de la gouvernance efficace par le d\u00e9veloppement professionnel, la recherche, le r\u00e9seautage et le partage.<\/p><p class=\"translation-block\"><span style=\"color: #5675b8;font-family: helvetica;font-size: 20px;background-color: #ffffff\">Prix:<br>20 000 $ <\/span>pour 2 ans (10 000 $ chaque ans)<\/p>\t\t\t\t\t\t\t\t<\/div>\n\t\t\t\t<\/div>\n\t\t\t\t\t<\/div>\n\t\t<\/div>\n\t\t\t\t\t<\/div>\n\t\t<\/section>\n\t\t\t\t<section class=\"elementor-section elementor-top-section elementor-element elementor-element-0b1fa6b elementor-section-boxed elementor-section-height-default elementor-section-height-default\" data-id=\"0b1fa6b\" data-element_type=\"section\" data-e-type=\"section\">\n\t\t\t\t\t\t<div class=\"elementor-container elementor-column-gap-default\">\n\t\t\t\t\t<div class=\"elementor-column elementor-col-100 elementor-top-column elementor-element elementor-element-1cb3a3a\" data-id=\"1cb3a3a\" data-element_type=\"column\" data-e-type=\"column\">\n\t\t\t<div class=\"elementor-widget-wrap elementor-element-populated\">\n\t\t\t\t\t\t<div class=\"elementor-element elementor-element-d2e2fd1 elementor-widget elementor-widget-text-editor\" data-id=\"d2e2fd1\" data-element_type=\"widget\" data-e-type=\"widget\" data-widget_type=\"text-editor.default\">\n\t\t\t\t<div class=\"elementor-widget-container\">\n\t\t\t\t\t\t\t\t\t<p><span style=\"color: #5675b8; font-family: helvetica; font-size: 20px; background-color: #ffffff;\">2025 Boursier<\/span><\/p><p><strong>Anna Gallagher-Ross<\/strong><\/p><p><img fetchpriority=\"high\" decoding=\"async\" class=\"wp-image-141781 alignleft\" src=\"https:\/\/oafdn.ca\/wp-content\/uploads\/2025\/12\/20220613-161852-TheBentway-headshots-AndrewWilliamson-4474-web-683x1024.jpg\" alt=\"\" width=\"275\" height=\"413\" srcset=\"https:\/\/oafdn.ca\/wp-content\/uploads\/2025\/12\/20220613-161852-TheBentway-headshots-AndrewWilliamson-4474-web-683x1024.jpg 683w, https:\/\/oafdn.ca\/wp-content\/uploads\/2025\/12\/20220613-161852-TheBentway-headshots-AndrewWilliamson-4474-web-200x300.jpg 200w, https:\/\/oafdn.ca\/wp-content\/uploads\/2025\/12\/20220613-161852-TheBentway-headshots-AndrewWilliamson-4474-web-768x1152.jpg 768w, https:\/\/oafdn.ca\/wp-content\/uploads\/2025\/12\/20220613-161852-TheBentway-headshots-AndrewWilliamson-4474-web-8x12.jpg 8w, https:\/\/oafdn.ca\/wp-content\/uploads\/2025\/12\/20220613-161852-TheBentway-headshots-AndrewWilliamson-4474-web.jpg 1000w\" sizes=\"(max-width: 275px) 100vw, 275px\" \/><\/p><p>\u00ab C\u2019est un honneur incroyable d\u2019\u00eatre choisie comme boursi\u00e8re cr\u00e9ative Jini Stolk pour 2025. Le leadership visionnaire et la g\u00e9n\u00e9rosit\u00e9 de Jini Stolk continue de m\u2019inspirer, ainsi que tant d\u2019autres qui \u0153uvrent pour rendre l\u2019\u00e9cosyst\u00e8me artistique plus collaboratif, inclusif et durable dans notre ville. Cette bourse offre une occasion unique d\u2019approfondir mes recherches curatoriales et mon travail professionnel, contribuant ainsi \u00e0 l\u2019\u00e9volution de la pratique de l\u2019art public comme catalyseur de dialogue civique, de lien social et de transformation urbaine. \u00bb\u00a0 <strong>Anna Gallagher-Ross<\/strong><\/p><p>Anna Gallagher-Ross a \u00e9t\u00e9 s\u00e9lectionn\u00e9e parmi 18 candidatures. Gr\u00e2ce \u00e0 la bourse Jini Stolk, Anna envisage de diriger la cr\u00e9ation d\u2019une publication pour le dixi\u00e8me anniversaire de The Bentway, qui documentera son mod\u00e8le ancr\u00e9 dans le lieu et port\u00e9 par la communaut\u00e9 de pratique de l\u2019art public. Ce projet proposera un cadre curatorial et des outils pratiques pour inspirer des pairs et positionner The Bentway comme un chef de file en mati\u00e8re d'am\u00e9nagement cr\u00e9atif de l'espace public. La bourse offrira \u00e9galement \u00e0 Anna un mentorat, des opportunit\u00e9s de collaboration locale et internationale, ainsi que le temps n\u00e9cessaire pour fa\u00e7onner la vision de la programmation de The Bentway pour la prochaine d\u00e9cennie, faisant ainsi progresser ses recherches, sa pratique et son leadership dans le domaine de l'art public transformateur.<\/p>\t\t\t\t\t\t\t\t<\/div>\n\t\t\t\t<\/div>\n\t\t\t\t\t<\/div>\n\t\t<\/div>\n\t\t\t\t\t<\/div>\n\t\t<\/section>\n\t\t\t\t<section class=\"elementor-section elementor-top-section elementor-element elementor-element-2f569cf elementor-section-boxed elementor-section-height-default elementor-section-height-default\" data-id=\"2f569cf\" data-element_type=\"section\" data-e-type=\"section\">\n\t\t\t\t\t\t<div class=\"elementor-container elementor-column-gap-default\">\n\t\t\t\t\t<div class=\"elementor-column elementor-col-100 elementor-top-column elementor-element elementor-element-e8d1fe8\" data-id=\"e8d1fe8\" data-element_type=\"column\" data-e-type=\"column\">\n\t\t\t<div class=\"elementor-widget-wrap elementor-element-populated\">\n\t\t\t\t\t\t<div class=\"elementor-element elementor-element-1507083 elementor-widget elementor-widget-text-editor\" data-id=\"1507083\" data-element_type=\"widget\" data-e-type=\"widget\" data-widget_type=\"text-editor.default\">\n\t\t\t\t<div class=\"elementor-widget-container\">\n\t\t\t\t\t\t\t\t\t<p><strong>Pr\u00e9c\u00e9dents laur\u00e9ates<\/strong><br \/>2024\u00a0 \u00a0 \u00a0Jaime Martino<br \/>2023\u00a0 \u00a0 \u00a0Kevin Matthew Wong<\/p><p><strong>Communiqu\u00e9s de presse<br \/><\/strong><a href=\"https:\/\/oafdn.ca\/fr\/anna-gallagher-ross-awarded-the-jini-stolk-creative-fellowship\/\">Anna Gallagher-Ross re\u00e7oit la bourse cr\u00e9ative Jini Stolk<\/a>\u00a0 \u00a0<em>le 3 decembre 2025<br \/><\/em><\/p><p><strong>Pour de plus amples informations<br \/><\/strong><a href=\"https:\/\/oafdn.ca\/wp-content\/uploads\/2025\/07\/Jini-Stolk-Creative-Fellowship-Guidelines_FR.pdf\">\u00c9ligibilit\u00e9 et Processus de Candidature<\/a> (PDF) et <a href=\"https:\/\/oafdn.ca\/wp-content\/uploads\/2024\/07\/Jini-Stolk-Creative-Fellowship-Budget-2024.xlsx\">mod\u00e8le de budget<\/a> (Excel)<br \/><a href=\"https:\/\/oafdn.ca\/fr\/jini-stolk\/\">A propos Jini Stolk<\/a><br \/>Pour plus d'informations:\u00a0<a href=\"https:\/\/jinistolkfellowship.ca\/\"> www.jinistolkfellowship.ca<\/a>\u00a0<\/p>\t\t\t\t\t\t\t\t<\/div>\n\t\t\t\t<\/div>\n\t\t\t\t\t<\/div>\n\t\t<\/div>\n\t\t\t\t\t<\/div>\n\t\t<\/section>\n\t\t\t\t<\/div>","protected":false},"excerpt":{"rendered":"<p>Jini Stolk Creative Fellowship As the shepherds of successful organizations, arts managers are responsible for the administrative, financial, and overall health of the organization. They are passionate and committed to their work, but often have little opportunity for professional development. The Jini Stolk Creative Fellowship will support\u00a0 arts managers of small to mid-sized Toronto arts [&hellip;]<\/p>\n","protected":false},"author":282,"featured_media":0,"parent":3362,"menu_order":0,"comment_status":"closed","ping_status":"closed","template":"","meta":{"_acf_changed":false,"give_campaign_id":0,"nf_dc_page":"","site-sidebar-layout":"no-sidebar","site-content-layout":"page-builder","ast-site-content-layout":"default","site-content-style":"default","site-sidebar-style":"default","ast-global-header-display":"","ast-banner-title-visibility":"","ast-main-header-display":"","ast-hfb-above-header-display":"","ast-hfb-below-header-display":"","ast-hfb-mobile-header-display":"","site-post-title":"disabled","ast-breadcrumbs-content":"","ast-featured-img":"disabled","footer-sml-layout":"","ast-disable-related-posts":"","theme-transparent-header-meta":"","adv-header-id-meta":"","stick-header-meta":"","header-above-stick-meta":"","header-main-stick-meta":"","header-below-stick-meta":"","astra-migrate-meta-layouts":"default","ast-page-background-enabled":"default","ast-page-background-meta":{"desktop":{"background-color":"","background-image":"","background-repeat":"repeat","background-position":"center center","background-size":"auto","background-attachment":"scroll","background-type":"","background-media":"","overlay-type":"","overlay-color":"","overlay-opacity":"","overlay-gradient":""},"tablet":{"background-color":"","background-image":"","background-repeat":"repeat","background-position":"center center","background-size":"auto","background-attachment":"scroll","background-type":"","background-media":"","overlay-type":"","overlay-color":"","overlay-opacity":"","overlay-gradient":""},"mobile":{"background-color":"","background-image":"","background-repeat":"repeat","background-position":"center center","background-size":"auto","background-attachment":"scroll","background-type":"","background-media":"","overlay-type":"","overlay-color":"","overlay-opacity":"","overlay-gradient":""}},"ast-content-background-meta":{"desktop":{"background-color":"var(--ast-global-color-5)","background-image":"","background-repeat":"repeat","background-position":"center center","background-size":"auto","background-attachment":"scroll","background-type":"","background-media":"","overlay-type":"","overlay-color":"","overlay-opacity":"","overlay-gradient":""},"tablet":{"background-color":"var(--ast-global-color-5)","background-image":"","background-repeat":"repeat","background-position":"center center","background-size":"auto","background-attachment":"scroll","background-type":"","background-media":"","overlay-type":"","overlay-color":"","overlay-opacity":"","overlay-gradient":""},"mobile":{"background-color":"var(--ast-global-color-5)","background-image":"","background-repeat":"repeat","background-position":"center center","background-size":"auto","background-attachment":"scroll","background-type":"","background-media":"","overlay-type":"","overlay-color":"","overlay-opacity":"","overlay-gradient":""}},"footnotes":""},"class_list":["post-122152","page","type-page","status-publish","hentry"],"acf":[],"yoast_head":"<!-- This site is optimized with the Yoast SEO plugin v27.4 - https:\/\/yoast.com\/product\/yoast-seo-wordpress\/ -->\n<title>Jini Stolk Creative Fellowship - Ontario Arts Foundation<\/title>\n<meta name=\"description\" content=\"Jini Stolk Creative Fellowship Ontario Arts Foundation\" \/>\n<meta name=\"robots\" content=\"index, follow, max-snippet:-1, max-image-preview:large, max-video-preview:-1\" \/>\n<link rel=\"canonical\" href=\"https:\/\/oafdn.ca\/fr\/programs\/awards\/jini-stolk-creative-fellowship\/\" \/>\n<meta property=\"og:locale\" content=\"fr_CA\" \/>\n<meta property=\"og:type\" content=\"article\" \/>\n<meta property=\"og:title\" content=\"Jini Stolk Creative Fellowship - Ontario Arts Foundation\" \/>\n<meta property=\"og:description\" content=\"Jini Stolk Creative Fellowship Ontario Arts Foundation\" \/>\n<meta property=\"og:url\" content=\"https:\/\/oafdn.ca\/fr\/programs\/awards\/jini-stolk-creative-fellowship\/\" \/>\n<meta property=\"og:site_name\" content=\"Ontario Arts Foundation\" \/>\n<meta property=\"article:publisher\" content=\"https:\/\/www.facebook.com\/OntarioArtsFoundation\/\" \/>\n<meta property=\"article:modified_time\" content=\"2025-12-03T15:08:25+00:00\" \/>\n<meta property=\"og:image\" content=\"https:\/\/oafdn.ca\/wp-content\/uploads\/2025\/12\/20220613-161852-TheBentway-headshots-AndrewWilliamson-4474-web.jpg\" \/>\n\t<meta property=\"og:image:width\" content=\"1000\" \/>\n\t<meta property=\"og:image:height\" content=\"1500\" \/>\n\t<meta property=\"og:image:type\" content=\"image\/jpeg\" \/>\n<meta name=\"twitter:card\" content=\"summary_large_image\" \/>\n<meta name=\"twitter:site\" content=\"@OntarioArtsFdn\" \/>\n<meta name=\"twitter:label1\" content=\"Estimation du temps de lecture\" \/>\n\t<meta name=\"twitter:data1\" content=\"2 minutes\" \/>\n<script type=\"application\/ld+json\" class=\"yoast-schema-graph\">{\"@context\":\"https:\\\/\\\/schema.org\",\"@graph\":[{\"@type\":\"WebPage\",\"@id\":\"https:\\\/\\\/oafdn.ca\\\/programs\\\/awards\\\/jini-stolk-creative-fellowship\\\/\",\"url\":\"https:\\\/\\\/oafdn.ca\\\/programs\\\/awards\\\/jini-stolk-creative-fellowship\\\/\",\"name\":\"Jini Stolk Creative Fellowship - Ontario Arts Foundation\",\"isPartOf\":{\"@id\":\"https:\\\/\\\/oafdn.ca\\\/#website\"},\"primaryImageOfPage\":{\"@id\":\"https:\\\/\\\/oafdn.ca\\\/programs\\\/awards\\\/jini-stolk-creative-fellowship\\\/#primaryimage\"},\"image\":{\"@id\":\"https:\\\/\\\/oafdn.ca\\\/programs\\\/awards\\\/jini-stolk-creative-fellowship\\\/#primaryimage\"},\"thumbnailUrl\":\"https:\\\/\\\/oafdn.ca\\\/wp-content\\\/uploads\\\/2025\\\/12\\\/20220613-161852-TheBentway-headshots-AndrewWilliamson-4474-web-683x1024.jpg\",\"datePublished\":\"2022-11-15T15:46:56+00:00\",\"dateModified\":\"2025-12-03T15:08:25+00:00\",\"description\":\"Jini Stolk Creative Fellowship Ontario Arts Foundation\",\"breadcrumb\":{\"@id\":\"https:\\\/\\\/oafdn.ca\\\/programs\\\/awards\\\/jini-stolk-creative-fellowship\\\/#breadcrumb\"},\"inLanguage\":\"fr-CA\",\"potentialAction\":[{\"@type\":\"ReadAction\",\"target\":[\"https:\\\/\\\/oafdn.ca\\\/programs\\\/awards\\\/jini-stolk-creative-fellowship\\\/\"]}]},{\"@type\":\"ImageObject\",\"inLanguage\":\"fr-CA\",\"@id\":\"https:\\\/\\\/oafdn.ca\\\/programs\\\/awards\\\/jini-stolk-creative-fellowship\\\/#primaryimage\",\"url\":\"https:\\\/\\\/oafdn.ca\\\/wp-content\\\/uploads\\\/2025\\\/12\\\/20220613-161852-TheBentway-headshots-AndrewWilliamson-4474-web-683x1024.jpg\",\"contentUrl\":\"https:\\\/\\\/oafdn.ca\\\/wp-content\\\/uploads\\\/2025\\\/12\\\/20220613-161852-TheBentway-headshots-AndrewWilliamson-4474-web-683x1024.jpg\"},{\"@type\":\"BreadcrumbList\",\"@id\":\"https:\\\/\\\/oafdn.ca\\\/programs\\\/awards\\\/jini-stolk-creative-fellowship\\\/#breadcrumb\",\"itemListElement\":[{\"@type\":\"ListItem\",\"position\":1,\"name\":\"Home\",\"item\":\"https:\\\/\\\/oafdn.ca\\\/\"},{\"@type\":\"ListItem\",\"position\":2,\"name\":\"Programs\",\"item\":\"https:\\\/\\\/oafdn.ca\\\/programs\\\/\"},{\"@type\":\"ListItem\",\"position\":3,\"name\":\"Awards\",\"item\":\"https:\\\/\\\/oafdn.ca\\\/programs\\\/awards\\\/\"},{\"@type\":\"ListItem\",\"position\":4,\"name\":\"Jini Stolk Creative Fellowship\"}]},{\"@type\":\"WebSite\",\"@id\":\"https:\\\/\\\/oafdn.ca\\\/#website\",\"url\":\"https:\\\/\\\/oafdn.ca\\\/\",\"name\":\"Ontario Arts Foundation\",\"description\":\"The Ontario Arts Foundation is a non-governmental not for profit organization established in 1991 under the Ontario Corporations Act to encourage and facilitate private giving to the arts in Ontario, Canada.\",\"publisher\":{\"@id\":\"https:\\\/\\\/oafdn.ca\\\/#organization\"},\"potentialAction\":[{\"@type\":\"SearchAction\",\"target\":{\"@type\":\"EntryPoint\",\"urlTemplate\":\"https:\\\/\\\/oafdn.ca\\\/?s={search_term_string}\"},\"query-input\":{\"@type\":\"PropertyValueSpecification\",\"valueRequired\":true,\"valueName\":\"search_term_string\"}}],\"inLanguage\":\"fr-CA\"},{\"@type\":\"Organization\",\"@id\":\"https:\\\/\\\/oafdn.ca\\\/#organization\",\"name\":\"Ontario Arts Foundation\",\"url\":\"https:\\\/\\\/oafdn.ca\\\/\",\"logo\":{\"@type\":\"ImageObject\",\"inLanguage\":\"fr-CA\",\"@id\":\"https:\\\/\\\/oafdn.ca\\\/#\\\/schema\\\/logo\\\/image\\\/\",\"url\":\"https:\\\/\\\/oafdn.ca\\\/wp-content\\\/uploads\\\/2022\\\/02\\\/logo1-1.png\",\"contentUrl\":\"https:\\\/\\\/oafdn.ca\\\/wp-content\\\/uploads\\\/2022\\\/02\\\/logo1-1.png\",\"width\":1761,\"height\":487,\"caption\":\"Ontario Arts Foundation\"},\"image\":{\"@id\":\"https:\\\/\\\/oafdn.ca\\\/#\\\/schema\\\/logo\\\/image\\\/\"},\"sameAs\":[\"https:\\\/\\\/www.facebook.com\\\/OntarioArtsFoundation\\\/\",\"https:\\\/\\\/x.com\\\/OntarioArtsFdn\"]}]}<\/script>\n<!-- \/ Yoast SEO plugin. -->","yoast_head_json":{"title":"Jini Stolk Creative Fellowship - Ontario Arts Foundation","description":"Jini Stolk Creative Fellowship Ontario Arts Foundation","robots":{"index":"index","follow":"follow","max-snippet":"max-snippet:-1","max-image-preview":"max-image-preview:large","max-video-preview":"max-video-preview:-1"},"canonical":"https:\/\/oafdn.ca\/fr\/programs\/awards\/jini-stolk-creative-fellowship\/","og_locale":"fr_CA","og_type":"article","og_title":"Jini Stolk Creative Fellowship - Ontario Arts Foundation","og_description":"Jini Stolk Creative Fellowship Ontario Arts Foundation","og_url":"https:\/\/oafdn.ca\/fr\/programs\/awards\/jini-stolk-creative-fellowship\/","og_site_name":"Ontario Arts Foundation","article_publisher":"https:\/\/www.facebook.com\/OntarioArtsFoundation\/","article_modified_time":"2025-12-03T15:08:25+00:00","og_image":[{"width":1000,"height":1500,"url":"https:\/\/oafdn.ca\/wp-content\/uploads\/2025\/12\/20220613-161852-TheBentway-headshots-AndrewWilliamson-4474-web.jpg","type":"image\/jpeg"}],"twitter_card":"summary_large_image","twitter_site":"@OntarioArtsFdn","twitter_misc":{"Estimation du temps de lecture":"2 minutes"},"schema":{"@context":"https:\/\/schema.org","@graph":[{"@type":"WebPage","@id":"https:\/\/oafdn.ca\/programs\/awards\/jini-stolk-creative-fellowship\/","url":"https:\/\/oafdn.ca\/programs\/awards\/jini-stolk-creative-fellowship\/","name":"Jini Stolk Creative Fellowship - Ontario Arts Foundation","isPartOf":{"@id":"https:\/\/oafdn.ca\/#website"},"primaryImageOfPage":{"@id":"https:\/\/oafdn.ca\/programs\/awards\/jini-stolk-creative-fellowship\/#primaryimage"},"image":{"@id":"https:\/\/oafdn.ca\/programs\/awards\/jini-stolk-creative-fellowship\/#primaryimage"},"thumbnailUrl":"https:\/\/oafdn.ca\/wp-content\/uploads\/2025\/12\/20220613-161852-TheBentway-headshots-AndrewWilliamson-4474-web-683x1024.jpg","datePublished":"2022-11-15T15:46:56+00:00","dateModified":"2025-12-03T15:08:25+00:00","description":"Jini Stolk Creative Fellowship Ontario Arts Foundation","breadcrumb":{"@id":"https:\/\/oafdn.ca\/programs\/awards\/jini-stolk-creative-fellowship\/#breadcrumb"},"inLanguage":"fr-CA","potentialAction":[{"@type":"ReadAction","target":["https:\/\/oafdn.ca\/programs\/awards\/jini-stolk-creative-fellowship\/"]}]},{"@type":"ImageObject","inLanguage":"fr-CA","@id":"https:\/\/oafdn.ca\/programs\/awards\/jini-stolk-creative-fellowship\/#primaryimage","url":"https:\/\/oafdn.ca\/wp-content\/uploads\/2025\/12\/20220613-161852-TheBentway-headshots-AndrewWilliamson-4474-web-683x1024.jpg","contentUrl":"https:\/\/oafdn.ca\/wp-content\/uploads\/2025\/12\/20220613-161852-TheBentway-headshots-AndrewWilliamson-4474-web-683x1024.jpg"},{"@type":"BreadcrumbList","@id":"https:\/\/oafdn.ca\/programs\/awards\/jini-stolk-creative-fellowship\/#breadcrumb","itemListElement":[{"@type":"ListItem","position":1,"name":"Home","item":"https:\/\/oafdn.ca\/"},{"@type":"ListItem","position":2,"name":"Programs","item":"https:\/\/oafdn.ca\/programs\/"},{"@type":"ListItem","position":3,"name":"Awards","item":"https:\/\/oafdn.ca\/programs\/awards\/"},{"@type":"ListItem","position":4,"name":"Jini Stolk Creative Fellowship"}]},{"@type":"WebSite","@id":"https:\/\/oafdn.ca\/#website","url":"https:\/\/oafdn.ca\/","name":"Fondation des arts de l'Ontario","description":"The Ontario Arts Foundation is a non-governmental not for profit organization established in 1991 under the Ontario Corporations Act to encourage and facilitate private giving to the arts in Ontario, Canada.","publisher":{"@id":"https:\/\/oafdn.ca\/#organization"},"potentialAction":[{"@type":"SearchAction","target":{"@type":"EntryPoint","urlTemplate":"https:\/\/oafdn.ca\/?s={search_term_string}"},"query-input":{"@type":"PropertyValueSpecification","valueRequired":true,"valueName":"search_term_string"}}],"inLanguage":"fr-CA"},{"@type":"Organization","@id":"https:\/\/oafdn.ca\/#organization","name":"Fondation des arts de l'Ontario","url":"https:\/\/oafdn.ca\/","logo":{"@type":"ImageObject","inLanguage":"fr-CA","@id":"https:\/\/oafdn.ca\/#\/schema\/logo\/image\/","url":"https:\/\/oafdn.ca\/wp-content\/uploads\/2022\/02\/logo1-1.png","contentUrl":"https:\/\/oafdn.ca\/wp-content\/uploads\/2022\/02\/logo1-1.png","width":1761,"height":487,"caption":"Ontario Arts Foundation"},"image":{"@id":"https:\/\/oafdn.ca\/#\/schema\/logo\/image\/"},"sameAs":["https:\/\/www.facebook.com\/OntarioArtsFoundation\/","https:\/\/x.com\/OntarioArtsFdn"]}]}},"campaignId":"","_links":{"self":[{"href":"https:\/\/oafdn.ca\/fr\/wp-json\/wp\/v2\/pages\/122152","targetHints":{"allow":["GET"]}}],"collection":[{"href":"https:\/\/oafdn.ca\/fr\/wp-json\/wp\/v2\/pages"}],"about":[{"href":"https:\/\/oafdn.ca\/fr\/wp-json\/wp\/v2\/types\/page"}],"author":[{"embeddable":true,"href":"https:\/\/oafdn.ca\/fr\/wp-json\/wp\/v2\/users\/282"}],"replies":[{"embeddable":true,"href":"https:\/\/oafdn.ca\/fr\/wp-json\/wp\/v2\/comments?post=122152"}],"version-history":[{"count":9,"href":"https:\/\/oafdn.ca\/fr\/wp-json\/wp\/v2\/pages\/122152\/revisions"}],"predecessor-version":[{"id":143222,"href":"https:\/\/oafdn.ca\/fr\/wp-json\/wp\/v2\/pages\/122152\/revisions\/143222"}],"up":[{"embeddable":true,"href":"https:\/\/oafdn.ca\/fr\/wp-json\/wp\/v2\/pages\/3362"}],"wp:attachment":[{"href":"https:\/\/oafdn.ca\/fr\/wp-json\/wp\/v2\/media?parent=122152"}],"curies":[{"name":"wp","href":"https:\/\/api.w.org\/{rel}","templated":true}]}}