{"id":116043,"date":"2022-06-29T00:58:21","date_gmt":"2022-06-29T00:58:21","guid":{"rendered":"https:\/\/oafdn.ca\/?page_id=116043"},"modified":"2025-05-01T13:07:30","modified_gmt":"2025-05-01T17:07:30","slug":"elizabeth-l-gordon-art-program","status":"publish","type":"page","link":"https:\/\/oafdn.ca\/fr\/programs\/awards\/elizabeth-l-gordon-art-program\/","title":{"rendered":"Programme d'art Elizabeth L. Gordon&nbsp;"},"content":{"rendered":"<div data-elementor-type=\"wp-page\" data-elementor-id=\"116043\" class=\"elementor elementor-116043\" wpc-filter-elementor-widget=\"1\">\n\t\t\t\t\t\t<section class=\"elementor-section elementor-top-section elementor-element elementor-element-0838b34 elementor-section-boxed elementor-section-height-default elementor-section-height-default\" data-id=\"0838b34\" data-element_type=\"section\" data-e-type=\"section\">\n\t\t\t\t\t\t<div class=\"elementor-container elementor-column-gap-default\">\n\t\t\t\t\t<div class=\"elementor-column elementor-col-100 elementor-top-column elementor-element elementor-element-eadea33\" data-id=\"eadea33\" data-element_type=\"column\" data-e-type=\"column\">\n\t\t\t<div class=\"elementor-widget-wrap elementor-element-populated\">\n\t\t\t\t\t\t<div class=\"elementor-element elementor-element-58e16b7 elementor-widget elementor-widget-heading\" data-id=\"58e16b7\" data-element_type=\"widget\" data-e-type=\"widget\" data-widget_type=\"heading.default\">\n\t\t\t\t<div class=\"elementor-widget-container\">\n\t\t\t\t\t<h2 class=\"elementor-heading-title elementor-size-default\">Programme d'art Elizabeth L. Gordon \n\n<\/h2>\t\t\t\t<\/div>\n\t\t\t\t<\/div>\n\t\t\t\t<div class=\"elementor-element elementor-element-9a18d98 elementor-widget-divider--view-line elementor-widget elementor-widget-divider\" data-id=\"9a18d98\" data-element_type=\"widget\" data-e-type=\"widget\" data-widget_type=\"divider.default\">\n\t\t\t\t<div class=\"elementor-widget-container\">\n\t\t\t\t\t\t\t<div class=\"elementor-divider\">\n\t\t\t<span class=\"elementor-divider-separator\">\n\t\t\t\t\t\t<\/span>\n\t\t<\/div>\n\t\t\t\t\t\t<\/div>\n\t\t\t\t<\/div>\n\t\t\t\t\t<\/div>\n\t\t<\/div>\n\t\t\t\t\t<\/div>\n\t\t<\/section>\n\t\t\t\t<section class=\"elementor-section elementor-top-section elementor-element elementor-element-9c11e09 elementor-section-boxed elementor-section-height-default elementor-section-height-default\" data-id=\"9c11e09\" data-element_type=\"section\" data-e-type=\"section\">\n\t\t\t\t\t\t<div class=\"elementor-container elementor-column-gap-default\">\n\t\t\t\t\t<div class=\"elementor-column elementor-col-100 elementor-top-column elementor-element elementor-element-7bc7378\" data-id=\"7bc7378\" data-element_type=\"column\" data-e-type=\"column\">\n\t\t\t<div class=\"elementor-widget-wrap elementor-element-populated\">\n\t\t\t\t\t\t<div class=\"elementor-element elementor-element-c310b24 elementor-widget elementor-widget-text-editor\" data-id=\"c310b24\" data-element_type=\"widget\" data-e-type=\"widget\" data-widget_type=\"text-editor.default\">\n\t\t\t\t<div class=\"elementor-widget-container\">\n\t\t\t\t\t\t\t\t\t<p class=\"translation-block\">La Fondation des arts de l\u2019Ontario et la Fondation Gordon ont le plaisir d\u2019annoncer le renouveau du Programme d\u2019art Elizabeth L. Gordon. Le Programme vise \u00e0 encourager une plus large appr\u00e9ciation des arts visuels et des artistes canadiens en soutenant les galeries d'art publiques et les mus\u00e9es de l'Ontario \u00e0 d\u00e9velopper leurs collections permanentes ; \u00e0 am\u00e9liorer la connaissance du public sur le fait de collectionner ou \u00e0 propos de la collection permanente ; et \u00e0 soutenir l'engagement communautaire entre une galerie ou un mus\u00e9e et la communaut\u00e9 locale.<\/p><p><span class=\"plain_grey\">Les subventions sont offertes par deux fili\u00e8res de financement :<\/span><\/p><p><span class=\"plain_grey\"><span class=\"blue\"><strong>Subventions d'acquisition<\/strong><\/span><br \/>Les subventions d'acquisition sont con\u00e7ues pour obtenir des fonds pour des acquisitions qui permettront aux galeries et mus\u00e9es d'approfondir leurs collections permanentes, et d'accro\u00eetre les dons d\u2019\u0153uvres d\u2019art par des personnes priv\u00e9es.<\/span><\/p><p><span class=\"blue\"><strong>Subventions de d\u00e9veloppment<\/strong><\/span><br \/><span class=\"plain_grey\">Les subventions de d\u00e9veloppement soutiennent les initiatives qui augmentent la connaissance du public sur le fait de collectionner ou \u00e0 propos de la collection permanente d\u2019une galerie ou d\u2019un mus\u00e9e, qui aident \u00e0 rendre la collection permanente d\u2019une galerie ou d\u2019un mus\u00e9e plus accessible au public, qui aident la recherche en conservation, et qui construisent des relations plus solides avec les communaut\u00e9s locales et r\u00e9gionales.<\/span><\/p><p><span class=\"blue\"><strong>La date limite de candidature pour 2025 est le 15 ao\u00fbt 2025<\/strong><\/span><\/p><p><strong><span class=\"blue\">Directives du programme 2025 et formulaires de candidature<br \/><\/span><\/strong><\/p><ul><li><span style=\"font-family: Helvetica;\"><span class=\"plain_grey\">Directives du programme<\/span><\/span>\u00a0<img decoding=\"async\" src=\"https:\/\/www.oafdn.ca\/system\/uploads\/attachments\/000\/000\/147\/original\/pdf_sm.gif?1501706946\" alt=\"\" \/>\u00a0 \u00a0<span style=\"color: #636466; font-family: helvetica;\">(<a href=\"https:\/\/oafdn.ca\/wp-content\/uploads\/2025\/05\/Programme-dart-Elizabeth-Gordon-Directives_-2025_FR.pdf\">version PDF 2025<\/a>)\u00a0 <\/span><img decoding=\"async\" src=\"https:\/\/www.oafdn.ca\/system\/uploads\/attachments\/000\/000\/147\/original\/pdf_sm.gif?1501706946\" alt=\"\" \/> \u00a0<\/li><li><span class=\"plain_grey\"><span style=\"font-family: helvetica;\">Demande\u00a0<img decoding=\"async\" src=\"https:\/\/oafdn.ca\/system\/attachments\/333\/original\/Word.gif?1400700676\" alt=\"\" \/><\/span>\u00a0 \u00a0(<a href=\"https:\/\/oafdn.ca\/wp-content\/uploads\/2025\/05\/Programme_dart_Elizabeth_Gordon_-_Demande-2025_FR.doc\">version Word<\/a><\/span>)<span class=\"plain_grey\"><span style=\"font-family: helvetica;\">\u00a0<\/span><span style=\"font-family: Helvetica;\">\u00a0<\/span><span style=\"font-family: helvetica;\">\u00a0<\/span><\/span><span class=\"plain_grey\">\u00a0<span style=\"font-family: helvetica;\"><img decoding=\"async\" src=\"https:\/\/www.oafdn.ca\/system\/uploads\/attachments\/000\/000\/147\/original\/pdf_sm.gif?1501706946\" alt=\"\" \/>(<a href=\"https:\/\/oafdn.ca\/wp-content\/uploads\/2025\/05\/Programme_dart_Elizabeth_Gordon_-_Demande-2025_FR.pdf\">form-fillable PDF<\/a>)\u00a0 \u00a0<\/span><\/span><\/li><\/ul><ul><li><span class=\"plain_grey\">Budget<\/span><span class=\"plain_grey\">\u00a0<img decoding=\"async\" src=\"https:\/\/oafdn.ca\/system\/uploads\/attachments\/000\/000\/482\/original\/xls.gif?1458758081\" alt=\"\" \/>\u00a0(<a href=\"https:\/\/oafdn.ca\/wp-content\/uploads\/2025\/05\/2025-Elizabeth-Gordon-Art-Program-Development-Budget-EN.xls\">version Excel<\/a>) \u00a0<img decoding=\"async\" src=\"https:\/\/oafdn.ca\/system\/uploads\/attachments\/000\/000\/482\/original\/xls.gif?1458758081\" alt=\"\" \/> Subventions de d\u00e9veloppement<\/span><\/li><li><span class=\"plain_grey\">Budget<\/span><span class=\"plain_grey\">\u00a0<img decoding=\"async\" src=\"https:\/\/oafdn.ca\/system\/uploads\/attachments\/000\/000\/482\/original\/xls.gif?1458758081\" alt=\"\" \/> (<a href=\"https:\/\/oafdn.ca\/wp-content\/uploads\/2025\/05\/2025-Elizabeth-Gordon-Art-Acquisition-Budget-EN.xlsx\">version Excel<\/a>)\u00a0 <img decoding=\"async\" src=\"https:\/\/oafdn.ca\/system\/uploads\/attachments\/000\/000\/482\/original\/xls.gif?1458758081\" alt=\"\" \/> Subventions d\u2019acquisition<\/span><\/li><\/ul><p><span class=\"oaf_red\">\u00a0<b>* si vous avez de la difficult\u00e9 \u00e0 t\u00e9l\u00e9charger les formulaires, veuillez envoyer un courriel \u00e0 aboyd@oafdn.ca.\u00a0<\/b><\/span><\/p><p><strong><span class=\"blue\">Pour plus d'informations :<\/span><\/strong><br \/><span class=\"plain_grey\">Bruce Bennett, Directeur g\u00e9n\u00e9rale,\u00a0<a title=\"\" href=\"mailto:bbennett@oafdn.ca\">bbennett@oafdn.ca<\/a><\/span><br \/><span class=\"plain_grey\">Ann Boyd, Directrice de administration,\u00a0<a title=\"\" href=\"mailto:aboyd@oafdn.ca\">aboyd@oafdn.ca<\/a><\/span><\/p>\t\t\t\t\t\t\t\t<\/div>\n\t\t\t\t<\/div>\n\t\t\t\t\t<\/div>\n\t\t<\/div>\n\t\t\t\t\t<\/div>\n\t\t<\/section>\n\t\t\t\t<\/div>","protected":false},"excerpt":{"rendered":"<p>Elizabeth L. Gordon Art Program The Ontario Arts Foundation and the\u00a0Gordon Foundation\u00a0are pleased to announce the renewal of the\u00a0Elizabeth L. Gordon Art Program.\u00a0The Program aims to foster a broader appreciation of Canadian visual art and artists by assisting public art galleries and museums in Ontario to grow their permanent collections, increase the public\u2019s knowledge of [&hellip;]<\/p>\n","protected":false},"author":1,"featured_media":0,"parent":3362,"menu_order":0,"comment_status":"closed","ping_status":"closed","template":"","meta":{"_acf_changed":false,"give_campaign_id":0,"nf_dc_page":"","site-sidebar-layout":"no-sidebar","site-content-layout":"page-builder","ast-site-content-layout":"default","site-content-style":"default","site-sidebar-style":"default","ast-global-header-display":"","ast-banner-title-visibility":"","ast-main-header-display":"","ast-hfb-above-header-display":"","ast-hfb-below-header-display":"","ast-hfb-mobile-header-display":"","site-post-title":"disabled","ast-breadcrumbs-content":"","ast-featured-img":"disabled","footer-sml-layout":"","ast-disable-related-posts":"","theme-transparent-header-meta":"","adv-header-id-meta":"","stick-header-meta":"","header-above-stick-meta":"","header-main-stick-meta":"","header-below-stick-meta":"","astra-migrate-meta-layouts":"default","ast-page-background-enabled":"default","ast-page-background-meta":{"desktop":{"background-color":"","background-image":"","background-repeat":"repeat","background-position":"center center","background-size":"auto","background-attachment":"scroll","background-type":"","background-media":"","overlay-type":"","overlay-color":"","overlay-opacity":"","overlay-gradient":""},"tablet":{"background-color":"","background-image":"","background-repeat":"repeat","background-position":"center center","background-size":"auto","background-attachment":"scroll","background-type":"","background-media":"","overlay-type":"","overlay-color":"","overlay-opacity":"","overlay-gradient":""},"mobile":{"background-color":"","background-image":"","background-repeat":"repeat","background-position":"center center","background-size":"auto","background-attachment":"scroll","background-type":"","background-media":"","overlay-type":"","overlay-color":"","overlay-opacity":"","overlay-gradient":""}},"ast-content-background-meta":{"desktop":{"background-color":"var(--ast-global-color-5)","background-image":"","background-repeat":"repeat","background-position":"center center","background-size":"auto","background-attachment":"scroll","background-type":"","background-media":"","overlay-type":"","overlay-color":"","overlay-opacity":"","overlay-gradient":""},"tablet":{"background-color":"var(--ast-global-color-5)","background-image":"","background-repeat":"repeat","background-position":"center center","background-size":"auto","background-attachment":"scroll","background-type":"","background-media":"","overlay-type":"","overlay-color":"","overlay-opacity":"","overlay-gradient":""},"mobile":{"background-color":"var(--ast-global-color-5)","background-image":"","background-repeat":"repeat","background-position":"center center","background-size":"auto","background-attachment":"scroll","background-type":"","background-media":"","overlay-type":"","overlay-color":"","overlay-opacity":"","overlay-gradient":""}},"footnotes":""},"class_list":["post-116043","page","type-page","status-publish","hentry"],"acf":[],"yoast_head":"<!-- This site is optimized with the Yoast SEO plugin v27.4 - https:\/\/yoast.com\/product\/yoast-seo-wordpress\/ -->\n<title>Elizabeth L. Gordon Art Program&nbsp; - Ontario Arts Foundation<\/title>\n<meta name=\"description\" content=\"Elizabeth L. Gordon Art Program&nbsp; Ontario Arts Foundation\" \/>\n<meta name=\"robots\" content=\"index, follow, max-snippet:-1, max-image-preview:large, max-video-preview:-1\" \/>\n<link rel=\"canonical\" href=\"https:\/\/oafdn.ca\/fr\/programs\/awards\/elizabeth-l-gordon-art-program\/\" \/>\n<meta property=\"og:locale\" content=\"fr_CA\" \/>\n<meta property=\"og:type\" content=\"article\" \/>\n<meta property=\"og:title\" content=\"Elizabeth L. Gordon Art Program&nbsp; - Ontario Arts Foundation\" \/>\n<meta property=\"og:description\" content=\"Elizabeth L. Gordon Art Program&nbsp; Ontario Arts Foundation\" \/>\n<meta property=\"og:url\" content=\"https:\/\/oafdn.ca\/fr\/programs\/awards\/elizabeth-l-gordon-art-program\/\" \/>\n<meta property=\"og:site_name\" content=\"Ontario Arts Foundation\" \/>\n<meta property=\"article:publisher\" content=\"https:\/\/www.facebook.com\/OntarioArtsFoundation\/\" \/>\n<meta property=\"article:modified_time\" content=\"2025-05-01T17:07:30+00:00\" \/>\n<meta property=\"og:image\" content=\"https:\/\/www.oafdn.ca\/system\/uploads\/attachments\/000\/000\/147\/original\/pdf_sm.gif?1501706946\" \/>\n<meta name=\"twitter:card\" content=\"summary_large_image\" \/>\n<meta name=\"twitter:site\" content=\"@OntarioArtsFdn\" \/>\n<meta name=\"twitter:label1\" content=\"Estimation du temps de lecture\" \/>\n\t<meta name=\"twitter:data1\" content=\"1 minute\" \/>\n<script type=\"application\/ld+json\" class=\"yoast-schema-graph\">{\"@context\":\"https:\\\/\\\/schema.org\",\"@graph\":[{\"@type\":\"WebPage\",\"@id\":\"https:\\\/\\\/oafdn.ca\\\/programs\\\/awards\\\/elizabeth-l-gordon-art-program\\\/\",\"url\":\"https:\\\/\\\/oafdn.ca\\\/programs\\\/awards\\\/elizabeth-l-gordon-art-program\\\/\",\"name\":\"Elizabeth L. Gordon Art Program&nbsp; - Ontario Arts Foundation\",\"isPartOf\":{\"@id\":\"https:\\\/\\\/oafdn.ca\\\/#website\"},\"primaryImageOfPage\":{\"@id\":\"https:\\\/\\\/oafdn.ca\\\/programs\\\/awards\\\/elizabeth-l-gordon-art-program\\\/#primaryimage\"},\"image\":{\"@id\":\"https:\\\/\\\/oafdn.ca\\\/programs\\\/awards\\\/elizabeth-l-gordon-art-program\\\/#primaryimage\"},\"thumbnailUrl\":\"https:\\\/\\\/www.oafdn.ca\\\/system\\\/uploads\\\/attachments\\\/000\\\/000\\\/147\\\/original\\\/pdf_sm.gif?1501706946\",\"datePublished\":\"2022-06-29T00:58:21+00:00\",\"dateModified\":\"2025-05-01T17:07:30+00:00\",\"description\":\"Elizabeth L. Gordon Art Program&nbsp; Ontario Arts Foundation\",\"breadcrumb\":{\"@id\":\"https:\\\/\\\/oafdn.ca\\\/programs\\\/awards\\\/elizabeth-l-gordon-art-program\\\/#breadcrumb\"},\"inLanguage\":\"fr-CA\",\"potentialAction\":[{\"@type\":\"ReadAction\",\"target\":[\"https:\\\/\\\/oafdn.ca\\\/programs\\\/awards\\\/elizabeth-l-gordon-art-program\\\/\"]}]},{\"@type\":\"ImageObject\",\"inLanguage\":\"fr-CA\",\"@id\":\"https:\\\/\\\/oafdn.ca\\\/programs\\\/awards\\\/elizabeth-l-gordon-art-program\\\/#primaryimage\",\"url\":\"https:\\\/\\\/www.oafdn.ca\\\/system\\\/uploads\\\/attachments\\\/000\\\/000\\\/147\\\/original\\\/pdf_sm.gif?1501706946\",\"contentUrl\":\"https:\\\/\\\/www.oafdn.ca\\\/system\\\/uploads\\\/attachments\\\/000\\\/000\\\/147\\\/original\\\/pdf_sm.gif?1501706946\"},{\"@type\":\"BreadcrumbList\",\"@id\":\"https:\\\/\\\/oafdn.ca\\\/programs\\\/awards\\\/elizabeth-l-gordon-art-program\\\/#breadcrumb\",\"itemListElement\":[{\"@type\":\"ListItem\",\"position\":1,\"name\":\"Home\",\"item\":\"https:\\\/\\\/oafdn.ca\\\/\"},{\"@type\":\"ListItem\",\"position\":2,\"name\":\"Programs\",\"item\":\"https:\\\/\\\/oafdn.ca\\\/programs\\\/\"},{\"@type\":\"ListItem\",\"position\":3,\"name\":\"Awards\",\"item\":\"https:\\\/\\\/oafdn.ca\\\/programs\\\/awards\\\/\"},{\"@type\":\"ListItem\",\"position\":4,\"name\":\"Elizabeth L. Gordon Art Program&nbsp;\"}]},{\"@type\":\"WebSite\",\"@id\":\"https:\\\/\\\/oafdn.ca\\\/#website\",\"url\":\"https:\\\/\\\/oafdn.ca\\\/\",\"name\":\"Ontario Arts Foundation\",\"description\":\"The Ontario Arts Foundation is a non-governmental not for profit organization established in 1991 under the Ontario Corporations Act to encourage and facilitate private giving to the arts in Ontario, Canada.\",\"publisher\":{\"@id\":\"https:\\\/\\\/oafdn.ca\\\/#organization\"},\"potentialAction\":[{\"@type\":\"SearchAction\",\"target\":{\"@type\":\"EntryPoint\",\"urlTemplate\":\"https:\\\/\\\/oafdn.ca\\\/?s={search_term_string}\"},\"query-input\":{\"@type\":\"PropertyValueSpecification\",\"valueRequired\":true,\"valueName\":\"search_term_string\"}}],\"inLanguage\":\"fr-CA\"},{\"@type\":\"Organization\",\"@id\":\"https:\\\/\\\/oafdn.ca\\\/#organization\",\"name\":\"Ontario Arts Foundation\",\"url\":\"https:\\\/\\\/oafdn.ca\\\/\",\"logo\":{\"@type\":\"ImageObject\",\"inLanguage\":\"fr-CA\",\"@id\":\"https:\\\/\\\/oafdn.ca\\\/#\\\/schema\\\/logo\\\/image\\\/\",\"url\":\"https:\\\/\\\/oafdn.ca\\\/wp-content\\\/uploads\\\/2022\\\/02\\\/logo1-1.png\",\"contentUrl\":\"https:\\\/\\\/oafdn.ca\\\/wp-content\\\/uploads\\\/2022\\\/02\\\/logo1-1.png\",\"width\":1761,\"height\":487,\"caption\":\"Ontario Arts Foundation\"},\"image\":{\"@id\":\"https:\\\/\\\/oafdn.ca\\\/#\\\/schema\\\/logo\\\/image\\\/\"},\"sameAs\":[\"https:\\\/\\\/www.facebook.com\\\/OntarioArtsFoundation\\\/\",\"https:\\\/\\\/x.com\\\/OntarioArtsFdn\"]}]}<\/script>\n<!-- \/ Yoast SEO plugin. -->","yoast_head_json":{"title":"Elizabeth L. Gordon Art Program&nbsp; - Ontario Arts Foundation","description":"Elizabeth L. Gordon Art Program&nbsp; Ontario Arts Foundation","robots":{"index":"index","follow":"follow","max-snippet":"max-snippet:-1","max-image-preview":"max-image-preview:large","max-video-preview":"max-video-preview:-1"},"canonical":"https:\/\/oafdn.ca\/fr\/programs\/awards\/elizabeth-l-gordon-art-program\/","og_locale":"fr_CA","og_type":"article","og_title":"Elizabeth L. Gordon Art Program&nbsp; - Ontario Arts Foundation","og_description":"Elizabeth L. Gordon Art Program&nbsp; Ontario Arts Foundation","og_url":"https:\/\/oafdn.ca\/fr\/programs\/awards\/elizabeth-l-gordon-art-program\/","og_site_name":"Ontario Arts Foundation","article_publisher":"https:\/\/www.facebook.com\/OntarioArtsFoundation\/","article_modified_time":"2025-05-01T17:07:30+00:00","og_image":[{"url":"https:\/\/www.oafdn.ca\/system\/uploads\/attachments\/000\/000\/147\/original\/pdf_sm.gif?1501706946","type":"","width":"","height":""}],"twitter_card":"summary_large_image","twitter_site":"@OntarioArtsFdn","twitter_misc":{"Estimation du temps de lecture":"1 minute"},"schema":{"@context":"https:\/\/schema.org","@graph":[{"@type":"WebPage","@id":"https:\/\/oafdn.ca\/programs\/awards\/elizabeth-l-gordon-art-program\/","url":"https:\/\/oafdn.ca\/programs\/awards\/elizabeth-l-gordon-art-program\/","name":"Elizabeth L. Gordon Art Program&nbsp; - Ontario Arts Foundation","isPartOf":{"@id":"https:\/\/oafdn.ca\/#website"},"primaryImageOfPage":{"@id":"https:\/\/oafdn.ca\/programs\/awards\/elizabeth-l-gordon-art-program\/#primaryimage"},"image":{"@id":"https:\/\/oafdn.ca\/programs\/awards\/elizabeth-l-gordon-art-program\/#primaryimage"},"thumbnailUrl":"https:\/\/www.oafdn.ca\/system\/uploads\/attachments\/000\/000\/147\/original\/pdf_sm.gif?1501706946","datePublished":"2022-06-29T00:58:21+00:00","dateModified":"2025-05-01T17:07:30+00:00","description":"Elizabeth L. Gordon Art Program&nbsp; Ontario Arts Foundation","breadcrumb":{"@id":"https:\/\/oafdn.ca\/programs\/awards\/elizabeth-l-gordon-art-program\/#breadcrumb"},"inLanguage":"fr-CA","potentialAction":[{"@type":"ReadAction","target":["https:\/\/oafdn.ca\/programs\/awards\/elizabeth-l-gordon-art-program\/"]}]},{"@type":"ImageObject","inLanguage":"fr-CA","@id":"https:\/\/oafdn.ca\/programs\/awards\/elizabeth-l-gordon-art-program\/#primaryimage","url":"https:\/\/www.oafdn.ca\/system\/uploads\/attachments\/000\/000\/147\/original\/pdf_sm.gif?1501706946","contentUrl":"https:\/\/www.oafdn.ca\/system\/uploads\/attachments\/000\/000\/147\/original\/pdf_sm.gif?1501706946"},{"@type":"BreadcrumbList","@id":"https:\/\/oafdn.ca\/programs\/awards\/elizabeth-l-gordon-art-program\/#breadcrumb","itemListElement":[{"@type":"ListItem","position":1,"name":"Home","item":"https:\/\/oafdn.ca\/"},{"@type":"ListItem","position":2,"name":"Programs","item":"https:\/\/oafdn.ca\/programs\/"},{"@type":"ListItem","position":3,"name":"Awards","item":"https:\/\/oafdn.ca\/programs\/awards\/"},{"@type":"ListItem","position":4,"name":"Elizabeth L. Gordon Art Program&nbsp;"}]},{"@type":"WebSite","@id":"https:\/\/oafdn.ca\/#website","url":"https:\/\/oafdn.ca\/","name":"Fondation des arts de l'Ontario","description":"The Ontario Arts Foundation is a non-governmental not for profit organization established in 1991 under the Ontario Corporations Act to encourage and facilitate private giving to the arts in Ontario, Canada.","publisher":{"@id":"https:\/\/oafdn.ca\/#organization"},"potentialAction":[{"@type":"SearchAction","target":{"@type":"EntryPoint","urlTemplate":"https:\/\/oafdn.ca\/?s={search_term_string}"},"query-input":{"@type":"PropertyValueSpecification","valueRequired":true,"valueName":"search_term_string"}}],"inLanguage":"fr-CA"},{"@type":"Organization","@id":"https:\/\/oafdn.ca\/#organization","name":"Fondation des arts de l'Ontario","url":"https:\/\/oafdn.ca\/","logo":{"@type":"ImageObject","inLanguage":"fr-CA","@id":"https:\/\/oafdn.ca\/#\/schema\/logo\/image\/","url":"https:\/\/oafdn.ca\/wp-content\/uploads\/2022\/02\/logo1-1.png","contentUrl":"https:\/\/oafdn.ca\/wp-content\/uploads\/2022\/02\/logo1-1.png","width":1761,"height":487,"caption":"Ontario Arts Foundation"},"image":{"@id":"https:\/\/oafdn.ca\/#\/schema\/logo\/image\/"},"sameAs":["https:\/\/www.facebook.com\/OntarioArtsFoundation\/","https:\/\/x.com\/OntarioArtsFdn"]}]}},"campaignId":"","_links":{"self":[{"href":"https:\/\/oafdn.ca\/fr\/wp-json\/wp\/v2\/pages\/116043","targetHints":{"allow":["GET"]}}],"collection":[{"href":"https:\/\/oafdn.ca\/fr\/wp-json\/wp\/v2\/pages"}],"about":[{"href":"https:\/\/oafdn.ca\/fr\/wp-json\/wp\/v2\/types\/page"}],"author":[{"embeddable":true,"href":"https:\/\/oafdn.ca\/fr\/wp-json\/wp\/v2\/users\/1"}],"replies":[{"embeddable":true,"href":"https:\/\/oafdn.ca\/fr\/wp-json\/wp\/v2\/comments?post=116043"}],"version-history":[{"count":5,"href":"https:\/\/oafdn.ca\/fr\/wp-json\/wp\/v2\/pages\/116043\/revisions"}],"predecessor-version":[{"id":138042,"href":"https:\/\/oafdn.ca\/fr\/wp-json\/wp\/v2\/pages\/116043\/revisions\/138042"}],"up":[{"embeddable":true,"href":"https:\/\/oafdn.ca\/fr\/wp-json\/wp\/v2\/pages\/3362"}],"wp:attachment":[{"href":"https:\/\/oafdn.ca\/fr\/wp-json\/wp\/v2\/media?parent=116043"}],"curies":[{"name":"wp","href":"https:\/\/api.w.org\/{rel}","templated":true}]}}